{"id":1150,"date":"2013-12-13T16:31:30","date_gmt":"2013-12-13T16:31:30","guid":{"rendered":"http:\/\/ceipsilosalcala.redes-cepalcala.org\/?page_id=1150"},"modified":"2013-12-13T16:31:30","modified_gmt":"2013-12-13T16:31:30","slug":"plan-de-autoproteccion","status":"publish","type":"page","link":"https:\/\/blogsaverroes.juntadeandalucia.es\/ceipsilos\/plan-de-autoproteccion\/","title":{"rendered":"PLAN DE AUTOPROTECCI\u00d3N"},"content":{"rendered":"<p style=\"text-align: left\" align=\"center\">Con este proyecto denominado \u201cPlan de Autoprotecci\u00f3n de Centros\u201d hemos pretendido \u00a0<b>concienciar, y\u00a0 ense\u00f1ar tanto al alumnado, profesorado y comunidad educativa\u00a0 las actuaciones a seguir en caso de que ocurriese un incendio o cualquier otro tipo\u00a0 de emergencia en nuestro colegio<\/b>, ya que \u00e9sta es una de las tareas principales de dicho Plan.<\/p>\n<p>El objeto de un Plan de Autoprotecci\u00f3n es disponer de unas medidas para<\/p>\n<ul>\n<li>PREVER una emergencia antes de que ocurra.<\/li>\n<li>PREVENIR una emergencia.<\/li>\n<li>ACTUAR ante la emergencia cuando aparezca.<\/li>\n<\/ul>\n<p><b>El objetivo final<\/b> no es otro que la aplicaci\u00f3n del plan de emergencia que comprende la organizaci\u00f3n de los medios humanos y materiales disponibles para la prevenci\u00f3n del riesgo de incendio o cualquier otro equivalente, as\u00ed como garantizar la evacuaci\u00f3n y la intervenci\u00f3n inmediata.<\/p>\n<p>Son tambi\u00e9n <b>objetivos particulares<\/b> los siguientes:<\/p>\n<p><b>a)\u00a0\u00a0\u00a0\u00a0\u00a0\u00a0 <\/b><b>Conocer los edificios e instalaciones del colegio as\u00ed como la peligrosidad de los distintos sectores y los medios de protecci\u00f3n disponibles, las carencias existentes seg\u00fan la normativa vigente y las necesidades que deban ser atendidas prioritariamente. <\/b><\/p>\n<p><b>b)\u00a0\u00a0\u00a0\u00a0\u00a0\u00a0 <\/b><b>Evitar las causas de las emergencias. <\/b><\/p>\n<ul>\n<li>Tener desarrollado y actualizado el Plan de Autoprotecci\u00f3n del centro.<\/li>\n<li>Disponer de personas organizadas y adiestradas (direcci\u00f3n, maestros\/as, conserjes, personal de limpieza, etc\u00a0 que garanticen rapidez y eficacia para el control de dichas emergencias.<\/li>\n<li>Tener informados a todos los ocupantes del edificio de c\u00f3mo deben actuar ante una emergencia y en condiciones normales para su prevenci\u00f3n.<\/li>\n<\/ul>\n","protected":false},"excerpt":{"rendered":"<p>Con este proyecto denominado \u201cPlan de Autoprotecci\u00f3n de Centros\u201d hemos pretendido \u00a0concienciar, y\u00a0 ense\u00f1ar tanto al alumnado, profesorado y comunidad educativa\u00a0 las actuaciones a seguir en caso de que ocurriese un incendio o cualquier otro tipo\u00a0 de emergencia en nuestro colegio, ya que \u00e9sta es una de las tareas principales de dicho Plan. El objeto &hellip; <\/p>\n<p><a class=\"more-link btn\" href=\"https:\/\/blogsaverroes.juntadeandalucia.es\/ceipsilos\/plan-de-autoproteccion\/\">Seguir leyendo<\/a><\/p>\n","protected":false},"author":5518,"featured_media":0,"parent":0,"menu_order":0,"comment_status":"closed","ping_status":"open","template":"sidebar-page.php","meta":{"ngg_post_thumbnail":0,"footnotes":"","_mc_calendar":[]},"aioseo_notices":[],"_links":{"self":[{"href":"https:\/\/blogsaverroes.juntadeandalucia.es\/ceipsilos\/wp-json\/wp\/v2\/pages\/1150"}],"collection":[{"href":"https:\/\/blogsaverroes.juntadeandalucia.es\/ceipsilos\/wp-json\/wp\/v2\/pages"}],"about":[{"href":"https:\/\/blogsaverroes.juntadeandalucia.es\/ceipsilos\/wp-json\/wp\/v2\/types\/page"}],"author":[{"embeddable":true,"href":"https:\/\/blogsaverroes.juntadeandalucia.es\/ceipsilos\/wp-json\/wp\/v2\/users\/5518"}],"replies":[{"embeddable":true,"href":"https:\/\/blogsaverroes.juntadeandalucia.es\/ceipsilos\/wp-json\/wp\/v2\/comments?post=1150"}],"version-history":[{"count":0,"href":"https:\/\/blogsaverroes.juntadeandalucia.es\/ceipsilos\/wp-json\/wp\/v2\/pages\/1150\/revisions"}],"wp:attachment":[{"href":"https:\/\/blogsaverroes.juntadeandalucia.es\/ceipsilos\/wp-json\/wp\/v2\/media?parent=1150"}],"curies":[{"name":"wp","href":"https:\/\/api.w.org\/{rel}","templated":true}]}}