{"id":141,"date":"2015-03-17T07:13:24","date_gmt":"2015-03-17T07:13:24","guid":{"rendered":"http:\/\/blogsaverroes.juntadeandalucia.es\/pre\/ceip\/?page_id=141"},"modified":"2026-02-12T09:38:19","modified_gmt":"2026-02-12T09:38:19","slug":"escolarizacion","status":"publish","type":"page","link":"https:\/\/blogsaverroes.juntadeandalucia.es\/ceipsilos\/escolarizacion\/","title":{"rendered":"ESCOLARIZACI\u00d3N"},"content":{"rendered":"<p><a href=\"https:\/\/blogsaverroes.juntadeandalucia.es\/ceipsilos\/files\/2014\/02\/COVER_FACEBOOK_ADMISION.jpg\"><img loading=\"lazy\" decoding=\"async\" class=\"alignnone size-medium wp-image-2685\" src=\"https:\/\/blogsaverroes.juntadeandalucia.es\/ceipsilos\/files\/2014\/02\/COVER_FACEBOOK_ADMISION-300x111.jpg\" alt=\"\" width=\"300\" height=\"111\" srcset=\"https:\/\/blogsaverroes.juntadeandalucia.es\/ceipsilos\/files\/2014\/02\/COVER_FACEBOOK_ADMISION-300x111.jpg 300w, https:\/\/blogsaverroes.juntadeandalucia.es\/ceipsilos\/files\/2014\/02\/COVER_FACEBOOK_ADMISION-700x259.jpg 700w, https:\/\/blogsaverroes.juntadeandalucia.es\/ceipsilos\/files\/2014\/02\/COVER_FACEBOOK_ADMISION-332x123.jpg 332w, https:\/\/blogsaverroes.juntadeandalucia.es\/ceipsilos\/files\/2014\/02\/COVER_FACEBOOK_ADMISION-24x9.jpg 24w, https:\/\/blogsaverroes.juntadeandalucia.es\/ceipsilos\/files\/2014\/02\/COVER_FACEBOOK_ADMISION-36x13.jpg 36w, https:\/\/blogsaverroes.juntadeandalucia.es\/ceipsilos\/files\/2014\/02\/COVER_FACEBOOK_ADMISION-48x18.jpg 48w, https:\/\/blogsaverroes.juntadeandalucia.es\/ceipsilos\/files\/2014\/02\/COVER_FACEBOOK_ADMISION-600x220.jpg 600w, https:\/\/blogsaverroes.juntadeandalucia.es\/ceipsilos\/files\/2014\/02\/COVER_FACEBOOK_ADMISION.jpg 851w\" sizes=\"(max-width: 300px) 100vw, 300px\" \/><\/a><\/p>\n<p>En el mes de marzo se inicia el procedimiento de admisi\u00f3n de alumnado en centros educativos en Andaluc\u00eda.<\/p>\n<p>En el tabl\u00f3n de anuncios del centro se publicar\u00e1n los diferentes documentos oficiales de este procedimiento de admisi\u00f3n.<\/p>\n<p><strong><span style=\"text-decoration: underline\">PLAZO DE PRESENTACI\u00d3N DE SOLICITUDES<\/span><\/strong><\/p>\n<p>Del 1 al 31 de marzo.<\/p>\n<p><strong><span style=\"text-decoration: underline\">LUGAR<\/span><\/strong><\/p>\n<p>Secretar\u00eda del centro de lunes a viernes de 9:15 a 13:30 horas y el martes de 16:00 a 18:00 horas.<\/p>\n<p>En la <a href=\"https:\/\/www.juntadeandalucia.es\/educacion\/secretariavirtual\/solicitudes\/\" target=\"_blank\" rel=\"noopener noreferrer\">Secretar\u00eda Virtual de los Centros Educativos.<\/a><\/p>\n<p>Tutorial presentaci\u00f3n telem\u00e1tica a trav\u00e9s de la Secretar\u00eda Virtual<\/p>\n<p><iframe loading=\"lazy\" src=\"\/\/www.youtube.com\/embed\/ksm-g4kbVnQ\" width=\"560\" height=\"314\"><\/iframe><\/p>\n<p><span style=\"text-decoration: underline\"><strong>DATOS DEL COLEGIO<\/strong><\/span><\/p>\n<p><strong>Vacantes ofertadas curso 2026\/2027:&nbsp;<\/strong><\/p>\n<p>2 clases de 3 a\u00f1os de Educaci\u00f3n Infantil.<\/p>\n<p><strong>Servicios complementarios:<\/strong><\/p>\n<p>Aula matinal: 90 plazas<\/p>\n<p>Comedor: 115 plazas<\/p>\n<p>Actividades extraescolares<\/p>\n<p><span style=\"text-decoration: underline\"><strong>DOCUMENTACI\u00d3N<\/strong><\/span><\/p>\n<p><a href=\"https:\/\/portales.ced.junta-andalucia.es\/educacion\/portales\/documents\/100629\/669352\/Anexo%20III\/16050806-cd1f-89da-678f-001bb54aab73?version=1.0\" target=\"_blank\" rel=\"noopener noreferrer\">IMPRESO DE ADMISI\u00d3N<\/a> Aportar la documentaci\u00f3n necesaria.<\/p>\n<p><a href=\"https:\/\/drive.google.com\/file\/d\/1bCqOu2MclSoK_IfeW352RYTiL1etJLE6\/view?usp=sharing\" target=\"_blank\" rel=\"noopener\">CALENDARIO<\/a><\/p>\n<p><a href=\"https:\/\/drive.google.com\/file\/d\/1EQVnTXYAoNuUg__ZjOpMJqUAaFbNrl8I\/view?usp=sharing\" target=\"_blank\" rel=\"noopener noreferrer\">BAREMO<\/a><\/p>\n<p><a href=\"https:\/\/drive.google.com\/file\/d\/1JH1mh-XT4FrG5dFKI405IDVXTz8MMMAm\/view?usp=sharing\" target=\"_blank\" rel=\"noopener noreferrer\">VIALES<\/a>&nbsp;<\/p>\n<p><a href=\"https:\/\/drive.google.com\/file\/d\/1OdccKPQCsk3k40Lwbtg4mBq98LGFaqFp\/view?usp=sharing\" target=\"_blank\" rel=\"noopener noreferrer\">MAPA DEL \u00c1REA DE ESCOLARIZACI\u00d3N<\/a><\/p>\n<p><a href=\"https:\/\/drive.google.com\/file\/d\/1tva8mL1AxTg0ivgN9HfOthM_wOaGQj-j\/view?usp=sharing\" target=\"_blank\" rel=\"noopener noreferrer\">EJEMPLO DEL SORTEO<\/a><\/p>\n<p><span style=\"text-decoration: underline\"><strong>ALUMNADO DE 6\u00ba DE E. PRIMARIA DEL COLEGIO<\/strong><\/span><\/p>\n<p>El alumnado de 6\u00ba curso de este colegio que promocione est\u00e1 adscrito al I.E.S.Cristobal de Monroy, teniendo su plaza reservada sin tener que realizar ninguna actuaci\u00f3n en el presente procedimiento de admisi\u00f3n.<\/p>\n<p>El alumno que quiera ir a otro Instituto deber\u00e1 realizar la solicitud pertinente en este procedimiento de admisi\u00f3n.<\/p>\n<p>Todos los alumnos deber\u00e1n formalizar su matr\u00edcula en el plazo establecido, si no perder\u00e1n el derecho a la plaza escolar reservada.<\/p>\n<p><span style=\"text-decoration: underline\"><strong>LUGAR DE INFORMACI\u00d3N<\/strong><\/span><\/p>\n<p>Pueden obtener m\u00e1s informaci\u00f3n del procedimiento de admisi\u00f3n en:<\/p>\n<ul>\n<li><a href=\"https:\/\/portales.ced.junta-andalucia.es\/educacion\/portales\/web\/escolarizacion\/infantil-a-bachillerato\" target=\"_blank\" rel=\"noopener noreferrer\">Web de consejer\u00eda de educaci\u00f3n<\/a><\/li>\n<\/ul>\n<ul>\n<li>Secretar\u00eda del centro de lunes a viernes de 9:15 a 13:30 horas y el martes de 16:00 a 18:00 horas.<\/li>\n<\/ul>\n","protected":false},"excerpt":{"rendered":"<p>En el mes de marzo se inicia el procedimiento de admisi\u00f3n de alumnado en centros educativos en Andaluc\u00eda. En el tabl\u00f3n de anuncios del centro se publicar\u00e1n los diferentes documentos oficiales de este procedimiento de admisi\u00f3n. PLAZO DE PRESENTACI\u00d3N DE SOLICITUDES Del 1 al 31 de marzo. LUGAR Secretar\u00eda del centro de lunes a viernes &hellip; <\/p>\n<p><a class=\"more-link btn\" href=\"https:\/\/blogsaverroes.juntadeandalucia.es\/ceipsilos\/escolarizacion\/\">Seguir leyendo<\/a><\/p>\n","protected":false},"author":1,"featured_media":0,"parent":0,"menu_order":0,"comment_status":"closed","ping_status":"open","template":"","meta":{"ngg_post_thumbnail":0,"footnotes":"","_mc_calendar":[]},"aioseo_notices":[],"_links":{"self":[{"href":"https:\/\/blogsaverroes.juntadeandalucia.es\/ceipsilos\/wp-json\/wp\/v2\/pages\/141"}],"collection":[{"href":"https:\/\/blogsaverroes.juntadeandalucia.es\/ceipsilos\/wp-json\/wp\/v2\/pages"}],"about":[{"href":"https:\/\/blogsaverroes.juntadeandalucia.es\/ceipsilos\/wp-json\/wp\/v2\/types\/page"}],"author":[{"embeddable":true,"href":"https:\/\/blogsaverroes.juntadeandalucia.es\/ceipsilos\/wp-json\/wp\/v2\/users\/1"}],"replies":[{"embeddable":true,"href":"https:\/\/blogsaverroes.juntadeandalucia.es\/ceipsilos\/wp-json\/wp\/v2\/comments?post=141"}],"version-history":[{"count":5,"href":"https:\/\/blogsaverroes.juntadeandalucia.es\/ceipsilos\/wp-json\/wp\/v2\/pages\/141\/revisions"}],"predecessor-version":[{"id":4321,"href":"https:\/\/blogsaverroes.juntadeandalucia.es\/ceipsilos\/wp-json\/wp\/v2\/pages\/141\/revisions\/4321"}],"wp:attachment":[{"href":"https:\/\/blogsaverroes.juntadeandalucia.es\/ceipsilos\/wp-json\/wp\/v2\/media?parent=141"}],"curies":[{"name":"wp","href":"https:\/\/api.w.org\/{rel}","templated":true}]}}