{"id":152,"date":"2013-02-25T23:29:18","date_gmt":"2013-02-25T23:29:18","guid":{"rendered":"http:\/\/ceipsilosalcala.redes-cepalcala.org\/?page_id=152"},"modified":"2013-02-25T23:29:18","modified_gmt":"2013-02-25T23:29:18","slug":"152-2","status":"publish","type":"page","link":"https:\/\/blogsaverroes.juntadeandalucia.es\/ceipsilos\/152-2\/","title":{"rendered":"ESCUELA ESPACIO DE PAZ"},"content":{"rendered":"<div id=\"attachment_129\" style=\"width: 216px\" class=\"wp-caption alignleft\"><a href=\"https:\/\/blogsaverroes.juntadeandalucia.es\/ceipsilos\/files\/2013\/02\/D\u00eda-de-la-PAZ-12-13-5.jpg\"><img loading=\"lazy\" decoding=\"async\" aria-describedby=\"caption-attachment-129\" class=\" wp-image-129  \" alt=\"EDUCANDO PARA LA PAZ\" src=\"https:\/\/blogsaverroes.juntadeandalucia.es\/ceipsilos\/files\/2013\/02\/D\u00eda-de-la-PAZ-12-13-5-300x224.jpg\" width=\"216\" height=\"162\" srcset=\"https:\/\/blogsaverroes.juntadeandalucia.es\/ceipsilos\/files\/2013\/02\/D\u00eda-de-la-PAZ-12-13-5-300x224.jpg 300w, https:\/\/blogsaverroes.juntadeandalucia.es\/ceipsilos\/files\/2013\/02\/D\u00eda-de-la-PAZ-12-13-5-1024x765.jpg 1024w, https:\/\/blogsaverroes.juntadeandalucia.es\/ceipsilos\/files\/2013\/02\/D\u00eda-de-la-PAZ-12-13-5-24x18.jpg 24w, https:\/\/blogsaverroes.juntadeandalucia.es\/ceipsilos\/files\/2013\/02\/D\u00eda-de-la-PAZ-12-13-5-36x27.jpg 36w, https:\/\/blogsaverroes.juntadeandalucia.es\/ceipsilos\/files\/2013\/02\/D\u00eda-de-la-PAZ-12-13-5-48x36.jpg 48w, https:\/\/blogsaverroes.juntadeandalucia.es\/ceipsilos\/files\/2013\/02\/D\u00eda-de-la-PAZ-12-13-5.jpg 1600w\" sizes=\"(max-width: 216px) 100vw, 216px\" \/><\/a><p id=\"caption-attachment-129\" class=\"wp-caption-text\">EDUCANDO PARA LA PAZ<\/p><\/div>\n<p><a href=\"https:\/\/blogsaverroes.juntadeandalucia.es\/ceipsilos\/files\/2013\/02\/D\u00eda-de-la-PAZ-12-13-8.jpg\"><img loading=\"lazy\" decoding=\"async\" class=\" wp-image-132 alignright\" alt=\"D\u00eda de la PAZ 12-13 (8)\" src=\"https:\/\/blogsaverroes.juntadeandalucia.es\/ceipsilos\/files\/2013\/02\/D\u00eda-de-la-PAZ-12-13-8-300x225.jpg\" width=\"240\" height=\"180\" \/><\/a><\/p>\n<p>&nbsp;<\/p>\n<p>&nbsp;<\/p>\n<p>&nbsp;<\/p>\n<p>&nbsp;<\/p>\n<p>&nbsp;<\/p>\n<p>&nbsp;<\/p>\n<p>1.- FINALIDADES EDUCATIVAS<\/p>\n<p>Estas finalidades educativas se basan fundamentalmente en la formaci\u00f3n plena, que ayude a nuestros alumnos-a a construir una concepci\u00f3n de la realidad dirigida el desarrollo de sus capacidades que les formen de manera integral para ejercer cr\u00edticamente la libertad, la tolerancia y la solidaridad dentro de una sociedad plural.<br \/>\nSin olvidar la relevancia que concedemos a la educaci\u00f3n y formaci\u00f3n para transmitir y ejercer valores que hacen posible la vida en sociedad, adquiriendo h\u00e1bitos de convivencia democr\u00e1tica y respeto mutuo, prepar\u00e1ndoles para la participaci\u00f3n responsable en las distintas instancias sociales. Todo ello a favor de una base s\u00f3lida hacia futuras adaptaciones a cambios de cualquier \u00edndole.<br \/>\nPromovemos una educaci\u00f3n sin discriminaci\u00f3n de g\u00e9nero, desarrollar\u00e1n una autonom\u00eda personal basada en principios y valores que contiene la estructura institucional de nuestra sociedad , para estar capacitados a asumir sus deberes y ejercer sus derechos como ciudadanos.<br \/>\nAs\u00ed, la finalidad de nuestro proyecto es construir un espacio de paz integrado por todos los que colaboran en la educaci\u00f3n facilitando la consecuci\u00f3n de las siguientes finalidades educativas.<br \/>\n&#8211; Identificarse como miembros del grupo, conocer las normas , valores y formas culturales que ordenan la vida del grupo y las asimilen cr\u00edticamente.<br \/>\n&#8211; Descubrir y rechazar las discriminaciones de origen \u00e9tnico, racial, de desigualdad entre las personas, pol\u00edtico y religioso. Fomentando la solidaridad, cooperaci\u00f3n y tolerancia entre todos.<br \/>\n&#8211; Favorecer el clima de di\u00e1logo y respeto junto con el reconocimiento de las diferencias entre personas y grupos.<br \/>\n&#8211; Cultivar la sensibilidad por los m\u00e1s necesitados, facilitando la integraci\u00f3n escolar de las alumnos con menos posibilidades, evitando toda discriminaci\u00f3n.<br \/>\n&#8211; Educar en y para la libertad y la democracia, siendo la escuela el \u00e1mbito de desarrollo y aceptaci\u00f3n del pluralismo, aceptando las mayor\u00edas y respetando las minor\u00edas.<br \/>\n&#8211; Educar para el ocio, el consumo y la salud, proyectando m\u00e1s all\u00e1 de la actividad acad\u00e9mica, potenciando el uso formativo del tiempo libre, el consumo necesario y racional previniendo una formaci\u00f3n saludable.<br \/>\n&#8211; Contribuir de manera solidaria a la conservaci\u00f3n y mejora del medio ambiente, coordinando esfuerzos, en orden a desarrollar una aut\u00e9ntica educaci\u00f3n medio-ambiental, que de a nuestro entorno natural la importancia que desempe\u00f1a en nuestra vida y pueda ser utilizado como recurso did\u00e1ctico de otras vivencias de aprendizaje.<br \/>\n&#8211; Educar para la paz, para la no violencia. Desarrollar actitudes pac\u00edficas y solidarias, bas\u00e1ndonos en la autoridad moral del centro y de las maestras-os en una actitud de ayuda, de orientaci\u00f3n, en su relaci\u00f3n entra\u00f1able y de afecto, y en la capacidad de conectar con los problemas, expectativas y preocupaciones de los alumnos-as y del resto de la comunidad educativa.<\/p>\n<p>2.- OBJETIVOS<\/p>\n<p>Los procesos de ense\u00f1anza-aprendizaje que ofrecemos est\u00e1n basados en los siguientes principios b\u00e1sicos, que destacamos por estar relacionados con el tema que nos ocupa orientando nuestro sistema de trabajo:<br \/>\n-El alumno es protagonista activo de su educaci\u00f3n y participa en el funcionamiento de las tareas escolares, comprometi\u00e9ndose en el ejercicio de sus deberes y derechos democr\u00e1ticos.<br \/>\n-Los maestros, como animadores de la educaci\u00f3n, ayudamos al educando a formar su personalidad y completar la acci\u00f3n educadora de los padres.<br \/>\nTeniendo como base lo descrito anteriormente, este proyecto define los siguientes objetivos basados y orientados en educar para la paz, lo que supone ense\u00f1ar y aprender a resolver conflictos. No hay soluciones m\u00e1gicas pero hay mecanismos para eliminar conflictos de forma diferente y que forman parte de la cultura de la paz.<br \/>\n-Proporcionar situaciones que favorezcan la autoestima, como base importante de las relaciones personales y sociales.<br \/>\n-Reflexionar y asumir valores, normas y actitudes que favorezcan la convivencia.<br \/>\n-Desarrollar situaciones que favorezcan la comunicaci\u00f3n y el esp\u00edritu cr\u00edtico.<br \/>\n-Participar en actos relacionados con la paz y la solidaridad.<br \/>\n-Crear climas democr\u00e1ticos en el centro y el trabajo en grupo.<br \/>\n-Fomentar la reflexi\u00f3n y el intercambio de opiniones.<br \/>\n-Fomentar el respeto a todos los derechos y deberes que recoge nuestra Constituci\u00f3n.<br \/>\n-Consensuar y difundir normas de conivencia.<br \/>\n-Contribuir a desarrollar la igualdad de oportunidades entre escolares de ambos sexos.<br \/>\n-Sensibilizar a los alumnos-as sobre las principales preocupaciones sociales: racismo, inmigraci\u00f3n, desigualdad&#8230;.<br \/>\n-Desarrollar habilidades para conservar y mantener el medio ambiente.<br \/>\n-Potenciar h\u00e1bitos saludables, para mejorar la calidad de vida.<\/p>\n<p>&nbsp;<\/p>\n<p>Nuestro lema ser\u00e1 \u201cVIVIR EN PAZ.\u201d Ya que es algo que se puede aprender, justamente porque no es un valor absoluto, ni un objetivo imaginado, sino un esfuerzo permanente en el desarrollo integral de la persona.<\/p>\n","protected":false},"excerpt":{"rendered":"<p>&nbsp; &nbsp; &nbsp; &nbsp; &nbsp; &nbsp; 1.- FINALIDADES EDUCATIVAS Estas finalidades educativas se basan fundamentalmente en la formaci\u00f3n plena, que ayude a nuestros alumnos-a a construir una concepci\u00f3n de la realidad dirigida el desarrollo de sus capacidades que les formen de manera integral para ejercer cr\u00edticamente la libertad, la tolerancia y la solidaridad dentro de &hellip; <\/p>\n<p><a class=\"more-link btn\" href=\"https:\/\/blogsaverroes.juntadeandalucia.es\/ceipsilos\/152-2\/\">Seguir leyendo<\/a><\/p>\n","protected":false},"author":5518,"featured_media":0,"parent":0,"menu_order":0,"comment_status":"closed","ping_status":"closed","template":"sidebar-page.php","meta":{"ngg_post_thumbnail":0,"footnotes":"","_mc_calendar":[]},"aioseo_notices":[],"_links":{"self":[{"href":"https:\/\/blogsaverroes.juntadeandalucia.es\/ceipsilos\/wp-json\/wp\/v2\/pages\/152"}],"collection":[{"href":"https:\/\/blogsaverroes.juntadeandalucia.es\/ceipsilos\/wp-json\/wp\/v2\/pages"}],"about":[{"href":"https:\/\/blogsaverroes.juntadeandalucia.es\/ceipsilos\/wp-json\/wp\/v2\/types\/page"}],"author":[{"embeddable":true,"href":"https:\/\/blogsaverroes.juntadeandalucia.es\/ceipsilos\/wp-json\/wp\/v2\/users\/5518"}],"replies":[{"embeddable":true,"href":"https:\/\/blogsaverroes.juntadeandalucia.es\/ceipsilos\/wp-json\/wp\/v2\/comments?post=152"}],"version-history":[{"count":0,"href":"https:\/\/blogsaverroes.juntadeandalucia.es\/ceipsilos\/wp-json\/wp\/v2\/pages\/152\/revisions"}],"wp:attachment":[{"href":"https:\/\/blogsaverroes.juntadeandalucia.es\/ceipsilos\/wp-json\/wp\/v2\/media?parent=152"}],"curies":[{"name":"wp","href":"https:\/\/api.w.org\/{rel}","templated":true}]}}