{"id":203,"date":"2013-04-02T13:24:41","date_gmt":"2013-04-02T13:24:41","guid":{"rendered":"http:\/\/ceipsilosalcala.redes-cepalcala.org\/?page_id=203"},"modified":"2013-04-02T13:24:41","modified_gmt":"2013-04-02T13:24:41","slug":"telefonos-del-centro","status":"publish","type":"page","link":"https:\/\/blogsaverroes.juntadeandalucia.es\/ceipsilos\/telefonos-del-centro\/","title":{"rendered":"TELEFONOS DEL CENTRO"},"content":{"rendered":"<p><span style=\"text-decoration: underline\"><strong>SECRETAR\u00cdA<\/strong><\/span><br \/>\nM\u00d3VIL 671565416<br \/>\nTEL\u00c9FONO FIJO 955622738<\/p>\n<p><span style=\"text-decoration: underline\"><strong>DIRECCI\u00d3N<\/strong><\/span><br \/>\nM\u00d3VIL 671565415<br \/>\nTEL\u00c9FONO FIJO 955622738<\/p>\n","protected":false},"excerpt":{"rendered":"<p>SECRETAR\u00cdA M\u00d3VIL 671565416 TEL\u00c9FONO FIJO 955622738 DIRECCI\u00d3N M\u00d3VIL 671565415 TEL\u00c9FONO FIJO 955622738<\/p>\n","protected":false},"author":5518,"featured_media":0,"parent":0,"menu_order":0,"comment_status":"closed","ping_status":"closed","template":"sidebar-page.php","meta":{"ngg_post_thumbnail":0,"footnotes":"","_mc_calendar":[]},"aioseo_notices":[],"_links":{"self":[{"href":"https:\/\/blogsaverroes.juntadeandalucia.es\/ceipsilos\/wp-json\/wp\/v2\/pages\/203"}],"collection":[{"href":"https:\/\/blogsaverroes.juntadeandalucia.es\/ceipsilos\/wp-json\/wp\/v2\/pages"}],"about":[{"href":"https:\/\/blogsaverroes.juntadeandalucia.es\/ceipsilos\/wp-json\/wp\/v2\/types\/page"}],"author":[{"embeddable":true,"href":"https:\/\/blogsaverroes.juntadeandalucia.es\/ceipsilos\/wp-json\/wp\/v2\/users\/5518"}],"replies":[{"embeddable":true,"href":"https:\/\/blogsaverroes.juntadeandalucia.es\/ceipsilos\/wp-json\/wp\/v2\/comments?post=203"}],"version-history":[{"count":0,"href":"https:\/\/blogsaverroes.juntadeandalucia.es\/ceipsilos\/wp-json\/wp\/v2\/pages\/203\/revisions"}],"wp:attachment":[{"href":"https:\/\/blogsaverroes.juntadeandalucia.es\/ceipsilos\/wp-json\/wp\/v2\/media?parent=203"}],"curies":[{"name":"wp","href":"https:\/\/api.w.org\/{rel}","templated":true}]}}