{"id":2368,"date":"2013-01-26T12:56:50","date_gmt":"2013-01-26T12:56:50","guid":{"rendered":"http:\/\/ceipsilosalcala.redes-cepalcala.org\/?page_id=11"},"modified":"2013-01-26T12:56:50","modified_gmt":"2013-01-26T12:56:50","slug":"pagina-de-inicio","status":"publish","type":"page","link":"https:\/\/blogsaverroes.juntadeandalucia.es\/ceipsilos\/pagina-de-inicio\/","title":{"rendered":"C.E.I.P. SILOS"},"content":{"rendered":"<p style=\"text-align: left\"><strong><span style=\"text-decoration: underline\"><span style=\"font-size: 16px\">C.E.I.P.<\/span><span style=\"font-size: 16px\"> Silos<\/span><\/span><\/strong><\/p>\n<p><strong>Direcci\u00f3n: \u00a0 \u00a0 \u00a0 \u00a0 \u00a0 \u00a0 \u00a0 \u00a0 \u00a0 \u00a0 \u00a0<\/strong>C\/ Alfredo Krauss s\/n<\/p>\n<p><strong>C\u00f3digo Postal:<\/strong>\u00a0 \u00a0 \u00a0 \u00a0 \u00a0 \u00a0 \u00a0 41.500<\/p>\n<p><strong>Localidad: \u00a0 \u00a0 \u00a0 \u00a0 \u00a0 \u00a0 \u00a0 \u00a0 \u00a0 \u00a0 \u00a0<\/strong>Alcal\u00e1 de Guada\u00edara (Sevilla)<\/p>\n<p><strong>Tel\u00e9fonos:<\/strong>\u00a0 \u00a0 \u00a0 \u00a0 \u00a0 \u00a0 \u00a0 \u00a0 \u00a0 \u00a0 \u00a0955 622 738\u00a0<strong>\/\u00a0<\/strong>671565416<\/p>\n<p><strong>Correo electr\u00f3nico: \u00a0 \u00a0\u00a0<\/strong>41601841.edu@juntadeandalucia.es<\/p>\n<p>&nbsp;<\/p>\n<p><a href=\"http:\/\/maps.google.es\/maps?hl=es&amp;gs_rn=8&amp;gs_ri=psy-ab&amp;cp=10&amp;gs_id=18&amp;xhr=t&amp;bav=on.2,or.r_qf.&amp;bvm=bv.44990110,d.d2k&amp;biw=1821&amp;bih=799&amp;wrapid=tljp1365541623771021&amp;um=1&amp;ie=UTF-8&amp;q=ceip+silos+alcala+de+guadaira&amp;fb=1&amp;gl=es&amp;hq=ceip+silos&amp;hnear=0xd1264cb69eb0c71:0xd33b81f16ee77bb,Alcal%C3%A1+de+Guada%C3%ADra,+Sevilla&amp;cid=0,0,12539944199213154910&amp;sa=X&amp;ei=_IJkUcT3HrGA7QazioCYBg&amp;sqi=2&amp;ved=0CIgBEPwSMAM\"><img decoding=\"async\" alt=\"\" src=\"https:\/\/maps.google.com\/maps\/api\/staticmap?size=300x300&amp;maptype=roadmap&amp;sensor=false&amp;markers=color:red%7C37.340377,-5.850003&amp;client=google-maps-sharing&amp;signature=NCzexLnLQ1dqiH1p5y0Y5yQeWvo=\" \/><\/a><\/p>\n<p>&nbsp;<\/p>\n<p><strong>Oferta educativa: \u00a0 \u00a0 \u00a0 \u00a0 \u00a0 \u00a0 \u00a0 \u00a0 \u00a0 <\/strong><\/p>\n<p>Educaci\u00f3n Infantil Segundo Ciclo (3-6 a\u00f1os)<\/p>\n<p>Educaci\u00f3n Primaria (6-12 a\u00f1os)<\/p>\n","protected":false},"excerpt":{"rendered":"<p>C.E.I.P. Silos Direcci\u00f3n: \u00a0 \u00a0 \u00a0 \u00a0 \u00a0 \u00a0 \u00a0 \u00a0 \u00a0 \u00a0 \u00a0C\/ Alfredo Krauss s\/n C\u00f3digo Postal:\u00a0 \u00a0 \u00a0 \u00a0 \u00a0 \u00a0 \u00a0 41.500 Localidad: \u00a0 \u00a0 \u00a0 \u00a0 \u00a0 \u00a0 \u00a0 \u00a0 \u00a0 \u00a0 \u00a0Alcal\u00e1 de Guada\u00edara (Sevilla) Tel\u00e9fonos:\u00a0 \u00a0 \u00a0 \u00a0 \u00a0 \u00a0 \u00a0 \u00a0 \u00a0 \u00a0 \u00a0955 622 738\u00a0\/\u00a0671565416 Correo &hellip; <\/p>\n<p><a class=\"more-link btn\" href=\"https:\/\/blogsaverroes.juntadeandalucia.es\/ceipsilos\/pagina-de-inicio\/\">Seguir leyendo<\/a><\/p>\n","protected":false},"author":5518,"featured_media":0,"parent":0,"menu_order":0,"comment_status":"closed","ping_status":"closed","template":"sidebar-page.php","meta":{"ngg_post_thumbnail":0,"footnotes":"","_mc_calendar":[]},"aioseo_notices":[],"_links":{"self":[{"href":"https:\/\/blogsaverroes.juntadeandalucia.es\/ceipsilos\/wp-json\/wp\/v2\/pages\/2368"}],"collection":[{"href":"https:\/\/blogsaverroes.juntadeandalucia.es\/ceipsilos\/wp-json\/wp\/v2\/pages"}],"about":[{"href":"https:\/\/blogsaverroes.juntadeandalucia.es\/ceipsilos\/wp-json\/wp\/v2\/types\/page"}],"author":[{"embeddable":true,"href":"https:\/\/blogsaverroes.juntadeandalucia.es\/ceipsilos\/wp-json\/wp\/v2\/users\/5518"}],"replies":[{"embeddable":true,"href":"https:\/\/blogsaverroes.juntadeandalucia.es\/ceipsilos\/wp-json\/wp\/v2\/comments?post=2368"}],"version-history":[{"count":0,"href":"https:\/\/blogsaverroes.juntadeandalucia.es\/ceipsilos\/wp-json\/wp\/v2\/pages\/2368\/revisions"}],"wp:attachment":[{"href":"https:\/\/blogsaverroes.juntadeandalucia.es\/ceipsilos\/wp-json\/wp\/v2\/media?parent=2368"}],"curies":[{"name":"wp","href":"https:\/\/api.w.org\/{rel}","templated":true}]}}