{"id":2382,"date":"2014-09-29T16:57:57","date_gmt":"2014-09-29T16:57:57","guid":{"rendered":"http:\/\/ceipsilosalcala.redes-cepalcala.org\/?page_id=1591"},"modified":"2024-09-23T08:58:38","modified_gmt":"2024-09-23T08:58:38","slug":"elecciones-al-consejo-escolar","status":"publish","type":"page","link":"https:\/\/blogsaverroes.juntadeandalucia.es\/ceipsilos\/elecciones-al-consejo-escolar\/","title":{"rendered":"ELECCIONES AL CONSEJO ESCOLAR"},"content":{"rendered":"<p>En los meses de&nbsp;<strong>octu<\/strong><strong>bre y noviembre<\/strong>&nbsp;se desarrolla el &nbsp;procedimiento de&nbsp;<strong>elecciones<\/strong>&nbsp;de representantes en los&nbsp;<strong>Consejos Escolares<\/strong>&nbsp;&nbsp;en centros educativos en Andaluc\u00eda.<\/p>\n<p>En el tabl\u00f3n de anuncios del centro se publicar\u00e1n los diferentes documentos oficiales de este procedimiento de elecciones.<\/p>\n<p><strong>DATOS DEL CONSEJO ESCOLAR DEL COLEGIO<\/strong><\/p>\n<p>Nuestro centro cuenta con diferentes \u00f3rganos de Gobierno, entre los cuales destaca el Consejo Escolar. Dicho Consejo Escolar esta constituido por:<\/p>\n<p><strong>8<\/strong>&nbsp;representantes del sector&nbsp;<strong>madres\/padres o tutores<\/strong>&nbsp;del alumnado<\/p>\n<p><strong>1<\/strong>&nbsp;representante del&nbsp;<strong>A.M.P.A<\/strong>. del centro<\/p>\n<p><strong>8<\/strong>&nbsp;representantes del sector del&nbsp;<strong>profesorado<\/strong><\/p>\n<p><strong>1<\/strong>&nbsp;representante del sector de&nbsp;<strong>personal de administraci\u00f3n y servicios<\/strong><\/p>\n<p><strong>1<\/strong>&nbsp;representante del Excelent\u00edsimo&nbsp;<strong>Ayuntamiento<\/strong>&nbsp;de Alcal\u00e1 de Guada\u00edra<\/p>\n<p>Adem\u00e1s de todos ellos el&nbsp;<strong>Secretario<\/strong>&nbsp;del colegio ejerce las funciones de Secretario del Consejo Escolar, el&nbsp;<strong>Jefe de Estudios<\/strong>&nbsp;y el&nbsp;<strong>Director<\/strong>&nbsp;del centro de Presidente.<\/p>\n<p><strong>CALENDARIO DE ACTUACIONES<\/strong><\/p>\n<ol>\n<li>EL&nbsp;<strong>CENSO ELECTORAL<\/strong>&nbsp;de todas las madres y padres del alumnado estar\u00e1 a disposici\u00f3n en la&nbsp;<strong>Secretar\u00eda<\/strong>&nbsp;del Centro&nbsp;<strong>desde el d\u00eda 4 de octubre<\/strong> de 2.024.<\/li>\n<li>Las&nbsp;<strong>RECLAMACIONES al censo<\/strong>&nbsp;se realizar\u00e1n mediante&nbsp;<strong>escrito razonado<\/strong>&nbsp;dirigido a la Junta Electoral,&nbsp;<strong>hasta el d\u00eda 25 de octubre<\/strong> de 2.024 inclusive.<\/li>\n<li>La&nbsp;<strong>RESOLUCI\u00d3N de las reclamaciones<\/strong> presentadas contra las inscripciones en el censo, se publicar\u00e1 en los tablones de anuncios del Centro&nbsp;<strong>el d\u00eda 28 de octubre<\/strong> de 2.024.<\/li>\n<li>Las&nbsp;<strong>CANDIDATURAS<\/strong>&nbsp;podr\u00e1n ser presentadas por escrito dirigido a la Junta Electoral,&nbsp;<strong>desde el d\u00eda 14 de octubre<\/strong> de 2.024 <strong>hasta el d\u00eda 25 de octubre<\/strong> de 2.024 ambos inclusive.<\/li>\n<li>Cuando la candidatura fuera presentada por una asociaci\u00f3n de madres y padres del alumnado, deber\u00e1 hacerse constar en \u00e9sta.<\/li>\n<li>Las&nbsp;<strong>CANDIDATURAS<\/strong>&nbsp;ser\u00e1n proclamadas y&nbsp;<strong>publicadas<\/strong>&nbsp;en los tablones de anuncios del Centro a partir del&nbsp;<strong>d\u00eda 31 de octubre<\/strong> de 2.024.<\/li>\n<li><strong>EL SORTEO p\u00fablico de los miembros de la Mesa Electoral ser\u00e1 realizado en dicho Centro, el d\u00eda 13 de noviembre de 2.024 a las 9:15 horas.<\/strong><\/li>\n<li>La MESA ELECTORAL ser\u00e1 constituida inmediatamente antes del inicio de las votaciones.<\/li>\n<\/ol>\n<p><a href=\"https:\/\/drive.google.com\/file\/d\/1EnYV9SSls4hd80kkjDwAZBJZy19HaFsV\/view?usp=sharing\" target=\"_blank\" rel=\"noopener\">CALENDARIO<\/a><\/p>\n<p><a href=\"https:\/\/drive.google.com\/file\/d\/1HO-VUqW0-r0ooVNW68j4dsFvsrGE4soF\/view?usp=sharing\" target=\"_blank\" rel=\"noopener noreferrer\">VOTO NO PRESENCIAL<\/a><\/p>\n<p><a href=\"https:\/\/drive.google.com\/file\/d\/1viOkMHatu31v65X07nGY4UnitdPxM_aB\/view?usp=sharing\" target=\"_blank\" rel=\"noopener\">INSCRIPCI\u00d3N CANDIDATURA SECTOR MADRES\/PADRES<\/a><\/p>\n<p><strong>DESARROLLO DE LAS ELECCIONES<\/strong><\/p>\n<p>La celebraci\u00f3n de las elecciones tendr\u00e1 lugar durante los siguientes d\u00edas:<\/p>\n<ul>\n<li><strong>Sector padres, madres y tutores del alumnado<\/strong><\/li>\n<\/ul>\n<p><strong>&nbsp; &nbsp; &nbsp; &nbsp; &nbsp; &nbsp;Fecha: 19 de noviembre<\/strong><\/p>\n<p><strong>&nbsp; &nbsp; &nbsp; &nbsp; &nbsp; &nbsp;Horario: de 15:30 horas a 20:30 horas.<\/strong><\/p>\n<ul>\n<li><strong>Sector del profesorado y del personal de administraci\u00f3n y servicios<\/strong><\/li>\n<\/ul>\n<p><strong>&nbsp; &nbsp; &nbsp; &nbsp; &nbsp; &nbsp;Fecha: 21 de noviembre&nbsp;<\/strong><\/p>\n<p>Cada persona electora deber\u00e1 acreditar su identidad, a la hora de votar, presentando su D.N.I. o documento equivalente.<\/p>\n<p>Tal como se establece en la Orden de 7 de octubre de 2010, en su art\u00edculo 11 se determina el procedimiento para realizar&nbsp;<strong>Voto no presencial<\/strong>&nbsp;mediante&nbsp;el&nbsp; sistema de doble sobre, para facilitar la participaci\u00f3n en el proceso de elecciones y&nbsp;garantizar el secreto del voto, la identidad de la&nbsp; persona votante y evitar posibles duplicidades<\/p>\n<p><strong>NORMATIVA DE REFERENCIA<\/strong><\/p>\n<p><a href=\"https:\/\/drive.google.com\/file\/d\/1mngRzyvA25aXUychzsBcgsnRZeEo7zNp\/view?usp=sharing\" target=\"_blank\" rel=\"noopener\">RESOLUCI\u00d3N de 6 de septiembre de 2024<\/a><\/p>\n<p><a href=\"https:\/\/www.adideandalucia.es\/normas\/ordenes\/Orden7octubre2010eleccionesconsejosescolares.pdf\" target=\"_blank\" rel=\"noopener noreferrer\">Orden de 7 de octubre de 2010<\/a><\/p>\n","protected":false},"excerpt":{"rendered":"<p>En los meses de&nbsp;octubre y noviembre&nbsp;se desarrolla el &nbsp;procedimiento de&nbsp;elecciones&nbsp;de representantes en los&nbsp;Consejos Escolares&nbsp;&nbsp;en centros educativos en Andaluc\u00eda. En el tabl\u00f3n de anuncios del centro se publicar\u00e1n los diferentes documentos oficiales de este procedimiento de elecciones. DATOS DEL CONSEJO ESCOLAR DEL COLEGIO Nuestro centro cuenta con diferentes \u00f3rganos de Gobierno, entre los cuales destaca el &hellip; <\/p>\n<p><a class=\"more-link btn\" href=\"https:\/\/blogsaverroes.juntadeandalucia.es\/ceipsilos\/elecciones-al-consejo-escolar\/\">Seguir leyendo<\/a><\/p>\n","protected":false},"author":5518,"featured_media":0,"parent":0,"menu_order":0,"comment_status":"closed","ping_status":"open","template":"","meta":{"ngg_post_thumbnail":0,"footnotes":"","_mc_calendar":[]},"aioseo_notices":[],"_links":{"self":[{"href":"https:\/\/blogsaverroes.juntadeandalucia.es\/ceipsilos\/wp-json\/wp\/v2\/pages\/2382"}],"collection":[{"href":"https:\/\/blogsaverroes.juntadeandalucia.es\/ceipsilos\/wp-json\/wp\/v2\/pages"}],"about":[{"href":"https:\/\/blogsaverroes.juntadeandalucia.es\/ceipsilos\/wp-json\/wp\/v2\/types\/page"}],"author":[{"embeddable":true,"href":"https:\/\/blogsaverroes.juntadeandalucia.es\/ceipsilos\/wp-json\/wp\/v2\/users\/5518"}],"replies":[{"embeddable":true,"href":"https:\/\/blogsaverroes.juntadeandalucia.es\/ceipsilos\/wp-json\/wp\/v2\/comments?post=2382"}],"version-history":[{"count":8,"href":"https:\/\/blogsaverroes.juntadeandalucia.es\/ceipsilos\/wp-json\/wp\/v2\/pages\/2382\/revisions"}],"predecessor-version":[{"id":2568,"href":"https:\/\/blogsaverroes.juntadeandalucia.es\/ceipsilos\/wp-json\/wp\/v2\/pages\/2382\/revisions\/2568"}],"wp:attachment":[{"href":"https:\/\/blogsaverroes.juntadeandalucia.es\/ceipsilos\/wp-json\/wp\/v2\/media?parent=2382"}],"curies":[{"name":"wp","href":"https:\/\/api.w.org\/{rel}","templated":true}]}}