{"id":285,"date":"2013-04-09T13:15:08","date_gmt":"2013-04-09T13:15:08","guid":{"rendered":"http:\/\/ceipsilosalcala.redes-cepalcala.org\/?page_id=285"},"modified":"2024-06-28T11:51:27","modified_gmt":"2024-06-28T11:51:27","slug":"libros-curso-201213","status":"publish","type":"page","link":"https:\/\/blogsaverroes.juntadeandalucia.es\/ceipsilos\/libros-curso-201213\/","title":{"rendered":"LIBROS DE TEXTO"},"content":{"rendered":"<p style=\"text-align: left\">Antes de acceder a la relaci\u00f3n de materiales escolares de cada nivel, es interesante conocer &nbsp;algunos aspectos referentes al material educativo y el Programa de Gratuidad de Libros de Texto:<\/p>\n<ul>\n<li>La relaci\u00f3n de <strong>libros de texto<\/strong> y <strong>material de uso personal<\/strong> de cada curso <strong>se<\/strong> <strong>publican<\/strong> durante el mes de <strong>junio<\/strong> en el <strong>tabl\u00f3n de anuncios<\/strong> del centro.<\/li>\n<li>Los <strong>libros de Educaci\u00f3n Primaria<\/strong> (de 1\u00ba a 6\u00ba) son costeados por la Consejer\u00eda de Educaci\u00f3n de la Junta de Andaluc\u00eda, <strong>sin coste<\/strong> alguno para las familias.<\/li>\n<li><strong>El centro comunicar\u00e1 en junio a las familias si deben recoger el chequelibro<\/strong> correspondiente.<\/li>\n<li>Los <strong>chequelibros<\/strong> ser\u00e1n <strong>descargados <\/strong>por alg\u00fan <strong>tutor legal<\/strong> del alumnado en el punto de recogida virtual. <strong>Si no es<\/strong> <strong>posible<\/strong> lo recoger\u00e1 en el colegio alguna persona autorizada que deber\u00e1 aportar <strong>autorizaci\u00f3n por escrito y fotocopia del D.N.I. del tutor legal y de la persona autorizada.<\/strong><\/li>\n<li>Los libros tienen una <strong>vigencia de cuatro cursos<\/strong>.<\/li>\n<li>A los cursos <strong>1\u00ba y 2\u00ba<\/strong> les corresponde <strong>chequelibro todos los a\u00f1os.<\/strong><\/li>\n<li>En los cursos <strong>3\u00ba, 4\u00ba, 5\u00ba y 6\u00ba<\/strong> <strong>algunos a\u00f1os<\/strong> se recoge <strong>chequelibro<\/strong> disfrutando de libros nuevos y <strong>otros a\u00f1os<\/strong> el centro facilita al alumnado al inicio de curso los <strong>libros<\/strong> usados en <strong>a\u00f1os anteriores<\/strong>.<\/li>\n<li><strong>El alumn@ y su familia se compromete a&nbsp;la&nbsp; reposici\u00f3n del material por mal uso o p\u00e9rdida del mismo.<\/strong> Debemos potenciar la responsabilidad a nuestros hij@s por cuidar los libros y el material escolar.<\/li>\n<\/ul>\n<p><strong>Los libros son un recurso m\u00e1s para facilitar el aprendizaje de l@s alumn@s. La adquisici\u00f3n de los libros de texto no implica que se realicen todas las Unidades Did\u00e1cticas o actividades de \u00e9ste.<\/strong><\/p>\n<p>En el centro se usan diferentes recursos decididos por los Equipos Docentes para tal fin:<\/p>\n<ol>\n<li>Fichas de elaboraci\u00f3n propia.<\/li>\n<li>Programa de c\u00e1lculo mental.<\/li>\n<li>Lecturas.<\/li>\n<li>Material de biblioteca.<\/li>\n<li>Material TIC.<\/li>\n<\/ol>\n<p style=\"text-align: center\"><strong><span style=\"text-decoration: underline\">RELACI\u00d3N DE MATERIAL ESCOLAR<\/span><\/strong><\/p>\n<p style=\"text-align: center\">&nbsp; &nbsp;&nbsp;<img loading=\"lazy\" decoding=\"async\" class=\"alignnone wp-image-1044\" style=\"color: #333333;font-style: normal\" src=\"https:\/\/blogsaverroes.juntadeandalucia.es\/ceipsilos\/files\/2013\/12\/LIBROS-DE-TEXTO.jpg\" alt=\"LIBROS DE TEXTO\" width=\"95\" height=\"117\" srcset=\"https:\/\/blogsaverroes.juntadeandalucia.es\/ceipsilos\/files\/2013\/12\/LIBROS-DE-TEXTO.jpg 202w, https:\/\/blogsaverroes.juntadeandalucia.es\/ceipsilos\/files\/2013\/12\/LIBROS-DE-TEXTO-19x24.jpg 19w, https:\/\/blogsaverroes.juntadeandalucia.es\/ceipsilos\/files\/2013\/12\/LIBROS-DE-TEXTO-29x36.jpg 29w, https:\/\/blogsaverroes.juntadeandalucia.es\/ceipsilos\/files\/2013\/12\/LIBROS-DE-TEXTO-39x48.jpg 39w\" sizes=\"(max-width: 95px) 100vw, 95px\" \/>&nbsp; &nbsp; &nbsp; &nbsp; &nbsp; &nbsp; &nbsp; &nbsp; &nbsp; &nbsp; &nbsp; &nbsp; &nbsp; &nbsp; &nbsp; &nbsp; &nbsp; &nbsp;&nbsp;<img loading=\"lazy\" decoding=\"async\" class=\"alignnone size-full wp-image-1045\" style=\"color: #333333;font-style: normal\" src=\"https:\/\/blogsaverroes.juntadeandalucia.es\/ceipsilos\/files\/2013\/12\/MATERIAL-ESCOLAR.jpg\" alt=\"MATERIAL ESCOLAR\" width=\"134\" height=\"127\" srcset=\"https:\/\/blogsaverroes.juntadeandalucia.es\/ceipsilos\/files\/2013\/12\/MATERIAL-ESCOLAR.jpg 134w, https:\/\/blogsaverroes.juntadeandalucia.es\/ceipsilos\/files\/2013\/12\/MATERIAL-ESCOLAR-24x24.jpg 24w, https:\/\/blogsaverroes.juntadeandalucia.es\/ceipsilos\/files\/2013\/12\/MATERIAL-ESCOLAR-36x34.jpg 36w, https:\/\/blogsaverroes.juntadeandalucia.es\/ceipsilos\/files\/2013\/12\/MATERIAL-ESCOLAR-48x45.jpg 48w\" sizes=\"(max-width: 134px) 100vw, 134px\" \/><\/p>\n<p style=\"text-align: center\"><a href=\"https:\/\/drive.google.com\/file\/d\/1WNXBFB9E1HKqUqG3bVPIDEK0FZJ4CblO\/view?usp=sharing\" target=\"_blank\" rel=\"noopener\">LIBROS E. PRIMARIA&nbsp;<\/a> &nbsp; &nbsp; &nbsp; &nbsp; &nbsp; &nbsp; &nbsp; &nbsp; &nbsp; &nbsp; &nbsp; &nbsp; &nbsp; &nbsp; <a href=\"https:\/\/drive.google.com\/file\/d\/1rHRotyj_Xw-Sq_yVv88M5IDavDCqQNLz\/view?usp=sharing\" target=\"_blank\" rel=\"noopener\">MATERIAL ESCOLAR<\/a><\/p>\n<p style=\"text-align: left\">&nbsp; &nbsp; &nbsp; &nbsp; &nbsp; &nbsp; &nbsp; &nbsp; &nbsp; &nbsp; &nbsp; &nbsp; &nbsp; &nbsp; &nbsp; &nbsp; &nbsp; &nbsp;<a href=\"https:\/\/drive.google.com\/file\/d\/1bVZM4g-RvGXCaAe-Sv-6f-XM7sXUKli1\/view?usp=sharing\" target=\"_blank\" rel=\"noopener\">LIBROS E. INFANTIL<\/a><\/p>\n","protected":false},"excerpt":{"rendered":"<p>Antes de acceder a la relaci\u00f3n de materiales escolares de cada nivel, es interesante conocer &nbsp;algunos aspectos referentes al material educativo y el Programa de Gratuidad de Libros de Texto: La relaci\u00f3n de libros de texto y material de uso personal de cada curso se publican durante el mes de junio en el tabl\u00f3n de &hellip; <\/p>\n<p><a class=\"more-link btn\" href=\"https:\/\/blogsaverroes.juntadeandalucia.es\/ceipsilos\/libros-curso-201213\/\">Seguir leyendo<\/a><\/p>\n","protected":false},"author":5518,"featured_media":0,"parent":0,"menu_order":0,"comment_status":"closed","ping_status":"open","template":"","meta":{"ngg_post_thumbnail":0,"footnotes":"","_mc_calendar":[]},"aioseo_notices":[],"_links":{"self":[{"href":"https:\/\/blogsaverroes.juntadeandalucia.es\/ceipsilos\/wp-json\/wp\/v2\/pages\/285"}],"collection":[{"href":"https:\/\/blogsaverroes.juntadeandalucia.es\/ceipsilos\/wp-json\/wp\/v2\/pages"}],"about":[{"href":"https:\/\/blogsaverroes.juntadeandalucia.es\/ceipsilos\/wp-json\/wp\/v2\/types\/page"}],"author":[{"embeddable":true,"href":"https:\/\/blogsaverroes.juntadeandalucia.es\/ceipsilos\/wp-json\/wp\/v2\/users\/5518"}],"replies":[{"embeddable":true,"href":"https:\/\/blogsaverroes.juntadeandalucia.es\/ceipsilos\/wp-json\/wp\/v2\/comments?post=285"}],"version-history":[{"count":20,"href":"https:\/\/blogsaverroes.juntadeandalucia.es\/ceipsilos\/wp-json\/wp\/v2\/pages\/285\/revisions"}],"predecessor-version":[{"id":4134,"href":"https:\/\/blogsaverroes.juntadeandalucia.es\/ceipsilos\/wp-json\/wp\/v2\/pages\/285\/revisions\/4134"}],"wp:attachment":[{"href":"https:\/\/blogsaverroes.juntadeandalucia.es\/ceipsilos\/wp-json\/wp\/v2\/media?parent=285"}],"curies":[{"name":"wp","href":"https:\/\/api.w.org\/{rel}","templated":true}]}}