{"id":3424,"date":"2021-09-05T17:52:52","date_gmt":"2021-09-05T17:52:52","guid":{"rendered":"https:\/\/blogsaverroes.juntadeandalucia.es\/ceipsilos\/?page_id=3424"},"modified":"2023-09-07T17:32:10","modified_gmt":"2023-09-07T17:32:10","slug":"aula-de-mediodia","status":"publish","type":"page","link":"https:\/\/blogsaverroes.juntadeandalucia.es\/ceipsilos\/aula-de-mediodia\/","title":{"rendered":"AULA DE MEDIOD\u00cdA"},"content":{"rendered":"<p><strong>HORARIO<\/strong><\/p>\n<p>De lunes a viernes de<strong> 14:00 a 15:30 horas<\/strong><\/p>\n<p><strong>PRECIO<br \/>\n<\/strong><\/p>\n<p>El <strong>precio mensua<\/strong>l de cada actividad es de 35 \u20ac mensuales (30 \u20ac para socios de AMPA) y 5 \u20ac por d\u00eda suelto.<\/p>\n<p><strong>NORMAS DE FUNCIONAMIENTO<\/strong><\/p>\n<p>La<strong>&nbsp;recepci\u00f3n del alumnado<\/strong> la realiza la monitora dentro del colegio a las 14:00 horas.<\/p>\n<p>Los alumn@s est\u00e1n atendidos en todo momento por<strong> una monitora.<\/strong><\/p>\n<p>El n\u00famero&nbsp; m\u00ednimo de alumn@s admitidos en el Aula de Mediod\u00eda es de 10.<\/p>\n<p><strong>EMPRESA ENCARGADA<\/strong><\/p>\n<p><a href=\"http:\/\/www.educomex.es\/\" target=\"_blank\" rel=\"noopener noreferrer\">Educomex Multiservicios S.L.<\/a><\/p>\n<p><strong>\u00bfC\u00d3MO APUNTARSE O DARSE DE BAJA?<\/strong><\/p>\n<p>Las solicitudes deben enviarse al correo <span dir=\"ltr\" role=\"presentation\">servicioaulamediodia<\/span><span dir=\"ltr\" role=\"presentation\">@gmail.com<\/span><\/p>\n<p>El modo de funcionamiento ser\u00e1 el siguiente:<\/p>\n<ol start=\"1\">\n<li>El <strong>plazo para&nbsp;apuntarse<\/strong>&nbsp;est\u00e1 abierto<b>&nbsp;durante <\/b><strong>todo el curso&nbsp;.<\/strong><\/li>\n<li>El <strong>plazo para darse de&nbsp;baja<\/strong>&nbsp;ser\u00e1&nbsp;<b>del d\u00eda <\/b><strong>1 al 20 del mes anterior.<\/strong><\/li>\n<li>El&nbsp;<strong>cobro<\/strong>&nbsp;lo realiza la&nbsp;<strong>empresa<\/strong>&nbsp;por domiciliaci\u00f3n bancaria &nbsp;al&nbsp;<strong>inicio del mes de servicio.<\/strong><\/li>\n<\/ol>\n<p><strong>ASPECTOS DESTACADOS<\/strong><\/p>\n<ol>\n<li>Los alumnos con alg\u00fan pago pendiente en el curso anterior no podr\u00e1n hacer uso del Aula de Mediod\u00eda.<\/li>\n<\/ol>\n<p><strong>IMPRESOS<\/strong><\/p>\n<p><a href=\"https:\/\/drive.google.com\/file\/d\/13SPFxhRbvShneKGdx-7JTM0zFXAycCRE\/view?usp=sharing\" target=\"_blank\" rel=\"noopener noreferrer\">INSCRIPCI\u00d3N AULA DE MEDIOD\u00cdA<\/a><\/p>\n<p>&nbsp;<\/p>\n","protected":false},"excerpt":{"rendered":"<p>HORARIO De lunes a viernes de 14:00 a 15:30 horas PRECIO El precio mensual de cada actividad es de 35 \u20ac mensuales (30 \u20ac para socios de AMPA) y 5 \u20ac por d\u00eda suelto. NORMAS DE FUNCIONAMIENTO La&nbsp;recepci\u00f3n del alumnado la realiza la monitora dentro del colegio a las 14:00 horas. Los alumn@s est\u00e1n atendidos &hellip; <\/p>\n<p><a class=\"more-link btn\" href=\"https:\/\/blogsaverroes.juntadeandalucia.es\/ceipsilos\/aula-de-mediodia\/\">Seguir leyendo<\/a><\/p>\n","protected":false},"author":5518,"featured_media":0,"parent":0,"menu_order":0,"comment_status":"closed","ping_status":"closed","template":"","meta":{"ngg_post_thumbnail":0,"footnotes":"","_mc_calendar":[]},"aioseo_notices":[],"_links":{"self":[{"href":"https:\/\/blogsaverroes.juntadeandalucia.es\/ceipsilos\/wp-json\/wp\/v2\/pages\/3424"}],"collection":[{"href":"https:\/\/blogsaverroes.juntadeandalucia.es\/ceipsilos\/wp-json\/wp\/v2\/pages"}],"about":[{"href":"https:\/\/blogsaverroes.juntadeandalucia.es\/ceipsilos\/wp-json\/wp\/v2\/types\/page"}],"author":[{"embeddable":true,"href":"https:\/\/blogsaverroes.juntadeandalucia.es\/ceipsilos\/wp-json\/wp\/v2\/users\/5518"}],"replies":[{"embeddable":true,"href":"https:\/\/blogsaverroes.juntadeandalucia.es\/ceipsilos\/wp-json\/wp\/v2\/comments?post=3424"}],"version-history":[{"count":6,"href":"https:\/\/blogsaverroes.juntadeandalucia.es\/ceipsilos\/wp-json\/wp\/v2\/pages\/3424\/revisions"}],"predecessor-version":[{"id":3978,"href":"https:\/\/blogsaverroes.juntadeandalucia.es\/ceipsilos\/wp-json\/wp\/v2\/pages\/3424\/revisions\/3978"}],"wp:attachment":[{"href":"https:\/\/blogsaverroes.juntadeandalucia.es\/ceipsilos\/wp-json\/wp\/v2\/media?parent=3424"}],"curies":[{"name":"wp","href":"https:\/\/api.w.org\/{rel}","templated":true}]}}