{"id":346,"date":"2013-04-23T15:04:29","date_gmt":"2013-04-23T15:04:29","guid":{"rendered":"http:\/\/ceipsilosalcala.redes-cepalcala.org\/?page_id=346"},"modified":"2013-04-23T15:04:29","modified_gmt":"2013-04-23T15:04:29","slug":"plan-de-apertura","status":"publish","type":"page","link":"https:\/\/blogsaverroes.juntadeandalucia.es\/ceipsilos\/plan-de-apertura\/","title":{"rendered":"PLAN DE APERTURA"},"content":{"rendered":"<p>El <strong>Plan de Apertura<\/strong> engloba el conjunto de <strong>servicios complementarios del centro<\/strong>, cuyo objetivo es ofrecer a las familias y al alumnado una <strong>jornada escolar completa.<\/strong><\/p>\n<p>La Consejer\u00eda de Educaci\u00f3n desarrolla un Plan de Ayuda a las Familias Andaluzas que permite solicitar <strong>subvenci\u00f3n<\/strong> para el uso de las diferentes actividades del <strong>Plan de Apertura.<\/strong> <strong>Dicha solicitud debe entregarse en Secretar\u00eda junto a la inscripci\u00f3n al servicio solicitado.<\/strong><\/p>\n<p>Actualmente se ofrecen los siguientes servicios complementarios:<\/p>\n<ul>\n<li><a title=\"AULA MATINAL\" href=\"http:\/\/ceipsilosalcala.redes-cepalcala.org\/aula-matinal\/\"><strong>AULA MATINAL<\/strong><\/a><\/li>\n<li><a href=\"http:\/\/ceipsilosalcala.redes-cepalcala.org\/comedor-escolar\/\" target=\"_blank\"><strong>COMEDOR ESCOLAR<\/strong><\/a><\/li>\n<li><a title=\"ACTIVIDADES EXTRAESCOLARES\" href=\"http:\/\/ceipsilosalcala.redes-cepalcala.org\/actividades-extraescolares\/\"><strong>ACTIVIDADES EXTRAESCOLARES<\/strong><\/a><\/li>\n<\/ul>\n<p>As\u00ed mismo la Delegaci\u00f3n de Deportes del Excelent\u00edsimo <strong>Ayuntamiento de Alcal\u00e1 de Guada\u00edra<\/strong> desarrolla en diversos centros educativos de nuestra localidad un <strong>programa deportivo escolar:<\/strong><\/p>\n<ul>\n<li><strong><a title=\"VOLLEYBALL\" href=\"http:\/\/ceipsilosalcala.redes-cepalcala.org\/volleyball\/\"><strong>BALONCESTO<\/strong> (C.E.I.P. SILOS)<\/a><\/strong><\/li>\n<li><a href=\"http:\/\/ceipsilosalcala.redes-cepalcala.org\/el-colegio\/volleyball\/\" target=\"_blank\"><strong>TAEKWONDO (C.E.I.P. SILOS)<\/strong><strong>\u00a0<\/strong><\/a><\/li>\n<\/ul>\n","protected":false},"excerpt":{"rendered":"<p>El Plan de Apertura engloba el conjunto de servicios complementarios del centro, cuyo objetivo es ofrecer a las familias y al alumnado una jornada escolar completa. La Consejer\u00eda de Educaci\u00f3n desarrolla un Plan de Ayuda a las Familias Andaluzas que permite solicitar subvenci\u00f3n para el uso de las diferentes actividades del Plan de Apertura. Dicha &hellip; <\/p>\n<p><a class=\"more-link btn\" href=\"https:\/\/blogsaverroes.juntadeandalucia.es\/ceipsilos\/plan-de-apertura\/\">Seguir leyendo<\/a><\/p>\n","protected":false},"author":5518,"featured_media":0,"parent":0,"menu_order":0,"comment_status":"closed","ping_status":"open","template":"sidebar-page.php","meta":{"ngg_post_thumbnail":0,"footnotes":"","_mc_calendar":[]},"aioseo_notices":[],"_links":{"self":[{"href":"https:\/\/blogsaverroes.juntadeandalucia.es\/ceipsilos\/wp-json\/wp\/v2\/pages\/346"}],"collection":[{"href":"https:\/\/blogsaverroes.juntadeandalucia.es\/ceipsilos\/wp-json\/wp\/v2\/pages"}],"about":[{"href":"https:\/\/blogsaverroes.juntadeandalucia.es\/ceipsilos\/wp-json\/wp\/v2\/types\/page"}],"author":[{"embeddable":true,"href":"https:\/\/blogsaverroes.juntadeandalucia.es\/ceipsilos\/wp-json\/wp\/v2\/users\/5518"}],"replies":[{"embeddable":true,"href":"https:\/\/blogsaverroes.juntadeandalucia.es\/ceipsilos\/wp-json\/wp\/v2\/comments?post=346"}],"version-history":[{"count":0,"href":"https:\/\/blogsaverroes.juntadeandalucia.es\/ceipsilos\/wp-json\/wp\/v2\/pages\/346\/revisions"}],"wp:attachment":[{"href":"https:\/\/blogsaverroes.juntadeandalucia.es\/ceipsilos\/wp-json\/wp\/v2\/media?parent=346"}],"curies":[{"name":"wp","href":"https:\/\/api.w.org\/{rel}","templated":true}]}}