{"id":389,"date":"2013-04-25T18:35:06","date_gmt":"2013-04-25T18:35:06","guid":{"rendered":"http:\/\/ceipsilosalcala.redes-cepalcala.org\/?page_id=389"},"modified":"2013-04-25T18:35:06","modified_gmt":"2013-04-25T18:35:06","slug":"el-blogs-de-ingles-de-almudena","status":"publish","type":"page","link":"https:\/\/blogsaverroes.juntadeandalucia.es\/ceipsilos\/el-blogs-de-ingles-de-almudena\/","title":{"rendered":"El blogs de ingl\u00e9s de Almudena Fern\u00e1ndez"},"content":{"rendered":"<p><a title=\"enjoyenglishwhitalmudena\" href=\"http:\/\/enjoyenglishwithalmudena.blogspot.com.es\/\">English wiht Almudena\u00a0<\/a><\/p>\n<p>Almudena, nuestra compa\u00f1era de ingl\u00e9s, nos invita a entrar en su blogs . Con \u00e9l podremos escuchar, cantar y aprender las canciones que se trabajan en clase.<\/p>\n","protected":false},"excerpt":{"rendered":"<p>English wiht Almudena\u00a0 Almudena, nuestra compa\u00f1era de ingl\u00e9s, nos invita a entrar en su blogs . Con \u00e9l podremos escuchar, cantar y aprender las canciones que se trabajan en clase.<\/p>\n","protected":false},"author":5518,"featured_media":0,"parent":0,"menu_order":0,"comment_status":"closed","ping_status":"open","template":"sidebar-page.php","meta":{"ngg_post_thumbnail":0,"footnotes":"","_mc_calendar":[]},"aioseo_notices":[],"_links":{"self":[{"href":"https:\/\/blogsaverroes.juntadeandalucia.es\/ceipsilos\/wp-json\/wp\/v2\/pages\/389"}],"collection":[{"href":"https:\/\/blogsaverroes.juntadeandalucia.es\/ceipsilos\/wp-json\/wp\/v2\/pages"}],"about":[{"href":"https:\/\/blogsaverroes.juntadeandalucia.es\/ceipsilos\/wp-json\/wp\/v2\/types\/page"}],"author":[{"embeddable":true,"href":"https:\/\/blogsaverroes.juntadeandalucia.es\/ceipsilos\/wp-json\/wp\/v2\/users\/5518"}],"replies":[{"embeddable":true,"href":"https:\/\/blogsaverroes.juntadeandalucia.es\/ceipsilos\/wp-json\/wp\/v2\/comments?post=389"}],"version-history":[{"count":0,"href":"https:\/\/blogsaverroes.juntadeandalucia.es\/ceipsilos\/wp-json\/wp\/v2\/pages\/389\/revisions"}],"wp:attachment":[{"href":"https:\/\/blogsaverroes.juntadeandalucia.es\/ceipsilos\/wp-json\/wp\/v2\/media?parent=389"}],"curies":[{"name":"wp","href":"https:\/\/api.w.org\/{rel}","templated":true}]}}