{"id":424,"date":"2015-03-20T07:05:20","date_gmt":"2015-03-20T07:05:20","guid":{"rendered":"http:\/\/blogsaverroes.juntadeandalucia.es\/pre\/ceip\/?page_id=424"},"modified":"2026-02-12T10:28:33","modified_gmt":"2026-02-12T10:28:33","slug":"educacion-infantil","status":"publish","type":"page","link":"https:\/\/blogsaverroes.juntadeandalucia.es\/ceipsilos\/educacion-infantil\/","title":{"rendered":"RECURSOS EDUCATIVOS"},"content":{"rendered":"<ul>\n<li><a title=\"RECURSOS EDUCACI\u00d3N INFANTIL\" href=\"https:\/\/blogsaverroes.juntadeandalucia.es\/ceipsilos\/recursos-educacion-infantil\/\">RECURSOS EDUCACI\u00d3N INFANTIL<\/a><\/li>\n<li><a title=\"RECURSOS DE MATEM\u00c1TICAS\" href=\"https:\/\/blogsaverroes.juntadeandalucia.es\/ceipsilos\/recursos-de-matematicas\/\">RECURSOS DE MATEM\u00c1TICAS<\/a><\/li>\n<li><a title=\"RECURSOS DE LENGUA\" href=\"https:\/\/blogsaverroes.juntadeandalucia.es\/ceipsilos\/recursos-de-lengua\/\">RECURSOS DE LENGUA<\/a><\/li>\n<li><a title=\"RECURSOS DE INGL\u00c9S\" href=\"https:\/\/blogsaverroes.juntadeandalucia.es\/ceipsilos\/recursos-de-ingles\/\">RECURSOS DE INGL\u00c9S<\/a><\/li>\n<li><a title=\"RECURSOS DE CONOCIMIENTO DEL MEDIO\" href=\"https:\/\/blogsaverroes.juntadeandalucia.es\/ceipsilos\/recursos-de-conocimiento-del-medio\/\">RECURSOS DE CIENCIAS SOCIALES Y CIENCIAS NATURALES<\/a><\/li>\n<li><a title=\"RECURSOS DE EDUCACI\u00d3N F\u00cdSICA\" href=\"https:\/\/blogsaverroes.juntadeandalucia.es\/ceipsilos\/recursos-de-educacion-fisica\/\">RECURSOS DE EDUCACI\u00d3N F\u00cdSICA<\/a><\/li>\n<li><a title=\"RECURSOS DE M\u00daSICA\" href=\"https:\/\/blogsaverroes.juntadeandalucia.es\/ceipsilos\/recursos-de-musica\/\">RECURSOS DE M\u00daSICA<\/a><\/li>\n<li><a title=\"RECURSOS PARA LAS FAMILIAS\" href=\"https:\/\/blogsaverroes.juntadeandalucia.es\/ceipsilos\/recursos-para-las-familias\/\">RECURSOS PARA LAS FAMILIAS<\/a><\/li>\n<li><a title=\"RECURSOS PARA MAESTROS\" href=\"https:\/\/blogsaverroes.juntadeandalucia.es\/ceipsilos\/recursos-para-docentes\/\">RECURSOS PARA LOS MAESTROS<\/a><\/li>\n<\/ul>\n","protected":false},"excerpt":{"rendered":"<p>RECURSOS EDUCACI\u00d3N INFANTIL RECURSOS DE MATEM\u00c1TICAS RECURSOS DE LENGUA RECURSOS DE INGL\u00c9S RECURSOS DE CIENCIAS SOCIALES Y CIENCIAS NATURALES RECURSOS DE EDUCACI\u00d3N F\u00cdSICA RECURSOS DE M\u00daSICA RECURSOS PARA LAS FAMILIAS RECURSOS PARA LOS MAESTROS<\/p>\n","protected":false},"author":1,"featured_media":0,"parent":0,"menu_order":0,"comment_status":"closed","ping_status":"open","template":"","meta":{"ngg_post_thumbnail":0,"footnotes":"","_mc_calendar":[]},"aioseo_notices":[],"_links":{"self":[{"href":"https:\/\/blogsaverroes.juntadeandalucia.es\/ceipsilos\/wp-json\/wp\/v2\/pages\/424"}],"collection":[{"href":"https:\/\/blogsaverroes.juntadeandalucia.es\/ceipsilos\/wp-json\/wp\/v2\/pages"}],"about":[{"href":"https:\/\/blogsaverroes.juntadeandalucia.es\/ceipsilos\/wp-json\/wp\/v2\/types\/page"}],"author":[{"embeddable":true,"href":"https:\/\/blogsaverroes.juntadeandalucia.es\/ceipsilos\/wp-json\/wp\/v2\/users\/1"}],"replies":[{"embeddable":true,"href":"https:\/\/blogsaverroes.juntadeandalucia.es\/ceipsilos\/wp-json\/wp\/v2\/comments?post=424"}],"version-history":[{"count":2,"href":"https:\/\/blogsaverroes.juntadeandalucia.es\/ceipsilos\/wp-json\/wp\/v2\/pages\/424\/revisions"}],"predecessor-version":[{"id":4339,"href":"https:\/\/blogsaverroes.juntadeandalucia.es\/ceipsilos\/wp-json\/wp\/v2\/pages\/424\/revisions\/4339"}],"wp:attachment":[{"href":"https:\/\/blogsaverroes.juntadeandalucia.es\/ceipsilos\/wp-json\/wp\/v2\/media?parent=424"}],"curies":[{"name":"wp","href":"https:\/\/api.w.org\/{rel}","templated":true}]}}