{"id":455,"date":"2013-04-25T22:35:42","date_gmt":"2013-04-25T22:35:42","guid":{"rendered":"http:\/\/ceipsilosalcala.redes-cepalcala.org\/?page_id=455"},"modified":"2013-04-25T22:35:42","modified_gmt":"2013-04-25T22:35:42","slug":"plan-de-igualdad-coeducacion","status":"publish","type":"page","link":"https:\/\/blogsaverroes.juntadeandalucia.es\/ceipsilos\/plan-de-igualdad-coeducacion\/","title":{"rendered":"PLAN DE IGUALDAD. COEDUCACI\u00d3N"},"content":{"rendered":"<p style=\"text-align: left\" align=\"center\">Este proyecto nace de la firme creencia de que<strong> la escuela es un lugar id\u00f3neo para fomentar e impulsar valores<\/strong> esenciales e imprescindibles <strong>para la correcci\u00f3n de los desequilibrios hist\u00f3ricos<\/strong>. <strong>Valores que contribuyan a lograr la<\/strong> tan pregonada <strong>igualdad entre mujeres y hombres, valores que,<\/strong> en definitiva, <strong>hagan desaparecer<\/strong> de nuestras pr\u00e1cticas sociales <strong>la abominable discriminaci\u00f3n por raz\u00f3n de g\u00e9nero.<\/strong><\/p>\n<p style=\"text-align: left\" align=\"center\">Como todos sabemos, la historia ha sido testigo fehaciente de que ni\u00f1os y ni\u00f1as, hombres y mujeres <i>no<\/i> han sido tratados por igual a lo largo de los siglos. Este desigual rasero, este desequilibrio, ha dado lugar en numerosas ocasiones y en diversas circunstancias a diferentes formas de discriminaci\u00f3n, dependencia e incluso maltrato. Lamentablemente, el devenir cotidiano nos sigue dando muestras de que esos condicionamientos hist\u00f3ricos rese\u00f1ados anteriormente, al menos en la praxis, no han sido totalmente erradicados.<\/p>\n<p style=\"text-align: left\" align=\"center\"><strong>La igualdad es un derecho b\u00e1sico que rige el funcionamiento de las sociedades democr\u00e1ticas<\/strong>. Adem\u00e1s, las leyes, tanto estatales como auton\u00f3micas, abogan en este sentido.<\/p>\n","protected":false},"excerpt":{"rendered":"<p>Este proyecto nace de la firme creencia de que la escuela es un lugar id\u00f3neo para fomentar e impulsar valores esenciales e imprescindibles para la correcci\u00f3n de los desequilibrios hist\u00f3ricos. Valores que contribuyan a lograr la tan pregonada igualdad entre mujeres y hombres, valores que, en definitiva, hagan desaparecer de nuestras pr\u00e1cticas sociales la abominable &hellip; <\/p>\n<p><a class=\"more-link btn\" href=\"https:\/\/blogsaverroes.juntadeandalucia.es\/ceipsilos\/plan-de-igualdad-coeducacion\/\">Seguir leyendo<\/a><\/p>\n","protected":false},"author":5518,"featured_media":0,"parent":0,"menu_order":0,"comment_status":"closed","ping_status":"open","template":"sidebar-page.php","meta":{"ngg_post_thumbnail":0,"footnotes":"","_mc_calendar":[]},"aioseo_notices":[],"_links":{"self":[{"href":"https:\/\/blogsaverroes.juntadeandalucia.es\/ceipsilos\/wp-json\/wp\/v2\/pages\/455"}],"collection":[{"href":"https:\/\/blogsaverroes.juntadeandalucia.es\/ceipsilos\/wp-json\/wp\/v2\/pages"}],"about":[{"href":"https:\/\/blogsaverroes.juntadeandalucia.es\/ceipsilos\/wp-json\/wp\/v2\/types\/page"}],"author":[{"embeddable":true,"href":"https:\/\/blogsaverroes.juntadeandalucia.es\/ceipsilos\/wp-json\/wp\/v2\/users\/5518"}],"replies":[{"embeddable":true,"href":"https:\/\/blogsaverroes.juntadeandalucia.es\/ceipsilos\/wp-json\/wp\/v2\/comments?post=455"}],"version-history":[{"count":0,"href":"https:\/\/blogsaverroes.juntadeandalucia.es\/ceipsilos\/wp-json\/wp\/v2\/pages\/455\/revisions"}],"wp:attachment":[{"href":"https:\/\/blogsaverroes.juntadeandalucia.es\/ceipsilos\/wp-json\/wp\/v2\/media?parent=455"}],"curies":[{"name":"wp","href":"https:\/\/api.w.org\/{rel}","templated":true}]}}