{"id":463,"date":"2013-04-25T22:49:28","date_gmt":"2013-04-25T22:49:28","guid":{"rendered":"http:\/\/ceipsilosalcala.redes-cepalcala.org\/?page_id=463"},"modified":"2019-11-26T14:21:01","modified_gmt":"2019-11-26T14:21:01","slug":"recursos-de-matematicas","status":"publish","type":"page","link":"https:\/\/blogsaverroes.juntadeandalucia.es\/ceipsilos\/recursos-de-matematicas\/","title":{"rendered":"RECURSOS DE MATEM\u00c1TICAS"},"content":{"rendered":"<p><span style=\"color: #000000\">BUSCA LO QUE MAS TE INTERESE<\/span><\/p>\n<p><a href=\"https:\/\/www.anayaeducacion.es\/index_alumnado.php\" target=\"_blank\" rel=\"noopener noreferrer\">LIBRO DIGITAL<\/a><\/p>\n<p><a href=\"http:\/\/www.ceiploreto.es\/\" target=\"_blank\" rel=\"noopener noreferrer\">RECURSOS EDUCATIVOS POR NIVELES<\/a>&nbsp;Recursos por niveles del C.E.I.P. Virgen de Loreto.<\/p>\n<p><a title=\"http:\/\/www.genmagic.net\/mates4\/sermat1c.swf\" href=\"http:\/\/www.genmagic.net\/mates4\/sermat1c.swf\" target=\"_blank\" rel=\"nofollow noopener noreferrer\">ESCRIBE N\u00daMEROS<\/a> Para practicar la escritura de n\u00fameros<\/p>\n<p><a title=\"http:\/\/www.genmagic.net\/mates4\/ser8c.swf\" href=\"http:\/\/www.genmagic.net\/mates4\/ser8c.swf\" target=\"_blank\" rel=\"nofollow noopener noreferrer\">MULTIPLICA Y DIVIDE POR 10, 100, 1000<\/a> <a title=\"http:\/\/www.vedoque.com\/juegos\/juego.php?j=escondite\" href=\"http:\/\/www.vedoque.com\/juegos\/juego.php?j=escondite\" target=\"_blank\" rel=\"nofollow noopener noreferrer\">EL ESCONDITE MATEM\u00c1TICO<\/a> Juego para practicar operaciones sencillas. Para primaria.<\/p>\n<p><a title=\"http:\/\/www.olmo.arrakis.es\/educativa\/lasuma.html\" href=\"http:\/\/www.olmo.arrakis.es\/educativa\/lasuma.html\" target=\"_blank\" rel=\"nofollow noopener noreferrer\">LA SUMA<\/a> Sencillas cuentas de sumar. A elegir 1 \u00f3 2 cifras de sumandos<\/p>\n<p><a title=\"http:\/\/www.supersaber.com\/carreraSumaResta.htm\" href=\"http:\/\/www.supersaber.com\/carreraSumaResta.htm\" target=\"_blank\" rel=\"nofollow noopener noreferrer\">SUPERSABER<\/a> Repaso de sumas y restas<\/p>\n<p><a title=\"http:\/\/www.supersaber.com\/espacioMultiplica.htm\" href=\"http:\/\/www.supersaber.com\/espacioMultiplica.htm\" target=\"_blank\" rel=\"nofollow noopener noreferrer\">SUPERSABER<\/a> Repaso de las tablas de multiplicar<\/p>\n<p><a title=\"http:\/\/genmagic.org\/mates1\/animmat6c.html\" href=\"http:\/\/genmagic.org\/mates1\/animmat6c.html\" target=\"_blank\" rel=\"nofollow noopener noreferrer\">ANIMALES MATEM\u00c1TICOS<\/a> Pr\u00e1ctica de restas. 4 niveles de dificultad<\/p>\n<p><a title=\"http:\/\/genmagic.org\/generadores\/galeria2\/sumas1.swf\" href=\"http:\/\/genmagic.org\/generadores\/galeria2\/sumas1.swf\" target=\"_blank\" rel=\"nofollow noopener noreferrer\">SUMAS SIN LLEVADAS<\/a><\/p>\n<p><a title=\"http:\/\/ficus.pntic.mec.es\/mdor0016\/animaciones\/suma10.swf\" href=\"http:\/\/ficus.pntic.mec.es\/mdor0016\/animaciones\/suma10.swf\" target=\"_blank\" rel=\"nofollow noopener noreferrer\">SUMAS LLEVADAS CON UNA CIFRA<\/a> <a title=\"http:\/\/www.gobiernodecanarias.org\/educacion\/1\/usr\/eltanque\/todo_mate\/sumayresta_d\/ocd_p.html\" href=\"http:\/\/..\/educacion\/1\/usr\/eltanque\/todo_mate\/sumayresta_d\/ocd_p.html\" target=\"_blank\" rel=\"nofollow noopener noreferrer\">SUMAS <\/a><\/p>\n<p><a title=\"http:\/\/adigital.pntic.mec.es\/~aramo\/calculo\/calculo.htm\" href=\"http:\/\/adigital.pntic.mec.es\/~aramo\/calculo\/calculo.htm\" target=\"_blank\" rel=\"nofollow noopener noreferrer\">CALCULO<\/a> Actividades de c\u00e1lculo interactivo. Incluye problemas.<\/p>\n<p><a title=\"http:\/\/www.olmo.arrakis.es\/educativa\/multi_3.html\" href=\"http:\/\/www.olmo.arrakis.es\/educativa\/multi_3.html\" target=\"_blank\" rel=\"nofollow noopener noreferrer\">MULTIPLICAR POR 3 CIFRAS<\/a> <a title=\"http:\/\/www.genmagic.net\/mates3\/problem1c.swf\" href=\"http:\/\/www.genmagic.net\/mates3\/problem1c.swf\" target=\"_blank\" rel=\"nofollow noopener noreferrer\">PEQUE\u00d1OS PROBLEMAS<\/a> Problemas f\u00e1ciles de sumas, restas y multiplicaciones. Para 2\u00ba C. de Primaria<\/p>\n<p><a title=\"http:\/\/www.usaelcoco.com\/\" href=\"http:\/\/www.usaelcoco.com\/\" target=\"_blank\" rel=\"nofollow noopener noreferrer\">USA EL COCO<\/a> Razonamiento, problemas, n\u00fameros,\u2026 y mas.<\/p>\n<p><a title=\"http:\/\/www.interpeques2.com\/trabajos\/actividades\/problemasmenu.htm\" href=\"http:\/\/www.interpeques2.com\/trabajos\/actividades\/problemasmenu.htm\" target=\"_blank\" rel=\"nofollow noopener noreferrer\">PROBLEMAS INTERPEQUES<\/a> Problemas variados con las 4 operaciones b\u00e1sicas.<\/p>\n<p><a title=\"http:\/\/concurso.cnice.mec.es\/cnice2005\/115_el_reloj\/index.html\" href=\"http:\/\/concurso.cnice.mec.es\/cnice2005\/115_el_reloj\/index.html\" target=\"_blank\" rel=\"nofollow noopener noreferrer\">EL RELOJ<\/a> Juegos con el reloj y las horas<\/p>\n<p><a title=\"http:\/\/w3.cnice.mec.es\/eos\/MaterialesEducativos\/primaria\/matematicas\/pesomasa\/entrada.htm#|EL\" href=\"http:\/\/w3.cnice.mec.es\/eos\/MaterialesEducativos\/primaria\/matematicas\/pesomasa\/entrada.htm#%7cEL\" target=\"_blank\" rel=\"nofollow noopener noreferrer\">PESO Y LA MASA<\/a> <a title=\"http:\/\/www.genmagic.org\/mates1\/per1c.swf\" href=\"http:\/\/www.genmagic.org\/mates1\/per1c.swf\" target=\"_blank\" rel=\"nofollow noopener noreferrer\">PER\u00cdMETROS<\/a><\/p>\n<p><a title=\"http:\/\/www.genmagic.org\/mates2\/cir1c.swf\" href=\"http:\/\/www.genmagic.org\/mates2\/cir1c.swf\" target=\"_blank\" rel=\"nofollow noopener noreferrer\">LA CIRCUNFERENCIA<\/a> <a title=\"http:\/\/ares.cnice.mec.es\/matematicasep\/\" href=\"http:\/\/ares.cnice.mec.es\/matematicasep\/\" target=\"_blank\" rel=\"nofollow noopener noreferrer\">PROYECTO CIFRAS<\/a> (MEC) Numeraci\u00f3n, operaciones, medidas<\/p>\n<p><a title=\"http:\/\/www.elhuevodechocolate.com\/mates.htm\" href=\"http:\/\/www.elhuevodechocolate.com\/mates.htm\" target=\"_blank\" rel=\"nofollow noopener noreferrer\">EL HUEVO DE CHOCOLATE<\/a> Curiosidades, trucos, adivinanzas,\u2026 con n\u00fameros<\/p>\n<p><a title=\"http:\/\/www.cabezoncanoso.com\/frosti\/frosti.html.htm\" href=\"http:\/\/www.cabezoncanoso.com\/frosti\/frosti.html.htm\" target=\"_blank\" rel=\"nofollow noopener noreferrer\">APRENDE CON FROSTI<\/a> Actividades atractivas y f\u00e1ciles.<\/p>\n<p><a title=\"http:\/\/www.sectormatematica.cl\/recreativa.htm\" href=\"http:\/\/www.sectormatematica.cl\/recreativa.htm\" target=\"_blank\" rel=\"nofollow noopener noreferrer\">MATEM\u00c1TICA RECREATIVA<\/a> Actividades variadas. Para todos los niveles.<\/p>\n<p><a title=\"http:\/\/www.matematicasdivertidas.com\/index.html\" href=\"http:\/\/www.matematicasdivertidas.com\/index.html\" target=\"_blank\" rel=\"nofollow noopener noreferrer\">MATEM\u00c1TICAS DIVERTIDAS<\/a> Chistes, relatos, magia, acertijos,\u2026 matem\u00e1ticos.<\/p>\n<p><a title=\"http:\/\/www.thatquiz.org\/es\/\" href=\"http:\/\/www.thatquiz.org\/es\/\" target=\"_blank\" rel=\"nofollow noopener noreferrer\">MATEM\u00c1TICAS PR\u00c1CTICAS<\/a> Para practicar muchos contenidos.<\/p>\n<p><a title=\"http:\/\/www.sectormatematica.cl\/educbasica.htm\" href=\"http:\/\/www.sectormatematica.cl\/educbasica.htm\" target=\"_blank\" rel=\"nofollow noopener noreferrer\">SECTOR MATEM\u00c1TICA<\/a> Muchas actividades<\/p>\n<p><a title=\"http:\/\/www.educalim.com\/biblioteca\/mate\/mate.html\" href=\"http:\/\/www.educalim.com\/biblioteca\/mate\/mate.html\" target=\"_blank\" rel=\"nofollow noopener noreferrer\">OPERACIONES MATEM\u00c1TICAS<\/a> Construido con LIM. Para hacer en linea los cuadernos de trabajo que selecciones.<\/p>\n<p><a title=\"http:\/\/www.regletasdigitales.com\/\" href=\"http:\/\/www.regletasdigitales.com\/\" target=\"_blank\" rel=\"nofollow noopener noreferrer\">REGLETAS DIGITALES<\/a> Versi\u00f3n Digital de las Regletas de Cuisenare. Actividades y fichas imprimibles.<\/p>\n<p><a title=\"http:\/\/www.vedoque.com\/juegos\/juego.php?j=dados\" href=\"http:\/\/www.vedoque.com\/juegos\/juego.php?j=dados\" target=\"_blank\" rel=\"nofollow noopener noreferrer\">REPASA LAS SUMAS JUGANDO CON LOS DADOS<\/a> (Vedoque)<\/p>\n<p><a title=\"http:\/\/www.arcademicskillbuilders.com\/\" href=\"http:\/\/www.arcademicskillbuilders.com\/\" target=\"_blank\" rel=\"nofollow noopener noreferrer\">ARCADEMIC GAMES<\/a> Juegos on line para practicar el c\u00e1lculo mental. Est\u00e1 en ingl\u00e9s<\/p>\n<p><a title=\"http:\/\/www.amblesideprimary.com\/ambleweb\/mentalmaths\/tabletrees.html\" href=\"http:\/\/www.amblesideprimary.com\/ambleweb\/mentalmaths\/tabletrees.html\" target=\"_blank\" rel=\"nofollow noopener noreferrer\">THE TABLE TREES<\/a> Para repasar la multipicaci\u00f3n. Est\u00e1 en ingl\u00e9s.<\/p>\n<p><a title=\"http:\/\/octavio.wikispaces.com\/file\/view\/El+Desafio+de+Primaria+4_0\" href=\"http:\/\/octavio.wikispaces.com\/file\/view\/El+Desafio+de+Primaria+4_0\" target=\"_blank\" rel=\"nofollow noopener noreferrer\">EL DESAFIO DE PRIMARIA<\/a> Juego de competici\u00f3n entre dos equipos a base de preguntas matem\u00e1ticas<\/p>\n<p><a title=\"http:\/\/www.vedoque.com\/juegos\/tablas.swf\" href=\"http:\/\/www.vedoque.com\/juegos\/tablas.swf\" target=\"_blank\" rel=\"nofollow noopener noreferrer\">TABLAS<\/a> (Vedoque). Para repasar las tablas jugando. Nivel muy elemental.<\/p>\n<p><a title=\"http:\/\/www.kokone.com.mx\/tareas\/figuras\/home.html\" href=\"http:\/\/www.kokone.com.mx\/tareas\/figuras\/home.html\" target=\"_blank\" rel=\"nofollow noopener noreferrer\">FIGURAS GEOM\u00c9TRICAS PARA IMPRIMIR<\/a> Para imprimir, recortar y armar algunas figuras.<\/p>\n<p><a title=\"http:\/\/www.winmates.net\/noreg\/indexn.php\" href=\"http:\/\/www.winmates.net\/noreg\/indexn.php\" target=\"_blank\" rel=\"nofollow noopener noreferrer\">WINMATES<\/a> Ejercicios y problemas en linea. De 6 a 16 a\u00f1os.<\/p>\n<p><a title=\"http:\/\/www.educaplus.org\/cat-5-p1-Fracciones_Matem\u00c3\u00a1ticas.html\" href=\"http:\/\/www.educaplus.org\/cat-5-p1-Fracciones_Matem%C3%A1ticas.html\" target=\"_blank\" rel=\"nofollow noopener noreferrer\">EDUCA PLUS<\/a> Juegos interactivos para practicar muchos conceptos matem\u00e1ticos<\/p>\n","protected":false},"excerpt":{"rendered":"<p>BUSCA LO QUE MAS TE INTERESE LIBRO DIGITAL RECURSOS EDUCATIVOS POR NIVELES&nbsp;Recursos por niveles del C.E.I.P. Virgen de Loreto. ESCRIBE N\u00daMEROS Para practicar la escritura de n\u00fameros MULTIPLICA Y DIVIDE POR 10, 100, 1000 EL ESCONDITE MATEM\u00c1TICO Juego para practicar operaciones sencillas. Para primaria. LA SUMA Sencillas cuentas de sumar. A elegir 1 \u00f3 2 &hellip; <\/p>\n<p><a class=\"more-link btn\" href=\"https:\/\/blogsaverroes.juntadeandalucia.es\/ceipsilos\/recursos-de-matematicas\/\">Seguir leyendo<\/a><\/p>\n","protected":false},"author":5518,"featured_media":0,"parent":0,"menu_order":0,"comment_status":"closed","ping_status":"open","template":"","meta":{"ngg_post_thumbnail":0,"footnotes":"","_mc_calendar":[]},"aioseo_notices":[],"_links":{"self":[{"href":"https:\/\/blogsaverroes.juntadeandalucia.es\/ceipsilos\/wp-json\/wp\/v2\/pages\/463"}],"collection":[{"href":"https:\/\/blogsaverroes.juntadeandalucia.es\/ceipsilos\/wp-json\/wp\/v2\/pages"}],"about":[{"href":"https:\/\/blogsaverroes.juntadeandalucia.es\/ceipsilos\/wp-json\/wp\/v2\/types\/page"}],"author":[{"embeddable":true,"href":"https:\/\/blogsaverroes.juntadeandalucia.es\/ceipsilos\/wp-json\/wp\/v2\/users\/5518"}],"replies":[{"embeddable":true,"href":"https:\/\/blogsaverroes.juntadeandalucia.es\/ceipsilos\/wp-json\/wp\/v2\/comments?post=463"}],"version-history":[{"count":1,"href":"https:\/\/blogsaverroes.juntadeandalucia.es\/ceipsilos\/wp-json\/wp\/v2\/pages\/463\/revisions"}],"predecessor-version":[{"id":3072,"href":"https:\/\/blogsaverroes.juntadeandalucia.es\/ceipsilos\/wp-json\/wp\/v2\/pages\/463\/revisions\/3072"}],"wp:attachment":[{"href":"https:\/\/blogsaverroes.juntadeandalucia.es\/ceipsilos\/wp-json\/wp\/v2\/media?parent=463"}],"curies":[{"name":"wp","href":"https:\/\/api.w.org\/{rel}","templated":true}]}}