{"id":49,"date":"2015-03-13T08:47:05","date_gmt":"2015-03-13T08:47:05","guid":{"rendered":"http:\/\/blogsaverroes.juntadeandalucia.es\/pre\/ceip\/?page_id=49"},"modified":"2026-02-12T09:43:24","modified_gmt":"2026-02-12T09:43:24","slug":"proyecto-educativo","status":"publish","type":"page","link":"https:\/\/blogsaverroes.juntadeandalucia.es\/ceipsilos\/proyecto-educativo\/","title":{"rendered":"PLAN EDUCACTIVO DE CENTRO"},"content":{"rendered":"<p style=\"text-align: left\">El Plan de Centro es el documento que regula la organizaci\u00f3n y el funcionamiento de nuestro colegio.<\/p>\n<p style=\"text-align: left\">Esta integrado por:<\/p>\n<p style=\"text-align: left\"><a href=\"https:\/\/docs.google.com\/document\/d\/1yCs6p97TP0MgLjraUIxNWJ4hi0BoWhLe\/edit?usp=sharing&amp;ouid=114746553543669059930&amp;rtpof=true&amp;sd=true\" target=\"_blank\" rel=\"noopener\">PROYECTO DE GESTI\u00d3N<\/a><\/p>\n<p style=\"text-align: left\"><a href=\"https:\/\/docs.google.com\/document\/d\/1Dw3_tDjCsIXzJQA1LH3s2oihhkpHkjIw\/edit?usp=sharing&amp;ouid=114746553543669059930&amp;rtpof=true&amp;sd=true\" target=\"_blank\" rel=\"noopener\">PROYECTO CURRICULAR<\/a><\/p>\n<p style=\"text-align: left\"><a href=\"https:\/\/docs.google.com\/document\/d\/1xyr3fCCvXvCEMmYaK52s0AM-SBP1Uore\/edit?usp=sharing&amp;ouid=114746553543669059930&amp;rtpof=true&amp;sd=true\" target=\"_blank\" rel=\"noopener\">REGLAMENTO DE ORGANIZACI\u00d3N Y FUNCIONAMIENTO<\/a><\/p>\n<p><a href=\"https:\/\/blogsaverroes.juntadeandalucia.es\/ceipsilos\/files\/2023\/05\/0.jpg\"><img loading=\"lazy\" decoding=\"async\" class=\"alignnone wp-image-3884\" src=\"https:\/\/blogsaverroes.juntadeandalucia.es\/ceipsilos\/files\/2023\/05\/0-212x300.jpg\" alt=\"\" width=\"319\" height=\"445\"><\/a><\/p>\n<p>Centro financiado por el Fondo Social Europeo<\/p>\n<p style=\"text-align: left\">&nbsp;<\/p>\n","protected":false},"excerpt":{"rendered":"<p>El Plan de Centro es el documento que regula la organizaci\u00f3n y el funcionamiento de nuestro colegio. Esta integrado por: PROYECTO DE GESTI\u00d3N PROYECTO CURRICULAR REGLAMENTO DE ORGANIZACI\u00d3N Y FUNCIONAMIENTO Centro financiado por el Fondo Social Europeo &nbsp;<\/p>\n","protected":false},"author":1,"featured_media":0,"parent":0,"menu_order":0,"comment_status":"closed","ping_status":"open","template":"","meta":{"ngg_post_thumbnail":0,"footnotes":"","_mc_calendar":[]},"aioseo_notices":[],"_links":{"self":[{"href":"https:\/\/blogsaverroes.juntadeandalucia.es\/ceipsilos\/wp-json\/wp\/v2\/pages\/49"}],"collection":[{"href":"https:\/\/blogsaverroes.juntadeandalucia.es\/ceipsilos\/wp-json\/wp\/v2\/pages"}],"about":[{"href":"https:\/\/blogsaverroes.juntadeandalucia.es\/ceipsilos\/wp-json\/wp\/v2\/types\/page"}],"author":[{"embeddable":true,"href":"https:\/\/blogsaverroes.juntadeandalucia.es\/ceipsilos\/wp-json\/wp\/v2\/users\/1"}],"replies":[{"embeddable":true,"href":"https:\/\/blogsaverroes.juntadeandalucia.es\/ceipsilos\/wp-json\/wp\/v2\/comments?post=49"}],"version-history":[{"count":7,"href":"https:\/\/blogsaverroes.juntadeandalucia.es\/ceipsilos\/wp-json\/wp\/v2\/pages\/49\/revisions"}],"predecessor-version":[{"id":4323,"href":"https:\/\/blogsaverroes.juntadeandalucia.es\/ceipsilos\/wp-json\/wp\/v2\/pages\/49\/revisions\/4323"}],"wp:attachment":[{"href":"https:\/\/blogsaverroes.juntadeandalucia.es\/ceipsilos\/wp-json\/wp\/v2\/media?parent=49"}],"curies":[{"name":"wp","href":"https:\/\/api.w.org\/{rel}","templated":true}]}}