{"id":623,"date":"2013-05-09T12:43:19","date_gmt":"2013-05-09T12:43:19","guid":{"rendered":"http:\/\/ceipsilosalcala.redes-cepalcala.org\/?page_id=623"},"modified":"2019-11-26T14:20:21","modified_gmt":"2019-11-26T14:20:21","slug":"recursos-de-lengua","status":"publish","type":"page","link":"https:\/\/blogsaverroes.juntadeandalucia.es\/ceipsilos\/recursos-de-lengua\/","title":{"rendered":"RECURSOS DE LENGUA"},"content":{"rendered":"<p>&nbsp;<\/p>\n<p><span style=\"font-family: tahoma,arial,helvetica,sans-serif\">BUSCA LO QUE MAS TE INTERESE<\/span><\/p>\n<p><a href=\"https:\/\/www.anayaeducacion.es\/index_alumnado.php\" target=\"_blank\" rel=\"noopener noreferrer\">LIBRO DIGITAL<\/a><\/p>\n<p><a href=\"http:\/\/www.ceiploreto.es\/\" target=\"_blank\" rel=\"noopener noreferrer\">RECURSOS EDUCATIVOS POR NIVELES<\/a>&nbsp;Recursos por niveles del C.E.I.P. Virgen de Loreto.<\/p>\n<p><a title=\"http:\/\/www.storyplace.org\/sp\/storyplace.asp\" href=\"http:\/\/www.storyplace.org\/sp\/storyplace.asp\" target=\"_blank\" rel=\"nofollow noopener noreferrer\">STORY PLACE<\/a> Cuentos y actividades para ni\u00f1os. Tambi\u00e9n en versi\u00f3n inglesa.<\/p>\n<p><a title=\"http:\/\/www.losirregulares.com\/#conviertete-en-detective\" href=\"http:\/\/www.losirregulares.com\/#conviertete-en-detective\" target=\"_blank\" rel=\"nofollow noopener noreferrer\">CONVIERTETE EN DETECTIVE<\/a> Resuelve un caso de misterio siguiendo una serie de pistas. Desarrollo de la atenci\u00f3n.<\/p>\n<p><a title=\"http:\/\/www.waece.org\/cuentos\/tabla.htm\" href=\"http:\/\/www.waece.org\/cuentos\/tabla.htm\" target=\"_blank\" rel=\"nofollow noopener noreferrer\">LIBRO DE LOS CUENTOS DEL MUNDO<\/a> Cuentos cortos para leer en pantalla.<\/p>\n<p><a title=\"http:\/\/www.juntadeandalucia.es\/averroes\/recursos_informaticos\/proyectos2004\/ale\/index.html\" href=\"http:\/\/www.juntadeandalucia.es\/averroes\/recursos_informaticos\/proyectos2004\/ale\/index.html\" target=\"_blank\" rel=\"nofollow noopener noreferrer\">ALE: AYUDA A LA LECTO-ESCRITURA<\/a> <a title=\"http:\/\/www.juntadeandalucia.es\/averroes\/~cepco3\/fondolector\/\" href=\"http:\/\/www.juntadeandalucia.es\/averroes\/~cepco3\/fondolector\/\" target=\"_blank\" rel=\"nofollow noopener noreferrer\">COMPRENSI\u00d3N LECTORA<\/a>&nbsp; (ISFTIC)<\/p>\n<p><a title=\"http:\/\/orientacionandujar.wordpress.com\/lectoescritura\/\" href=\"http:\/\/orientacionandujar.wordpress.com\/lectoescritura\/\" target=\"_blank\" rel=\"nofollow noopener noreferrer\">FICHAS PARA TRABAJAR LA LECTOESCRITURA<\/a> (<a title=\"http:\/\/orientacionandujar.wordpress.com\/\" href=\"http:\/\/orientacionandujar.wordpress.com\/\" target=\"_blank\" rel=\"nofollow noopener noreferrer\">De Orientacionandujar<\/a>).Material imprimible.<\/p>\n<p><a title=\"http:\/\/w3.cnice.mec.es\/eos\/MaterialesEducativos\/mem2007\/cueva_tragapalabras\/\" href=\"http:\/\/w3.cnice.mec.es\/eos\/MaterialesEducativos\/mem2007\/cueva_tragapalabras\/\" target=\"_blank\" rel=\"nofollow noopener noreferrer\">LA CUEVA DEL TRAGAPALABRAS (CNICE)<\/a> Para el apoyo a la lectoescritura <a title=\"http:\/\/losminicuentos.wordpress.com\/\" href=\"http:\/\/losminicuentos.wordpress.com\/\" target=\"_blank\" rel=\"nofollow noopener noreferrer\">LOS MINICUENTOS<\/a> Blog con una gran colecci\u00f3n de minicuentos.<\/p>\n<p><a title=\"http:\/\/omega.ilce.edu.mx:3000\/sites\/colibri\/htm\/menu.htm\" href=\"http:\/\/omega.ilce.edu.mx:3000\/sites\/colibri\/htm\/menu.htm\" target=\"_blank\" rel=\"nofollow noopener noreferrer\">COLIBRI:LECTURAS ONLINE<\/a> Lecturas en pantalla<\/p>\n<p><a title=\"http:\/\/www.educapeques.com\/taller\/index.php?secc=cuentos-animados\" href=\"http:\/\/www.educapeques.com\/taller\/index.php?secc=cuentos-animados\" target=\"_blank\" rel=\"nofollow noopener noreferrer\">TALLER DE LECTURA<\/a> Para fomentar la lectura infantil mediante cuentos cl\u00e1sicos y modernos<\/p>\n<p><a title=\"http:\/\/www.juntadeandalucia.es\/averroes\/recursos_informaticos\/concurso2005\/45\/index.html\" href=\"http:\/\/www.juntadeandalucia.es\/averroes\/recursos_informaticos\/concurso2005\/45\/index.html\" target=\"_blank\" rel=\"nofollow noopener noreferrer\">LA ACENTUACI\u00d3N CON DON QUIJOTE<\/a><\/p>\n<p><a title=\"http:\/\/w3.cnice.mec.es\/recursos\/primaria\/lengua_literatura\/ortodiver\/weborto\/index.htm\" href=\"http:\/\/w3.cnice.mec.es\/recursos\/primaria\/lengua_literatura\/ortodiver\/weborto\/index.htm\" target=\"_blank\" rel=\"nofollow noopener noreferrer\">ORTODIVER<\/a> <a title=\"http:\/\/www.vedoque.com\/juegos\/juego.php?j=ortonave-h|]][[http:\/\/www.juegosdepalabras.com\/\" href=\"http:\/\/www.vedoque.com\/juegos\/juego.php?j=ortonave-h%7c%5d%5d%5b%5bhttp:\/\/www.juegosdepalabras.com\/\" target=\"_blank\" rel=\"nofollow noopener noreferrer\">JUEGO DE PALABRAS<\/a> Curiosidades del lenguaje. Complet\u00edsima y con mucho contenido.<\/p>\n<p><a title=\"http:\/\/clic.xtec.es\/db\/jclicApplet.jsp?project=http:\/\/clic.xtec.net\/projects\/gusile\/jclic\/gusile.jclic.zip&amp;lang=es&amp;title=Gusiletras\" href=\"http:\/\/clic.xtec.es\/db\/jclicApplet.jsp?project=http:\/\/clic.xtec.net\/projects\/gusile\/jclic\/gusile.jclic.zip&amp;lang=es&amp;title=Gusiletras\" target=\"_blank\" rel=\"nofollow noopener noreferrer\">GUSILETRAS<\/a> (jclic) <a title=\"http:\/\/roble.pntic.mec.es\/~msanto1\/ortografia\/\" href=\"http:\/\/roble.pntic.mec.es\/~msanto1\/ortografia\/\" target=\"_blank\" rel=\"nofollow noopener noreferrer\">ORTOGRAF\u00cdA<\/a> Ejercicios y reglas de Ortograf\u00eda<\/p>\n<p><a title=\"http:\/\/www.vedoque.com\/juegos\/juego.php?j=ortonave-h\" href=\"http:\/\/www.vedoque.com\/juegos\/juego.php?j=ortonave-h\" target=\"_blank\" rel=\"nofollow noopener noreferrer\">VELILA Y LA ORTONAVE<\/a> Juego para practicar la ortograf\u00eda.<\/p>\n<p><a title=\"http:\/\/www.vedoque.com\/juegos\/juego.php?j=ortonave-c\" href=\"http:\/\/www.vedoque.com\/juegos\/juego.php?j=ortonave-c\" target=\"_blank\" rel=\"nofollow noopener noreferrer\">VELILA Y LA ORTONAVE 3<\/a> Juego para practicar la ortograf\u00eda.<\/p>\n<p><a title=\"http:\/\/genmagic.org\/lengua3\/dispal1c.swf\" href=\"http:\/\/genmagic.org\/lengua3\/dispal1c.swf\" target=\"_blank\" rel=\"nofollow noopener noreferrer\">VOCABULARIO<\/a> Apunta con los cursores se\u00f1alando palabras<\/p>\n<p><a title=\"http:\/\/genmagic.org\/lengua1\/anicara1c.html\" href=\"http:\/\/genmagic.org\/lengua1\/anicara1c.html\" target=\"_blank\" rel=\"nofollow noopener noreferrer\">ANICARA<\/a> Formar una cara a partir de instrucciones<\/p>\n<p><a title=\"http:\/\/www.supersaber.com\/carreraBV.htm\" href=\"http:\/\/www.supersaber.com\/carreraBV.htm\" target=\"_blank\" rel=\"nofollow noopener noreferrer\">SUPERSABER<\/a> Carrera para trabajar la B\/V<\/p>\n<p><a title=\"http:\/\/genmagic.org\/lengua3\/pir1c.swf\" href=\"http:\/\/genmagic.org\/lengua3\/pir1c.swf\" target=\"_blank\" rel=\"nofollow noopener noreferrer\">LAS LETRAS DEL FARAON<\/a> Mediante definiciones acertar palabras<\/p>\n<p><a title=\"http:\/\/genmagic.org\/lengua3\/oa1c.swf\" href=\"http:\/\/genmagic.org\/lengua3\/oa1c.swf\" target=\"_blank\" rel=\"nofollow noopener noreferrer\">ORDEN ALFAB\u00c9TICO<\/a> Ejercicios de ordenar palabras<\/p>\n<p><a title=\"http:\/\/www.olmo.arrakis.es\/educativa\/agudas_llanas.html\" href=\"http:\/\/www.olmo.arrakis.es\/educativa\/agudas_llanas.html\" target=\"_blank\" rel=\"nofollow noopener noreferrer\">ACENTUACI\u00d3N<\/a> Clasifica las palabras en agudas, llanas y esdr\u00fajulas.<\/p>\n<p><a title=\"http:\/\/clic.xtec.es\/db\/jclicApplet.jsp?project=http:\/\/clic.xtec.net\/projects\/leng3\/jclic\/leng3.jclic.zip&amp;lang=es&amp;title=Actividades+de+lengua\" href=\"http:\/\/clic.xtec.es\/db\/jclicApplet.jsp?project=http:\/\/clic.xtec.net\/projects\/leng3\/jclic\/leng3.jclic.zip&amp;lang=es&amp;title=Actividades+de+lengua\" target=\"_blank\" rel=\"nofollow noopener noreferrer\">ACTIVIDADES DEL 2\u00ba CICLO<\/a> (jclic) Paquete de actividades variadas de lengua para el 2\u00ba ciclo de Primaria<\/p>\n<p><a title=\"http:\/\/recursos.cnice.mec.es\/analisis_sintactico\/primaria\/repaso1.php?enlace=1&amp;prev=1#|ANALIZADOR\" href=\"http:\/\/recursos.cnice.mec.es\/analisis_sintactico\/primaria\/repaso1.php?enlace=1&amp;prev=1#%7cANALIZADOR\" target=\"_blank\" rel=\"nofollow noopener noreferrer\">ANALIZADOR MORFOSINT\u00c1CTICO<\/a> Para repasar las oraciones<\/p>\n<p><a title=\"http:\/\/www.genmagic.net\/lengua3\/silab1c.swf\" href=\"http:\/\/www.genmagic.net\/lengua3\/silab1c.swf\" target=\"_blank\" rel=\"nofollow noopener noreferrer\">CAZA LA S\u00cdLABA<\/a> Juego que consiste en disparar a silabas para formar palabras. 3 niveles de dificultad.<\/p>\n<p><a title=\"http:\/\/fzayas.com\/cuadernia\/haber1\/index.html\" href=\"http:\/\/fzayas.com\/cuadernia\/haber1\/index.html\" target=\"_blank\" rel=\"nofollow noopener noreferrer\">ORTOGRAF\u00cdA DEL VERBO HABER<\/a> Para practicar y distinguir a \/ ha.<\/p>\n<p><a title=\"http:\/\/www.genmagic.net\/lengua3\/ser9c.swf\" href=\"http:\/\/www.genmagic.net\/lengua3\/ser9c.swf\" target=\"_blank\" rel=\"nofollow noopener noreferrer\">DESCUBRIMOS FRASES MISTERIOSAS<\/a> Para la adquisici\u00f3n de vocabulario y habilidades de lectura<\/p>\n<p><a title=\"http:\/\/www.ejerciciosortografia.com\/html\/menu.htm\" href=\"http:\/\/www.ejerciciosortografia.com\/html\/menu.htm\" target=\"_blank\" rel=\"nofollow noopener noreferrer\">EL PUNTO SOBRE LA i<\/a>(de la Junta de Extremadura) Actividades de Ortograf\u00eda<\/p>\n<p><a title=\"http:\/\/www.elrefranero.info\/\" href=\"http:\/\/www.elrefranero.info\/\" target=\"_blank\" rel=\"nofollow noopener noreferrer\">EL REFRANERO<\/a> Colecci\u00f3n de refranes ordenados por orden alfab\u00e9tico<\/p>\n<p><a title=\"http:\/\/www.todocuentos.es\/\" href=\"http:\/\/www.todocuentos.es\/\" target=\"_blank\" rel=\"nofollow noopener noreferrer\">TODO CUENTOS<\/a> Cuentos infantiles, cl\u00e1sicos, tradicionales, f\u00e1bulas.<\/p>\n<p><a title=\"http:\/\/www.bianfacuentos.com\/\" href=\"http:\/\/www.bianfacuentos.com\/\" target=\"_blank\" rel=\"nofollow noopener noreferrer\">BIANFA CUENTOS<\/a> Cuentos Infantiles con humor.<\/p>\n<p><a title=\"http:\/\/www.bhuhb.org\/index.php\" href=\"http:\/\/www.bhuhb.org\/index.php\" target=\"_blank\" rel=\"nofollow noopener noreferrer\">LAS AVENTURAS DE BHUHB<\/a> Cuentos infantiles ilustrados<\/p>\n<p><a title=\"http:\/\/www.cuentosinteractivos.org\/\" href=\"http:\/\/www.cuentosinteractivos.org\/\" target=\"_blank\" rel=\"nofollow noopener noreferrer\">CLIC CLIC CLIC CUENTOS INTEREACTIVOS<\/a> Cuentos interactivos con audio<\/p>\n<p><a title=\"http:\/\/www.poemitas.com\/\" href=\"http:\/\/www.poemitas.com\/\" target=\"_blank\" rel=\"nofollow noopener noreferrer\">POEMITAS<\/a> Poes\u00eda y teatro para ni\u00f1os<\/p>\n<p><a title=\"http:\/\/pacomova.eresmas.net\/\" href=\"http:\/\/pacomova.eresmas.net\/\" target=\"_blank\" rel=\"nofollow noopener noreferrer\">GARABATO<\/a> Un gran almac\u00e9n de cuentos infantiles<\/p>\n<p><a href=\"https:\/\/drive.google.com\/file\/d\/0B8xbz_KKZulbOWRDWFREek9rbGs\/view?usp=sharing\" target=\"_blank\" rel=\"noopener noreferrer\">&nbsp;DICTADOS<\/a> Banco de dictados para E. Primaria<\/p>\n","protected":false},"excerpt":{"rendered":"<p>&nbsp; BUSCA LO QUE MAS TE INTERESE LIBRO DIGITAL RECURSOS EDUCATIVOS POR NIVELES&nbsp;Recursos por niveles del C.E.I.P. Virgen de Loreto. STORY PLACE Cuentos y actividades para ni\u00f1os. Tambi\u00e9n en versi\u00f3n inglesa. CONVIERTETE EN DETECTIVE Resuelve un caso de misterio siguiendo una serie de pistas. Desarrollo de la atenci\u00f3n. LIBRO DE LOS CUENTOS DEL MUNDO Cuentos &hellip; <\/p>\n<p><a class=\"more-link btn\" href=\"https:\/\/blogsaverroes.juntadeandalucia.es\/ceipsilos\/recursos-de-lengua\/\">Seguir leyendo<\/a><\/p>\n","protected":false},"author":5518,"featured_media":0,"parent":0,"menu_order":0,"comment_status":"closed","ping_status":"open","template":"","meta":{"ngg_post_thumbnail":0,"footnotes":"","_mc_calendar":[]},"aioseo_notices":[],"_links":{"self":[{"href":"https:\/\/blogsaverroes.juntadeandalucia.es\/ceipsilos\/wp-json\/wp\/v2\/pages\/623"}],"collection":[{"href":"https:\/\/blogsaverroes.juntadeandalucia.es\/ceipsilos\/wp-json\/wp\/v2\/pages"}],"about":[{"href":"https:\/\/blogsaverroes.juntadeandalucia.es\/ceipsilos\/wp-json\/wp\/v2\/types\/page"}],"author":[{"embeddable":true,"href":"https:\/\/blogsaverroes.juntadeandalucia.es\/ceipsilos\/wp-json\/wp\/v2\/users\/5518"}],"replies":[{"embeddable":true,"href":"https:\/\/blogsaverroes.juntadeandalucia.es\/ceipsilos\/wp-json\/wp\/v2\/comments?post=623"}],"version-history":[{"count":1,"href":"https:\/\/blogsaverroes.juntadeandalucia.es\/ceipsilos\/wp-json\/wp\/v2\/pages\/623\/revisions"}],"predecessor-version":[{"id":3071,"href":"https:\/\/blogsaverroes.juntadeandalucia.es\/ceipsilos\/wp-json\/wp\/v2\/pages\/623\/revisions\/3071"}],"wp:attachment":[{"href":"https:\/\/blogsaverroes.juntadeandalucia.es\/ceipsilos\/wp-json\/wp\/v2\/media?parent=623"}],"curies":[{"name":"wp","href":"https:\/\/api.w.org\/{rel}","templated":true}]}}