{"id":629,"date":"2013-05-09T12:50:16","date_gmt":"2013-05-09T12:50:16","guid":{"rendered":"http:\/\/ceipsilosalcala.redes-cepalcala.org\/?page_id=629"},"modified":"2019-11-26T14:18:55","modified_gmt":"2019-11-26T14:18:55","slug":"recursos-de-conocimiento-del-medio","status":"publish","type":"page","link":"https:\/\/blogsaverroes.juntadeandalucia.es\/ceipsilos\/recursos-de-conocimiento-del-medio\/","title":{"rendered":"RECURSOS DE CONOCIMIENTO DEL MEDIO"},"content":{"rendered":"<p>BUSCA LO QUE MAS TE INTERESE<\/p>\n<p><a href=\"https:\/\/www.anayaeducacion.es\/index_alumnado.php\" target=\"_blank\" rel=\"noopener noreferrer\">LIBRO DIGITAL<\/a><\/p>\n<p><a href=\"http:\/\/www.ceiploreto.es\/\" target=\"_blank\" rel=\"noopener noreferrer\">RECURSOS EDUCATIVOS POR NIVELES<\/a>&nbsp;Recursos por niveles del C.E.I.P. Virgen de Loreto.<\/p>\n<p><a title=\"http:\/\/herramientas.educa.madrid.org\/animalandia\/index.php\" href=\"http:\/\/herramientas.educa.madrid.org\/animalandia\/index.php\" target=\"_blank\" rel=\"noopener noreferrer\">ANIMALANDIA<\/a> Fichas de animales con fotograf\u00edas. Adem\u00e1s juegos.<\/p>\n<p><a title=\"http:\/\/www.supersaber.com\/\" href=\"http:\/\/www.supersaber.com\/\" target=\"_blank\" rel=\"noopener noreferrer\">SUPERSABER<\/a> \u00bfQue comen los animales? \u00bfConoces a los Mam\u00edferos? El Aparato Digestivo<\/p>\n<p><a title=\"http:\/\/www.educa.jcyl.es\/educacyl\/cm\/zonaalumnos\/tkPopUp?pgseed=1166732940408&amp;idContent=8333&amp;locale=es_ES&amp;textOnly=false\" href=\"http:\/\/www.educa.jcyl.es\/educacyl\/cm\/zonaalumnos\/tkPopUp?pgseed=1166732940408&amp;idContent=8333&amp;locale=es_ES&amp;textOnly=false\" target=\"_blank\" rel=\"noopener noreferrer\">CONOCE EL CUERPO HUMANO<\/a> Partes del cuerpo, los sentidos, aparatos locomotor. Con evaluaci\u00f3n<\/p>\n<p><a title=\"http:\/\/www.juntadeandalucia.es\/averroes\/manuelperez\/curso0405\/udanatomia\/circulatorio\/entrada\/entrada.htm\" href=\"http:\/\/www.juntadeandalucia.es\/averroes\/manuelperez\/curso0405\/udanatomia\/circulatorio\/entrada\/entrada.htm\" target=\"_blank\" rel=\"noopener noreferrer\">EL APARATO CIRCULATORIO<\/a> (del C.P Manuel P\u00e9rez)<\/p>\n<p><a title=\"http:\/\/phobos.xtec.net\/acuesta1\/esp\/tastam_jocs.htm?rebost\" href=\"http:\/\/phobos.xtec.net\/acuesta1\/esp\/tastam_jocs.htm?rebost\" target=\"_blank\" rel=\"noopener noreferrer\">TASTA&#8217;M<\/a> Portal educativo sobre alimentaci\u00f3n y salud. Adem\u00e1s juegos y experimentos<\/p>\n<p><a title=\"http:\/\/go.hrw.com\/atlas\/span_htm\/world.htm\" href=\"http:\/\/go.hrw.com\/atlas\/span_htm\/world.htm\" target=\"_blank\" rel=\"noopener noreferrer\">ATLAS MUNDIAL<\/a> Atlas mundial con una r\u00e1pida navegaci\u00f3n<\/p>\n<p><a title=\"http:\/\/www.xtec.net\/~ealonso\/flash\/mapasflash.htm\" href=\"http:\/\/www.xtec.net\/~ealonso\/flash\/mapasflash.htm\" target=\"_blank\" rel=\"noopener noreferrer\">MAPAS FLASH INTERACTIVOS<\/a> Mapas y preguntas. Muy completo<\/p>\n<p><a title=\"http:\/\/www.educa.jcyl.es\/educacyl\/cm\/zonaalumnos\/tkPopUp?pgseed=1199088596665&amp;idContent=45836&amp;locale=es_ES&amp;textOnly=false\" href=\"http:\/\/www.educa.jcyl.es\/educacyl\/cm\/zonaalumnos\/tkPopUp?pgseed=1199088596665&amp;idContent=45836&amp;locale=es_ES&amp;textOnly=false\" target=\"_blank\" rel=\"noopener noreferrer\">LOS RIOS Y LOS MARES DE ESPA\u00d1A<\/a><\/p>\n<p><a title=\"http:\/\/www.educa.jcyl.es\/educacyl\/cm\/zonaalumnos\/tkPopUp?pgseed=1177932950703&amp;idContent=45834&amp;locale=es_ES&amp;textOnly=false\" href=\"http:\/\/www.educa.jcyl.es\/educacyl\/cm\/zonaalumnos\/tkPopUp?pgseed=1177932950703&amp;idContent=45834&amp;locale=es_ES&amp;textOnly=false\" target=\"_blank\" rel=\"noopener noreferrer\">LAS COMUNIDADES AUT\u00d3NOMAS<\/a> Aprende las Comunidades Aut\u00f3nomas de Espa\u00f1a.Con 3 niveles de dificultad<\/p>\n<p><a title=\"http:\/\/www.educa.jcyl.es\/educacyl\/cm\/zonaalumnos\/tkPopUp?pgseed=1177932950703&amp;idContent=45834&amp;locale=es_ES&amp;textOnly=false\" href=\"http:\/\/www.educa.jcyl.es\/educacyl\/cm\/zonaalumnos\/tkPopUp?pgseed=1177932950703&amp;idContent=45834&amp;locale=es_ES&amp;textOnly=false\" target=\"_blank\" rel=\"noopener noreferrer\">KURIOSIKID<\/a> Taller de experimentos on line<\/p>\n<p><a title=\"http:\/\/premium.enciclonet.com\/flash\/yeclipse.swf\" href=\"http:\/\/premium.enciclonet.com\/flash\/yeclipse.swf\" target=\"_blank\" rel=\"noopener noreferrer\">COMO SE FORMA UN ECLIPSE<\/a> <a title=\"http:\/\/www.educar.org\/inventos\/\" href=\"http:\/\/www.educar.org\/inventos\/\" target=\"_blank\" rel=\"noopener noreferrer\">LOS INVENTOS<\/a> Descubre el origen de muchas cosas<\/p>\n<p><a title=\"http:\/\/www.juntadeandalucia.es\/averroes\/manuelperez\/curso0607\/plantas\/castellano\/entrada\/entrada.htm\" href=\"http:\/\/www.juntadeandalucia.es\/averroes\/manuelperez\/curso0607\/plantas\/castellano\/entrada\/entrada.htm\" target=\"_blank\" rel=\"noopener noreferrer\">EL FASCINANTE MUNDO DE LAS PLANTAS<\/a> Complet\u00edsima unidad did\u00e1ctica sobre las plantas.<\/p>\n<p><a title=\"http:\/\/www.esa.int\/esaKIDSes\/index.html\" href=\"http:\/\/www.esa.int\/esaKIDSes\/index.html\" target=\"_blank\" rel=\"noopener noreferrer\">ESA KIDS<\/a> Informaciones y muchas cosas sobre el universo, la tierra, &#8230;.<\/p>\n<p><a title=\"http:\/\/www.youtube.com\/watch?v=fWeE4kmobto\" href=\"http:\/\/www.youtube.com\/watch?v=fWeE4kmobto\" target=\"_blank\" rel=\"noopener noreferrer\">MOVIMIENTO DE TRASLACION<\/a> Video que explica el mov. de traslaci\u00f3n de la Tierra<\/p>\n<p><a title=\"http:\/\/es.youtube.com\/watch?v=O0_ITuByRS8&amp;feature=related\" href=\"http:\/\/es.youtube.com\/watch?v=O0_ITuByRS8&amp;feature=related\" target=\"_blank\" rel=\"noopener noreferrer\">MOVIMIENTO DE ROTACI\u00d3N<\/a> Video que explica el mov. de rotaci\u00f3n de la Tierra<\/p>\n<p><a title=\"http:\/\/www.educa.jcyl.es\/educacyl\/cm\/gallery\/Recursos Boecillo\/universo\/index.html\" href=\"http:\/\/www.educa.jcyl.es\/educacyl\/cm\/gallery\/Recursos%20Boecillo\/universo\/index.html\" target=\"_blank\" rel=\"noopener noreferrer\">EL UNIVERSO (JCYL)<\/a> Informaciones, actividades interactivas e imprimibles.<\/p>\n<p><a title=\"http:\/\/ares.cnice.mec.es\/ciengehi\/index.html\" href=\"http:\/\/ares.cnice.mec.es\/ciengehi\/index.html\" target=\"_blank\" rel=\"noopener noreferrer\">CIENCIAS, GEOGRAF\u00cdA E HISTORIA (MEC)<\/a> Para los 3 ciclos de Primaria<\/p>\n<p><a title=\"http:\/\/www.juntadeandalucia.es\/averroes\/recursos_informaticos\/andared02\/descubre_andalucia\/index.html\" href=\"http:\/\/www.juntadeandalucia.es\/averroes\/recursos_informaticos\/andared02\/descubre_andalucia\/index.html\" target=\"_blank\" rel=\"noopener noreferrer\">DESCUBRE Y JUEGA CON ANDALUC\u00cdA<\/a> Actividades interactivas para trabajar esta comunidad aut\u00f3noma<\/p>\n<p><a title=\"http:\/\/www.gratisweb.com\/cristy58\/Ciencias 2008 Cristy.htm\" href=\"http:\/\/www.gratisweb.com\/cristy58\/Ciencias%202008%20Cristy.htm\" target=\"_blank\" rel=\"noopener noreferrer\">RECURSOS EDUCATIVOS CIENCIAS<\/a> Colecci\u00f3n de unidades tem\u00e1ticas de ciencias<\/p>\n<p><a title=\"http:\/\/w3.cnice.mec.es\/eos\/MaterialesEducativos\/mem2000\/astronomia\/index.html\" href=\"http:\/\/w3.cnice.mec.es\/eos\/MaterialesEducativos\/mem2000\/astronomia\/index.html\" target=\"_blank\" rel=\"noopener noreferrer\">ASTRONOM\u00cdA PARA NI\u00d1AS Y NI\u00d1OS (de Antonio Barciano Alonso)<\/a> Actividades e informaciones de inter\u00e9s<\/p>\n<p><a title=\"http:\/\/findcountry.appspot.com\/easyversion\" href=\"http:\/\/findcountry.appspot.com\/easyversion\" target=\"_blank\" rel=\"noopener noreferrer\">FIND COUNTRY<\/a> Sencillo juego de geograf\u00eda para averiguar donde est\u00e1n los paises. Est\u00e1 en Ingl\u00e9s.<\/p>\n<p><a title=\"http:\/\/www.educaplus.org\/\" href=\"http:\/\/www.educaplus.org\/\" target=\"_blank\" rel=\"noopener noreferrer\">EDUCA PLUS<\/a> Portal educativo con informaciones y actividades organizadas por areas. Muy bueno.<\/p>\n","protected":false},"excerpt":{"rendered":"<p>BUSCA LO QUE MAS TE INTERESE LIBRO DIGITAL RECURSOS EDUCATIVOS POR NIVELES&nbsp;Recursos por niveles del C.E.I.P. Virgen de Loreto. ANIMALANDIA Fichas de animales con fotograf\u00edas. Adem\u00e1s juegos. SUPERSABER \u00bfQue comen los animales? \u00bfConoces a los Mam\u00edferos? El Aparato Digestivo CONOCE EL CUERPO HUMANO Partes del cuerpo, los sentidos, aparatos locomotor. Con evaluaci\u00f3n EL APARATO CIRCULATORIO &hellip; <\/p>\n<p><a class=\"more-link btn\" href=\"https:\/\/blogsaverroes.juntadeandalucia.es\/ceipsilos\/recursos-de-conocimiento-del-medio\/\">Seguir leyendo<\/a><\/p>\n","protected":false},"author":5518,"featured_media":0,"parent":0,"menu_order":0,"comment_status":"closed","ping_status":"open","template":"","meta":{"ngg_post_thumbnail":0,"footnotes":"","_mc_calendar":[]},"aioseo_notices":[],"_links":{"self":[{"href":"https:\/\/blogsaverroes.juntadeandalucia.es\/ceipsilos\/wp-json\/wp\/v2\/pages\/629"}],"collection":[{"href":"https:\/\/blogsaverroes.juntadeandalucia.es\/ceipsilos\/wp-json\/wp\/v2\/pages"}],"about":[{"href":"https:\/\/blogsaverroes.juntadeandalucia.es\/ceipsilos\/wp-json\/wp\/v2\/types\/page"}],"author":[{"embeddable":true,"href":"https:\/\/blogsaverroes.juntadeandalucia.es\/ceipsilos\/wp-json\/wp\/v2\/users\/5518"}],"replies":[{"embeddable":true,"href":"https:\/\/blogsaverroes.juntadeandalucia.es\/ceipsilos\/wp-json\/wp\/v2\/comments?post=629"}],"version-history":[{"count":1,"href":"https:\/\/blogsaverroes.juntadeandalucia.es\/ceipsilos\/wp-json\/wp\/v2\/pages\/629\/revisions"}],"predecessor-version":[{"id":3069,"href":"https:\/\/blogsaverroes.juntadeandalucia.es\/ceipsilos\/wp-json\/wp\/v2\/pages\/629\/revisions\/3069"}],"wp:attachment":[{"href":"https:\/\/blogsaverroes.juntadeandalucia.es\/ceipsilos\/wp-json\/wp\/v2\/media?parent=629"}],"curies":[{"name":"wp","href":"https:\/\/api.w.org\/{rel}","templated":true}]}}