{"id":634,"date":"2013-05-09T12:52:23","date_gmt":"2013-05-09T12:52:23","guid":{"rendered":"http:\/\/ceipsilosalcala.redes-cepalcala.org\/?page_id=634"},"modified":"2023-10-18T11:22:17","modified_gmt":"2023-10-18T11:22:17","slug":"recursos-de-ingles","status":"publish","type":"page","link":"https:\/\/blogsaverroes.juntadeandalucia.es\/ceipsilos\/recursos-de-ingles\/","title":{"rendered":"RECURSOS DE INGL\u00c9S"},"content":{"rendered":"<p><a href=\"https:\/\/elt.oup.com\/student\/oupeprimary\/?cc=global&amp;selLanguage=en\" target=\"_blank\" rel=\"noopener noreferrer\">RECURSOS OXFORD<\/a><\/p>\n<p>V<a href=\"https:\/\/drive.google.com\/file\/d\/1iPx-hVhIgZU5aJlaUVDY0zpE5vQu_HlH\/view?usp=sharing\" target=\"_blank\" rel=\"noopener noreferrer\">\u00cdDEO TUTORIAL PARA ACCEDER AL LIBRO DIGITAL (PARTE 1)<\/a><\/p>\n<p><a href=\"https:\/\/drive.google.com\/file\/d\/1CuYCaEQCPIjMuIegMnpUXLhgLMkDZbSi\/view?usp=sharing\" target=\"_blank\" rel=\"noopener noreferrer\">V\u00cdDEO TUTORIAL PARA ACCEDER AL LIBRO DIGITAL (PARTE 2)<\/a><\/p>\n<p>RECURSOS POR NIVELES<\/p>\n<p><a href=\"https:\/\/blogsaverroes.juntadeandalucia.es\/ceipsilos\/files\/2013\/05\/numero-1-letras-y-numeros-numeros-pintado-por-jaimeruiz1-9766105.jpg\"><img loading=\"lazy\" decoding=\"async\" class=\"alignnone size-medium wp-image-872\" src=\"https:\/\/blogsaverroes.juntadeandalucia.es\/ceipsilos\/files\/2013\/05\/numero-1-letras-y-numeros-numeros-pintado-por-jaimeruiz1-9766105-300x235.jpg\" alt=\"numero-1-letras-y-numeros-numeros-pintado-por-jaimeruiz1-9766105\" width=\"300\" height=\"235\"><\/a><\/p>\n<p><a href=\"http:\/\/cpmarquesdesantillana.centros.educa.jcyl.es\/aula\/archivos\/repositorio\/\/0\/59\/html\/01\/findout01.htm\" target=\"_blank\" rel=\"noopener noreferrer\">VOCABULARIO<\/a><\/p>\n<p>&nbsp;<\/p>\n<p><a href=\"https:\/\/blogsaverroes.juntadeandalucia.es\/ceipsilos\/files\/2013\/05\/numero-2.jpg\"><img loading=\"lazy\" decoding=\"async\" class=\"alignnone size-medium wp-image-873\" src=\"https:\/\/blogsaverroes.juntadeandalucia.es\/ceipsilos\/files\/2013\/05\/numero-2-300x235.jpg\" alt=\"numero-2\" width=\"300\" height=\"235\" srcset=\"https:\/\/blogsaverroes.juntadeandalucia.es\/ceipsilos\/files\/2013\/05\/numero-2-300x235.jpg 300w, https:\/\/blogsaverroes.juntadeandalucia.es\/ceipsilos\/files\/2013\/05\/numero-2-24x19.jpg 24w, https:\/\/blogsaverroes.juntadeandalucia.es\/ceipsilos\/files\/2013\/05\/numero-2-36x28.jpg 36w, https:\/\/blogsaverroes.juntadeandalucia.es\/ceipsilos\/files\/2013\/05\/numero-2-48x38.jpg 48w, https:\/\/blogsaverroes.juntadeandalucia.es\/ceipsilos\/files\/2013\/05\/numero-2.jpg 600w\" sizes=\"(max-width: 300px) 100vw, 300px\" \/><\/a><\/p>\n<p><a href=\"http:\/\/cpmarquesdesantillana.centros.educa.jcyl.es\/aula\/archivos\/repositorio\/\/0\/59\/html\/02\/findout02.htm\" target=\"_blank\" rel=\"noopener noreferrer\">VOCABULARIO<\/a><\/p>\n<p>&nbsp;<\/p>\n<p>&nbsp;<\/p>\n<p><a href=\"https:\/\/blogsaverroes.juntadeandalucia.es\/ceipsilos\/files\/2013\/05\/numero-3.jpg\"><img loading=\"lazy\" decoding=\"async\" class=\"alignnone size-medium wp-image-874\" src=\"https:\/\/blogsaverroes.juntadeandalucia.es\/ceipsilos\/files\/2013\/05\/numero-3-300x235.jpg\" alt=\"numero-3\" width=\"300\" height=\"235\" srcset=\"https:\/\/blogsaverroes.juntadeandalucia.es\/ceipsilos\/files\/2013\/05\/numero-3-300x235.jpg 300w, https:\/\/blogsaverroes.juntadeandalucia.es\/ceipsilos\/files\/2013\/05\/numero-3-24x19.jpg 24w, https:\/\/blogsaverroes.juntadeandalucia.es\/ceipsilos\/files\/2013\/05\/numero-3-36x28.jpg 36w, https:\/\/blogsaverroes.juntadeandalucia.es\/ceipsilos\/files\/2013\/05\/numero-3-48x38.jpg 48w, https:\/\/blogsaverroes.juntadeandalucia.es\/ceipsilos\/files\/2013\/05\/numero-3.jpg 600w\" sizes=\"(max-width: 300px) 100vw, 300px\" \/><\/a><\/p>\n<p><a href=\"http:\/\/cpmarquesdesantillana.centros.educa.jcyl.es\/aula\/archivos\/repositorio\/\/0\/59\/html\/03\/findout03.htm\" target=\"_blank\" rel=\"noopener noreferrer\">VOCABULARIO<\/a><\/p>\n<p>&nbsp;<\/p>\n<p><a href=\"https:\/\/blogsaverroes.juntadeandalucia.es\/ceipsilos\/files\/2013\/05\/numero-4-letras-y-numeros-numeros-pintado-por-deicymarti-9800251.jpg\"><img loading=\"lazy\" decoding=\"async\" class=\"alignnone size-medium wp-image-875\" src=\"https:\/\/blogsaverroes.juntadeandalucia.es\/ceipsilos\/files\/2013\/05\/numero-4-letras-y-numeros-numeros-pintado-por-deicymarti-9800251-300x235.jpg\" alt=\"numero-4-letras-y-numeros-numeros-pintado-por-deicymarti-9800251\" width=\"300\" height=\"235\" srcset=\"https:\/\/blogsaverroes.juntadeandalucia.es\/ceipsilos\/files\/2013\/05\/numero-4-letras-y-numeros-numeros-pintado-por-deicymarti-9800251-300x235.jpg 300w, https:\/\/blogsaverroes.juntadeandalucia.es\/ceipsilos\/files\/2013\/05\/numero-4-letras-y-numeros-numeros-pintado-por-deicymarti-9800251-24x19.jpg 24w, https:\/\/blogsaverroes.juntadeandalucia.es\/ceipsilos\/files\/2013\/05\/numero-4-letras-y-numeros-numeros-pintado-por-deicymarti-9800251-36x28.jpg 36w, https:\/\/blogsaverroes.juntadeandalucia.es\/ceipsilos\/files\/2013\/05\/numero-4-letras-y-numeros-numeros-pintado-por-deicymarti-9800251-48x38.jpg 48w, https:\/\/blogsaverroes.juntadeandalucia.es\/ceipsilos\/files\/2013\/05\/numero-4-letras-y-numeros-numeros-pintado-por-deicymarti-9800251.jpg 600w\" sizes=\"(max-width: 300px) 100vw, 300px\" \/><\/a><\/p>\n<p><a href=\"http:\/\/cpmarquesdesantillana.centros.educa.jcyl.es\/aula\/archivos\/repositorio\/\/0\/59\/html\/04\/findout04.htm\" target=\"_blank\" rel=\"noopener noreferrer\">VOCABULARIO<\/a><\/p>\n<p>&nbsp;<\/p>\n<p><a href=\"https:\/\/blogsaverroes.juntadeandalucia.es\/ceipsilos\/files\/2013\/05\/numero-5-letras-y-numeros-numeros-pintado-por-gabrielav-9719121.jpg\"><img loading=\"lazy\" decoding=\"async\" class=\"alignnone size-medium wp-image-876\" src=\"https:\/\/blogsaverroes.juntadeandalucia.es\/ceipsilos\/files\/2013\/05\/numero-5-letras-y-numeros-numeros-pintado-por-gabrielav-9719121-300x235.jpg\" alt=\"numero-5-letras-y-numeros-numeros-pintado-por-gabrielav-9719121\" width=\"300\" height=\"235\" srcset=\"https:\/\/blogsaverroes.juntadeandalucia.es\/ceipsilos\/files\/2013\/05\/numero-5-letras-y-numeros-numeros-pintado-por-gabrielav-9719121-300x235.jpg 300w, https:\/\/blogsaverroes.juntadeandalucia.es\/ceipsilos\/files\/2013\/05\/numero-5-letras-y-numeros-numeros-pintado-por-gabrielav-9719121-24x19.jpg 24w, https:\/\/blogsaverroes.juntadeandalucia.es\/ceipsilos\/files\/2013\/05\/numero-5-letras-y-numeros-numeros-pintado-por-gabrielav-9719121-36x28.jpg 36w, https:\/\/blogsaverroes.juntadeandalucia.es\/ceipsilos\/files\/2013\/05\/numero-5-letras-y-numeros-numeros-pintado-por-gabrielav-9719121-48x38.jpg 48w, https:\/\/blogsaverroes.juntadeandalucia.es\/ceipsilos\/files\/2013\/05\/numero-5-letras-y-numeros-numeros-pintado-por-gabrielav-9719121.jpg 600w\" sizes=\"(max-width: 300px) 100vw, 300px\" \/><\/a><\/p>\n<p><a href=\"http:\/\/cpmarquesdesantillana.centros.educa.jcyl.es\/aula\/archivos\/repositorio\/\/0\/59\/html\/05\/findout05.htm\" target=\"_blank\" rel=\"noopener noreferrer\">VOCABULARIO<\/a><\/p>\n<p>&nbsp;<\/p>\n<p><a href=\"https:\/\/blogsaverroes.juntadeandalucia.es\/ceipsilos\/files\/2013\/05\/numero-6.jpg\"><img loading=\"lazy\" decoding=\"async\" class=\"alignnone size-medium wp-image-877\" src=\"https:\/\/blogsaverroes.juntadeandalucia.es\/ceipsilos\/files\/2013\/05\/numero-6-300x235.jpg\" alt=\"numero-6\" width=\"300\" height=\"235\"><\/a><\/p>\n<p><a href=\"http:\/\/cpmarquesdesantillana.centros.educa.jcyl.es\/aula\/archivos\/repositorio\/\/0\/59\/html\/06\/findout06.htm\" target=\"_blank\" rel=\"noopener noreferrer\">VOCABULARIO<\/a><\/p>\n<p>&nbsp;<\/p>\n<p>&nbsp;<\/p>\n<p>BUSCA LO QUE MAS TE INTERESE<\/p>\n<p><a title=\"http:\/\/www.bbc.co.uk\/schools\/laac\/index.shtml\" href=\"http:\/\/www.bbc.co.uk\/schools\/laac\/index.shtml\" target=\"_blank\" rel=\"noopener noreferrer\">LITTLE ANIMALS<\/a> Actividades para alumnos de 4 a 11 a\u00f1os<\/p>\n<p><a title=\"http:\/\/www.angles365.com\/classroom\/index.htm\" href=\"http:\/\/www.angles365.com\/classroom\/index.htm\" target=\"_blank\" rel=\"noopener noreferrer\">ANGLES365<\/a> Multitud de actividades para todas las edades<\/p>\n<p><a title=\"http:\/\/www.mansioningles.com\/Vocabulario.htm\" href=\"http:\/\/www.mansioningles.com\/Vocabulario.htm\" target=\"_blank\" rel=\"noopener noreferrer\">LA MANSI\u00d3N DEL INGLES<\/a> Vocabulario<\/p>\n<p><a title=\"http:\/\/www.mansioningles.com\/Ejercicios00.htm\" href=\"http:\/\/www.mansioningles.com\/Ejercicios00.htm\" target=\"_blank\" rel=\"noopener noreferrer\">LA MANSI\u00d3N DEL INGL\u00c9S<\/a> Ejercicios<\/p>\n<p><a title=\"http:\/\/w3.cnice.mec.es\/eos\/MaterialesEducativos\/primaria\/lenguas_extranjeras\/mr_teapot\/indxns6.htm\" href=\"http:\/\/w3.cnice.mec.es\/eos\/MaterialesEducativos\/primaria\/lenguas_extranjeras\/mr_teapot\/indxns6.htm\" target=\"_blank\" rel=\"noopener noreferrer\">MR. TEAPOT&#8217;S<\/a> Vocabulario, listening, &#8230;<\/p>\n<p><a title=\"http:\/\/www.angles365.com\/classroom\/stories2.htm\" href=\"http:\/\/www.angles365.com\/classroom\/stories2.htm\" target=\"_blank\" rel=\"noopener noreferrer\">HISTORIAS<\/a> Colecci\u00f3n de historias animadas<\/p>\n<p><a title=\"http:\/\/www.educa.jcyl.es\/educacyl\/cm\/zonaalumnos\/tkContent?idContent=3524&amp;locale=es_ES&amp;textOnly=false\" href=\"http:\/\/www.educa.jcyl.es\/educacyl\/cm\/zonaalumnos\/tkContent?idContent=3524&amp;locale=es_ES&amp;textOnly=false\" target=\"_blank\" rel=\"noopener noreferrer\">APRENDE INGLES CON BOB<\/a><\/p>\n<p><a title=\"http:\/\/ares.cnice.mec.es\/inglesep\/\" href=\"http:\/\/ares.cnice.mec.es\/inglesep\/\" target=\"_blank\" rel=\"noopener noreferrer\">INGLES PARA E. PRIMARIA(CNICE)<\/a> Aprende Ingl\u00e9s de la mano de un extraterrestre<\/p>\n<p><a title=\"http:\/\/concurso.cnice.mec.es\/cnice2005\/132_English_for_Little_children\/index.html\" href=\"http:\/\/concurso.cnice.mec.es\/cnice2005\/132_English_for_Little_children\/index.html\" target=\"_blank\" rel=\"noopener noreferrer\">ENGLISH FOR LITTLE CHILDREN(CNICE)<\/a> Juega con Alex y sus amigos para aprender ingl\u00e9s<\/p>\n<p><a title=\"http:\/\/www.bemboszoo.com\/Bembo.swf\" href=\"http:\/\/www.bemboszoo.com\/Bembo.swf\" target=\"_blank\" rel=\"noopener noreferrer\">BEMBOSZOO<\/a> Animaciones de letras para repasar animales <a title=\"http:\/\/www.starfall.com\/\" href=\"http:\/\/www.starfall.com\/\" target=\"_blank\" rel=\"noopener noreferrer\">LEARN TO READ<\/a> Actividades de lectura<\/p>\n<p><a title=\"http:\/\/www.angles365.com\/classroom\/fitxers\/infantil\/family\/family03.swf\" href=\"http:\/\/www.angles365.com\/classroom\/fitxers\/infantil\/family\/family03.swf\" target=\"_blank\" rel=\"noopener noreferrer\">LA FAMILIA<\/a> Escucha y aprende el vocabulario de la familia<\/p>\n<p><a title=\"http:\/\/genmagic.org\/generadores\/genword\/body_nena.html\" href=\"http:\/\/genmagic.org\/generadores\/genword\/body_nena.html\" target=\"_blank\" rel=\"noopener noreferrer\">PARTES DEL CUERPO<\/a> Practica las partes del principales partes del cuerpo<\/p>\n<p><a title=\"http:\/\/info-3.com\/english\/\" href=\"http:\/\/info-3.com\/english\/\" target=\"_blank\" rel=\"noopener noreferrer\">ENGLISH<\/a> Para aprender el vocabulario b\u00e1sico<\/p>\n<p><a title=\"http:\/\/www.create-a-reader.com\/basic\/_english.html\" href=\"http:\/\/www.create-a-reader.com\/basic\/_english.html\" target=\"_blank\" rel=\"noopener noreferrer\">CREATE-A-READER<\/a> Actividades y vocabulario b\u00e1sico<\/p>\n<p><a title=\"http:\/\/es.youtube.com\/watch?v=o04Kqp6GyWM\" href=\"http:\/\/es.youtube.com\/watch?v=o04Kqp6GyWM\" target=\"_blank\" rel=\"noopener noreferrer\">ABECEDARIO<\/a> Video de Barrio S\u00e9samo en Youtube<\/p>\n<p><a title=\"http:\/\/crasanisidro.wikispaces.com\/ELT_Kids\" href=\"http:\/\/crasanisidro.wikispaces.com\/ELT_Kids\" target=\"_blank\" rel=\"noopener noreferrer\">KIDS ENGLISH ZONE (del wiki Crasanisidro)<\/a> Para trabajar muchos temas de ingl\u00e9s dentro del mismo sitio.<\/p>\n<p><a title=\"http:\/\/www.politraductor.com\/\" href=\"http:\/\/www.politraductor.com\/\" target=\"_blank\" rel=\"noopener noreferrer\">POLITRADUCTOR<\/a> Traduce textos al ingl\u00e9s o viceversa. Tambi\u00e9n otros idiomas.<\/p>\n<p><a title=\"http:\/\/howjsay.com\/index.php?browse=1&amp;let=A\" href=\"http:\/\/howjsay.com\/index.php?browse=1&amp;let=A\" target=\"_blank\" rel=\"noopener noreferrer\">HOWJSAY<\/a> Diccionario de ingl\u00e9s para escuchar los sonidos<\/p>\n<p><a title=\"http:\/\/www.mes-english.com\/\" href=\"http:\/\/www.mes-english.com\/\" target=\"_blank\" rel=\"noopener noreferrer\">FREE PRINTABLES FOR TEACHERS<\/a> Material imprimible de todo tipo para docentes<\/p>\n<p><a title=\"http:\/\/www.starfall.com\/n\/holiday\/calendar\/play.htm?f\" href=\"http:\/\/www.starfall.com\/n\/holiday\/calendar\/play.htm?f\" target=\"_blank\" rel=\"noopener noreferrer\">MAKE A CALENDAR<\/a> Repaso de d\u00edas y fechas en linea. Al final se imprime el calendario actual.<\/p>\n<p><a title=\"http:\/\/www.esl-kids.com\/worksheets\/worksheets.html\" href=\"http:\/\/www.esl-kids.com\/worksheets\/worksheets.html\" target=\"_blank\" rel=\"noopener noreferrer\">ESL-KIDS<\/a> Generadores r\u00e1pidos de fichas y flashcards. En la p\u00e1gina principal tambi\u00e9n ideas pr\u00e1cticas y juegos.<\/p>\n<p><a title=\"http:\/\/www.britishcouncil.org\/kids.htm\" href=\"http:\/\/www.britishcouncil.org\/kids.htm\" target=\"_blank\" rel=\"noopener noreferrer\">BRITISH COUNCIL<\/a> Distintas actividades, juegos en linea, historias cortas, canciones,&#8230;<\/p>\n<p><a title=\"http:\/\/www.magickeys.com\/books\/#yc\" href=\"http:\/\/www.magickeys.com\/books\/#yc\" target=\"_blank\" rel=\"noopener noreferrer\">CHILDREN STORYBOOKS ON LINE<\/a> Historias breves ilustradas para ver on line. Algunas con sonidos.<\/p>\n<p><a title=\"http:\/\/www.educa.madrid.org\/binary\/214\/files945\/\" href=\"http:\/\/www.educa.madrid.org\/binary\/214\/files945\/\" target=\"_blank\" rel=\"noopener noreferrer\">SPORTS<\/a> (De EducaMadrid) Actividades para trabajar los deportes.<\/p>\n<p><a title=\"http:\/\/www.lcfclubs.com\/englishzone\/index.asp\" href=\"http:\/\/www.lcfclubs.com\/englishzone\/index.asp\" target=\"_blank\" rel=\"noopener noreferrer\">LCF ENGLISH ZONE<\/a> Canciones, juegos en flash, historias f\u00e1ciles. Para iniciaci\u00f3n y Primaria.<\/p>\n<p><a title=\"http:\/\/www.wordduck.com\/\" href=\"http:\/\/www.wordduck.com\/\" target=\"_blank\" rel=\"noopener noreferrer\">WORD DUCK<\/a> Para crear sopas de letras y el ahorcado<\/p>\n","protected":false},"excerpt":{"rendered":"<p>RECURSOS OXFORD V\u00cdDEO TUTORIAL PARA ACCEDER AL LIBRO DIGITAL (PARTE 1) V\u00cdDEO TUTORIAL PARA ACCEDER AL LIBRO DIGITAL (PARTE 2) RECURSOS POR NIVELES VOCABULARIO &nbsp; VOCABULARIO &nbsp; &nbsp; VOCABULARIO &nbsp; VOCABULARIO &nbsp; VOCABULARIO &nbsp; VOCABULARIO &nbsp; &nbsp; BUSCA LO QUE MAS TE INTERESE LITTLE ANIMALS Actividades para alumnos de 4 a 11 a\u00f1os ANGLES365 Multitud &hellip; <\/p>\n<p><a class=\"more-link btn\" href=\"https:\/\/blogsaverroes.juntadeandalucia.es\/ceipsilos\/recursos-de-ingles\/\">Seguir leyendo<\/a><\/p>\n","protected":false},"author":5518,"featured_media":0,"parent":0,"menu_order":0,"comment_status":"closed","ping_status":"open","template":"","meta":{"ngg_post_thumbnail":0,"footnotes":"","_mc_calendar":[]},"aioseo_notices":[],"_links":{"self":[{"href":"https:\/\/blogsaverroes.juntadeandalucia.es\/ceipsilos\/wp-json\/wp\/v2\/pages\/634"}],"collection":[{"href":"https:\/\/blogsaverroes.juntadeandalucia.es\/ceipsilos\/wp-json\/wp\/v2\/pages"}],"about":[{"href":"https:\/\/blogsaverroes.juntadeandalucia.es\/ceipsilos\/wp-json\/wp\/v2\/types\/page"}],"author":[{"embeddable":true,"href":"https:\/\/blogsaverroes.juntadeandalucia.es\/ceipsilos\/wp-json\/wp\/v2\/users\/5518"}],"replies":[{"embeddable":true,"href":"https:\/\/blogsaverroes.juntadeandalucia.es\/ceipsilos\/wp-json\/wp\/v2\/comments?post=634"}],"version-history":[{"count":13,"href":"https:\/\/blogsaverroes.juntadeandalucia.es\/ceipsilos\/wp-json\/wp\/v2\/pages\/634\/revisions"}],"predecessor-version":[{"id":3074,"href":"https:\/\/blogsaverroes.juntadeandalucia.es\/ceipsilos\/wp-json\/wp\/v2\/pages\/634\/revisions\/3074"}],"wp:attachment":[{"href":"https:\/\/blogsaverroes.juntadeandalucia.es\/ceipsilos\/wp-json\/wp\/v2\/media?parent=634"}],"curies":[{"name":"wp","href":"https:\/\/api.w.org\/{rel}","templated":true}]}}