{"id":636,"date":"2013-05-09T12:53:29","date_gmt":"2013-05-09T12:53:29","guid":{"rendered":"http:\/\/ceipsilosalcala.redes-cepalcala.org\/?page_id=636"},"modified":"2019-11-26T14:21:39","modified_gmt":"2019-11-26T14:21:39","slug":"recursos-de-musica","status":"publish","type":"page","link":"https:\/\/blogsaverroes.juntadeandalucia.es\/ceipsilos\/recursos-de-musica\/","title":{"rendered":"RECURSOS DE M\u00daSICA"},"content":{"rendered":"<p>BUSCA LO QUE MAS TE INTERESE<\/p>\n<p><a href=\"https:\/\/www.anayaeducacion.es\/index_alumnado.php\" target=\"_blank\" rel=\"noopener noreferrer\">LIBRO DIGITAL<\/a><\/p>\n<p><a title=\"http:\/\/premium.enciclonet.com\/flash\/orq\/orquesta.swf\" href=\"http:\/\/premium.enciclonet.com\/flash\/orq\/orquesta.swf\" target=\"_blank\" rel=\"noopener noreferrer\">ORQUESTA<\/a> Descripci\u00f3n de una orquesta e instrumentos. Tambi\u00e9n compositores famosos<\/p>\n<p><a title=\"http:\/\/www.juntadeandalucia.es\/averroes\/concurso2006\/ver\/04\/index.html\" href=\"http:\/\/www.juntadeandalucia.es\/averroes\/concurso2006\/ver\/04\/index.html\" target=\"_blank\" rel=\"noopener noreferrer\">AULA DE M\u00daSICA<\/a> (Premio Averroes). Descripci\u00f3n y actividades<\/p>\n<p><a title=\"http:\/\/www.juntadeandalucia.es\/averroes\/recursos_informaticos\/concurso2001\/2premio\/index.html\" href=\"http:\/\/www.juntadeandalucia.es\/averroes\/recursos_informaticos\/concurso2001\/2premio\/index.html\" target=\"_blank\" rel=\"noopener noreferrer\">CUADERNO DE PARTITURAS<\/a> (Premio Averroes).<\/p>\n<p><a title=\"http:\/\/www.juntadeandalucia.es\/averroes\/recursos_informaticos\/concurso2002\/accesit_2\/index.htm\" href=\"http:\/\/www.juntadeandalucia.es\/averroes\/recursos_informaticos\/concurso2002\/accesit_2\/index.htm\" target=\"_blank\" rel=\"noopener noreferrer\">DIVIERTETE CON LA M\u00daSICA<\/a> (Premio Averroes). Informaci\u00f3n y actividades para Primaria<\/p>\n<p><a title=\"http:\/\/concurso.cnice.mec.es\/cnice2005\/113_viviendo_entre_sonidos\/web-site\/index.html\" href=\"http:\/\/concurso.cnice.mec.es\/cnice2005\/113_viviendo_entre_sonidos\/web-site\/index.html\" target=\"_blank\" rel=\"noopener noreferrer\">VIVIENDO ENTRE SONIDOS<\/a> (MEC) Para familiarizarse con los sonidos<\/p>\n<p><a title=\"http:\/\/www.musicaenalcala.com\/images\/stories\/juegos\/presentacion.swf\" href=\"http:\/\/www.musicaenalcala.com\/images\/stories\/juegos\/presentacion.swf\" target=\"_blank\" rel=\"noopener noreferrer\">MUSICA EDUCA<\/a> Actividades variadas<\/p>\n<p><a title=\"http:\/\/www.jccm.es\/edu\/cm\/conserpuertollano\/La Voz\/Lavoz\/La_voz_instrumentos.htm\" href=\"http:\/\/www.jccm.es\/edu\/cm\/conserpuertollano\/La%20Voz\/Lavoz\/La_voz_instrumentos.htm\" target=\"_blank\" rel=\"noopener noreferrer\">LA VOZ Y LOS INSTRUMENTOS<\/a> Descubre el sonido de los instrumentos.<\/p>\n<p><a title=\"http:\/\/www.aprendomusica.com\/index.htm\" href=\"http:\/\/www.aprendomusica.com\/index.htm\" target=\"_blank\" rel=\"noopener noreferrer\">APRENDO M\u00daSICA<\/a> Actividades y juegos para aprender y practicar el lenguaje musical. Muy completa<\/p>\n<p><a title=\"http:\/\/www.doslourdes.net\/colorear_los_instrumentos_musica.htm\" href=\"http:\/\/www.doslourdes.net\/colorear_los_instrumentos_musica.htm\" target=\"_blank\" rel=\"noopener noreferrer\">DOSLOURDES.NET<\/a> Para colorear los instrumentos de m\u00fasica<\/p>\n<p><a title=\"http:\/\/www.educaplus.org\/cat-61-p1-M\u00c3\u00basica_Ed.-Art\u00c3?stica.html\" href=\"http:\/\/www.educaplus.org\/cat-61-p1-M%C3%BAsica_Ed.-Art%C3%ADstica.html\" target=\"_blank\" rel=\"noopener noreferrer\">EDUCA PLUS<\/a> Juegos interactivos de m\u00fasica<\/p>\n<p>&nbsp;<\/p>\n","protected":false},"excerpt":{"rendered":"<p>BUSCA LO QUE MAS TE INTERESE LIBRO DIGITAL ORQUESTA Descripci\u00f3n de una orquesta e instrumentos. Tambi\u00e9n compositores famosos AULA DE M\u00daSICA (Premio Averroes). Descripci\u00f3n y actividades CUADERNO DE PARTITURAS (Premio Averroes). DIVIERTETE CON LA M\u00daSICA (Premio Averroes). Informaci\u00f3n y actividades para Primaria VIVIENDO ENTRE SONIDOS (MEC) Para familiarizarse con los sonidos MUSICA EDUCA Actividades variadas &hellip; <\/p>\n<p><a class=\"more-link btn\" href=\"https:\/\/blogsaverroes.juntadeandalucia.es\/ceipsilos\/recursos-de-musica\/\">Seguir leyendo<\/a><\/p>\n","protected":false},"author":5518,"featured_media":0,"parent":0,"menu_order":0,"comment_status":"closed","ping_status":"open","template":"","meta":{"ngg_post_thumbnail":0,"footnotes":"","_mc_calendar":[]},"aioseo_notices":[],"_links":{"self":[{"href":"https:\/\/blogsaverroes.juntadeandalucia.es\/ceipsilos\/wp-json\/wp\/v2\/pages\/636"}],"collection":[{"href":"https:\/\/blogsaverroes.juntadeandalucia.es\/ceipsilos\/wp-json\/wp\/v2\/pages"}],"about":[{"href":"https:\/\/blogsaverroes.juntadeandalucia.es\/ceipsilos\/wp-json\/wp\/v2\/types\/page"}],"author":[{"embeddable":true,"href":"https:\/\/blogsaverroes.juntadeandalucia.es\/ceipsilos\/wp-json\/wp\/v2\/users\/5518"}],"replies":[{"embeddable":true,"href":"https:\/\/blogsaverroes.juntadeandalucia.es\/ceipsilos\/wp-json\/wp\/v2\/comments?post=636"}],"version-history":[{"count":1,"href":"https:\/\/blogsaverroes.juntadeandalucia.es\/ceipsilos\/wp-json\/wp\/v2\/pages\/636\/revisions"}],"predecessor-version":[{"id":3073,"href":"https:\/\/blogsaverroes.juntadeandalucia.es\/ceipsilos\/wp-json\/wp\/v2\/pages\/636\/revisions\/3073"}],"wp:attachment":[{"href":"https:\/\/blogsaverroes.juntadeandalucia.es\/ceipsilos\/wp-json\/wp\/v2\/media?parent=636"}],"curies":[{"name":"wp","href":"https:\/\/api.w.org\/{rel}","templated":true}]}}