{"id":688,"date":"2013-05-09T20:54:14","date_gmt":"2013-05-09T20:54:14","guid":{"rendered":"http:\/\/ceipsilosalcala.redes-cepalcala.org\/?page_id=688"},"modified":"2013-05-09T20:54:14","modified_gmt":"2013-05-09T20:54:14","slug":"escolares-sin-fronteras","status":"publish","type":"page","link":"https:\/\/blogsaverroes.juntadeandalucia.es\/ceipsilos\/escolares-sin-fronteras\/","title":{"rendered":"ESCOLARES SIN FRONTERAS"},"content":{"rendered":"<p><strong>El proyecto \u201cEscolares sin fronteras\u201d se crea en Alcal\u00e1 de Guada\u00edra en el a\u00f1o 2001.<\/strong>\u00a0Los centros de E.I., E. P. y E.S.O. que participan en este proyecto hacen que los alumnos se impliquen desde j\u00f3venes en la ayuda solidaria y humanitaria.\u00a0<strong>Cada centro elige un proyecto<\/strong>\u00a0y un destino concreto en el que trabaja, env\u00eda sus aportaciones y realizan intercambios de experiencias entre el alumnado.<\/p>\n<p>Escolares sin fronteras se encuentra inmerso dentro de la plataforma del voluntariado de Alcal\u00e1- Los Alcores.<\/p>\n<p><strong>El CEIP Silos colabora con la escuela Togolesa de Kotokota.<\/strong>\u00a0Con el dinero recaudado en las distintas actividades hechas en el centro\u00a0<strong>hemos ayudado a la construcci\u00f3n y mantenimiento de una escuela (aportando materiales, sueldo de maestros\u2026).<\/strong>\u00a0Con este proyecto el centro tiene como objetivo<strong>\u00a0trabajar<\/strong>\u00a0los\u00a0<strong>valores<\/strong>\u00a0que creemos fundamentales para el alumnado de nuestro centro,\u00a0<strong>como la solidaridad, generosidad, ayuda, respeto\u2026<\/strong>\u00a0y al mismo tiempo ayudar a personas que lo necesitan y que se encuentran en situaciones muy precarias.<\/p>\n<p>A lo largo de todos estos a\u00f1os de ayuda hemos participado en las siguientes\u00a0<strong>actividades<\/strong>\u00a0que cada curso se organizan desde la plataforma del voluntariado:<\/p>\n<p><strong>&#8211;\u00a0\u00a0\u00a0\u00a0\u00a0\u00a0\u00a0\u00a0\u00a0 Encuentros.<\/strong><\/p>\n<p><strong>&#8211;\u00a0\u00a0\u00a0\u00a0\u00a0\u00a0\u00a0\u00a0\u00a0 Marcha solidaria.<\/strong><\/p>\n<p>Y desde el centro se han realizado:<\/p>\n<p><strong>&#8211;\u00a0\u00a0\u00a0\u00a0\u00a0\u00a0\u00a0\u00a0\u00a0 Mercadillo solidario.<\/strong><\/p>\n<p><strong>&#8211;\u00a0\u00a0\u00a0\u00a0\u00a0\u00a0\u00a0\u00a0\u00a0 T\u00f3mbola solidaria.<\/strong><\/p>\n<p><strong>&#8211;\u00a0\u00a0\u00a0\u00a0\u00a0\u00a0\u00a0\u00a0\u00a0 Desayuno compartido y solidario.<\/strong><\/p>\n<p><strong>&#8211;\u00a0\u00a0\u00a0\u00a0\u00a0\u00a0\u00a0\u00a0\u00a0 Bel\u00e9n viviente.<\/strong><\/p>\n<p><strong>&#8211;\u00a0\u00a0\u00a0\u00a0\u00a0\u00a0\u00a0\u00a0\u00a0 Huchas solidarias.<\/strong><\/p>\n<p><strong>&#8211;\u00a0\u00a0\u00a0\u00a0\u00a0\u00a0\u00a0\u00a0\u00a0 Operaci\u00f3n \u201cRatoncito P\u00e9rez\u201d<\/strong><\/p>\n<p><strong>&#8211;\u00a0\u00a0\u00a0\u00a0\u00a0\u00a0\u00a0\u00a0\u00a0 Taller de elaboraci\u00f3n de objetos para la venta en el mercadillo.<\/strong><\/p>\n<p>Desde el colegio Silos\u00a0<strong>pretendemos:<\/strong><\/p>\n<p><strong>&#8211;\u00a0\u00a0\u00a0\u00a0\u00a0\u00a0\u00a0\u00a0\u00a0 Acercar dos mundos desde la escuela.<\/strong><\/p>\n<p><strong>&#8211;\u00a0\u00a0\u00a0\u00a0\u00a0\u00a0\u00a0\u00a0\u00a0 Trabajar y conocer culturas distintas.<\/strong><\/p>\n<p><strong>&#8211;\u00a0\u00a0\u00a0\u00a0\u00a0\u00a0\u00a0\u00a0\u00a0 Sensibilizar al alumno\/a y la comunidad educativa de realidades tan dispares.<\/strong><\/p>\n<p><strong>&#8211;\u00a0\u00a0\u00a0\u00a0\u00a0\u00a0\u00a0\u00a0\u00a0 Fomentar el derecho a la educaci\u00f3n en los pa\u00edses desfavorecidos.<\/strong><\/p>\n<p><strong>&#8211;\u00a0\u00a0\u00a0\u00a0\u00a0\u00a0\u00a0\u00a0\u00a0 Aprender a valorar lo que tenemos.<\/strong><\/p>\n<p><strong>&#8211;\u00a0\u00a0\u00a0\u00a0\u00a0\u00a0\u00a0\u00a0\u00a0 Conocer vidas diferentes a las nuestras.<\/strong><\/p>\n<p><strong>&#8211;\u00a0\u00a0\u00a0\u00a0\u00a0\u00a0\u00a0\u00a0\u00a0 Ayudar desde la Educaci\u00f3n para formar hombres y mujeres solidarios.<\/strong><\/p>\n","protected":false},"excerpt":{"rendered":"<p>El proyecto \u201cEscolares sin fronteras\u201d se crea en Alcal\u00e1 de Guada\u00edra en el a\u00f1o 2001.\u00a0Los centros de E.I., E. P. y E.S.O. que participan en este proyecto hacen que los alumnos se impliquen desde j\u00f3venes en la ayuda solidaria y humanitaria.\u00a0Cada centro elige un proyecto\u00a0y un destino concreto en el que trabaja, env\u00eda sus aportaciones &hellip; <\/p>\n<p><a class=\"more-link btn\" href=\"https:\/\/blogsaverroes.juntadeandalucia.es\/ceipsilos\/escolares-sin-fronteras\/\">Seguir leyendo<\/a><\/p>\n","protected":false},"author":5518,"featured_media":0,"parent":0,"menu_order":0,"comment_status":"closed","ping_status":"open","template":"sidebar-page.php","meta":{"ngg_post_thumbnail":0,"footnotes":"","_mc_calendar":[]},"aioseo_notices":[],"_links":{"self":[{"href":"https:\/\/blogsaverroes.juntadeandalucia.es\/ceipsilos\/wp-json\/wp\/v2\/pages\/688"}],"collection":[{"href":"https:\/\/blogsaverroes.juntadeandalucia.es\/ceipsilos\/wp-json\/wp\/v2\/pages"}],"about":[{"href":"https:\/\/blogsaverroes.juntadeandalucia.es\/ceipsilos\/wp-json\/wp\/v2\/types\/page"}],"author":[{"embeddable":true,"href":"https:\/\/blogsaverroes.juntadeandalucia.es\/ceipsilos\/wp-json\/wp\/v2\/users\/5518"}],"replies":[{"embeddable":true,"href":"https:\/\/blogsaverroes.juntadeandalucia.es\/ceipsilos\/wp-json\/wp\/v2\/comments?post=688"}],"version-history":[{"count":0,"href":"https:\/\/blogsaverroes.juntadeandalucia.es\/ceipsilos\/wp-json\/wp\/v2\/pages\/688\/revisions"}],"wp:attachment":[{"href":"https:\/\/blogsaverroes.juntadeandalucia.es\/ceipsilos\/wp-json\/wp\/v2\/media?parent=688"}],"curies":[{"name":"wp","href":"https:\/\/api.w.org\/{rel}","templated":true}]}}