{"id":870,"date":"2015-03-16T07:24:27","date_gmt":"2015-03-16T07:24:27","guid":{"rendered":"http:\/\/blogsaverroes.juntadeandalucia.es\/pre\/ceip\/?page_id=103"},"modified":"2026-02-12T10:04:26","modified_gmt":"2026-02-12T10:04:26","slug":"aula-matinal","status":"publish","type":"page","link":"https:\/\/blogsaverroes.juntadeandalucia.es\/ceipsilos\/aula-matinal\/","title":{"rendered":"AULA MATINAL"},"content":{"rendered":"<p><span style=\"text-decoration: underline\"><strong>HORARIO<\/strong><\/span><\/p>\n<p>De lunes a viernes de<strong> 7:30 a 9:00 horas<\/strong><\/p>\n<p><strong><span style=\"text-decoration: underline\">PRECIO<\/span><br \/>\n<\/strong><\/p>\n<p>El <strong>precio mensua<\/strong>l de cada actividad es de &nbsp;<strong>17,51 euros<\/strong>.<\/p>\n<p><strong>Se pagar\u00e1 por los d\u00edas<\/strong> que hayan usado el servicio de Aula Matinal.<\/p>\n<p>Este precio varia en funci\u00f3n de la<strong> bonificaci\u00f3n<\/strong> concedida por la Consejer\u00eda de Educaci\u00f3n.<\/p>\n<p><span style=\"text-decoration: underline\"><strong>NORMAS DE FUNCIONAMIENTO<\/strong><\/span><\/p>\n<p>La<strong> recepci\u00f3n del alumnado<\/strong> se realizar\u00e1 <strong>cada 15 minutos<\/strong>, siendo la primera recepci\u00f3n a las 7:30 horas y la \u00faltima a las 8:45 horas.<\/p>\n<p>Los alumn@s est\u00e1n atendidos en todo momento por<strong> monitores.<\/strong><\/p>\n<p>En el transcurso de la jornada se desayunar\u00e1 y se realizar\u00e1n actividades contempladas en el proyecto del Aula Matinal.<\/p>\n<p>El n\u00famero autorizado de alumn@s en el Aula Matinal es de 90.<\/p>\n<p><span style=\"text-decoration: underline\"><strong>EMPRESA ENCARGADA<\/strong><\/span><\/p>\n<p><a href=\"http:\/\/www.educomex.es\/\" target=\"_blank\" rel=\"noopener noreferrer\">Educomex Multiservicios S.L.<\/a><\/p>\n<p><span style=\"text-decoration: underline\"><strong>\u00bfC\u00d3MO APUNTARSE O DARSE DE BAJA?<\/strong><\/span><\/p>\n<p>Los tr\u00e1mites se realizan <strong>en Secretar\u00eda<\/strong> en horario <strong>de lunes a viernes de 9:10 a 10:30 horas y de 12:45 a 13:45.<\/strong><\/p>\n<p>El modo de funcionamiento ser\u00e1 el siguiente:<\/p>\n<ol start=\"1\">\n<li>El <strong>plazo para&nbsp;apuntarse<\/strong>&nbsp;est\u00e1 abierto<b>&nbsp;durante <\/b><strong>todo el curso&nbsp;.<\/strong><\/li>\n<li>El <strong>plazo para darse de&nbsp;baja<\/strong>&nbsp;ser\u00e1&nbsp;<b>del d\u00eda <\/b><strong>1 al 20 del mes anterior.<\/strong><\/li>\n<li>El&nbsp;<strong>cobro<\/strong>&nbsp;lo realiza la&nbsp;<strong>empresa<\/strong>&nbsp;por domiciliaci\u00f3n bancaria &nbsp;al&nbsp;<strong>inicio del mes de servicio.<\/strong><\/li>\n<\/ol>\n<p><span style=\"text-decoration: underline\"><strong>ASPECTOS DESTACADOS<\/strong><\/span><\/p>\n<ol>\n<li>Los alumnos con alg\u00fan pago pendiente en el curso anterior no podr\u00e1n hacer uso del Aula Matinal.<\/li>\n<\/ol>\n<p><span style=\"text-decoration: underline\"><strong>IMPRESOS<\/strong><\/span><\/p>\n<p><a href=\"https:\/\/drive.google.com\/file\/d\/1roXKueBVvq8oy584nMZXWdT27i2bsTK7\/view?usp=sharing\" target=\"_blank\" rel=\"noopener noreferrer\">ALTA PLAN DE APERTURA<\/a><\/p>\n<p><a href=\"https:\/\/blogsaverroes.juntadeandalucia.es\/ceipsilos\/files\/2014\/02\/BAJA-AULA-MATINAL-RELLENABLE.pdf\">BAJA PLAN DE APERTURA<\/a><\/p>\n<p><a href=\"https:\/\/drive.google.com\/file\/d\/1DHCzKpTS-Uw69JdRPAdHNDRuAsHBJloH\/view?usp=sharing\" target=\"_blank\" rel=\"noopener noreferrer\">BONIFICACI\u00d3N PLAN DE APERTURA<\/a><\/p>\n<p>INFORMACI\u00d3N DEL SERVICIO<\/p>\n","protected":false},"excerpt":{"rendered":"<p>HORARIO De lunes a viernes de 7:30 a 9:00 horas PRECIO El precio mensual de cada actividad es de &nbsp;17,51 euros. Se pagar\u00e1 por los d\u00edas que hayan usado el servicio de Aula Matinal. Este precio varia en funci\u00f3n de la bonificaci\u00f3n concedida por la Consejer\u00eda de Educaci\u00f3n. NORMAS DE FUNCIONAMIENTO La recepci\u00f3n del alumnado &hellip; <\/p>\n<p><a class=\"more-link btn\" href=\"https:\/\/blogsaverroes.juntadeandalucia.es\/ceipsilos\/aula-matinal\/\">Seguir leyendo<\/a><\/p>\n","protected":false},"author":1,"featured_media":0,"parent":0,"menu_order":0,"comment_status":"closed","ping_status":"open","template":"","meta":{"ngg_post_thumbnail":0,"footnotes":"","_mc_calendar":[]},"aioseo_notices":[],"_links":{"self":[{"href":"https:\/\/blogsaverroes.juntadeandalucia.es\/ceipsilos\/wp-json\/wp\/v2\/pages\/870"}],"collection":[{"href":"https:\/\/blogsaverroes.juntadeandalucia.es\/ceipsilos\/wp-json\/wp\/v2\/pages"}],"about":[{"href":"https:\/\/blogsaverroes.juntadeandalucia.es\/ceipsilos\/wp-json\/wp\/v2\/types\/page"}],"author":[{"embeddable":true,"href":"https:\/\/blogsaverroes.juntadeandalucia.es\/ceipsilos\/wp-json\/wp\/v2\/users\/1"}],"replies":[{"embeddable":true,"href":"https:\/\/blogsaverroes.juntadeandalucia.es\/ceipsilos\/wp-json\/wp\/v2\/comments?post=870"}],"version-history":[{"count":6,"href":"https:\/\/blogsaverroes.juntadeandalucia.es\/ceipsilos\/wp-json\/wp\/v2\/pages\/870\/revisions"}],"predecessor-version":[{"id":4330,"href":"https:\/\/blogsaverroes.juntadeandalucia.es\/ceipsilos\/wp-json\/wp\/v2\/pages\/870\/revisions\/4330"}],"wp:attachment":[{"href":"https:\/\/blogsaverroes.juntadeandalucia.es\/ceipsilos\/wp-json\/wp\/v2\/media?parent=870"}],"curies":[{"name":"wp","href":"https:\/\/api.w.org\/{rel}","templated":true}]}}