{"id":871,"date":"2015-03-16T07:25:46","date_gmt":"2015-03-16T07:25:46","guid":{"rendered":"http:\/\/blogsaverroes.juntadeandalucia.es\/pre\/ceip\/?page_id=106"},"modified":"2026-02-12T10:07:56","modified_gmt":"2026-02-12T10:07:56","slug":"actividades-extraescolares","status":"publish","type":"page","link":"https:\/\/blogsaverroes.juntadeandalucia.es\/ceipsilos\/actividades-extraescolares\/","title":{"rendered":"ACTIVIDADES EXTRAESCOLARES"},"content":{"rendered":"<p><span style=\"text-decoration: underline\"><strong>HORARIO<\/strong><\/span><\/p>\n<p>&nbsp;<\/p>\n<table style=\"width: 100%\" border=\"1\" cellspacing=\"0\" cellpadding=\"0\">\n<tbody>\n<tr style=\"height: 48px\">\n<td style=\"height: 48px;width: 33.3333%\" width=\"192\">&nbsp;<\/td>\n<td style=\"height: 48px;width: 33.3333%\" width=\"192\">\n<p align=\"center\"><strong>LUNES Y MI\u00c9RCOLES<\/strong><\/p>\n<\/td>\n<td style=\"height: 48px;width: 33.3333%\" width=\"192\">\n<p align=\"center\"><strong>MARTES Y JUEVES<\/strong><\/p>\n<\/td>\n<\/tr>\n<tr style=\"height: 192px\">\n<td style=\"height: 192px;width: 33.3333%\" width=\"192\">\n<p align=\"center\"><strong>16:00 A 17:00<\/strong><\/p>\n<\/td>\n<td style=\"height: 192px;width: 33.3333%\" width=\"192\">\n<p align=\"center\">INGL\u00c9S (E. Infantil)<\/p>\n<p align=\"center\">MULTIDEPORTE<\/p>\n<p align=\"center\">VOLEIBOL<\/p>\n<p align=\"center\">G. ACROB\u00c1TICA<\/p>\n<\/td>\n<td style=\"height: 192px;width: 33.3333%\" width=\"192\">\n<p align=\"center\">MULTITALLER<\/p>\n<p align=\"center\">F\u00daTBOL (de 3\u00ba a 6\u00ba)<\/p>\n<p align=\"center\">AJEDREZ<\/p>\n<p align=\"center\">&nbsp;<\/p>\n<\/td>\n<\/tr>\n<tr style=\"height: 240px\">\n<td style=\"height: 240px;width: 33.3333%\" width=\"192\">\n<p align=\"center\"><strong>17:00 A 18:00<\/strong><\/p>\n<\/td>\n<td style=\"height: 240px;width: 33.3333%\" width=\"192\">\n<p align=\"center\">PATINAJE<\/p>\n<p align=\"center\">G. ACROB\u00c1TICA<\/p>\n<p align=\"center\">ESCUELA DE CARNAVAL<\/p>\n<p align=\"center\">&nbsp;<\/p>\n<p align=\"center\">&nbsp;<\/p>\n<\/td>\n<td style=\"height: 240px;width: 33.3333%\" width=\"192\">\n<p align=\"center\">&nbsp;F\u00daTBOL (E. Infantil, 1\u00ba y 2\u00ba)<\/p>\n<p align=\"center\">LUCHA OL\u00cdMPICA<\/p>\n<p align=\"center\">PIN PON<\/p>\n<p align=\"center\">&nbsp;<\/p>\n<p align=\"center\">&nbsp;<\/p>\n<p align=\"center\">&nbsp;<\/p>\n<\/td>\n<\/tr>\n<\/tbody>\n<\/table>\n<p>Los talleres de<strong> F\u00fatbol, Ajedrez y Pin pon<\/strong> son <strong>gratuitos<\/strong> porque pertenecen al Programa educativo \u00abEscuelas deportivas\u00bb de la Consejer\u00eda de Educaci\u00f3n.<\/p>\n<p>Los talleres de Gimnasia Acrob\u00e1tica, Lucha Ol\u00edmpica y Baloncesto son escuelas deportivas que organiza el Ayuntamiento de Alcal\u00e1 de Guada\u00edra. Los precios y bonificaciones de estas actividades se especifican en la secci\u00f3n Escuelas Deportivas Municipales.<\/p>\n<p>A continuaci\u00f3n detallamos la informaci\u00f3n referente a los talleres de Ingl\u00e9s, Apoyo escolar, Multideporte, Multitaller, Gimnasia R\u00edtmica y Patinaje; integrados en el Plan de Apertura de Centros de la Consejer\u00eda de Educaci\u00f3n.<\/p>\n<p><span style=\"text-decoration: underline\"><strong>PRECIO<\/strong><\/span><\/p>\n<p>El precio mensual de cada actividad es de <strong>17,51 euros.<\/strong><\/p>\n<p>Este precio var\u00eda en funci\u00f3n de la <strong>bonificaci\u00f3n<\/strong> concedida por la Consejer\u00eda de Educaci\u00f3n.<\/p>\n<p><span style=\"text-decoration: underline\"><strong>NORMAS DE FUNCIONAMIENTO<\/strong><\/span><\/p>\n<p>La <strong>recepci\u00f3n del alumnado<\/strong> se realizar\u00e1 \u00fanicamente a la<strong> hora de inicio de la actividad.<\/strong><\/p>\n<p>Rogamos puntualidad puesto que es la monitora la encargada de la apertura de las puertas.<\/p>\n<p>Para la continuidad del taller se necesitan que est\u00e9n apuntados <strong>m\u00ednimo 10 alumn@s.<\/strong><\/p>\n<p><span style=\"text-decoration: underline\"><strong>EMPRESA ENCARGADA<\/strong><\/span><\/p>\n<p><a href=\"http:\/\/www.educomex.es\/\" target=\"_blank\" rel=\"noopener noreferrer\">Educomex Multiservicios S.L.<\/a><\/p>\n<p><span style=\"text-decoration: underline\"><strong>\u00bfC\u00d3MO APUNTARSE O DARSE DE BAJA?<\/strong><\/span><\/p>\n<p>Los tr\u00e1mites se realizan <strong>en Secretar\u00eda<\/strong> en horario <strong>de lunes a viernes de 9:10 a 10:30 horas y de 12:45 a 13:45.<br \/>\n<\/strong><\/p>\n<p>El modo de funcionamiento en las actividades ser\u00e1 el siguiente:<\/p>\n<ol start=\"1\">\n<li>El <strong>plazo para apuntarse<\/strong> en alguna actividad est\u00e1 abierto<b> durante <\/b>todo el curso<b> <\/b><b>. <\/b><\/li>\n<li>El <strong>plazo<\/strong> para <strong>darse de baja<\/strong> de alguna actividad ser\u00e1 <b>del d\u00eda <\/b><strong>1 al 20 del mes anterior.<\/strong><\/li>\n<li>El <strong>cobro<\/strong> se realiza por <strong>domiciliaci\u00f3n bancaria<\/strong> <b>entre el 25 y el 30 del mes anterior.<\/b><\/li>\n<\/ol>\n<p><span style=\"text-decoration: underline\"><strong>ASPECTOS DESTACADOS<\/strong><\/span><\/p>\n<ol>\n<li>Las <strong>bonificaciones<\/strong> correspondientes a un alumno <strong>solo<\/strong> se podr\u00e1 disfrutar en <strong>una actividad,<\/strong> las siguientes actividades no tendr\u00e1n bonificaci\u00f3n.<\/li>\n<li>Los alumnos con alg\u00fan pago pendiente en el curso anterior no podr\u00e1n hacer uso de ninguna actividad extraescolar.<\/li>\n<\/ol>\n<p><span style=\"text-decoration: underline\"><strong>IMPRESOS<\/strong><\/span><\/p>\n<p><a href=\"https:\/\/drive.google.com\/file\/d\/1roXKueBVvq8oy584nMZXWdT27i2bsTK7\/view?usp=sharing\" target=\"_blank\" rel=\"noopener noreferrer\">ALTA PLAN DE APERTURA <\/a><\/p>\n<p><a href=\"https:\/\/blogsaverroes.juntadeandalucia.es\/ceipsilos\/files\/2014\/02\/BAJA-AULA-MATINAL-RELLENABLE.pdf\">BAJA PLAN DE APERTURA<\/a><\/p>\n<p><a href=\"https:\/\/drive.google.com\/file\/d\/1DHCzKpTS-Uw69JdRPAdHNDRuAsHBJloH\/view?usp=sharing\" target=\"_blank\" rel=\"noopener noreferrer\">BONIFICACI\u00d3N PLAN DE APERTURA<\/a><\/p>\n<p>&nbsp;<\/p>\n","protected":false},"excerpt":{"rendered":"<p>HORARIO &nbsp; &nbsp; LUNES Y MI\u00c9RCOLES MARTES Y JUEVES 16:00 A 17:00 INGL\u00c9S (E. Infantil) MULTIDEPORTE VOLEIBOL G. ACROB\u00c1TICA MULTITALLER F\u00daTBOL (de 3\u00ba a 6\u00ba) AJEDREZ &nbsp; 17:00 A 18:00 PATINAJE G. ACROB\u00c1TICA ESCUELA DE CARNAVAL &nbsp; &nbsp; &nbsp;F\u00daTBOL (E. Infantil, 1\u00ba y 2\u00ba) LUCHA OL\u00cdMPICA PIN PON &nbsp; &nbsp; &nbsp; Los talleres de F\u00fatbol, &hellip; <\/p>\n<p><a class=\"more-link btn\" href=\"https:\/\/blogsaverroes.juntadeandalucia.es\/ceipsilos\/actividades-extraescolares\/\">Seguir leyendo<\/a><\/p>\n","protected":false},"author":1,"featured_media":0,"parent":0,"menu_order":0,"comment_status":"closed","ping_status":"open","template":"","meta":{"ngg_post_thumbnail":0,"footnotes":"","_mc_calendar":[]},"aioseo_notices":[],"_links":{"self":[{"href":"https:\/\/blogsaverroes.juntadeandalucia.es\/ceipsilos\/wp-json\/wp\/v2\/pages\/871"}],"collection":[{"href":"https:\/\/blogsaverroes.juntadeandalucia.es\/ceipsilos\/wp-json\/wp\/v2\/pages"}],"about":[{"href":"https:\/\/blogsaverroes.juntadeandalucia.es\/ceipsilos\/wp-json\/wp\/v2\/types\/page"}],"author":[{"embeddable":true,"href":"https:\/\/blogsaverroes.juntadeandalucia.es\/ceipsilos\/wp-json\/wp\/v2\/users\/1"}],"replies":[{"embeddable":true,"href":"https:\/\/blogsaverroes.juntadeandalucia.es\/ceipsilos\/wp-json\/wp\/v2\/comments?post=871"}],"version-history":[{"count":8,"href":"https:\/\/blogsaverroes.juntadeandalucia.es\/ceipsilos\/wp-json\/wp\/v2\/pages\/871\/revisions"}],"predecessor-version":[{"id":4332,"href":"https:\/\/blogsaverroes.juntadeandalucia.es\/ceipsilos\/wp-json\/wp\/v2\/pages\/871\/revisions\/4332"}],"wp:attachment":[{"href":"https:\/\/blogsaverroes.juntadeandalucia.es\/ceipsilos\/wp-json\/wp\/v2\/media?parent=871"}],"curies":[{"name":"wp","href":"https:\/\/api.w.org\/{rel}","templated":true}]}}