{"id":99,"date":"2015-03-16T07:22:54","date_gmt":"2015-03-16T07:22:54","guid":{"rendered":"http:\/\/blogsaverroes.juntadeandalucia.es\/pre\/ceip\/?page_id=99"},"modified":"2026-02-12T10:03:26","modified_gmt":"2026-02-12T10:03:26","slug":"comedor-escolar","status":"publish","type":"page","link":"https:\/\/blogsaverroes.juntadeandalucia.es\/ceipsilos\/comedor-escolar\/","title":{"rendered":"COMEDOR ESCOLAR"},"content":{"rendered":"<header><strong>HORARIO<\/strong><\/header>\n<div>\n<p>De lunes a viernes de<strong> 14:00 a 16:00 horas<\/strong><\/p>\n<p><strong>MEN\u00da<\/strong><\/p>\n<p>Puede consultar el men\u00fa del mes a trav\u00e9s de la App M\u00f3vil \u201cComedor escolar Como en Casa\u00bb.<\/p>\n<p><strong>PRECIO<br \/>\n<\/strong><\/p>\n<p>El&nbsp;<strong>precio <\/strong>del men\u00fa es de&nbsp; <strong>5,54<\/strong><strong>&nbsp;euros<\/strong>.<\/p>\n<p><strong>Se pagar\u00e1 por los d\u00edas<\/strong>&nbsp;que hayan solicitado el uso del servicio de&nbsp;Comedor Escolar.<\/p>\n<p>Este precio varia en funci\u00f3n de la<strong>&nbsp;bonificaci\u00f3n<\/strong>&nbsp;concedida por la Consejer\u00eda de Educaci\u00f3n.<\/p>\n<p><strong>NORMAS DE FUNCIONAMIENTO<\/strong><\/p>\n<p>La<strong>&nbsp;recepci\u00f3n del alumnado<\/strong>&nbsp;la realizan los monitores dentro del colegio a las 14:00 horas.<\/p>\n<p>Los alumn@s est\u00e1n atendidos en todo momento por<strong> monitores.<\/strong><\/p>\n<p>El n\u00famero&nbsp; m\u00ednimo de alumn@s admitidos en el Comedor Escolar es de 115.<\/p>\n<p><strong>EMPRESA ENCARGADA<\/strong><\/p>\n<p><a href=\"https:\/\/colectividadeshgonzalez.com\/escuelas-infantiles-colegios\/\" target=\"_blank\" rel=\"noopener\"><em>RESTAURACION Y CATERING HERMANOS GONZALEZ SL<\/em><\/a><\/p>\n<p><strong>\u00bfC\u00d3MO APUNTARSE O DARSE DE BAJA?<\/strong><\/p>\n<p>Los tr\u00e1mites se realizan <strong>en Secretar\u00eda<\/strong> en horario <strong>de lunes a viernes de 9:10 a 10:30 horas y de 12:45 a 13:45.<\/strong><\/p>\n<p>El modo de funcionamiento ser\u00e1 el siguiente:<\/p>\n<ol start=\"1\">\n<li>El&nbsp;<strong>plazo para&nbsp;apuntarse<\/strong>&nbsp;est\u00e1 abierto<b>&nbsp;durante&nbsp;<\/b><strong>todo el curso&nbsp;.<\/strong><\/li>\n<li>El&nbsp;<strong>plazo para darse de&nbsp;baja<\/strong>&nbsp;ser\u00e1&nbsp;<b>del d\u00eda&nbsp;<\/b><strong>1 al 20 del mes anterior, <\/strong>comunic\u00e1ndose en Secretar\u00eda.<\/li>\n<li><b>Las <\/b><strong>ausencias<\/strong><b> se comunicar\u00e1n a la empresa de catering con preaviso de 3 d\u00edas naturales a trav\u00e9s de la App M\u00f3vil \u00abComo en casa Comedro Escolar\u00bb .<br \/>\n<\/b><\/li>\n<li>El&nbsp;<strong>cobro<\/strong>&nbsp;lo realiza la&nbsp;<strong>empresa<\/strong>&nbsp;por domiciliaci\u00f3n bancaria &nbsp;al&nbsp;<strong>inicio del siguiente mes de servicio.<\/strong><\/li>\n<li>Para comunicar cualquier cambio espor\u00e1dico del acuerdo de asistencia deben contactar con la empresa a trav\u00e9s del correo comedorescolartres@cateringhgonzalez.com<\/li>\n<\/ol>\n<p><strong>ASPECTOS DESTACADOS<\/strong><\/p>\n<ol>\n<li>Los alumnos con alg\u00fan pago pendiente en el curso anterior no podr\u00e1n hacer uso del Comedor Escolar.<\/li>\n<\/ol>\n<p><strong>IMPRESOS<\/strong><\/p>\n<p><a href=\"https:\/\/drive.google.com\/file\/d\/1roXKueBVvq8oy584nMZXWdT27i2bsTK7\/view?usp=sharing\" target=\"_blank\" rel=\"noopener noreferrer\">ALTA PLAN DE APERTURA<\/a><\/p>\n<p><a href=\"https:\/\/blogsaverroes.juntadeandalucia.es\/ceipsilos\/files\/2014\/02\/BAJA-AULA-MATINAL-RELLENABLE.pdf\">BAJA PLAN DE APERTURA<\/a><\/p>\n<p><a href=\"https:\/\/drive.google.com\/file\/d\/1DHCzKpTS-Uw69JdRPAdHNDRuAsHBJloH\/view?usp=sharing\" target=\"_blank\" rel=\"noopener noreferrer\">BONIFICACI\u00d3N PLAN DE APERTURA<\/a><\/p>\n<p><a href=\"https:\/\/drive.google.com\/file\/d\/1cVBFVjZbJ0RG755HIDvU_YfNVmD5ngFz\/view?usp=sharing\" target=\"_blank\" rel=\"noopener noreferrer\">HOJA DE DATOS PERSONALES<\/a><\/p>\n<p><a href=\"https:\/\/drive.google.com\/file\/d\/12MMW7bgsgilil9olSrIoUx9XDdCzWe-X\/view?usp=sharing\" target=\"_blank\" rel=\"noopener\">CIRCULAR DE LA EMPRESA CURSO 2025\/2026<\/a><\/p>\n<\/div>\n","protected":false},"excerpt":{"rendered":"<p>HORARIO De lunes a viernes de 14:00 a 16:00 horas MEN\u00da Puede consultar el men\u00fa del mes a trav\u00e9s de la App M\u00f3vil \u201cComedor escolar Como en Casa\u00bb. PRECIO El&nbsp;precio del men\u00fa es de&nbsp; 5,54&nbsp;euros. Se pagar\u00e1 por los d\u00edas&nbsp;que hayan solicitado el uso del servicio de&nbsp;Comedor Escolar. Este precio varia en funci\u00f3n de la&nbsp;bonificaci\u00f3n&nbsp;concedida &hellip; <\/p>\n<p><a class=\"more-link btn\" href=\"https:\/\/blogsaverroes.juntadeandalucia.es\/ceipsilos\/comedor-escolar\/\">Seguir leyendo<\/a><\/p>\n","protected":false},"author":1,"featured_media":0,"parent":0,"menu_order":0,"comment_status":"closed","ping_status":"open","template":"","meta":{"ngg_post_thumbnail":0,"footnotes":"","_mc_calendar":[]},"aioseo_notices":[],"_links":{"self":[{"href":"https:\/\/blogsaverroes.juntadeandalucia.es\/ceipsilos\/wp-json\/wp\/v2\/pages\/99"}],"collection":[{"href":"https:\/\/blogsaverroes.juntadeandalucia.es\/ceipsilos\/wp-json\/wp\/v2\/pages"}],"about":[{"href":"https:\/\/blogsaverroes.juntadeandalucia.es\/ceipsilos\/wp-json\/wp\/v2\/types\/page"}],"author":[{"embeddable":true,"href":"https:\/\/blogsaverroes.juntadeandalucia.es\/ceipsilos\/wp-json\/wp\/v2\/users\/1"}],"replies":[{"embeddable":true,"href":"https:\/\/blogsaverroes.juntadeandalucia.es\/ceipsilos\/wp-json\/wp\/v2\/comments?post=99"}],"version-history":[{"count":5,"href":"https:\/\/blogsaverroes.juntadeandalucia.es\/ceipsilos\/wp-json\/wp\/v2\/pages\/99\/revisions"}],"predecessor-version":[{"id":4329,"href":"https:\/\/blogsaverroes.juntadeandalucia.es\/ceipsilos\/wp-json\/wp\/v2\/pages\/99\/revisions\/4329"}],"wp:attachment":[{"href":"https:\/\/blogsaverroes.juntadeandalucia.es\/ceipsilos\/wp-json\/wp\/v2\/media?parent=99"}],"curies":[{"name":"wp","href":"https:\/\/api.w.org\/{rel}","templated":true}]}}