{"id":2879,"date":"2018-08-06T06:25:24","date_gmt":"2018-08-06T06:25:24","guid":{"rendered":"https:\/\/themify.me\/demo\/themes\/ultra-education\/?page_id=6"},"modified":"2026-03-17T08:05:33","modified_gmt":"2026-03-17T08:05:33","slug":"home","status":"publish","type":"page","link":"https:\/\/blogsaverroes.juntadeandalucia.es\/ceipsimonfuentes\/","title":{"rendered":"INICIO"},"content":{"rendered":"<!--themify_builder_content-->\n<div id=\"themify_builder_content-2879\" data-postid=\"2879\" class=\"themify_builder_content themify_builder_content-2879 themify_builder tf_clear\">\n                    <div  data-zooming-bg=\"desktop\" data-css_id=\"3e45014\" data-lazy=\"1\" class=\"module_row themify_builder_row fullwidth_row_container tb_3e45014 tb_first tf_w\">\n            <span class=\"builder_row_cover tf_abs\"><\/span>            <div class=\"row_inner col_align_top tb_col_count_1 tf_box tf_rel\">\n                        <div  data-lazy=\"1\" class=\"module_column tb-column col-full tb_243b3fa first\">\n                    <!-- module fancy heading -->\n<div  class=\"module module-fancy-heading tb_73a6913  inline-fancy-heading tb_hide_divider hover-wow wow\" data-tf-animation_hover=\"zoomIn\" data-tf-animation=\"rubberBand\" data-lazy=\"1\" data-lax-scale=\"(vh*1) 1,(vh*0) 3\" data-box-position=\"center center\" data-lax=\"true\">\n        <h2 class=\"fancy-heading tf_textr\">\n    <span class=\"main-head tf_inline_b\">\n                                <\/span>\n\n    \n    <span class=\"sub-head tf_inline_b tf_rel\">\n                    BIENVENIDOS A NUESTRO COLEGIO            <\/span>\n    <\/h2>\n<\/div>\n<!-- \/module fancy heading -->\n<!-- module buttons -->\n<div  class=\"module module-buttons tb_790ace5 buttons-horizontal solid   circle\" data-lazy=\"1\">\n        <div class=\"module-buttons-item tf_in_flx\">\n                        <a href=\"https:\/\/blogsaverroes.juntadeandalucia.es\/ceipsimonfuentes\/nuestro-centro\/\" class=\"ui builder_button tf_in_flx blue\" >\n                                                NUESTRO CENTRO                                        <\/a>\n                <\/div>\n            <\/div>\n<!-- \/module buttons -->\n        <div  data-lazy=\"1\" class=\"module_subrow themify_builder_sub_row tf_w col_align_bottom tb_col_count_3 tb_d34d1fb\">\n                <div  data-lazy=\"1\" class=\"module_column sub_column col3-1 tb_52e0d7f first\">\n                    <!-- module callout -->\n<div  class=\"module ui module-callout tb_ecb364d button-bottom green  rounded\" data-lazy=\"1\">\n    \n    <div class=\"callout-inner\">\n    <div class=\"callout-content tf_left\">\n        <h3 class=\"callout-heading\">AMPA<\/h3>\n        <div class=\"tb_text_wrap\">\n                    <\/div>\n    <\/div>\n    <!-- \/callout-content -->\n                    <div class=\"callout-button tf_right tf_textr\">\n            <a href=\"https:\/\/www.facebook.com\/ampavicenteferrercarboneras\" class=\"ui builder_button  transparent\" rel=\"noopener\" target=\"_blank\">\n                <span class=\"tb_callout_text\">VER M\u00c1S...<\/span>\n            <\/a>\n        <\/div>\n            <\/div>\n    <!-- \/callout-content -->\n<\/div>\n<!-- \/module callout -->\n        <\/div>\n                    <div  data-lazy=\"1\" class=\"module_column sub_column col3-1 tb_732cb19\">\n                    <!-- module callout -->\n<div  class=\"module ui module-callout tb_4bbf59a button-bottom orange  rounded\" data-lazy=\"1\">\n    \n    <div class=\"callout-inner\">\n    <div class=\"callout-content tf_left\">\n        <h3 class=\"callout-heading\">PORTAL DE TRANSPARENCIA<\/h3>\n        <div class=\"tb_text_wrap\">\n                    <\/div>\n    <\/div>\n    <!-- \/callout-content -->\n                    <div class=\"callout-button tf_right tf_textr\">\n            <a href=\"https:\/\/blogsaverroes.juntadeandalucia.es\/ceipsimonfuentes\/portal-de-transparencia\/\" class=\"ui builder_button  transparent\">\n                <span class=\"tb_callout_text\">VER M\u00c1S...<\/span>\n            <\/a>\n        <\/div>\n            <\/div>\n    <!-- \/callout-content -->\n<\/div>\n<!-- \/module callout -->\n        <\/div>\n                    <div  data-lazy=\"1\" class=\"module_column sub_column col3-1 tb_eff09ba last\">\n                    <!-- module callout -->\n<div  class=\"module ui module-callout tb_3be0693 button-bottom blue  rounded\" data-lazy=\"1\">\n    \n    <div class=\"callout-inner\">\n    <div class=\"callout-content tf_left\">\n        <h3 class=\"callout-heading\">INSTALACIONES<\/h3>\n        <div class=\"tb_text_wrap\">\n                    <\/div>\n    <\/div>\n    <!-- \/callout-content -->\n                    <div class=\"callout-button tf_right tf_textr\">\n            <a href=\"https:\/\/blogsaverroes.juntadeandalucia.es\/ceipsimonfuentes\/instalaciones\/\" class=\"ui builder_button  transparent\">\n                <span class=\"tb_callout_text\">VER M\u00c1S...<\/span>\n            <\/a>\n        <\/div>\n            <\/div>\n    <!-- \/callout-content -->\n<\/div>\n<!-- \/module callout -->\n        <\/div>\n                    <\/div>\n                <\/div>\n                        <\/div>\n        <\/div>\n                        <div  data-css_id=\"0cd00b7\" data-lazy=\"1\" class=\"module_row themify_builder_row fullwidth_row_container tb_0cd00b7 tf_w\">\n            <span class=\"builder_row_cover tf_abs\"><\/span>            <div class=\"row_inner col_align_top tb_col_count_1 tf_box tf_rel\">\n                        <div  data-lazy=\"1\" class=\"module_column tb-column col-full tb_989c269 first\">\n                    <!-- module fancy heading -->\n<div  class=\"module module-fancy-heading tb_8de5925  tb_hide_divider\" data-lazy=\"1\">\n        <h1 class=\"fancy-heading tf_textl\">\n    <span class=\"main-head tf_block\">\n                    ADMISI\u00d3N CURSO 26\/27            <\/span>\n\n    \n    <span class=\"sub-head tf_block tf_rel\">\n                                <\/span>\n    <\/h1>\n<\/div>\n<!-- \/module fancy heading -->\n        <\/div>\n                        <\/div>\n        <\/div>\n                        <div  data-lazy=\"1\" class=\"module_row themify_builder_row tb_0e032c7 tf_w\">\n                        <div class=\"row_inner col_align_top tb_col_count_1 tf_box tf_rel\">\n                        <div  data-lazy=\"1\" class=\"module_column tb-column col-full tb_69668d0 first\">\n                    <!-- module text -->\n<div  class=\"module module-text tb_c215f03   \" data-lazy=\"1\">\n        <div  class=\"tb_text_wrap\">\n            <\/div>\n<\/div>\n<!-- \/module text --><!-- module buttons -->\n<div  class=\"module module-buttons tb_43c5cb8 buttons-horizontal solid   circle\" data-lazy=\"1\">\n        <div class=\"module-buttons-item tf_in_flx\">\n                        <a href=\"https:\/\/www.canva.com\/design\/DAHEL6_KmHA\/VudIrykPHXzj8ms3AseLJA\/view?utm_content=DAHEL6_KmHA&#038;utm_campaign=designshare&#038;utm_medium=link2&#038;utm_source=uniquelinks&#038;utlId=h1267d0ac0a\" class=\"ui builder_button tf_in_flx blue\" >\n                                                M\u00c1S INFO                                        <\/a>\n                <\/div>\n            <\/div>\n<!-- \/module buttons -->\n        <\/div>\n                        <\/div>\n        <\/div>\n                        <div  data-lazy=\"1\" class=\"module_row themify_builder_row tb_dc763bb tf_w\">\n                        <div class=\"row_inner col_align_top tb_col_count_1 tf_box tf_rel\">\n                        <div  data-lazy=\"1\" class=\"module_column tb-column col-full tb_ebf377d first\">\n                    <!-- module text -->\n<div  class=\"module module-text tb_26c11d1   \" data-lazy=\"1\">\n        <div  class=\"tb_text_wrap\">\n        <div style=\"position: relative;width: 100%;height: 0;padding-top: 33.3333%;padding-bottom: 0;margin-top: 1.6em;margin-bottom: 0.9em;overflow: hidden;border-radius: 8px\"><iframe src=\"https:\/\/www.canva.com\/design\/DAFOv398hiw\/view?embed\"><br \/>  <\/iframe>\u00daLTIMAS NOTICIAS<\/div>    <\/div>\n<\/div>\n<!-- \/module text --><!-- module post -->\n<div  class=\"module module-post tb_18a309a \">\n    <div  class=\"builder-posts-wrap loops-wrapper grid4 masonry boxed tf_rel tf_clear tf_clearfix\" data-lazy=\"1\">\n    <article id=\"post-3722\" class=\"post tf_clearfix post-3722 type-post status-publish format-standard hentry category-sin-categoria has-post-title has-post-date has-post-category has-post-tag has-post-comment has-post-author \">\n\t    \n\t\t<div class=\"post-content\">\n\t\t<div class=\"post-content-inner\">\n\n\t\t\t\t\t\t\t\t<div class=\"post-date-wrap post-date-inline\">\n\t\t<time class=\"post-date entry-date updated\" datetime=\"2025-12-11\">\n\t\t\t\t\t<span class=\"year\">11 diciembre, 2025<\/span>\n\t\t\t\t<\/time>\n\t<\/div><!-- .post-date-wrap -->\n\t\t\t\t\n\t\t\t<h2 class=\"post-title entry-title\"><a href=\"https:\/\/blogsaverroes.juntadeandalucia.es\/ceipsimonfuentes\/2025\/12\/11\/carrera-solidaria-inclusiva-2\/\">CARRERA SOLIDARIA INCLUSIVA<\/a><\/h2>\n\t\t\t\n\t\t\t\n\t\t\t        <div class=\"entry-content\">\n\n        \n            <p>Como cada a\u00f1o, hemos celebrado nuestra carrera solidaria inclusiva, donde nuestros alumnos se ponen en la piel de personas con discapacidad, problemas sensoriales, dificultades mot\u00f3ricas, etc. El objetivo es concienciar sobre las barreras que dichas personas deben superar en su d\u00eda a d\u00eda y transmitir valores como de solidaridad y empat\u00eda a nuestros peque\u00f1os. Todo [&hellip;]<\/p>\n\n                \n            \n        <\/div><!-- \/.entry-content -->\n        \n\t\t<\/div>\n\t\t<!-- \/.post-content-inner -->\n\t<\/div>\n\t<!-- \/.post-content -->\n\t\n<\/article>\n<!-- \/.post -->\n<article id=\"post-3706\" class=\"post tf_clearfix post-3706 type-post status-publish format-standard hentry category-sin-categoria has-post-title has-post-date has-post-category has-post-tag has-post-comment has-post-author \">\n\t    \n\t\t<div class=\"post-content\">\n\t\t<div class=\"post-content-inner\">\n\n\t\t\t\t\t\t\t\t<div class=\"post-date-wrap post-date-inline\">\n\t\t<time class=\"post-date entry-date updated\" datetime=\"2025-12-11\">\n\t\t\t\t\t<span class=\"year\">11 diciembre, 2025<\/span>\n\t\t\t\t<\/time>\n\t<\/div><!-- .post-date-wrap -->\n\t\t\t\t\n\t\t\t<h2 class=\"post-title entry-title\"><a href=\"https:\/\/blogsaverroes.juntadeandalucia.es\/ceipsimonfuentes\/2025\/12\/11\/25n-dia-internacional-de-la-eliminacion-de-la-violencia-contra-la-mujer-2\/\">25N D\u00cdA INTERNACIONAL DE LA ELIMINACI\u00d3N DE LA VIOLENCIA CONTRA LA MUJER<\/a><\/h2>\n\t\t\t\n\t\t\t\n\t\t\t        <div class=\"entry-content\">\n\n        \n            <p>El pasado d\u00eda 25 de noviembre, llevamos a cabo en nuestro centro un acto para conmemorar el D\u00eda Internacional de la Eliminaci\u00f3n de la Violencia contra la Mujer. Nuestra directora ley\u00f3 un manifiesto en contra de la violencia, se llev\u00f3 a cabo un baile con la canci\u00f3n \u00abVivir\u00bb de Rozal\u00e9n, se realiz\u00f3 la actividad \u00abMe [&hellip;]<\/p>\n\n                \n            \n        <\/div><!-- \/.entry-content -->\n        \n\t\t<\/div>\n\t\t<!-- \/.post-content-inner -->\n\t<\/div>\n\t<!-- \/.post-content -->\n\t\n<\/article>\n<!-- \/.post -->\n<article id=\"post-3693\" class=\"post tf_clearfix post-3693 type-post status-publish format-standard hentry category-sin-categoria has-post-title has-post-date has-post-category has-post-tag has-post-comment has-post-author \">\n\t    \n\t\t<div class=\"post-content\">\n\t\t<div class=\"post-content-inner\">\n\n\t\t\t\t\t\t\t\t<div class=\"post-date-wrap post-date-inline\">\n\t\t<time class=\"post-date entry-date updated\" datetime=\"2025-12-11\">\n\t\t\t\t\t<span class=\"year\">11 diciembre, 2025<\/span>\n\t\t\t\t<\/time>\n\t<\/div><!-- .post-date-wrap -->\n\t\t\t\t\n\t\t\t<h2 class=\"post-title entry-title\"><a href=\"https:\/\/blogsaverroes.juntadeandalucia.es\/ceipsimonfuentes\/2025\/12\/11\/dia-del-flamenco-2025\/\">D\u00cdA DEL FLAMENCO 2025<\/a><\/h2>\n\t\t\t\n\t\t\t\n\t\t\t        <div class=\"entry-content\">\n\n        \n            <p>Celebraci\u00f3n del D\u00eda del Flamenco.La importancia del flamenco para nuestro patrimonio andaluz es fundamental, ya que forma parte de su identidad cultural, siendo un s\u00edmbolo de orgullo, una herramienta que cuenta su historia y su tradici\u00f3n, adem\u00e1s de un arte reconocido mundialmente como Patrimonio Cultural Inmaterial de la Humanidad por la UNESCO desde 2010, influyendo [&hellip;]<\/p>\n\n                \n            \n        <\/div><!-- \/.entry-content -->\n        \n\t\t<\/div>\n\t\t<!-- \/.post-content-inner -->\n\t<\/div>\n\t<!-- \/.post-content -->\n\t\n<\/article>\n<!-- \/.post -->\n<article id=\"post-3676\" class=\"post tf_clearfix post-3676 type-post status-publish format-standard hentry category-sin-categoria has-post-title has-post-date has-post-category has-post-tag has-post-comment has-post-author \">\n\t    \n\t\t<div class=\"post-content\">\n\t\t<div class=\"post-content-inner\">\n\n\t\t\t\t\t\t\t\t<div class=\"post-date-wrap post-date-inline\">\n\t\t<time class=\"post-date entry-date updated\" datetime=\"2025-06-26\">\n\t\t\t\t\t<span class=\"year\">26 junio, 2025<\/span>\n\t\t\t\t<\/time>\n\t<\/div><!-- .post-date-wrap -->\n\t\t\t\t\n\t\t\t<h2 class=\"post-title entry-title\"><a href=\"https:\/\/blogsaverroes.juntadeandalucia.es\/ceipsimonfuentes\/2025\/06\/26\/fast-heroes-carboneras\/\">FAST HEROES CARBONERAS<\/a><\/h2>\n\t\t\t\n\t\t\t\n\t\t\t        <div class=\"entry-content\">\n\n        \n            <p>Proyecto Fast Heroes Carboneras, llevado a cabo por nuestra enfermera escolar en las aulas de 2\u00ba de primaria. &nbsp;<\/p>\n\n                \n            \n        <\/div><!-- \/.entry-content -->\n        \n\t\t<\/div>\n\t\t<!-- \/.post-content-inner -->\n\t<\/div>\n\t<!-- \/.post-content -->\n\t\n<\/article>\n<!-- \/.post -->\n    <\/div><!-- .builder-posts-wrap -->\n                                <link rel=\"prefetch\" as=\"document\" href=\"https:\/\/blogsaverroes.juntadeandalucia.es\/ceipsimonfuentes\/wp-json\/wp\/v2\/pages\/2879\/page\/2\/\"\/><div class=\"pagenav tf_clear tf_box tf_textr tf_clearfix \"> <span class=\"number current\">1<\/span> <a href=\"https:\/\/blogsaverroes.juntadeandalucia.es\/ceipsimonfuentes\/wp-json\/wp\/v2\/pages\/2879\/page\/2\/\" class=\"number\">2<\/a> <a href=\"https:\/\/blogsaverroes.juntadeandalucia.es\/ceipsimonfuentes\/wp-json\/wp\/v2\/pages\/2879\/page\/3\/\" class=\"number\">3<\/a> <a href=\"https:\/\/blogsaverroes.juntadeandalucia.es\/ceipsimonfuentes\/wp-json\/wp\/v2\/pages\/2879\/page\/4\/\" class=\"number\">4<\/a><a href=\"https:\/\/blogsaverroes.juntadeandalucia.es\/ceipsimonfuentes\/wp-json\/wp\/v2\/pages\/2879\/page\/2\/\"  class=\"number nextp\">&rsaquo;<\/a><a href=\"https:\/\/blogsaverroes.juntadeandalucia.es\/ceipsimonfuentes\/wp-json\/wp\/v2\/pages\/2879\/page\/48\/\" title=\"&raquo;\" class=\"number lastp\">&raquo;<\/a><\/div>                <\/div>\n<!-- \/module post -->\n            <\/div>\n                        <\/div>\n        <\/div>\n                        <div  data-lazy=\"1\" class=\"module_row themify_builder_row tb_jad9984 tf_w\">\n                        <div class=\"row_inner col_align_top tb_col_count_1 tf_box tf_rel\">\n                        <div  data-lazy=\"1\" class=\"module_column tb-column col-full tb_53xr985 first\">\n                    <!-- module fancy heading -->\n<div  class=\"module module-fancy-heading tb_u64l349 \" data-lazy=\"1\">\n        <h1 class=\"fancy-heading\">\n    <span class=\"main-head tf_block\">\n                    <div style=\"position: relative;width: 100%;height: 0;padding-top: 8.3333%;padding-bottom: 0;margin-top: 1.6em;margin-bottom: 0.9em;overflow: hidden;border-radius: 8px\">   <iframe src=\"https:&#x2F;&#x2F;www.canva.com&#x2F;design&#x2F;DAFch_F_oPM&#x2F;kHK930Ahad3xgY1iE5DNaw&#x2F;view?embed\">   <\/iframe> <\/div> <a href=\"https:&#x2F;&#x2F;www.canva.com&#x2F;design&#x2F;DAFch_F_oPM&#x2F;kHK930Ahad3xgY1iE5DNaw&#x2F;view?utm_content=DAFch_F_oPM&amp;utm_campaign=designshare&amp;utm_medium=embeds&amp;utm_source=link\" target=\"_blank\" rel=\"noopener\">            <\/span>\n\n    \n    <span class=\"sub-head tf_block tf_rel\">\n                                <\/span>\n    <\/h1>\n<\/div>\n<!-- \/module fancy heading -->\n        <\/div>\n                        <\/div>\n        <\/div>\n                        <div  data-lazy=\"1\" class=\"module_row themify_builder_row tb_9t4377 tf_w\">\n                        <div class=\"row_inner col_align_top tb_col_count_1 tf_box tf_rel\">\n                        <div  data-lazy=\"1\" class=\"module_column tb-column col-full tb_djmz78 first\">\n                            <\/div>\n                        <\/div>\n        <\/div>\n        <\/div>\n<!--\/themify_builder_content-->\n<p><\/a><\/p>","protected":false},"excerpt":{"rendered":"<p>BIENVENIDOS A NUESTRO COLEGIO NUESTRO CENTRO AMPA VER M\u00c1S&#8230; PORTAL DE TRANSPARENCIA VER M\u00c1S&#8230; INSTALACIONES VER M\u00c1S&#8230; ADMISI\u00d3N CURSO 26\/27 M\u00c1S INFO \u00daLTIMAS NOTICIAS<\/p>\n","protected":false},"author":7446,"featured_media":0,"parent":0,"menu_order":0,"comment_status":"closed","ping_status":"closed","template":"","meta":{"ngg_post_thumbnail":0,"footnotes":"","_mc_calendar":[]},"aioseo_notices":[],"_links":{"self":[{"href":"https:\/\/blogsaverroes.juntadeandalucia.es\/ceipsimonfuentes\/wp-json\/wp\/v2\/pages\/2879"}],"collection":[{"href":"https:\/\/blogsaverroes.juntadeandalucia.es\/ceipsimonfuentes\/wp-json\/wp\/v2\/pages"}],"about":[{"href":"https:\/\/blogsaverroes.juntadeandalucia.es\/ceipsimonfuentes\/wp-json\/wp\/v2\/types\/page"}],"author":[{"embeddable":true,"href":"https:\/\/blogsaverroes.juntadeandalucia.es\/ceipsimonfuentes\/wp-json\/wp\/v2\/users\/7446"}],"replies":[{"embeddable":true,"href":"https:\/\/blogsaverroes.juntadeandalucia.es\/ceipsimonfuentes\/wp-json\/wp\/v2\/comments?post=2879"}],"version-history":[{"count":63,"href":"https:\/\/blogsaverroes.juntadeandalucia.es\/ceipsimonfuentes\/wp-json\/wp\/v2\/pages\/2879\/revisions"}],"predecessor-version":[{"id":3741,"href":"https:\/\/blogsaverroes.juntadeandalucia.es\/ceipsimonfuentes\/wp-json\/wp\/v2\/pages\/2879\/revisions\/3741"}],"wp:attachment":[{"href":"https:\/\/blogsaverroes.juntadeandalucia.es\/ceipsimonfuentes\/wp-json\/wp\/v2\/media?parent=2879"}],"curies":[{"name":"wp","href":"https:\/\/api.w.org\/{rel}","templated":true}]}}