{"id":3001,"date":"2022-06-09T08:47:42","date_gmt":"2022-06-09T08:47:42","guid":{"rendered":"https:\/\/blogsaverroes.juntadeandalucia.es\/ceipsimonfuentes\/?page_id=3001"},"modified":"2023-09-20T07:47:21","modified_gmt":"2023-09-20T07:47:21","slug":"nuestro-centro","status":"publish","type":"page","link":"https:\/\/blogsaverroes.juntadeandalucia.es\/ceipsimonfuentes\/nuestro-centro\/","title":{"rendered":"NUESTRO CENTRO"},"content":{"rendered":"<!--themify_builder_content-->\n<div id=\"themify_builder_content-3001\" data-postid=\"3001\" class=\"themify_builder_content themify_builder_content-3001 themify_builder tf_clear\">\n                    <div  data-lazy=\"1\" class=\"module_row themify_builder_row tb_co5p257 tb_first tf_w\">\n                        <div class=\"row_inner col_align_top tb_col_count_1 tf_box tf_rel\">\n                        <div  data-lazy=\"1\" class=\"module_column tb-column col-full tb_mp3z259 first\">\n                            <\/div>\n                        <\/div>\n        <\/div>\n                        <div  data-lazy=\"1\" class=\"module_row themify_builder_row tb_s7aq249 tf_w\">\n                        <div class=\"row_inner col_align_top tb_col_count_1 tf_box tf_rel\">\n                        <div  data-lazy=\"1\" class=\"module_column tb-column col-full tb_shdu251 first\">\n                    <!-- module image -->\n<div  class=\"module module-image tb_yq4w252 image-full-overlay   auto_fullwidth tf_mw\" data-lazy=\"1\">\n        <div class=\"image-wrap tf_rel tf_mw\">\n            <img loading=\"lazy\" decoding=\"async\" width=\"1600\" height=\"400\" src=\"https:\/\/blogsaverroes.juntadeandalucia.es\/ceipsimonfuentes\/files\/2022\/06\/CABECERA-LOGO-CENTRO-PAISAJE.png\" class=\"wp-post-image wp-image-3013\" title=\"CABECERA LOGO CENTRO PAISAJE\" alt=\"CABECERA LOGO CENTRO PAISAJE\" srcset=\"https:\/\/blogsaverroes.juntadeandalucia.es\/ceipsimonfuentes\/files\/2022\/06\/CABECERA-LOGO-CENTRO-PAISAJE.png 1600w, https:\/\/blogsaverroes.juntadeandalucia.es\/ceipsimonfuentes\/files\/2022\/06\/CABECERA-LOGO-CENTRO-PAISAJE-300x75.png 300w, https:\/\/blogsaverroes.juntadeandalucia.es\/ceipsimonfuentes\/files\/2022\/06\/CABECERA-LOGO-CENTRO-PAISAJE-1024x256.png 1024w, https:\/\/blogsaverroes.juntadeandalucia.es\/ceipsimonfuentes\/files\/2022\/06\/CABECERA-LOGO-CENTRO-PAISAJE-768x192.png 768w, https:\/\/blogsaverroes.juntadeandalucia.es\/ceipsimonfuentes\/files\/2022\/06\/CABECERA-LOGO-CENTRO-PAISAJE-1536x384.png 1536w\" sizes=\"(max-width: 1600px) 100vw, 1600px\" \/>    \n        <\/div>\n    <!-- \/image-wrap -->\n    \n        <\/div>\n<!-- \/module image -->        <div  data-lazy=\"1\" class=\"module_subrow themify_builder_sub_row tf_w col_align_top tb_col_count_1 tb_x0jl254\">\n                <div  data-lazy=\"1\" class=\"module_column sub_column col-full tb_mlrz255 first\">\n                    <!-- module text -->\n<div  class=\"module module-text tb_fooq255   \" data-lazy=\"1\">\n        <div  class=\"tb_text_wrap\">\n        <h1><span style=\"color: #54c4cc;\">NUESTRO CENTRO<\/span><\/h1>    <\/div>\n<\/div>\n<!-- \/module text --><!-- module text -->\n<div  class=\"module module-text tb_1bp6256   \" data-lazy=\"1\">\n        <div  class=\"tb_text_wrap\">\n        <p><span style=\"color: #000000;\"><strong>WELCOME!<\/strong><\/span><\/p>    <\/div>\n<\/div>\n<!-- \/module text -->        <\/div>\n                    <\/div>\n                <div  data-lazy=\"1\" class=\"module_subrow themify_builder_sub_row tf_w col_align_top tb_col_count_3 tb_aw0s256\">\n                <div  data-lazy=\"1\" class=\"module_column sub_column col3-1 tb_1paq257 first\">\n                    <!-- module text -->\n<div  class=\"module module-text tb_sudn257   \" data-lazy=\"1\">\n        <div  class=\"tb_text_wrap\">\n        <p style=\"text-align: justify;\">Nuestro centro est\u00e1 situado en uno de los puntos m\u00e1s emblem\u00e1ticos de la provincia de Almer\u00eda, en pleno Cabo de Gata. Esta localizaci\u00f3n privilegiada le otorga a nuestro centro la oportunidad de enriquecer los procesos de Ense\u00f1anza Aprendizaje a trav\u00e9s de lo que nos brinda el entorno m\u00e1s pr\u00f3ximo.<\/p>    <\/div>\n<\/div>\n<!-- \/module text -->        <\/div>\n                    <div  data-lazy=\"1\" class=\"module_column sub_column col3-1 tb_tbq3258\">\n                    <!-- module text -->\n<div  class=\"module module-text tb_np4k258   \" data-lazy=\"1\">\n        <div  class=\"tb_text_wrap\">\n        <p style=\"text-align: justify;\">Contamos con multitud de servicios, como transporte escolar, comedor escolar, aula matinal, actividades extraescolares, y un sinf\u00edn de actividades al servicio de la comunidad educativa. Todo ello, con el objetivo de brindar una educaci\u00f3n de calidad que atienda a todos los planos de desarrollo personal.\u00a0<\/p>    <\/div>\n<\/div>\n<!-- \/module text -->        <\/div>\n                    <div  data-lazy=\"1\" class=\"module_column sub_column col3-1 tb_7r5h259 last\">\n                    <!-- module text -->\n<div  class=\"module module-text tb_gfvf259   \" data-lazy=\"1\">\n        <div  class=\"tb_text_wrap\">\n        <p style=\"text-align: justify;\">El centro, de nueva construcci\u00f3n, est\u00e1 dotado de medios tecnol\u00f3gicos suficientes para adaptarse a las nuevas necesidades que demanda el siglo XXI. Con el objetivo de formar alumnos y alumnas que est\u00e9n preparados competencialmente para las exigencias de un futuro no tan lejano que espera su llegada.\u00a0<\/p>    <\/div>\n<\/div>\n<!-- \/module text -->        <\/div>\n                    <\/div>\n                <\/div>\n                        <\/div>\n        <\/div>\n                        <div  data-css_id=\"5zaj249\" data-lazy=\"1\" class=\"module_row themify_builder_row fullwidth_row_container tb_5zaj249 tf_w\">\n            <span class=\"builder_row_cover tf_abs\"><\/span>            <div class=\"row_inner col_align_top tb_col_count_1 tf_box tf_rel\">\n                        <div  data-lazy=\"1\" class=\"module_column tb-column col-full tb_9wey260 first\">\n                    <!-- module text -->\n<div  class=\"module module-text tb_ftkb261   \" data-lazy=\"1\">\n        <div  class=\"tb_text_wrap\">\n        <h3>OFERTA EDUCATIVA<\/h3>\n<p>\u00a0<\/p>    <\/div>\n<\/div>\n<!-- \/module text -->        <\/div>\n                        <\/div>\n        <\/div>\n                        <div  data-lazy=\"1\" class=\"module_row themify_builder_row tb_nnk2249 tf_w\">\n                        <div class=\"row_inner col_align_top tb_col_count_1 tf_box tf_rel\">\n                        <div  data-lazy=\"1\" class=\"module_column tb-column col-full tb_6zk6261 first\">\n                            <div  data-lazy=\"1\" class=\"module_subrow themify_builder_sub_row tf_w gutter-none col_align_top tb_col_count_4 tb_76oy262\">\n                <div  data-lazy=\"1\" class=\"module_column sub_column col4-1 tb_27rz262 first\">\n                    <!-- module image -->\n<div  class=\"module module-image tb_18dg262 image-top   tf_mw\" data-lazy=\"1\">\n        <div class=\"image-wrap tf_rel tf_mw\">\n            <img loading=\"lazy\" decoding=\"async\" src=\"https:\/\/themify.me\/demo\/themes\/ultra-gadgets\/files\/2021\/03\/free.png\" width=\"61\" height=\"59\" title=\"Aula Matinal\" alt=\"Aula Matinal\">    \n        <\/div>\n    <!-- \/image-wrap -->\n    \n        <div class=\"image-content\">\n                    <h3 class=\"image-title\">\n                                    Aula Matinal                            <\/h3>\n                    <\/div>\n    <!-- \/image-content -->\n        <\/div>\n<!-- \/module image -->        <\/div>\n                    <div  data-lazy=\"1\" class=\"module_column sub_column col4-1 tb_3biv262\">\n                    <!-- module image -->\n<div  class=\"module module-image tb_cpvq263 image-top   tf_mw\" data-lazy=\"1\">\n        <div class=\"image-wrap tf_rel tf_mw\">\n            <img loading=\"lazy\" decoding=\"async\" src=\"https:\/\/themify.me\/demo\/themes\/ultra-gadgets\/files\/2021\/03\/free-return.png\" width=\"61\" height=\"59\" title=\"Transporte Escolar\" alt=\"Transporte Escolar\">    \n        <\/div>\n    <!-- \/image-wrap -->\n    \n        <div class=\"image-content\">\n                    <h3 class=\"image-title\">\n                                    Transporte Escolar                            <\/h3>\n                    <\/div>\n    <!-- \/image-content -->\n        <\/div>\n<!-- \/module image -->        <\/div>\n                    <div  data-lazy=\"1\" class=\"module_column sub_column col4-1 tb_mp2c263\">\n                    <!-- module image -->\n<div  class=\"module module-image tb_tpbb263 image-top   tf_mw\" data-lazy=\"1\">\n        <div class=\"image-wrap tf_rel tf_mw\">\n            <a href=\"https:\/\/blogsaverroes.juntadeandalucia.es\/ceipsimonfuentes\/2023\/09\/20\/menu-de-comedor-curso-23-24\/\">\n                   <img loading=\"lazy\" decoding=\"async\" src=\"https:\/\/themify.me\/demo\/themes\/ultra-gadgets\/files\/2021\/03\/low-price.png\" width=\"61\" height=\"59\" title=\"Comedor Escolar\" alt=\"Comedor Escolar\">        <\/a>\n    \n        <\/div>\n    <!-- \/image-wrap -->\n    \n        <div class=\"image-content\">\n                    <h3 class=\"image-title\">\n                                    <a href=\"https:\/\/blogsaverroes.juntadeandalucia.es\/ceipsimonfuentes\/2023\/09\/20\/menu-de-comedor-curso-23-24\/\">\n                        Comedor Escolar                    <\/a>\n                            <\/h3>\n                    <\/div>\n    <!-- \/image-content -->\n        <\/div>\n<!-- \/module image -->        <\/div>\n                    <div  data-lazy=\"1\" class=\"module_column sub_column col4-1 tb_b7bv263 last\">\n                    <!-- module image -->\n<div  class=\"module module-image tb_depn264 image-top   tf_mw\" data-lazy=\"1\">\n        <div class=\"image-wrap tf_rel tf_mw\">\n            <img loading=\"lazy\" decoding=\"async\" src=\"https:\/\/themify.me\/demo\/themes\/ultra-gadgets\/files\/2021\/03\/support.png\" width=\"61\" height=\"59\" title=\"Actividades Extraescolares\" alt=\"Actividades Extraescolares\">    \n        <\/div>\n    <!-- \/image-wrap -->\n    \n        <div class=\"image-content\">\n                    <h3 class=\"image-title\">\n                                    Actividades Extraescolares                            <\/h3>\n                    <\/div>\n    <!-- \/image-content -->\n        <\/div>\n<!-- \/module image -->        <\/div>\n                    <\/div>\n                <\/div>\n                        <\/div>\n        <\/div>\n                        <div  data-css_id=\"40ab249\" data-lazy=\"1\" class=\"module_row themify_builder_row fullwidth tb_40ab249 tf_w\">\n                        <div class=\"row_inner col_align_top tb_col_count_1 tf_box tf_rel\">\n                        <div  data-lazy=\"1\" class=\"module_column tb-column col-full tb_jaxl269 first\">\n                    <!-- module plain text -->\n<div  class=\"module module-plain-text tb_lhga36  wow\" data-tf-animation=\"fadeIn\" data-lazy=\"1\" data-lax-translate-y=\"(vh*0.28) 0,(vh*0) -70\" data-lax=\"true\">\n        <div class=\"tb_text_wrap\">\n    D\u00d3NDE ESTAMOS    <\/div>\n<\/div>\n<!-- \/module plain text --><!-- module map -->\n<div  class=\"module module-map tb_0cet564 \">\n    <h3 class=\"module-title\"><iframe src=\"https:\/\/www.google.com\/maps\/embed?pb=!1m18!1m12!1m3!1d3186.158787116757!2d-1.8970395843745638!3d37.006008079906714!2m3!1f0!2f0!3f0!3m2!1i1024!2i768!4f13.1!3m3!1m2!1s0xd7adf65ef260ee5%3A0x1ca10efc6f90de2b!2sCeip%20simon%20fuentes!5e0!3m2!1ses!2ses!4v1654789435203!5m2!1ses!2ses\" width=\"1920\" height=\"600\" style=\"border:0;\" allowfullscreen=\"\" loading=\"lazy\" referrerpolicy=\"no-referrer-when-downgrade\"><\/iframe><\/h3><\/div>\n<!-- \/module map -->\n        <\/div>\n                        <\/div>\n        <\/div>\n                        <div  data-css_id=\"wtsn139\" data-lazy=\"1\" class=\"module_row themify_builder_row fullwidth tb_wtsn139 tf_w\">\n                        <div class=\"row_inner col_align_top tb_col_count_1 tf_box tf_rel\">\n                        <div  data-lazy=\"1\" class=\"module_column tb-column col-full tb_dwje141 first\">\n                    <!-- module map -->\n<div  class=\"module module-map tb_hsuv748 \">\n                                    <link rel=\"preconnect\" href=\"https:\/\/maps.googleapis.com\" crossorigin\/>\n                <div data-lazy=\"1\"             data-map-provider=\"google\"\n                            data-mapid=\"\"\n             \n            data-address=\"AIzaSyDxUn5N-FDX8esEbvfh3nF14WLMIqkZh9k\"\n            data-zoom=\"8\"\n            data-type=\"ROADMAP\"\n            data-scroll=\"\"\n            data-drag=\"1\"\n            data-mdrag=\"1\"\n            data-control=\"\"\n            class=\"tf_lazy themify_map\"\n            style=\"width:100%;height:100%;\"\n            data-info-window=\"&lt;b&gt;Address&lt;\/b&gt;&lt;br\/&gt;&lt;p&gt;AIzaSyDxUn5N-FDX8esEbvfh3nF14WLMIqkZh9k&lt;\/p&gt;\"\n            data-reverse-geocoding=\"\">\n        <\/div>\n    <\/div>\n<!-- \/module map -->\n        <div  data-lazy=\"1\" class=\"module_subrow themify_builder_sub_row tf_w col_align_top tb_col_count_2 tb_c80f142\">\n                <div  data-lazy=\"1\" class=\"module_column sub_column col2-1 tb_hbtf142 first\">\n                    <!-- module text -->\n<div  class=\"module module-text tb_fwl0142  repeat \" data-lazy=\"1\">\n        <div  class=\"tb_text_wrap\">\n            <\/div>\n<\/div>\n<!-- \/module text --><!-- module text -->\n<div  class=\"module module-text tb_p6wi142  repeat \" data-lazy=\"1\">\n        <div  class=\"tb_text_wrap\">\n            <\/div>\n<\/div>\n<!-- \/module text --><!-- module divider -->\n<div  class=\"module tf_mw module-divider tb_iwe7143 solid   \" style=\"border-width: 1px;border-color: #ebebeb;margin-top: 10px;margin-bottom: 30px;\" data-lazy=\"1\">\n    <\/div>\n<!-- \/module divider -->\n<!-- module icon -->\n<div  class=\"module module-icon tb_a1fl143  small none icon_vertical \" data-lazy=\"1\">\n            <div class=\"module-icon-item\">\n                                                                                                        <span>950451671<\/span>\n                                                            <\/div>\n            <div class=\"module-icon-item\">\n                                                                <em class=\"tf_boxblue\"><svg  class=\"tf_fa tf-far-envelope\" aria-hidden=\"true\"><use href=\"#tf-far-envelope\"><\/use><\/svg><\/em>\n                                                                            <span>ceipsimonfuentes2.0@gmail.com<\/span>\n                                                            <\/div>\n            <div class=\"module-icon-item\">\n                                                                <em class=\"tf_boxblue\"><svg  class=\"tf_fa tf-far-map-pin\" aria-hidden=\"true\"><use href=\"#tf-far-map-pin\"><\/use><\/svg><\/em>\n                                                                            <span>Joan Manuel Serrat, sn<\/span>\n                                                            <\/div>\n    <\/div>\n<!-- \/module icon -->\n        <\/div>\n                    <div  data-lazy=\"1\" class=\"module_column sub_column col2-1 tb_5mk5143 last\">\n                    <!-- module text -->\n<div  class=\"module module-text tb_z49l143   \" data-lazy=\"1\">\n        <div  class=\"tb_text_wrap\">\n        <h4>Email Us<\/h4>    <\/div>\n<\/div>\n<!-- \/module text -->        <\/div>\n                    <\/div>\n                <\/div>\n                        <\/div>\n        <\/div>\n                        <div  data-lazy=\"1\" class=\"module_row themify_builder_row tb_f5nc844 tf_w\">\n                        <div class=\"row_inner col_align_top tb_col_count_1 tf_box tf_rel\">\n                        <div  data-lazy=\"1\" class=\"module_column tb-column col-full tb_cqgy846 first\">\n                            <\/div>\n                        <\/div>\n        <\/div>\n        <\/div>\n<!--\/themify_builder_content-->","protected":false},"excerpt":{"rendered":"<p>NUESTRO CENTRO WELCOME! Nuestro centro est\u00e1 situado en uno de los puntos m\u00e1s emblem\u00e1ticos de la provincia de Almer\u00eda, en pleno Cabo de Gata. Esta localizaci\u00f3n privilegiada le otorga a nuestro centro la oportunidad de enriquecer los procesos de Ense\u00f1anza Aprendizaje a trav\u00e9s de lo que nos brinda el entorno m\u00e1s pr\u00f3ximo. Contamos con multitud [&hellip;]<\/p>\n","protected":false},"author":7446,"featured_media":0,"parent":0,"menu_order":0,"comment_status":"closed","ping_status":"closed","template":"","meta":{"ngg_post_thumbnail":0,"footnotes":"","_mc_calendar":[]},"aioseo_notices":[],"_links":{"self":[{"href":"https:\/\/blogsaverroes.juntadeandalucia.es\/ceipsimonfuentes\/wp-json\/wp\/v2\/pages\/3001"}],"collection":[{"href":"https:\/\/blogsaverroes.juntadeandalucia.es\/ceipsimonfuentes\/wp-json\/wp\/v2\/pages"}],"about":[{"href":"https:\/\/blogsaverroes.juntadeandalucia.es\/ceipsimonfuentes\/wp-json\/wp\/v2\/types\/page"}],"author":[{"embeddable":true,"href":"https:\/\/blogsaverroes.juntadeandalucia.es\/ceipsimonfuentes\/wp-json\/wp\/v2\/users\/7446"}],"replies":[{"embeddable":true,"href":"https:\/\/blogsaverroes.juntadeandalucia.es\/ceipsimonfuentes\/wp-json\/wp\/v2\/comments?post=3001"}],"version-history":[{"count":8,"href":"https:\/\/blogsaverroes.juntadeandalucia.es\/ceipsimonfuentes\/wp-json\/wp\/v2\/pages\/3001\/revisions"}],"predecessor-version":[{"id":3348,"href":"https:\/\/blogsaverroes.juntadeandalucia.es\/ceipsimonfuentes\/wp-json\/wp\/v2\/pages\/3001\/revisions\/3348"}],"wp:attachment":[{"href":"https:\/\/blogsaverroes.juntadeandalucia.es\/ceipsimonfuentes\/wp-json\/wp\/v2\/media?parent=3001"}],"curies":[{"name":"wp","href":"https:\/\/api.w.org\/{rel}","templated":true}]}}