{"id":3145,"date":"2022-11-14T08:19:45","date_gmt":"2022-11-14T08:19:45","guid":{"rendered":"https:\/\/blogsaverroes.juntadeandalucia.es\/ceipsimonfuentes\/?page_id=3145"},"modified":"2023-03-07T15:25:50","modified_gmt":"2023-03-07T15:25:50","slug":"portal-de-transparencia","status":"publish","type":"page","link":"https:\/\/blogsaverroes.juntadeandalucia.es\/ceipsimonfuentes\/portal-de-transparencia\/","title":{"rendered":"PORTAL DE TRANSPARENCIA"},"content":{"rendered":"<!--themify_builder_content-->\n<div id=\"themify_builder_content-3145\" data-postid=\"3145\" class=\"themify_builder_content themify_builder_content-3145 themify_builder tf_clear\">\n                    <div  data-lazy=\"1\" class=\"module_row themify_builder_row tb_otc0604 tb_first tf_w\">\n                        <div class=\"row_inner col_align_top tb_col_count_1 tf_box tf_rel\">\n                        <div  data-lazy=\"1\" class=\"module_column tb-column col-full tb_wr0w605 first\">\n                    <!-- module plain text -->\n<div  class=\"module module-plain-text tb_rq56878 \" data-lazy=\"1\">\n        <div class=\"tb_text_wrap\">\n    <div style=\"position: relative; width: 100%; height: 0; padding-top: 25.0000%;\n padding-bottom: 0; box-shadow: 0 2px 8px 0 rgba(63,69,81,0.16); margin-top: 1.6em; margin-bottom: 0.9em; overflow: hidden;\n border-radius: 8px; will-change: transform;\">\n  <iframe loading=\"lazy\" style=\"position: absolute; width: 100%; height: 100%; top: 0; left: 0; border: none; padding: 0;margin: 0;\"\n    src=\"https:&#x2F;&#x2F;www.canva.com&#x2F;design&#x2F;DAFR6B9OTWA&#x2F;view?embed\" allowfullscreen=\"allowfullscreen\" allow=\"fullscreen\">\n  <\/iframe>\n<\/div>\n<a href=\"https:&#x2F;&#x2F;www.canva.com&#x2F;design&#x2F;DAFR6B9OTWA&#x2F;view?utm_content=DAFR6B9OTWA&amp;utm_campaign=designshare&amp;utm_medium=embeds&amp;utm_source=link\" target=\"_blank\" rel=\"noopener\">    <\/div>\n<\/div>\n<!-- \/module plain text --><!-- module divider -->\n<div  class=\"module tf_mw module-divider tb_mkzt955 double   \" style=\"border-width: 1px;border-color: #ffffff;\" data-lazy=\"1\">\n    <\/div>\n<!-- \/module divider -->\n        <\/div>\n                        <\/div>\n        <\/div>\n                        <div  data-lazy=\"1\" class=\"module_row themify_builder_row tb_kwgq507 tf_w\">\n                        <div class=\"row_inner col_align_top tb_col_count_1 tf_box tf_rel\">\n                        <div  data-lazy=\"1\" class=\"module_column tb-column col-full tb_ir1n507 first\">\n                    <!-- module plain text -->\n<div  class=\"module module-plain-text tb_u1cm916 \" data-lazy=\"1\">\n        <div class=\"tb_text_wrap\">\n    Este espacio ha sido pensado y construido para compartir con toda la comunidad educativa aquellos documentos, materiales o eventos comunes. \n\nSi crees que hay algo que deber\u00eda estar escribe a ceipsimonfuentes2.0@gmail.com y cu\u00e9ntanos esa inquietud.    <\/div>\n<\/div>\n<!-- \/module plain text -->        <\/div>\n                        <\/div>\n        <\/div>\n                        <div  data-lazy=\"1\" class=\"module_row themify_builder_row tb_my2h617 tf_w\">\n                        <div class=\"row_inner col_align_top tb_col_count_3 tf_box tf_rel\">\n                        <div  data-lazy=\"1\" class=\"module_column tb-column col3-1 tb_2jeq617 first\">\n                    <!-- module buttons -->\n<div  class=\"module module-buttons tb_36gc739 buttons-horizontal solid  large circle buttons-fullwidth\" data-lazy=\"1\">\n        <div class=\"module-buttons-item tf_in_flx\">\n                        <a href=\"https:\/\/blogsaverroes.juntadeandalucia.es\/ceipsimonfuentes\/programaciones\/\" class=\"ui builder_button tf_in_flx green\" >\n                                                PROGRAMACIONES                                        <\/a>\n                <\/div>\n            <\/div>\n<!-- \/module buttons -->\n        <\/div>\n                    <div  data-lazy=\"1\" class=\"module_column tb-column col3-1 tb_7yv2617\">\n                    <!-- module buttons -->\n<div  class=\"module module-buttons tb_54ur578 buttons-horizontal solid  large circle buttons-fullwidth\" data-lazy=\"1\">\n        <div class=\"module-buttons-item tf_in_flx\">\n                        <a href=\"https:\/\/blogsaverroes.juntadeandalucia.es\/ceipsimonfuentes\/proyecto-educativo-2\/\" class=\"ui builder_button tf_in_flx yellow\" >\n                                                P. EDUCATIVO                                        <\/a>\n                <\/div>\n            <\/div>\n<!-- \/module buttons -->\n        <\/div>\n                    <div  data-lazy=\"1\" class=\"module_column tb-column col3-1 tb_6m6n617 last\">\n                    <!-- module buttons -->\n<div  class=\"module module-buttons tb_8k17854 buttons-horizontal solid  large circle buttons-fullwidth\" data-lazy=\"1\">\n        <div class=\"module-buttons-item tf_in_flx\">\n                        <a href=\"https:\/\/blogsaverroes.juntadeandalucia.es\/ceipsimonfuentes\/horarios-centro\/\" class=\"ui builder_button tf_in_flx orange\" >\n                                                HORARIOS                                        <\/a>\n                <\/div>\n            <\/div>\n<!-- \/module buttons -->\n        <\/div>\n                        <\/div>\n        <\/div>\n                        <div  data-lazy=\"1\" class=\"module_row themify_builder_row accounting-services accounting-services-border tb_z4g2803 tf_w\">\n                        <div class=\"row_inner col_align_top tb_col_count_1 tf_box tf_rel\">\n                        <div  data-lazy=\"1\" class=\"module_column tb-column col-full tb_yomb804 first\">\n                    <!-- module fancy heading -->\n<div  class=\"module module-fancy-heading tb_tgaz805  tb_hide_divider\" data-lazy=\"1\">\n        <h2 class=\"fancy-heading tf_textc\">\n    <span class=\"main-head tf_block\">\n                    M\u00e1s a fondo            <\/span>\n\n    \n    <span class=\"sub-head tf_block tf_rel\">\n                    PROTOCOLOS, PROYECTOS Y DEM\u00c1S            <\/span>\n    <\/h2>\n<\/div>\n<!-- \/module fancy heading -->\n        <div  data-lazy=\"1\" class=\"module_subrow themify_builder_sub_row tf_w gutter-none col_align_top tb_col_count_3 tb_8ouz805\">\n                <div  data-lazy=\"1\" class=\"module_column sub_column col3-1 tb_wp2t805 first\">\n                    <!-- module image -->\n<div  class=\"module module-image tb_ywp9808 image-center   tf_mw wow\" data-tf-animation=\"zoomIn\" data-tf-animation_delay=\".6\" data-lazy=\"1\">\n        <div class=\"image-wrap tf_rel tf_mw\">\n            <img loading=\"lazy\" decoding=\"async\" src=\"https:\/\/themify.me\/demo\/themes\/ultra-accountant\/files\/2017\/07\/cra-audit.png\" width=\"54\" height=\"70\" title=\"PROTOCOLOS\" alt=\"PROTOCOLOS\">    \n        <\/div>\n    <!-- \/image-wrap -->\n    \n        <div class=\"image-content\">\n                    <h3 class=\"image-title\">\n                                    PROTOCOLOS                            <\/h3>\n                    <\/div>\n    <!-- \/image-content -->\n        <\/div>\n<!-- \/module image -->        <\/div>\n                    <div  data-lazy=\"1\" class=\"module_column sub_column col3-1 tb_t7wg806\">\n                    <!-- module image -->\n<div  class=\"module module-image tb_tyw6806 image-center   tf_mw wow\" data-tf-animation=\"zoomIn\" data-tf-animation_delay=\".2\" data-lazy=\"1\">\n        <div class=\"image-wrap tf_rel tf_mw\">\n            <img loading=\"lazy\" decoding=\"async\" src=\"https:\/\/themify.me\/demo\/themes\/ultra-accountant\/files\/2017\/07\/incorporation.png\" width=\"76\" height=\"70\" title=\"INDICADORES DE AUTOEVALUACI\u00d3N\" alt=\"INDICADORES DE AUTOEVALUACI\u00d3N\">    \n        <\/div>\n    <!-- \/image-wrap -->\n    \n        <div class=\"image-content\">\n                    <h3 class=\"image-title\">\n                                    INDICADORES DE AUTOEVALUACI\u00d3N                            <\/h3>\n                    <\/div>\n    <!-- \/image-content -->\n        <\/div>\n<!-- \/module image -->        <\/div>\n                    <div  data-lazy=\"1\" class=\"module_column sub_column col3-1 tb_j177806 last\">\n                    <!-- module image -->\n<div  class=\"module module-image tb_13jm808 image-center   tf_mw wow\" data-tf-animation=\"zoomIn\" data-tf-animation_delay=\".8\" data-lazy=\"1\">\n        <div class=\"image-wrap tf_rel tf_mw\">\n            <img loading=\"lazy\" decoding=\"async\" src=\"https:\/\/themify.me\/demo\/themes\/ultra-accountant\/files\/2017\/07\/business-registration.png\" width=\"61\" height=\"70\" title=\"PLANES Y PROYECTOS\" alt=\"PLANES Y PROYECTOS\">    \n        <\/div>\n    <!-- \/image-wrap -->\n    \n        <div class=\"image-content\">\n                    <h3 class=\"image-title\">\n                                    PLANES Y PROYECTOS                            <\/h3>\n                    <\/div>\n    <!-- \/image-content -->\n        <\/div>\n<!-- \/module image -->        <\/div>\n                    <\/div>\n                <div  data-lazy=\"1\" class=\"module_subrow themify_builder_sub_row tf_w gutter-none col_align_top tb_col_count_3 tb_quc2807\">\n                <div  data-lazy=\"1\" class=\"module_column sub_column col3-1 tb_4iqz807 first\">\n                            <\/div>\n                    <div  data-lazy=\"1\" class=\"module_column sub_column col3-1 tb_98y4808\">\n                            <\/div>\n                    <div  data-lazy=\"1\" class=\"module_column sub_column col3-1 tb_04gn808 last\">\n                            <\/div>\n                    <\/div>\n                <\/div>\n                        <\/div>\n        <\/div>\n        <\/div>\n<!--\/themify_builder_content-->","protected":false},"excerpt":{"rendered":"<p>Este espacio ha sido pensado y construido para compartir con toda la comunidad educativa aquellos documentos, materiales o eventos comunes. Si crees que hay algo que deber\u00eda estar escribe a ceipsimonfuentes2.0@gmail.com y cu\u00e9ntanos esa inquietud. PROGRAMACIONES P. EDUCATIVO HORARIOS M\u00e1s a fondoPROTOCOLOS, PROYECTOS Y DEM\u00c1S PROTOCOLOS INDICADORES DE AUTOEVALUACI\u00d3N PLANES Y PROYECTOS<\/p>\n","protected":false},"author":7446,"featured_media":0,"parent":0,"menu_order":0,"comment_status":"closed","ping_status":"closed","template":"","meta":{"ngg_post_thumbnail":0,"footnotes":"","_mc_calendar":[]},"aioseo_notices":[],"_links":{"self":[{"href":"https:\/\/blogsaverroes.juntadeandalucia.es\/ceipsimonfuentes\/wp-json\/wp\/v2\/pages\/3145"}],"collection":[{"href":"https:\/\/blogsaverroes.juntadeandalucia.es\/ceipsimonfuentes\/wp-json\/wp\/v2\/pages"}],"about":[{"href":"https:\/\/blogsaverroes.juntadeandalucia.es\/ceipsimonfuentes\/wp-json\/wp\/v2\/types\/page"}],"author":[{"embeddable":true,"href":"https:\/\/blogsaverroes.juntadeandalucia.es\/ceipsimonfuentes\/wp-json\/wp\/v2\/users\/7446"}],"replies":[{"embeddable":true,"href":"https:\/\/blogsaverroes.juntadeandalucia.es\/ceipsimonfuentes\/wp-json\/wp\/v2\/comments?post=3145"}],"version-history":[{"count":10,"href":"https:\/\/blogsaverroes.juntadeandalucia.es\/ceipsimonfuentes\/wp-json\/wp\/v2\/pages\/3145\/revisions"}],"predecessor-version":[{"id":3268,"href":"https:\/\/blogsaverroes.juntadeandalucia.es\/ceipsimonfuentes\/wp-json\/wp\/v2\/pages\/3145\/revisions\/3268"}],"wp:attachment":[{"href":"https:\/\/blogsaverroes.juntadeandalucia.es\/ceipsimonfuentes\/wp-json\/wp\/v2\/media?parent=3145"}],"curies":[{"name":"wp","href":"https:\/\/api.w.org\/{rel}","templated":true}]}}