{"id":3173,"date":"2022-11-22T09:31:02","date_gmt":"2022-11-22T09:31:02","guid":{"rendered":"https:\/\/blogsaverroes.juntadeandalucia.es\/ceipsimonfuentes\/?page_id=3173"},"modified":"2022-11-22T10:01:36","modified_gmt":"2022-11-22T10:01:36","slug":"programaciones","status":"publish","type":"page","link":"https:\/\/blogsaverroes.juntadeandalucia.es\/ceipsimonfuentes\/programaciones\/","title":{"rendered":"PROGRAMACIONES"},"content":{"rendered":"<!--themify_builder_content-->\n<div id=\"themify_builder_content-3173\" data-postid=\"3173\" class=\"themify_builder_content themify_builder_content-3173 themify_builder tf_clear\">\n                    <div  data-lazy=\"1\" class=\"module_row themify_builder_row tb_0v65704 tb_first tf_w\">\n                        <div class=\"row_inner col_align_top tb_col_count_1 tf_box tf_rel\">\n                        <div  data-lazy=\"1\" class=\"module_column tb-column col-full tb_q68z704 first\">\n                            <\/div>\n                        <\/div>\n        <\/div>\n                        <div  data-lazy=\"1\" class=\"module_row themify_builder_row tb_tho9737 tf_w\">\n            <span class=\"builder_row_cover tf_abs\"><\/span>            <div class=\"row_inner col_align_top tb_col_count_1 tf_box tf_rel\">\n                        <div  data-lazy=\"1\" class=\"module_column tb-column col-full tb_li69738 first\">\n                    <!-- module accordion -->\n<div  class=\"module module-accordion tb_3m5o752 \" data-behavior=\"toggle\" data-lazy=\"1\">\n    \n    <ul class=\"ui module-accordion   tb_default_color\">\n            <li>\n            <div class=\"accordion-title tf_rel\">\n                <a href=\"#acc-3m5o752-0\" class=\"tb_title_accordion\" aria-controls=\"acc-3m5o752-0-content\" aria-expanded=\"false\">\n                                                            PROGRAMACI\u00d3N INFANTIL                <\/a>\n            <\/div><!-- .accordion-title -->\n            <div id=\"acc-3m5o752-0-content\" data-id=\"acc-3m5o752-0\" aria-hidden=\"true\" class=\"accordion-content tf_hide tf_clearfix\">\n                                    <div class=\"tb_text_wrap\">\n                        <div style=\"text-align:center;\">\n<div style=\"margin:8px 0px 4px;\"><a href=\"https:\/\/www.calameo.com\/books\/00692082099564248b242\" target=\"_blank\">PROPUESTA PEDAGO\u0301GICA 2\u00ba CICLO INFANTIL<\/a><\/div>\n<p><iframe loading=\"lazy\" src=\"\/\/v.calameo.com\/?bkcode=00692082099564248b242&#038;mode=mini\" width=\"1080\" height=\"900\" frameborder=\"0\" scrolling=\"no\" allowtransparency allowfullscreen style=\"margin:0 auto;\"><\/iframe><\/p>\n<div style=\"margin:4px 0px 8px;\"><a href=\"http:\/\/www.calameo.com\/\" target=\"_blank\">Leer m\u00e1s publicaciones en Calam\u00e9o<\/a><\/div>\n<\/div>\n                    <\/div>\n                            <\/div><!-- .accordion-content -->\n        <\/li>\n        <\/ul>\n\n<\/div><!-- \/module accordion --><!-- module accordion -->\n<div  class=\"module module-accordion tb_kb7645 \" data-behavior=\"toggle\" data-lazy=\"1\">\n    \n    <ul class=\"ui module-accordion   tb_default_color\">\n            <li>\n            <div class=\"accordion-title tf_rel\">\n                <a href=\"#acc-kb7645-0\" class=\"tb_title_accordion\" aria-controls=\"acc-kb7645-0-content\" aria-expanded=\"false\">\n                                                            PROPUESTA PEDAG\u00d3GICA 2\u00ba CICLO DE EDUCACI\u00d3N INFANTIL                <\/a>\n            <\/div><!-- .accordion-title -->\n            <div id=\"acc-kb7645-0-content\" data-id=\"acc-kb7645-0\" aria-hidden=\"true\" class=\"accordion-content tf_hide tf_clearfix\">\n                                    <div class=\"tb_text_wrap\">\n                        <div style=\"text-align: center;\">\n<div style=\"margin: 8px 0px 4px;\"><a href=\"https:\/\/www.calameo.com\/books\/00692082099564248b242\" target=\"_blank\" rel=\"noopener\">PROPUESTA PEDAGO\u0301GICA 2\u00ba CICLO INFANTIL<\/a><\/div>\n<p><iframe loading=\"lazy\" style=\"margin: 0 auto;\" src=\"\/\/v.calameo.com\/?bkcode=00692082099564248b242&amp;mode=mini\" width=\"1080\" height=\"900\" frameborder=\"0\" scrolling=\"no\" allowfullscreen=\"allowfullscreen\"><\/iframe><\/p>\n<div style=\"margin: 4px 0px 8px;\"><a href=\"http:\/\/www.calameo.com\/\" target=\"_blank\" rel=\"noopener\">Leer m\u00e1s publicaciones en Calam\u00e9o<\/a><\/div>\n<\/div>                    <\/div>\n                            <\/div><!-- .accordion-content -->\n        <\/li>\n        <\/ul>\n\n<\/div><!-- \/module accordion --><!-- module accordion -->\n<div  class=\"module module-accordion tb_iyh8132 \" data-behavior=\"toggle\" data-lazy=\"1\">\n    \n    <ul class=\"ui module-accordion   tb_default_color\">\n            <li>\n            <div class=\"accordion-title tf_rel\">\n                <a href=\"#acc-iyh8132-0\" class=\"tb_title_accordion\" aria-controls=\"acc-iyh8132-0-content\" aria-expanded=\"false\">\n                                                            PROGRAMACI\u00d3N 1\u00ba CICLO DE EDUCACI\u00d3N PRIMARIA                <\/a>\n            <\/div><!-- .accordion-title -->\n            <div id=\"acc-iyh8132-0-content\" data-id=\"acc-iyh8132-0\" aria-hidden=\"true\" class=\"accordion-content tf_hide tf_clearfix\">\n                                    <div class=\"tb_text_wrap\">\n                        <div style=\"text-align: center;\">\n<div style=\"margin: 8px 0px 4px;\"><a href=\"https:\/\/www.calameo.com\/books\/00692082099564248b242\" target=\"_blank\" rel=\"noopener\">PROPUESTA PEDAGO\u0301GICA 2\u00ba CICLO INFANTIL<\/a><\/div>\n<p><iframe loading=\"lazy\" style=\"margin: 0 auto;\" src=\"\/\/v.calameo.com\/?bkcode=00692082099564248b242&amp;mode=mini\" width=\"1080\" height=\"900\" frameborder=\"0\" scrolling=\"no\" allowfullscreen=\"allowfullscreen\"><\/iframe><\/p>\n<div style=\"margin: 4px 0px 8px;\"><a href=\"http:\/\/www.calameo.com\/\" target=\"_blank\" rel=\"noopener\">Leer m\u00e1s publicaciones en Calam\u00e9o<\/a><\/div>\n<\/div>                    <\/div>\n                            <\/div><!-- .accordion-content -->\n        <\/li>\n        <\/ul>\n\n<\/div><!-- \/module accordion --><!-- module accordion -->\n<div  class=\"module module-accordion tb_a3w632 \" data-behavior=\"toggle\" data-lazy=\"1\">\n    \n    <ul class=\"ui module-accordion   tb_default_color\">\n            <li>\n            <div class=\"accordion-title tf_rel\">\n                <a href=\"#acc-a3w632-0\" class=\"tb_title_accordion\" aria-controls=\"acc-a3w632-0-content\" aria-expanded=\"false\">\n                                                            PROGRAMACI\u00d3N 2\u00ba CICLO DE EDUCACI\u00d3N PRIMARIA                <\/a>\n            <\/div><!-- .accordion-title -->\n            <div id=\"acc-a3w632-0-content\" data-id=\"acc-a3w632-0\" aria-hidden=\"true\" class=\"accordion-content tf_hide tf_clearfix\">\n                                    <div class=\"tb_text_wrap\">\n                        <div style=\"text-align: center;\">\n<div style=\"margin: 8px 0px 4px;\"><a href=\"https:\/\/www.calameo.com\/books\/006920820564bdd93b257\" target=\"_blank\" rel=\"noopener\">Prog 2\u00ba Ciclo<\/a><\/div>\n<p><iframe loading=\"lazy\" style=\"margin: 0 auto;\" src=\"\/\/v.calameo.com\/?bkcode=006920820564bdd93b257&amp;mode=mini\" width=\"1080\" height=\"900\" frameborder=\"0\" scrolling=\"no\" allowfullscreen=\"allowfullscreen\"><\/iframe><\/p>\n<div style=\"margin: 4px 0px 8px;\"><a href=\"http:\/\/www.calameo.com\/\" target=\"_blank\" rel=\"noopener\">Leer m\u00e1s publicaciones en Calam\u00e9o<\/a><\/div>\n<\/div>                    <\/div>\n                            <\/div><!-- .accordion-content -->\n        <\/li>\n        <\/ul>\n\n<\/div><!-- \/module accordion --><!-- module accordion -->\n<div  class=\"module module-accordion tb_gc3i865 \" data-behavior=\"toggle\" data-lazy=\"1\">\n    \n    <ul class=\"ui module-accordion   tb_default_color\">\n            <li>\n            <div class=\"accordion-title tf_rel\">\n                <a href=\"#acc-gc3i865-0\" class=\"tb_title_accordion\" aria-controls=\"acc-gc3i865-0-content\" aria-expanded=\"false\">\n                                                            PROGRAMACI\u00d3N 3\u00ba CICLO DE EDUCACI\u00d3N PRIMARIA                <\/a>\n            <\/div><!-- .accordion-title -->\n            <div id=\"acc-gc3i865-0-content\" data-id=\"acc-gc3i865-0\" aria-hidden=\"true\" class=\"accordion-content tf_hide tf_clearfix\">\n                                    <div class=\"tb_text_wrap\">\n                        <div style=\"text-align:center;\">\n<div style=\"margin:8px 0px 4px;\"><a href=\"https:\/\/www.calameo.com\/books\/00692082001edb1a814d7\" target=\"_blank\">Progr 3\u00baciclo<\/a><\/div>\n<p><iframe loading=\"lazy\" src=\"\/\/v.calameo.com\/?bkcode=00692082001edb1a814d7&#038;mode=mini\" width=\"1080\" height=\"900\" frameborder=\"0\" scrolling=\"no\" allowtransparency allowfullscreen style=\"margin:0 auto;\"><\/iframe><\/p>\n<div style=\"margin:4px 0px 8px;\"><a href=\"http:\/\/www.calameo.com\/\" target=\"_blank\">Leer m\u00e1s publicaciones en Calam\u00e9o<\/a><\/div>\n<\/div>\n                    <\/div>\n                            <\/div><!-- .accordion-content -->\n        <\/li>\n        <\/ul>\n\n<\/div><!-- \/module accordion -->        <\/div>\n                        <\/div>\n        <\/div>\n                        <div  data-lazy=\"1\" class=\"module_row themify_builder_row tb_nkq440 tf_w\">\n                        <div class=\"row_inner col_align_top tb_col_count_2 tf_box tf_rel\">\n                        <div  data-lazy=\"1\" class=\"module_column tb-column col2-1 tb_jal641 first\">\n                    <!-- module accordion -->\n<div  class=\"module module-accordion tb_qt1f678 \" data-behavior=\"toggle\" data-lazy=\"1\">\n    \n    <ul class=\"ui module-accordion   tb_default_color\">\n            <li>\n            <div class=\"accordion-title tf_rel\">\n                <a href=\"#acc-qt1f678-0\" class=\"tb_title_accordion\" aria-controls=\"acc-qt1f678-0-content\" aria-expanded=\"false\">\n                                                            PROGRAMACI\u00d3N FRANC\u00c9S 5\u00ba CURSO                 <\/a>\n            <\/div><!-- .accordion-title -->\n            <div id=\"acc-qt1f678-0-content\" data-id=\"acc-qt1f678-0\" aria-hidden=\"true\" class=\"accordion-content tf_hide tf_clearfix\">\n                                    <div class=\"tb_text_wrap\">\n                        <div style=\"text-align:center;\">\n<div style=\"margin:8px 0px 4px;\"><a href=\"https:\/\/www.calameo.com\/books\/0069208209c268a329fd5\" target=\"_blank\">PROGRAMACIO\u0301N FRANCE\u0301S 5\u00ba CURSO<\/a><\/div>\n<p><iframe loading=\"lazy\" src=\"\/\/v.calameo.com\/?bkcode=0069208209c268a329fd5&#038;mode=mini\" width=\"1080\" height=\"900\" frameborder=\"0\" scrolling=\"no\" allowtransparency allowfullscreen style=\"margin:0 auto;\"><\/iframe><\/p>\n<div style=\"margin:4px 0px 8px;\"><a href=\"http:\/\/www.calameo.com\/\" target=\"_blank\">Leer m\u00e1s publicaciones en Calam\u00e9o<\/a><\/div>\n<\/div>\n                    <\/div>\n                            <\/div><!-- .accordion-content -->\n        <\/li>\n        <\/ul>\n\n<\/div><!-- \/module accordion -->        <\/div>\n                    <div  data-lazy=\"1\" class=\"module_column tb-column col2-1 tb_6c8h42 last\">\n                    <!-- module accordion -->\n<div  class=\"module module-accordion tb_gmqj440 \" data-behavior=\"toggle\" data-lazy=\"1\">\n    \n    <ul class=\"ui module-accordion   tb_default_color\">\n            <li>\n            <div class=\"accordion-title tf_rel\">\n                <a href=\"#acc-gmqj440-0\" class=\"tb_title_accordion\" aria-controls=\"acc-gmqj440-0-content\" aria-expanded=\"false\">\n                                                            PROGRAMACI\u00d3N FRANC\u00c9S 6\u00ba CURSO                <\/a>\n            <\/div><!-- .accordion-title -->\n            <div id=\"acc-gmqj440-0-content\" data-id=\"acc-gmqj440-0\" aria-hidden=\"true\" class=\"accordion-content tf_hide tf_clearfix\">\n                                    <div class=\"tb_text_wrap\">\n                        <div style=\"text-align:center;\">\n<div style=\"margin:8px 0px 4px;\"><a href=\"https:\/\/www.calameo.com\/books\/006920820b6030203914c\" target=\"_blank\">PROGRAMACIO\u0301N FRANCE\u0301S 6\u00ba CURSO<\/a><\/div>\n<p><iframe loading=\"lazy\" src=\"\/\/v.calameo.com\/?bkcode=006920820b6030203914c&#038;mode=mini\" width=\"1080\" height=\"900\" frameborder=\"0\" scrolling=\"no\" allowtransparency allowfullscreen style=\"margin:0 auto;\"><\/iframe><\/p>\n<div style=\"margin:4px 0px 8px;\"><a href=\"http:\/\/www.calameo.com\/\" target=\"_blank\">Leer m\u00e1s publicaciones en Calam\u00e9o<\/a><\/div>\n<\/div>\n                    <\/div>\n                            <\/div><!-- .accordion-content -->\n        <\/li>\n        <\/ul>\n\n<\/div><!-- \/module accordion -->        <\/div>\n                        <\/div>\n        <\/div>\n        <\/div>\n<!--\/themify_builder_content-->","protected":false},"excerpt":{"rendered":"<p>PROGRAMACI\u00d3N INFANTIL PROPUESTA PEDAGO\u0301GICA 2\u00ba CICLO INFANTIL Leer m\u00e1s publicaciones en Calam\u00e9o PROPUESTA PEDAG\u00d3GICA 2\u00ba CICLO DE EDUCACI\u00d3N INFANTIL PROPUESTA PEDAGO\u0301GICA 2\u00ba CICLO INFANTIL Leer m\u00e1s publicaciones en Calam\u00e9o PROGRAMACI\u00d3N 1\u00ba CICLO DE EDUCACI\u00d3N PRIMARIA PROPUESTA PEDAGO\u0301GICA 2\u00ba CICLO INFANTIL Leer m\u00e1s publicaciones en Calam\u00e9o PROGRAMACI\u00d3N 2\u00ba CICLO DE EDUCACI\u00d3N PRIMARIA Prog 2\u00ba Ciclo Leer [&hellip;]<\/p>\n","protected":false},"author":7446,"featured_media":3118,"parent":0,"menu_order":0,"comment_status":"closed","ping_status":"closed","template":"","meta":{"ngg_post_thumbnail":0,"footnotes":"","_mc_calendar":[]},"aioseo_notices":[],"_links":{"self":[{"href":"https:\/\/blogsaverroes.juntadeandalucia.es\/ceipsimonfuentes\/wp-json\/wp\/v2\/pages\/3173"}],"collection":[{"href":"https:\/\/blogsaverroes.juntadeandalucia.es\/ceipsimonfuentes\/wp-json\/wp\/v2\/pages"}],"about":[{"href":"https:\/\/blogsaverroes.juntadeandalucia.es\/ceipsimonfuentes\/wp-json\/wp\/v2\/types\/page"}],"author":[{"embeddable":true,"href":"https:\/\/blogsaverroes.juntadeandalucia.es\/ceipsimonfuentes\/wp-json\/wp\/v2\/users\/7446"}],"replies":[{"embeddable":true,"href":"https:\/\/blogsaverroes.juntadeandalucia.es\/ceipsimonfuentes\/wp-json\/wp\/v2\/comments?post=3173"}],"version-history":[{"count":4,"href":"https:\/\/blogsaverroes.juntadeandalucia.es\/ceipsimonfuentes\/wp-json\/wp\/v2\/pages\/3173\/revisions"}],"predecessor-version":[{"id":3179,"href":"https:\/\/blogsaverroes.juntadeandalucia.es\/ceipsimonfuentes\/wp-json\/wp\/v2\/pages\/3173\/revisions\/3179"}],"wp:featuredmedia":[{"embeddable":true,"href":"https:\/\/blogsaverroes.juntadeandalucia.es\/ceipsimonfuentes\/wp-json\/wp\/v2\/media\/3118"}],"wp:attachment":[{"href":"https:\/\/blogsaverroes.juntadeandalucia.es\/ceipsimonfuentes\/wp-json\/wp\/v2\/media?parent=3173"}],"curies":[{"name":"wp","href":"https:\/\/api.w.org\/{rel}","templated":true}]}}