{"id":3184,"date":"2022-11-30T10:51:38","date_gmt":"2022-11-30T10:51:38","guid":{"rendered":"https:\/\/blogsaverroes.juntadeandalucia.es\/ceipsimonfuentes\/?page_id=3184"},"modified":"2024-05-23T14:58:09","modified_gmt":"2024-05-23T14:58:09","slug":"planes-y-programas","status":"publish","type":"page","link":"https:\/\/blogsaverroes.juntadeandalucia.es\/ceipsimonfuentes\/planes-y-programas\/","title":{"rendered":"PLANES Y PROGRAMAS"},"content":{"rendered":"<!--themify_builder_content-->\n<div id=\"themify_builder_content-3184\" data-postid=\"3184\" class=\"themify_builder_content themify_builder_content-3184 themify_builder tf_clear\">\n                    <div  data-lazy=\"1\" class=\"module_row themify_builder_row tb_3lrz910 tb_first tf_w\">\n                        <div class=\"row_inner col_align_top tb_col_count_1 tf_box tf_rel\">\n                        <div  data-lazy=\"1\" class=\"module_column tb-column col-full tb_q8fz910 first\">\n                    <!-- module image -->\n<div  class=\"module module-image tb_6rb1924 image-top   tf_mw\" data-lazy=\"1\">\n        <div class=\"image-wrap tf_rel tf_mw\">\n            <img loading=\"lazy\" decoding=\"async\" width=\"1600\" height=\"400\" src=\"https:\/\/blogsaverroes.juntadeandalucia.es\/ceipsimonfuentes\/files\/2022\/10\/CABECERA-PLANES-Y-PROGRAMAS.png\" class=\"wp-post-image wp-image-3118\" title=\"CABECERA PLANES Y PROGRAMAS\" alt=\"CABECERA PLANES Y PROGRAMAS\" srcset=\"https:\/\/blogsaverroes.juntadeandalucia.es\/ceipsimonfuentes\/files\/2022\/10\/CABECERA-PLANES-Y-PROGRAMAS.png 1600w, https:\/\/blogsaverroes.juntadeandalucia.es\/ceipsimonfuentes\/files\/2022\/10\/CABECERA-PLANES-Y-PROGRAMAS-300x75.png 300w, https:\/\/blogsaverroes.juntadeandalucia.es\/ceipsimonfuentes\/files\/2022\/10\/CABECERA-PLANES-Y-PROGRAMAS-1024x256.png 1024w, https:\/\/blogsaverroes.juntadeandalucia.es\/ceipsimonfuentes\/files\/2022\/10\/CABECERA-PLANES-Y-PROGRAMAS-768x192.png 768w, https:\/\/blogsaverroes.juntadeandalucia.es\/ceipsimonfuentes\/files\/2022\/10\/CABECERA-PLANES-Y-PROGRAMAS-1536x384.png 1536w, https:\/\/blogsaverroes.juntadeandalucia.es\/ceipsimonfuentes\/files\/2022\/10\/CABECERA-PLANES-Y-PROGRAMAS-978x244.png 978w\" sizes=\"(max-width: 1600px) 100vw, 1600px\" \/>    \n        <\/div>\n    <!-- \/image-wrap -->\n    \n        <\/div>\n<!-- \/module image -->        <\/div>\n                        <\/div>\n        <\/div>\n                        <div  data-lazy=\"1\" class=\"module_row themify_builder_row tb_uwws441 tf_w\">\n                        <div class=\"row_inner col_align_top tb_col_count_1 tf_box tf_rel\">\n                        <div  data-lazy=\"1\" class=\"module_column tb-column col-full tb_xwvl441 first\">\n                            <div  data-lazy=\"1\" class=\"module_subrow themify_builder_sub_row tf_w col_align_top tb_col_count_1 tb_a0rc157\">\n                <div  data-lazy=\"1\" class=\"module_column sub_column col-full tb_l88f158 first\">\n                    <!-- module image -->\n<div  class=\"module module-image tb_54m4337 image-center rounded drop-shadow bordered  active-caption-hover auto_fullwidth tf_mw wow\" data-tf-animation=\"bounce\" data-lazy=\"1\">\n        <div class=\"image-wrap tf_rel tf_mw\">\n            <img loading=\"lazy\" decoding=\"async\" src=\"https:\/\/blogsaverroes.juntadeandalucia.es\/ceipsimonfuentes\/files\/2024\/05\/FSE.-Prioridad-3.-PT-PROA-Refuerzo-Estival-300x424.png\" width=\"300\" height=\"424\" class=\"wp-post-image wp-image-3478\" title=\"FSE. Prioridad 3. (PT, PROA, Refuerzo Estival)\" alt=\"FSE. Prioridad 3. (PT, PROA, Refuerzo Estival)\" srcset=\"https:\/\/blogsaverroes.juntadeandalucia.es\/ceipsimonfuentes\/files\/2024\/05\/FSE.-Prioridad-3.-PT-PROA-Refuerzo-Estival-300x424.png 300w, https:\/\/blogsaverroes.juntadeandalucia.es\/ceipsimonfuentes\/files\/2024\/05\/FSE.-Prioridad-3.-PT-PROA-Refuerzo-Estival-212x300.png 212w, https:\/\/blogsaverroes.juntadeandalucia.es\/ceipsimonfuentes\/files\/2024\/05\/FSE.-Prioridad-3.-PT-PROA-Refuerzo-Estival-724x1024.png 724w, https:\/\/blogsaverroes.juntadeandalucia.es\/ceipsimonfuentes\/files\/2024\/05\/FSE.-Prioridad-3.-PT-PROA-Refuerzo-Estival-768x1086.png 768w, https:\/\/blogsaverroes.juntadeandalucia.es\/ceipsimonfuentes\/files\/2024\/05\/FSE.-Prioridad-3.-PT-PROA-Refuerzo-Estival-1086x1536.png 1086w, https:\/\/blogsaverroes.juntadeandalucia.es\/ceipsimonfuentes\/files\/2024\/05\/FSE.-Prioridad-3.-PT-PROA-Refuerzo-Estival-1448x2048.png 1448w, https:\/\/blogsaverroes.juntadeandalucia.es\/ceipsimonfuentes\/files\/2024\/05\/FSE.-Prioridad-3.-PT-PROA-Refuerzo-Estival.png 1131w\" sizes=\"(max-width: 300px) 100vw, 300px\" \/>    \n        <\/div>\n    <!-- \/image-wrap -->\n    \n        <\/div>\n<!-- \/module image -->        <\/div>\n                    <\/div>\n        <!-- module text -->\n<div  class=\"module module-text tb_nm7h510   \" data-lazy=\"1\">\n        <div  class=\"tb_text_wrap\">\n        <p>Pulsa en cada programa para m\u00e1s informaci\u00f3n<\/p>    <\/div>\n<\/div>\n<!-- \/module text --><!-- module accordion -->\n<div  class=\"module module-accordion tb_54wj447 \" data-behavior=\"toggle\" data-lazy=\"1\">\n    <h3 class=\"module-title\">PLANES Y PROGRAMAS DEL CENTRO<\/h3>\n    <ul class=\"ui module-accordion   tb_default_color\">\n            <li>\n            <div class=\"accordion-title tf_rel\">\n                <a href=\"#acc-54wj447-0\" class=\"tb_title_accordion\" aria-controls=\"acc-54wj447-0-content\" aria-expanded=\"false\">\n                                                            CRECIENDO EN SALUD                <\/a>\n            <\/div><!-- .accordion-title -->\n            <div id=\"acc-54wj447-0-content\" data-id=\"acc-54wj447-0\" aria-hidden=\"true\" class=\"accordion-content tf_hide tf_clearfix\">\n                                    <div class=\"tb_text_wrap\">\n                        <p><img decoding=\"async\" src=\"https:\/\/colegiomolierehuelva.es\/wp-content\/uploads\/2021\/08\/Creciendo-en-Salud-e1629993630188.png\" \/><\/p>\n<p>Programa para la Innovaci\u00f3n Educativa, H\u00e1bitos de Vida Saludable en su Modalidad\u00a0<strong>Creciendo en Salud<\/strong>, destinado a centros docentes de Andaluc\u00eda sostenidos con fondos p\u00fablicos que imparte ense\u00f1anzas de educaci\u00f3n infantil, educaci\u00f3n especial y educaci\u00f3n primaria.<\/p>                    <\/div>\n                            <\/div><!-- .accordion-content -->\n        <\/li>\n            <li>\n            <div class=\"accordion-title tf_rel\">\n                <a href=\"#acc-54wj447-1\" class=\"tb_title_accordion\" aria-controls=\"acc-54wj447-1-content\" aria-expanded=\"false\">\n                                                            PROA                <\/a>\n            <\/div><!-- .accordion-title -->\n            <div id=\"acc-54wj447-1-content\" data-id=\"acc-54wj447-1\" aria-hidden=\"true\" class=\"accordion-content tf_hide tf_clearfix\">\n                                    <div class=\"tb_text_wrap\">\n                        <p><img decoding=\"async\" src=\"https:\/\/www.juntadeandalucia.es\/educacion\/portals\/delegate\/content\/97798a25-ba8a-4ad9-b865-3e2035457f58\" alt=\"PROA 2023-2024 - Consejer\u00eda de Desarrollo Educativo y Formaci\u00f3n Profesional\" \/><\/p>\n<p><strong>PROA Andaluc\u00eda<\/strong> es una de las apuestas de la Consejer\u00eda de Desarrollo Educativo y Formaci\u00f3n Profesional para garantizar la igualdad de oportunidades, incrementar el \u00e9xito escolar del alumnado y prevenir el absentismo y el abandono escolar temprano, a trav\u00e9s del desarrollo de diferentes actuaciones que ponen el foco en la adecuaci\u00f3n de la respuesta educativa al alumnado con necesidades espec\u00edficas de apoyo educativo por precisar acciones de car\u00e1cter compensatorio<\/p>\n<p>El PROA Andaluc\u00eda se concibe como un conjunto de actuaciones dirigidas a mejorar el grado de adquisici\u00f3n de las competencias clave y la motivaci\u00f3n del alumnado con necesidades espec\u00edficas de apoyo educativo por precisar acciones de car\u00e1cter compensatorio, que en el caso del alumnado de origen extranjero, adem\u00e1s, pretenden conseguir un nivel adecuado de uso del espa\u00f1ol como lengua vehicular. Dichas acciones est\u00e1n dirigidas a evitar el riesgo de abandono temprano del sistema educativo, y complementar las acciones encaminadas a la mejora del \u00e9xito escolar, que se desarrollan en los centros docentes p\u00fablicos andaluces.<\/p>\n<p>\u00a0<\/p>\n<p><strong>Estimadas familias, desde el centro se informa que en este curso 2023-2024 el Proa comenzar\u00e1 el 31 de octubre. <\/strong><\/p>\n<p><a href=\"https:\/\/blogsaverroes.juntadeandalucia.es\/ceipsimonfuentes\/captura-de-pantalla-2024-05-07-a-las-12-44-18\/\" rel=\"attachment wp-att-3458\"><img loading=\"lazy\" decoding=\"async\" class=\"aligncenter size-large wp-image-3458\" src=\"https:\/\/blogsaverroes.juntadeandalucia.es\/ceipsimonfuentes\/files\/2024\/05\/Captura-de-pantalla-2024-05-07-a-las-12.44.18-1024x74.png\" alt=\"\" width=\"1024\" height=\"74\" srcset=\"https:\/\/blogsaverroes.juntadeandalucia.es\/ceipsimonfuentes\/files\/2024\/05\/Captura-de-pantalla-2024-05-07-a-las-12.44.18-1024x74.png 1024w, https:\/\/blogsaverroes.juntadeandalucia.es\/ceipsimonfuentes\/files\/2024\/05\/Captura-de-pantalla-2024-05-07-a-las-12.44.18-300x22.png 300w, https:\/\/blogsaverroes.juntadeandalucia.es\/ceipsimonfuentes\/files\/2024\/05\/Captura-de-pantalla-2024-05-07-a-las-12.44.18-768x56.png 768w, https:\/\/blogsaverroes.juntadeandalucia.es\/ceipsimonfuentes\/files\/2024\/05\/Captura-de-pantalla-2024-05-07-a-las-12.44.18-1536x112.png 1536w, https:\/\/blogsaverroes.juntadeandalucia.es\/ceipsimonfuentes\/files\/2024\/05\/Captura-de-pantalla-2024-05-07-a-las-12.44.18.png 1600w\" sizes=\"(max-width: 1024px) 100vw, 1024px\" \/><\/a><\/p>                    <\/div>\n                            <\/div><!-- .accordion-content -->\n        <\/li>\n            <li>\n            <div class=\"accordion-title tf_rel\">\n                <a href=\"#acc-54wj447-2\" class=\"tb_title_accordion\" aria-controls=\"acc-54wj447-2-content\" aria-expanded=\"false\">\n                                                            PROA+ TRANSF\u00d3RMATE                <\/a>\n            <\/div><!-- .accordion-title -->\n            <div id=\"acc-54wj447-2-content\" data-id=\"acc-54wj447-2\" aria-hidden=\"true\" class=\"accordion-content tf_hide tf_clearfix\">\n                                    <div class=\"tb_text_wrap\">\n                        <p><img decoding=\"async\" src=\"https:\/\/www.imaginaedoc.com\/wp-content\/uploads\/2022\/09\/PROA-.jpg\" alt=\"Programa PROA+ Andaluc\u00eda | Imagina, Educaci\u00f3n y Ocio\" \/><\/p>\n<p><strong>PROA+ TRANSFORMATE\u00a0<\/strong>es un programa que persigue como objetivo final potenciar la mejora de los resultados escolares de todo el alumnado, especialmente de aquel m\u00e1s vulnerable,\u00a0 incrementando el porcentaje del mismo que permanece en el Sistema Educativo de los centros p\u00fablicos que\u00a0 presentan una mayor complejidad educativa.<\/p>                    <\/div>\n                            <\/div><!-- .accordion-content -->\n        <\/li>\n            <li>\n            <div class=\"accordion-title tf_rel\">\n                <a href=\"#acc-54wj447-3\" class=\"tb_title_accordion\" aria-controls=\"acc-54wj447-3-content\" aria-expanded=\"false\">\n                                                            M\u00c1S EQUIDAD                <\/a>\n            <\/div><!-- .accordion-title -->\n            <div id=\"acc-54wj447-3-content\" data-id=\"acc-54wj447-3\" aria-hidden=\"true\" class=\"accordion-content tf_hide tf_clearfix\">\n                            <\/div><!-- .accordion-content -->\n        <\/li>\n            <li>\n            <div class=\"accordion-title tf_rel\">\n                <a href=\"#acc-54wj447-4\" class=\"tb_title_accordion\" aria-controls=\"acc-54wj447-4-content\" aria-expanded=\"false\">\n                                                            PACTO DE LA VIOLENCIA DE G\u00c9NERO                <\/a>\n            <\/div><!-- .accordion-title -->\n            <div id=\"acc-54wj447-4-content\" data-id=\"acc-54wj447-4\" aria-hidden=\"true\" class=\"accordion-content tf_hide tf_clearfix\">\n                                    <div class=\"tb_text_wrap\">\n                        <p><img loading=\"lazy\" decoding=\"async\" class=\"\" src=\"https:\/\/blogsaverroes.juntadeandalucia.es\/educacionenvaloresdelegacionmalaga\/files\/2023\/09\/plan-pacto-violencia_orig.jpg\" alt=\"CONVOCATORIA PACTO DE ESTADO CONTRA LA VIOLENCIA DE G\u00c9NERO |\" width=\"758\" height=\"467\" \/><\/p>\n<p>La Consejer\u00eda de Desarrollo Educativo y Formaci\u00f3n Profesional, con la aportaci\u00f3n presupuestaria del Pacto de Estado contra la Violencia de G\u00e9nero, promueve anualmente la Convocatoria para la realizaci\u00f3n de medidas y actuaciones destinadas a la prevenci\u00f3n de la violencia de g\u00e9nero en los centros docentes p\u00fablicos dependientes de la Junta de Andaluc\u00eda.<\/p>\n<p>Objetivos de esta convocatoria:<\/p>\n<ul>\n<li>Promover programas de educaci\u00f3n emocional y de resoluci\u00f3n pac\u00edfica de conflictos que permitan el establecimiento de relaciones de equidad que protejan de cualquier situaci\u00f3n de violencia.<\/li>\n<li>Impulsar, entre los centros docentes, actuaciones formativas en materia de prevenci\u00f3n de la violencia de g\u00e9nero como factor clave que fortalezca a adolescentes ante el riesgo de padecerla o ejercerla.<\/li>\n<li>Desarrollar entre el alumnado la capacidad para percibir e identificar conductas sexistas en situaciones cotidianas de su vida.<\/li>\n<li>Implicar a la comunidad educativa en el desarrollo de medidas que promuevan la igualdad y la prevenci\u00f3n de la violencia de g\u00e9nero.<\/li>\n<li>Favorecer la creaci\u00f3n de recursos did\u00e1cticos que puedan ser extrapolables a otros centros docentes y que se conviertan en sostenibles en el tiempo.<\/li>\n<\/ul>                    <\/div>\n                            <\/div><!-- .accordion-content -->\n        <\/li>\n            <li>\n            <div class=\"accordion-title tf_rel\">\n                <a href=\"#acc-54wj447-5\" class=\"tb_title_accordion\" aria-controls=\"acc-54wj447-5-content\" aria-expanded=\"false\">\n                                                            PLAN DE APOYO A LAS FAMILIAS                <\/a>\n            <\/div><!-- .accordion-title -->\n            <div id=\"acc-54wj447-5-content\" data-id=\"acc-54wj447-5\" aria-hidden=\"true\" class=\"accordion-content tf_hide tf_clearfix\">\n                                    <div class=\"tb_text_wrap\">\n                        <p><img decoding=\"async\" src=\"https:\/\/iesfelipesolis.com\/wp-content\/uploads\/2022\/06\/10508-plan-apoyo-familias-andaluzas-1.jpg\" alt=\"Actividades Plan de Apoyo a las Familias - Web IES Felipe Sol\u00eds\" \/><\/p>\n<p>El Plan de Apoyo a las Familias persigue que los centros docentes, m\u00e1s all\u00e1 de la jornada lectiva tradicional, proporcionen una oferta de jornada escolar completa, de manera que los alumnos y alumnas encuentren en sus centros las actividades que necesitan para completar su formaci\u00f3n y para utilizar de una manera provechosa su tiempo libre. Para ello se aprob\u00f3 el Plan de Apertura de Centros, que se traduce b\u00e1sicamente en la ampliaci\u00f3n del horario de apertura de los centros docentes y en una mejora de la oferta de actividades extraescolares y de servicios educativos complementarios. Dentro de este Plan, los servicios ofertados por nuestro centro son:\u00a0<\/p>\n<ul>\n<li>Aula matinal<\/li>\n<li>Comedor<\/li>\n<li>Actividades extraescolares.<\/li>\n<\/ul>                    <\/div>\n                            <\/div><!-- .accordion-content -->\n        <\/li>\n            <li>\n            <div class=\"accordion-title tf_rel\">\n                <a href=\"#acc-54wj447-6\" class=\"tb_title_accordion\" aria-controls=\"acc-54wj447-6-content\" aria-expanded=\"false\">\n                                                            PLAN DE BIBLIOTECAS                <\/a>\n            <\/div><!-- .accordion-title -->\n            <div id=\"acc-54wj447-6-content\" data-id=\"acc-54wj447-6\" aria-hidden=\"true\" class=\"accordion-content tf_hide tf_clearfix\">\n                                    <div class=\"tb_text_wrap\">\n                        <p><img loading=\"lazy\" decoding=\"async\" class=\"\" src=\"https:\/\/www.juntadeandalucia.es\/educacion\/portals\/documents\/311140\/436145\/Subportal+Bibliotecas+composicion.jpg\/df64ccca-48ce-4ada-acc6-19aa09a90c75?t=1575447709418\" alt=\"Inicio - Consejer\u00eda de Desarrollo Educativo y Formaci\u00f3n Profesional\" width=\"708\" height=\"354\" \/><\/p>\n<p style=\"text-align: justify;\">La Consejer\u00eda de Educaci\u00f3n pone en marcha el presente Plan de Lectura y de Bibliotecas Escolares, Plan LyB, dirigido a los centros docentes andaluces de titularidad p\u00fablica de educaci\u00f3n infantil y primaria y educaci\u00f3n secundaria, con el prop\u00f3sito de impulsar una serie de medidas que faciliten a los ni\u00f1os y ni\u00f1as y a los j\u00f3venes el desarrollo de pr\u00e1cticas lectoras y habilidades intelectuales e incorporen el uso regular de la biblioteca escolar como recurso de apoyo para el aprendizaje permanente.<\/p>\n<p style=\"text-align: justify;\">La comprensi\u00f3n lectora es considerada como una competencia b\u00e1sica fundamental para la adquisici\u00f3n de nuevos aprendizajes y para el desarrollo personal de los escolares, siendo por tanto un elemento primordial en la formaci\u00f3n del alumnado, cuyo desarrollo estar\u00e1 vinculado a todas las \u00e1reas. Es necesario un impulso decidido para lograr que las bibliotecas escolares adapten su funcionamiento a las exigencias actuales del curr\u00edculo. Para ello es esencial la participaci\u00f3n activa de los centros docentes, que deben plantearse las actuaciones necesarias en cada caso, valorarlas y comprometerse en la mejora tanto de las infraestructuras de sus bibliotecas, como en la utilizaci\u00f3n de las mismas por los miembros de la comunidad educativa.<\/p>\n<p>Plan para impulsar una serie de medidas que faciliten a los ni\u00f1os, ni\u00f1as y a los j\u00f3venes el desarrollo de pr\u00e1cticas lectoras y habilidades intelectuales e incorporen el uso regular de la biblioteca escolar como recurso de apoyo para el aprendizaje permanente.<\/p>                    <\/div>\n                            <\/div><!-- .accordion-content -->\n        <\/li>\n        <\/ul>\n\n<\/div><!-- \/module accordion -->        <\/div>\n                        <\/div>\n        <\/div>\n                        <div  data-lazy=\"1\" class=\"module_row themify_builder_row tb_rvey697 tf_w\">\n                        <div class=\"row_inner col_align_top tb_col_count_1 tf_box tf_rel\">\n                        <div  data-lazy=\"1\" class=\"module_column tb-column col-full tb_2s8q698 first\">\n                            <div  data-lazy=\"1\" class=\"module_subrow themify_builder_sub_row tf_w col_align_top tb_col_count_1 tb_ufm9550\">\n                <div  data-lazy=\"1\" class=\"module_column sub_column col-full tb_iarb551 first\">\n                            <\/div>\n                    <\/div>\n                <\/div>\n                        <\/div>\n        <\/div>\n        <\/div>\n<!--\/themify_builder_content-->","protected":false},"excerpt":{"rendered":"<p>Pulsa en cada programa para m\u00e1s informaci\u00f3n PLANES Y PROGRAMAS DEL CENTRO CRECIENDO EN SALUD Programa para la Innovaci\u00f3n Educativa, H\u00e1bitos de Vida Saludable en su Modalidad\u00a0Creciendo en Salud, destinado a centros docentes de Andaluc\u00eda sostenidos con fondos p\u00fablicos que imparte ense\u00f1anzas de educaci\u00f3n infantil, educaci\u00f3n especial y educaci\u00f3n primaria. PROA PROA Andaluc\u00eda es una [&hellip;]<\/p>\n","protected":false},"author":7446,"featured_media":0,"parent":0,"menu_order":0,"comment_status":"closed","ping_status":"closed","template":"","meta":{"ngg_post_thumbnail":0,"footnotes":"","_mc_calendar":[]},"aioseo_notices":[],"_links":{"self":[{"href":"https:\/\/blogsaverroes.juntadeandalucia.es\/ceipsimonfuentes\/wp-json\/wp\/v2\/pages\/3184"}],"collection":[{"href":"https:\/\/blogsaverroes.juntadeandalucia.es\/ceipsimonfuentes\/wp-json\/wp\/v2\/pages"}],"about":[{"href":"https:\/\/blogsaverroes.juntadeandalucia.es\/ceipsimonfuentes\/wp-json\/wp\/v2\/types\/page"}],"author":[{"embeddable":true,"href":"https:\/\/blogsaverroes.juntadeandalucia.es\/ceipsimonfuentes\/wp-json\/wp\/v2\/users\/7446"}],"replies":[{"embeddable":true,"href":"https:\/\/blogsaverroes.juntadeandalucia.es\/ceipsimonfuentes\/wp-json\/wp\/v2\/comments?post=3184"}],"version-history":[{"count":8,"href":"https:\/\/blogsaverroes.juntadeandalucia.es\/ceipsimonfuentes\/wp-json\/wp\/v2\/pages\/3184\/revisions"}],"predecessor-version":[{"id":3479,"href":"https:\/\/blogsaverroes.juntadeandalucia.es\/ceipsimonfuentes\/wp-json\/wp\/v2\/pages\/3184\/revisions\/3479"}],"wp:attachment":[{"href":"https:\/\/blogsaverroes.juntadeandalucia.es\/ceipsimonfuentes\/wp-json\/wp\/v2\/media?parent=3184"}],"curies":[{"name":"wp","href":"https:\/\/api.w.org\/{rel}","templated":true}]}}