{"id":3372,"date":"2024-01-17T08:47:24","date_gmt":"2024-01-17T08:47:24","guid":{"rendered":"https:\/\/blogsaverroes.juntadeandalucia.es\/ceipsimonfuentes\/?page_id=3372"},"modified":"2024-01-29T09:00:01","modified_gmt":"2024-01-29T09:00:01","slug":"erasmus","status":"publish","type":"page","link":"https:\/\/blogsaverroes.juntadeandalucia.es\/ceipsimonfuentes\/erasmus\/","title":{"rendered":"ERASMUS+"},"content":{"rendered":"<!--themify_builder_content-->\n<div id=\"themify_builder_content-3372\" data-postid=\"3372\" class=\"themify_builder_content themify_builder_content-3372 themify_builder tf_clear\">\n                    <div  data-lazy=\"1\" class=\"module_row themify_builder_row tb_vxwa662 tb_first tf_w\">\n                        <div class=\"row_inner col_align_top tb_col_count_1 tf_box tf_rel\">\n                        <div  data-lazy=\"1\" class=\"module_column tb-column col-full tb_23jj663 first\">\n                    <!-- module image -->\n<div  class=\"module module-image tb_zu62669 image-full-overlay   tf_mw\" data-lazy=\"1\" data-lax-translate-y=\"(vh*1) 0,(vh*0) -70\" data-lax=\"true\">\n        <div class=\"image-wrap tf_rel tf_mw\">\n            <img loading=\"lazy\" decoding=\"async\" width=\"1000\" height=\"250\" src=\"https:\/\/blogsaverroes.juntadeandalucia.es\/ceipsimonfuentes\/files\/2024\/01\/CABECERA-ERASMUS.png\" class=\"wp-post-image wp-image-3389\" title=\"CABECERA ERASMUS\" alt=\"CABECERA ERASMUS\" srcset=\"https:\/\/blogsaverroes.juntadeandalucia.es\/ceipsimonfuentes\/files\/2024\/01\/CABECERA-ERASMUS.png 1000w, https:\/\/blogsaverroes.juntadeandalucia.es\/ceipsimonfuentes\/files\/2024\/01\/CABECERA-ERASMUS-300x75.png 300w, https:\/\/blogsaverroes.juntadeandalucia.es\/ceipsimonfuentes\/files\/2024\/01\/CABECERA-ERASMUS-768x192.png 768w\" sizes=\"(max-width: 1000px) 100vw, 1000px\" \/>    \n        <\/div>\n    <!-- \/image-wrap -->\n    \n        <\/div>\n<!-- \/module image -->        <\/div>\n                        <\/div>\n        <\/div>\n                        <div  data-css_id=\"zt35344\" data-lazy=\"1\" class=\"module_row themify_builder_row fullwidth_row_container tb_zt35344 tf_w\">\n                        <div class=\"row_inner col_align_top tb_col_count_2 tf_box tf_rel\">\n                        <div  data-lazy=\"1\" class=\"module_column tb-column col2-1 tb_l8v4344 first\">\n        <span class=\"tb_row_frame_wrap tf_overflow tf_abs\" data-lazy=\"1\"><span class=\"tb_row_frame tb_row_frame_top  tf_abs tf_hide tf_overflow tf_w\"><\/span><\/span>                    <\/div>\n                    <div  data-lazy=\"1\" class=\"module_column tb-column col2-1 tb_yo5u344 last\">\n        <span class=\"tb_row_frame_wrap tf_overflow tf_abs\" data-lazy=\"1\"><span class=\"tb_row_frame tb_row_frame_top  tf_abs tf_hide tf_overflow tf_w\"><\/span><\/span>                    <\/div>\n                        <\/div>\n        <\/div>\n                        <div  data-lazy=\"1\" class=\"module_row themify_builder_row tb_rql8983 tf_w\">\n                        <div class=\"row_inner col_align_top tb_col_count_1 tf_box tf_rel\">\n                        <div  data-lazy=\"1\" class=\"module_column tb-column col-full tb_j3z8984 first\">\n                    <!-- module plain text -->\n<div  class=\"module module-plain-text tb_tv7t991 \" data-lazy=\"1\">\n        <div class=\"tb_text_wrap\">\n        <\/div>\n<\/div>\n<!-- \/module plain text -->        <\/div>\n                        <\/div>\n        <\/div>\n                        <div  data-lazy=\"1\" class=\"module_row themify_builder_row tb_6r20344 tf_w\">\n                        <div class=\"row_inner col_align_top tb_col_count_2 tf_box tf_rel\">\n                        <div  data-lazy=\"1\" class=\"module_column tb-column col2-1 tb_5i2w345 first\">\n                            <\/div>\n                    <div  data-lazy=\"1\" class=\"module_column tb-column col2-1 tb_gegh346 last\">\n                            <\/div>\n                        <\/div>\n        <\/div>\n                        <div  data-lazy=\"1\" class=\"module_row themify_builder_row tb_esci90 tf_w\">\n                        <div class=\"row_inner col_align_top tb_col_count_2 tf_box tf_rel\">\n                        <div  data-lazy=\"1\" class=\"module_column tb-column col2-1 tb_h6yw91 first\">\n                            <\/div>\n                    <div  data-lazy=\"1\" class=\"module_column tb-column col2-1 tb_qcok91 last\">\n                            <\/div>\n                        <\/div>\n        <\/div>\n                        <div  data-lazy=\"1\" class=\"module_row themify_builder_row tb_mtob43 tf_w\">\n                        <div class=\"row_inner col_align_top tb_col_count_1 tf_box tf_rel\">\n                        <div  data-lazy=\"1\" class=\"module_column tb-column col-full tb_ya0i44 first\">\n                    <!-- module fancy heading -->\n<div  class=\"module module-fancy-heading tb_qk8i53 \" data-lazy=\"1\">\n        <h1 class=\"fancy-heading tf_textc\">\n    <span class=\"main-head tf_block\">\n                                <\/span>\n\n    \n    <span class=\"sub-head tf_block tf_rel\">\n                    \u00bfQU\u00c9 ES ERASMUS?            <\/span>\n    <\/h1>\n<\/div>\n<!-- \/module fancy heading -->\n        <\/div>\n                        <\/div>\n        <\/div>\n                        <div  data-lazy=\"1\" class=\"module_row themify_builder_row tb_v1np947 tf_w\">\n                        <div class=\"row_inner col_align_top tb_col_count_1 tf_box tf_rel\">\n                        <div  data-lazy=\"1\" class=\"module_column tb-column col-full tb_vpve949 first\">\n                    <!-- module box -->\n<div  class=\"module module-box tb_fl4z955 \" data-lazy=\"1\">\n    <div class=\"module-box-content ui  tb_default_color\">\n                <div class=\"tb_text_wrap\"><p>En este sitio web estaremos informando sobre las actualizaciones y el progreso de nuestro Proyecto Erasmus+, que inauguramos con gran entusiasmo durante el periodo 2021\/2022, con movilidad europea para los docentes de nuestra instituci\u00f3n.<\/p>\n<p>\u00bfQu\u00e9 implica Erasmus+?<\/p>\n<p>Erasmus+ constituye el programa de la Uni\u00f3n Europea dise\u00f1ado para respaldar la educaci\u00f3n, la formaci\u00f3n, la juventud y el deporte en Europa.<\/p>\n<p>En el periodo 2021-2027, el programa pone especial \u00e9nfasis en la inclusi\u00f3n social, las transiciones ecol\u00f3gica y digital, as\u00ed como en fomentar la participaci\u00f3n de los j\u00f3venes en la vida democr\u00e1tica.<\/p>\n<p>El programa respalda las prioridades y actividades delineadas en el Espacio Europeo de Educaci\u00f3n, el Plan de Acci\u00f3n de Educaci\u00f3n Digital y la Agenda de Capacidades Europea. Adem\u00e1s, brinda apoyo al pilar europeo de derechos sociales, implementa la Estrategia de la Uni\u00f3n Europea para la Juventud 2019-2027 y desarrolla la dimensi\u00f3n europea del deporte.<\/p>\n<p>La Gu\u00eda del programa Erasmus+ proporciona informaci\u00f3n detallada acerca de estas oportunidades y los criterios para acceder a ellas.<\/p>\n<p>Los resultados de Erasmus+ est\u00e1n accesibles a trav\u00e9s de informes y recopilaciones de estad\u00edsticas, as\u00ed como mediante la Plataforma de Proyectos Erasmus+. En esta plataforma se encuentran la mayor\u00eda de las iniciativas financiadas por el programa, as\u00ed como una selecci\u00f3n de buenas pr\u00e1cticas e historias de \u00e9xito.<\/p><\/div>\n    <\/div>\n<\/div>\n<!-- \/module box -->\n<!-- module divider -->\n<div  class=\"module tf_mw module-divider tb_j758620 dashed   \" style=\"border-width: 9px;border-color: #70a4b5;\" data-lazy=\"1\">\n    <\/div>\n<!-- \/module divider -->\n        <\/div>\n                        <\/div>\n        <\/div>\n                        <div  data-lazy=\"1\" class=\"module_row themify_builder_row tb_w6i4314 tf_w\">\n                        <div class=\"row_inner col_align_top tb_col_count_1 tf_box tf_rel\">\n                        <div  data-lazy=\"1\" class=\"module_column tb-column col-full tb_1yy4315 first\">\n                    <!-- module fancy heading -->\n<div  class=\"module module-fancy-heading tb_79lk324 \" data-lazy=\"1\">\n        <h1 class=\"fancy-heading tf_textc\">\n    <span class=\"main-head tf_block\">\n                                <\/span>\n\n    \n    <span class=\"sub-head tf_block tf_rel\">\n                                             <\/span>\n    <\/h1>\n<\/div>\n<!-- \/module fancy heading -->\n<!-- module buttons -->\n<div  class=\"module module-buttons tb_f36g982 buttons-horizontal solid  xlarge circle buttons-fullwidth\" data-lazy=\"1\">\n        <div class=\"module-buttons-item tf_in_flx\">\n                        <a href=\"https:\/\/ejemploasdfasd.my.canva.site\/movilidaderasmus\" class=\"ui builder_button tf_in_flx light-blue\" >\n                                                M\u00e1s info...                                        <\/a>\n                <\/div>\n            <\/div>\n<!-- \/module buttons -->\n        <\/div>\n                        <\/div>\n        <\/div>\n        <\/div>\n<!--\/themify_builder_content-->","protected":false},"excerpt":{"rendered":"<p>\u00bfQU\u00c9 ES ERASMUS? En este sitio web estaremos informando sobre las actualizaciones y el progreso de nuestro Proyecto Erasmus+, que inauguramos con gran entusiasmo durante el periodo 2021\/2022, con movilidad europea para los docentes de nuestra instituci\u00f3n. \u00bfQu\u00e9 implica Erasmus+? Erasmus+ constituye el programa de la Uni\u00f3n Europea dise\u00f1ado para respaldar la educaci\u00f3n, la formaci\u00f3n, [&hellip;]<\/p>\n","protected":false},"author":7446,"featured_media":0,"parent":0,"menu_order":0,"comment_status":"closed","ping_status":"closed","template":"","meta":{"ngg_post_thumbnail":0,"footnotes":"","_mc_calendar":[]},"aioseo_notices":[],"_links":{"self":[{"href":"https:\/\/blogsaverroes.juntadeandalucia.es\/ceipsimonfuentes\/wp-json\/wp\/v2\/pages\/3372"}],"collection":[{"href":"https:\/\/blogsaverroes.juntadeandalucia.es\/ceipsimonfuentes\/wp-json\/wp\/v2\/pages"}],"about":[{"href":"https:\/\/blogsaverroes.juntadeandalucia.es\/ceipsimonfuentes\/wp-json\/wp\/v2\/types\/page"}],"author":[{"embeddable":true,"href":"https:\/\/blogsaverroes.juntadeandalucia.es\/ceipsimonfuentes\/wp-json\/wp\/v2\/users\/7446"}],"replies":[{"embeddable":true,"href":"https:\/\/blogsaverroes.juntadeandalucia.es\/ceipsimonfuentes\/wp-json\/wp\/v2\/comments?post=3372"}],"version-history":[{"count":8,"href":"https:\/\/blogsaverroes.juntadeandalucia.es\/ceipsimonfuentes\/wp-json\/wp\/v2\/pages\/3372\/revisions"}],"predecessor-version":[{"id":3405,"href":"https:\/\/blogsaverroes.juntadeandalucia.es\/ceipsimonfuentes\/wp-json\/wp\/v2\/pages\/3372\/revisions\/3405"}],"wp:attachment":[{"href":"https:\/\/blogsaverroes.juntadeandalucia.es\/ceipsimonfuentes\/wp-json\/wp\/v2\/media?parent=3372"}],"curies":[{"name":"wp","href":"https:\/\/api.w.org\/{rel}","templated":true}]}}