{"id":77,"date":"2015-03-16T06:54:56","date_gmt":"2015-03-16T06:54:56","guid":{"rendered":"http:\/\/blogsaverroes.juntadeandalucia.es\/pre\/ceip\/?page_id=77"},"modified":"2019-10-17T08:20:20","modified_gmt":"2019-10-17T08:20:20","slug":"secretaria","status":"publish","type":"page","link":"https:\/\/blogsaverroes.juntadeandalucia.es\/ceipsimonfuentes\/secretaria\/","title":{"rendered":"Secretar\u00eda"},"content":{"rendered":"<p><strong>Administraci\u00f3n<\/strong><\/p>\n<p>09:30 &#8211; 11:30 h. de lunes a viernes<\/p>\n<p>&nbsp;<\/p>\n<p><strong>Direcci\u00f3n<\/strong><\/p>\n<p>09:00 &#8211; 10:30 h. Lunes, mi\u00e9rcoles y viernes<\/p>\n<p>&nbsp;<\/p>\n<p><strong>Jefatura de estudios<\/strong><\/p>\n<p>13:00 &#8211; 14:00 h. Lunes y jueves<\/p>\n<p>12:00 &#8211; 13:00 h. Viernes<\/p>\n<p>&nbsp;<\/p>\n<p><strong>Secretaria<\/strong><\/p>\n<p>12:00 &#8211; 13:00 h. Lunes, mi\u00e9rcoles y viernes<\/p>\n<p>&nbsp;<\/p>\n<p>&nbsp;<\/p>\n","protected":false},"excerpt":{"rendered":"<p>Administraci\u00f3n 09:30 &#8211; 11:30 h. de lunes a viernes &nbsp; Direcci\u00f3n 09:00 &#8211; 10:30 h. Lunes, mi\u00e9rcoles y viernes &nbsp; Jefatura de estudios 13:00 &#8211; 14:00 h. Lunes y jueves 12:00 &#8211; 13:00 h. Viernes &nbsp; Secretaria 12:00 &#8211; 13:00 h. Lunes, mi\u00e9rcoles y viernes &nbsp; &nbsp;<\/p>\n","protected":false},"author":1,"featured_media":0,"parent":0,"menu_order":0,"comment_status":"closed","ping_status":"open","template":"page-cs.php","meta":{"ngg_post_thumbnail":0,"footnotes":"","_mc_calendar":[]},"aioseo_notices":[],"_links":{"self":[{"href":"https:\/\/blogsaverroes.juntadeandalucia.es\/ceipsimonfuentes\/wp-json\/wp\/v2\/pages\/77"}],"collection":[{"href":"https:\/\/blogsaverroes.juntadeandalucia.es\/ceipsimonfuentes\/wp-json\/wp\/v2\/pages"}],"about":[{"href":"https:\/\/blogsaverroes.juntadeandalucia.es\/ceipsimonfuentes\/wp-json\/wp\/v2\/types\/page"}],"author":[{"embeddable":true,"href":"https:\/\/blogsaverroes.juntadeandalucia.es\/ceipsimonfuentes\/wp-json\/wp\/v2\/users\/1"}],"replies":[{"embeddable":true,"href":"https:\/\/blogsaverroes.juntadeandalucia.es\/ceipsimonfuentes\/wp-json\/wp\/v2\/comments?post=77"}],"version-history":[{"count":6,"href":"https:\/\/blogsaverroes.juntadeandalucia.es\/ceipsimonfuentes\/wp-json\/wp\/v2\/pages\/77\/revisions"}],"predecessor-version":[{"id":2283,"href":"https:\/\/blogsaverroes.juntadeandalucia.es\/ceipsimonfuentes\/wp-json\/wp\/v2\/pages\/77\/revisions\/2283"}],"wp:attachment":[{"href":"https:\/\/blogsaverroes.juntadeandalucia.es\/ceipsimonfuentes\/wp-json\/wp\/v2\/media?parent=77"}],"curies":[{"name":"wp","href":"https:\/\/api.w.org\/{rel}","templated":true}]}}