{"id":4830,"date":"2022-11-14T23:23:56","date_gmt":"2022-11-14T23:23:56","guid":{"rendered":"https:\/\/blogsaverroes.juntadeandalucia.es\/ceipsjcalasanz\/?page_id=4830"},"modified":"2024-11-11T14:19:23","modified_gmt":"2024-11-11T14:19:23","slug":"documentos","status":"publish","type":"page","link":"https:\/\/blogsaverroes.juntadeandalucia.es\/ceipsjcalasanz\/documentos\/","title":{"rendered":"DOCUMENTOS"},"content":{"rendered":"<p>Si pulsas en el desplegable de DOCUMENTOS puedes acceder a los documentos p\u00fablicos del centro: su Plan de Centro, las Propuestas did\u00e1cticas de Infantil, las Programaciones did\u00e1cticas de Primaria y el Plan TDE.<\/p>\n","protected":false},"excerpt":{"rendered":"<p>Si pulsas en el desplegable de DOCUMENTOS puedes acceder a los documentos p\u00fablicos del centro: su Plan de Centro, las Propuestas did\u00e1cticas de Infantil, las Programaciones did\u00e1cticas de Primaria y el Plan TDE.<\/p>\n","protected":false},"author":11180,"featured_media":0,"parent":0,"menu_order":0,"comment_status":"closed","ping_status":"closed","template":"","meta":{"ngg_post_thumbnail":0,"footnotes":"","_mc_calendar":[]},"aioseo_notices":[],"_links":{"self":[{"href":"https:\/\/blogsaverroes.juntadeandalucia.es\/ceipsjcalasanz\/wp-json\/wp\/v2\/pages\/4830"}],"collection":[{"href":"https:\/\/blogsaverroes.juntadeandalucia.es\/ceipsjcalasanz\/wp-json\/wp\/v2\/pages"}],"about":[{"href":"https:\/\/blogsaverroes.juntadeandalucia.es\/ceipsjcalasanz\/wp-json\/wp\/v2\/types\/page"}],"author":[{"embeddable":true,"href":"https:\/\/blogsaverroes.juntadeandalucia.es\/ceipsjcalasanz\/wp-json\/wp\/v2\/users\/11180"}],"replies":[{"embeddable":true,"href":"https:\/\/blogsaverroes.juntadeandalucia.es\/ceipsjcalasanz\/wp-json\/wp\/v2\/comments?post=4830"}],"version-history":[{"count":6,"href":"https:\/\/blogsaverroes.juntadeandalucia.es\/ceipsjcalasanz\/wp-json\/wp\/v2\/pages\/4830\/revisions"}],"predecessor-version":[{"id":6640,"href":"https:\/\/blogsaverroes.juntadeandalucia.es\/ceipsjcalasanz\/wp-json\/wp\/v2\/pages\/4830\/revisions\/6640"}],"wp:attachment":[{"href":"https:\/\/blogsaverroes.juntadeandalucia.es\/ceipsjcalasanz\/wp-json\/wp\/v2\/media?parent=4830"}],"curies":[{"name":"wp","href":"https:\/\/api.w.org\/{rel}","templated":true}]}}