{"id":6544,"date":"2024-07-31T15:25:58","date_gmt":"2024-07-31T15:25:58","guid":{"rendered":"https:\/\/blogsaverroes.juntadeandalucia.es\/ceipsjcalasanz\/?page_id=6544"},"modified":"2025-08-08T10:49:33","modified_gmt":"2025-08-08T10:49:33","slug":"material-escolar","status":"publish","type":"page","link":"https:\/\/blogsaverroes.juntadeandalucia.es\/ceipsjcalasanz\/material-escolar\/","title":{"rendered":"MATERIAL E. 25-26"},"content":{"rendered":"<p>Para ver material escolar desde el m\u00f3vil pica en las tres l\u00edneas de la parte superior derecha. Se abrir\u00e1 un desplegable.<\/p>\n<p>Se recomienda ver el material desde un ordenador.<\/p>\n<p>Gracias<\/p>\n","protected":false},"excerpt":{"rendered":"<p>Para ver material escolar desde el m\u00f3vil pica en las tres l\u00edneas de la parte superior derecha. Se abrir\u00e1 un desplegable. Se recomienda ver el material desde un ordenador. Gracias<\/p>\n","protected":false},"author":11180,"featured_media":0,"parent":0,"menu_order":0,"comment_status":"closed","ping_status":"closed","template":"","meta":{"ngg_post_thumbnail":0,"footnotes":"","_mc_calendar":[]},"aioseo_notices":[],"_links":{"self":[{"href":"https:\/\/blogsaverroes.juntadeandalucia.es\/ceipsjcalasanz\/wp-json\/wp\/v2\/pages\/6544"}],"collection":[{"href":"https:\/\/blogsaverroes.juntadeandalucia.es\/ceipsjcalasanz\/wp-json\/wp\/v2\/pages"}],"about":[{"href":"https:\/\/blogsaverroes.juntadeandalucia.es\/ceipsjcalasanz\/wp-json\/wp\/v2\/types\/page"}],"author":[{"embeddable":true,"href":"https:\/\/blogsaverroes.juntadeandalucia.es\/ceipsjcalasanz\/wp-json\/wp\/v2\/users\/11180"}],"replies":[{"embeddable":true,"href":"https:\/\/blogsaverroes.juntadeandalucia.es\/ceipsjcalasanz\/wp-json\/wp\/v2\/comments?post=6544"}],"version-history":[{"count":9,"href":"https:\/\/blogsaverroes.juntadeandalucia.es\/ceipsjcalasanz\/wp-json\/wp\/v2\/pages\/6544\/revisions"}],"predecessor-version":[{"id":7396,"href":"https:\/\/blogsaverroes.juntadeandalucia.es\/ceipsjcalasanz\/wp-json\/wp\/v2\/pages\/6544\/revisions\/7396"}],"wp:attachment":[{"href":"https:\/\/blogsaverroes.juntadeandalucia.es\/ceipsjcalasanz\/wp-json\/wp\/v2\/media?parent=6544"}],"curies":[{"name":"wp","href":"https:\/\/api.w.org\/{rel}","templated":true}]}}