{"id":2464,"date":"2020-04-14T10:14:58","date_gmt":"2020-04-14T10:14:58","guid":{"rendered":"https:\/\/blogsaverroes.juntadeandalucia.es\/ceipsolymar\/?page_id=2464"},"modified":"2020-04-14T10:31:16","modified_gmt":"2020-04-14T10:31:16","slug":"audicion-y-lenguaje-materiales-y-recursos","status":"publish","type":"page","link":"https:\/\/blogsaverroes.juntadeandalucia.es\/ceipsolymar\/audicion-y-lenguaje-materiales-y-recursos\/","title":{"rendered":"Audici\u00f3n y Lenguaje. Materiales y recursos."},"content":{"rendered":"<p>Bienvenidos al espacio dedicado para los enlaces y archivos de la secci\u00f3n de Audici\u00f3n y Lenguaje.<\/p>\n<p>En este lugar aparecer\u00e1n todas las tareas establecidas para Audici\u00f3n y Lenguaje que ir\u00e1n apareciendo en la portada de la p\u00e1gina web.<\/p>\n<p><a href=\"https:\/\/drive.google.com\/open?id=1B_90i6xF-AcGSKj8tHv9_dzR-gcZQs94\"><strong>TAREAS ACTUALIZADAS DURANTE EL MES DE MARZO Y ABRIL (Actualizado a 13 de abril)<\/strong><\/a><\/p>\n","protected":false},"excerpt":{"rendered":"<p>Bienvenidos al espacio dedicado para los enlaces y archivos de la secci\u00f3n de Audici\u00f3n y Lenguaje. En este lugar aparecer\u00e1n todas las tareas establecidas para Audici\u00f3n y Lenguaje que ir\u00e1n apareciendo en la portada&#46;&#46;&#46;<\/p>\n","protected":false},"author":7525,"featured_media":0,"parent":0,"menu_order":0,"comment_status":"closed","ping_status":"closed","template":"","meta":{"ngg_post_thumbnail":0,"footnotes":"","_mc_calendar":[]},"aioseo_notices":[],"_links":{"self":[{"href":"https:\/\/blogsaverroes.juntadeandalucia.es\/ceipsolymar\/wp-json\/wp\/v2\/pages\/2464"}],"collection":[{"href":"https:\/\/blogsaverroes.juntadeandalucia.es\/ceipsolymar\/wp-json\/wp\/v2\/pages"}],"about":[{"href":"https:\/\/blogsaverroes.juntadeandalucia.es\/ceipsolymar\/wp-json\/wp\/v2\/types\/page"}],"author":[{"embeddable":true,"href":"https:\/\/blogsaverroes.juntadeandalucia.es\/ceipsolymar\/wp-json\/wp\/v2\/users\/7525"}],"replies":[{"embeddable":true,"href":"https:\/\/blogsaverroes.juntadeandalucia.es\/ceipsolymar\/wp-json\/wp\/v2\/comments?post=2464"}],"version-history":[{"count":3,"href":"https:\/\/blogsaverroes.juntadeandalucia.es\/ceipsolymar\/wp-json\/wp\/v2\/pages\/2464\/revisions"}],"predecessor-version":[{"id":2488,"href":"https:\/\/blogsaverroes.juntadeandalucia.es\/ceipsolymar\/wp-json\/wp\/v2\/pages\/2464\/revisions\/2488"}],"wp:attachment":[{"href":"https:\/\/blogsaverroes.juntadeandalucia.es\/ceipsolymar\/wp-json\/wp\/v2\/media?parent=2464"}],"curies":[{"name":"wp","href":"https:\/\/api.w.org\/{rel}","templated":true}]}}