{"id":424,"date":"2015-03-20T07:05:20","date_gmt":"2015-03-20T07:05:20","guid":{"rendered":"http:\/\/blogsaverroes.juntadeandalucia.es\/pre\/ceip\/?page_id=424"},"modified":"2020-03-27T19:11:15","modified_gmt":"2020-03-27T19:11:15","slug":"educacion-infantil","status":"publish","type":"page","link":"https:\/\/blogsaverroes.juntadeandalucia.es\/ceipsolymar\/educacion-infantil\/","title":{"rendered":"Educaci\u00f3n infantil"},"content":{"rendered":"<p>&nbsp;<\/p>\n<p><a href=\"https:\/\/blogsaverroes.juntadeandalucia.es\/ceipsolymar\/files\/2014\/12\/lapices3.jpg\"><img loading=\"lazy\" decoding=\"async\" class=\"alignnone size-medium wp-image-548\" src=\"https:\/\/blogsaverroes.juntadeandalucia.es\/ceipsolymar\/files\/2014\/12\/lapices3-300x199.jpg\" alt=\"\" width=\"300\" height=\"199\" srcset=\"https:\/\/blogsaverroes.juntadeandalucia.es\/ceipsolymar\/files\/2014\/12\/lapices3-300x199.jpg 300w, https:\/\/blogsaverroes.juntadeandalucia.es\/ceipsolymar\/files\/2014\/12\/lapices3-1024x682.jpg 1024w, https:\/\/blogsaverroes.juntadeandalucia.es\/ceipsolymar\/files\/2014\/12\/lapices3.jpg 1280w\" sizes=\"(max-width: 300px) 100vw, 300px\" \/><\/a><\/p>\n<p>La Educaci\u00f3n Infantil&nbsp;es la etapa educativa que atiende a ni\u00f1as y ni\u00f1os <strong>desde el nacimiento hasta los seis a\u00f1os <\/strong>con la finalidad de contribuir a su desarrollo f\u00edsico, afectivo, social e intelectual. Se ordena en dos ciclos: el primero comprende hasta los tres a\u00f1os; el segundo, que es gratuito, va&nbsp;desde los tres a los seis a\u00f1os de edad.<\/p>\n<p>Teniendo&nbsp;<strong>car\u00e1cter voluntario<\/strong>, este segundo ciclo se ha generalizado en toda Espa\u00f1a, de modo que en la actualidad pr\u00e1cticamente el 100% de los ni\u00f1os y ni\u00f1as de 3 a 6 a\u00f1os acuden al colegio de manera gratuita. La escolarizaci\u00f3n temprana se considera un gran logro que incidir\u00e1 positivamente en la mejora del rendimiento escolar futuro, por eso otras iniciativas como el Programa Educa 3 fomentan ahora la creaci\u00f3n de nuevas plazas educativas para ni\u00f1os de menos de 3 a\u00f1os.<\/p>\n<p>En&nbsp;los dos&nbsp;ciclos de la Educaci\u00f3n Infantil se atiende progresivamente al desarrollo afectivo, al movimiento y a los h\u00e1bitos de control corporal, a las manifestaciones de la comunicaci\u00f3n y del lenguaje, a las pautas elementales de convivencia y relaci\u00f3n social, as\u00ed como al descubrimiento de las caracter\u00edsticas f\u00edsicas y sociales del medio. Adem\u00e1s se&nbsp;propicia que ni\u00f1as y ni\u00f1os&nbsp;logren una imagen positiva y equilibrada de s\u00ed mismos&nbsp;y adquieran autonom\u00eda personal.<\/p>\n<p>Dentro de nuestras programaciones, se establecen los siguientes objetivos&nbsp;<\/p>\n<p>a) Contribuir su propia identidad e ir form\u00e1ndose una imagen ajustada y positiva de s\u00ed mismo, tomando gradualmente conciencia de sus emociones y sentimientos a trav\u00e9s del conocimiento y valoraci\u00f3n de las caracter\u00edsticas propias, sus posibilidades y l\u00edmites.<\/p>\n<p>b) Adquirir autonom\u00eda en la realizaci\u00f3n de actividades habituales y en la pr\u00e1ctica de h\u00e1bitos b\u00e1sicos de salud y bienestar y desarrollar su capacidad de iniciativa.<\/p>\n<p>c) Establecer relaciones sociales satisfactorias en \u00e1mbitos cada vez m\u00e1s amplios teniendo en cuenta, las emociones, sentimientos y puntos de vista de los dem\u00e1s, as\u00ed como adquirir gradualmente pautas de convivencia y estrategias en la resoluci\u00f3n pac\u00edfica de conflictos.<\/p>\n<p>d) Observar y explorar su entorno, f\u00edsico, natural, social y cultural, generando interpretaciones de algunos fen\u00f3menos y hechos m\u00e1s significativos para conocer y comprender la realidad y participar de ella de forma cr\u00edtica.<\/p>\n<p>e) Comprender y representar algunas nociones y relaciones l\u00f3gico- matem\u00e1ticas referidas a situaciones de la vida cotidiana, acerc\u00e1ndose a estrategias de resoluci\u00f3n de problemas.<\/p>\n<p>f) Representar aspectos de la realidad vivida o imaginada de forma cada vez m\u00e1s personal y ajustada a los diferentes contextos y situaciones, desarrollando competencias comunicativas en diferentes lenguajes y forma de expresi\u00f3n.<\/p>\n<p>g) Utilizar el lenguaje oral de forma cada vez m\u00e1s adecuada a las diferentes situaciones de comunicaci\u00f3n para comprender y ser comprendido por los otros.<\/p>\n<p>h) Aproximarse a la lectura y escritura en situaciones de la vida cotidiana a trav\u00e9s de textos relacionados con la vida cotidiana.<\/p>\n<p>i) Conocer y participar en algunas manifestaciones culturales y art\u00edsticas de su entorno, teniendo en cuenta la diversidad y desarrollando actitudes de inter\u00e9s y aprecio hacia la cultura andaluza y la diversidad cultural.<\/p>\n<p>&nbsp;<\/p>\n","protected":false},"excerpt":{"rendered":"<p>&nbsp; La Educaci\u00f3n Infantil&nbsp;es la etapa educativa que atiende a ni\u00f1as y ni\u00f1os desde el nacimiento hasta los seis a\u00f1os con la finalidad de contribuir a su desarrollo f\u00edsico, afectivo, social e intelectual. Se&#46;&#46;&#46;<\/p>\n","protected":false},"author":1,"featured_media":0,"parent":0,"menu_order":0,"comment_status":"closed","ping_status":"open","template":"","meta":{"ngg_post_thumbnail":0,"footnotes":"","_mc_calendar":[]},"aioseo_notices":[],"_links":{"self":[{"href":"https:\/\/blogsaverroes.juntadeandalucia.es\/ceipsolymar\/wp-json\/wp\/v2\/pages\/424"}],"collection":[{"href":"https:\/\/blogsaverroes.juntadeandalucia.es\/ceipsolymar\/wp-json\/wp\/v2\/pages"}],"about":[{"href":"https:\/\/blogsaverroes.juntadeandalucia.es\/ceipsolymar\/wp-json\/wp\/v2\/types\/page"}],"author":[{"embeddable":true,"href":"https:\/\/blogsaverroes.juntadeandalucia.es\/ceipsolymar\/wp-json\/wp\/v2\/users\/1"}],"replies":[{"embeddable":true,"href":"https:\/\/blogsaverroes.juntadeandalucia.es\/ceipsolymar\/wp-json\/wp\/v2\/comments?post=424"}],"version-history":[{"count":3,"href":"https:\/\/blogsaverroes.juntadeandalucia.es\/ceipsolymar\/wp-json\/wp\/v2\/pages\/424\/revisions"}],"predecessor-version":[{"id":2289,"href":"https:\/\/blogsaverroes.juntadeandalucia.es\/ceipsolymar\/wp-json\/wp\/v2\/pages\/424\/revisions\/2289"}],"wp:attachment":[{"href":"https:\/\/blogsaverroes.juntadeandalucia.es\/ceipsolymar\/wp-json\/wp\/v2\/media?parent=424"}],"curies":[{"name":"wp","href":"https:\/\/api.w.org\/{rel}","templated":true}]}}