{"id":426,"date":"2015-03-20T07:05:49","date_gmt":"2015-03-20T07:05:49","guid":{"rendered":"http:\/\/blogsaverroes.juntadeandalucia.es\/pre\/ceip\/?page_id=426"},"modified":"2022-04-28T07:14:10","modified_gmt":"2022-04-28T07:14:10","slug":"materiales-recursos","status":"publish","type":"page","link":"https:\/\/blogsaverroes.juntadeandalucia.es\/ceipsolymar\/educacion-infantil\/materiales-recursos\/","title":{"rendered":"E.I. Materiales, recursos&#8230;"},"content":{"rendered":"<p>Bienvenid@s al espacio dedicado para los materiales y recursos para el alumnado de Educaci\u00f3n Infantil.<\/p>\n<p>Todos los archivos que aparecen aqu\u00ed estar\u00e1n ordenados por las fechas en las que se cuelgan en la p\u00e1gina principal de la web del colegio.<\/p>\n<p><a href=\"https:\/\/drive.google.com\/open?id=1JxD_5ZLqb90-DE86fLw3YYUNtoRBx5I_\">ALUMNADO 3 A\u00d1OS.<\/a><\/p>\n<p><a href=\"https:\/\/drive.google.com\/open?id=1ym5DiArjuV0Ciam-Iq1IlMMZpHbRfW_n\">ALUMNADO 4 A\u00d1OS.<\/a><\/p>\n<p><a href=\"https:\/\/drive.google.com\/open?id=1SFo_iRVnW0ENq7NWexN6AQjyiA84Dio7\">ALUMNADO 5 A\u00d1OS.<\/a><\/p>\n<p>&nbsp;<\/p>\n","protected":false},"excerpt":{"rendered":"<p>Bienvenid@s al espacio dedicado para los materiales y recursos para el alumnado de Educaci\u00f3n Infantil. Todos los archivos que aparecen aqu\u00ed estar\u00e1n ordenados por las fechas en las que se cuelgan en la p\u00e1gina&#46;&#46;&#46;<\/p>\n","protected":false},"author":1,"featured_media":0,"parent":424,"menu_order":0,"comment_status":"closed","ping_status":"open","template":"","meta":{"ngg_post_thumbnail":0,"footnotes":"","_mc_calendar":[]},"aioseo_notices":[],"_links":{"self":[{"href":"https:\/\/blogsaverroes.juntadeandalucia.es\/ceipsolymar\/wp-json\/wp\/v2\/pages\/426"}],"collection":[{"href":"https:\/\/blogsaverroes.juntadeandalucia.es\/ceipsolymar\/wp-json\/wp\/v2\/pages"}],"about":[{"href":"https:\/\/blogsaverroes.juntadeandalucia.es\/ceipsolymar\/wp-json\/wp\/v2\/types\/page"}],"author":[{"embeddable":true,"href":"https:\/\/blogsaverroes.juntadeandalucia.es\/ceipsolymar\/wp-json\/wp\/v2\/users\/1"}],"replies":[{"embeddable":true,"href":"https:\/\/blogsaverroes.juntadeandalucia.es\/ceipsolymar\/wp-json\/wp\/v2\/comments?post=426"}],"version-history":[{"count":12,"href":"https:\/\/blogsaverroes.juntadeandalucia.es\/ceipsolymar\/wp-json\/wp\/v2\/pages\/426\/revisions"}],"predecessor-version":[{"id":2805,"href":"https:\/\/blogsaverroes.juntadeandalucia.es\/ceipsolymar\/wp-json\/wp\/v2\/pages\/426\/revisions\/2805"}],"up":[{"embeddable":true,"href":"https:\/\/blogsaverroes.juntadeandalucia.es\/ceipsolymar\/wp-json\/wp\/v2\/pages\/424"}],"wp:attachment":[{"href":"https:\/\/blogsaverroes.juntadeandalucia.es\/ceipsolymar\/wp-json\/wp\/v2\/media?parent=426"}],"curies":[{"name":"wp","href":"https:\/\/api.w.org\/{rel}","templated":true}]}}