{"id":44,"date":"2015-03-13T08:42:15","date_gmt":"2015-03-13T08:42:15","guid":{"rendered":"http:\/\/blogsaverroes.juntadeandalucia.es\/pre\/ceip\/?page_id=44"},"modified":"2022-05-12T07:56:30","modified_gmt":"2022-05-12T07:56:30","slug":"planes-y-proyectos","status":"publish","type":"page","link":"https:\/\/blogsaverroes.juntadeandalucia.es\/ceipsolymar\/planes-y-proyectos\/","title":{"rendered":"Planes y Programas"},"content":{"rendered":"<p><img loading=\"lazy\" decoding=\"async\" class=\"alignnone size-medium wp-image-1667\" src=\"https:\/\/blogsaverroes.juntadeandalucia.es\/ceipsolymar\/files\/2015\/03\/planes-300x150.png\" alt=\"planes\" width=\"300\" height=\"150\" srcset=\"https:\/\/blogsaverroes.juntadeandalucia.es\/ceipsolymar\/files\/2015\/03\/planes-300x150.png 300w, https:\/\/blogsaverroes.juntadeandalucia.es\/ceipsolymar\/files\/2015\/03\/planes.png 640w\" sizes=\"(max-width: 300px) 100vw, 300px\" \/><\/p>\n<p>El C.E.I.P Solymar, como todos los centros de la red educativa andaluza, necesita abordar la realidad social actual, a trav\u00e9s de una serie de planes y programas de la Consejer\u00eda de Educaci\u00f3n y Deporte de la Junta de Andaluc\u00eda, los cuales pretenden ampliar la calidad de la educaci\u00f3n a trav\u00e9s de diferentes perspectivas, las cuales abarcan desde la salud y la prevenci\u00f3n, a la seguridad vial, el medio ambiente y el consumo responsable, as\u00ed como la lectura, las bibliotecas escolares o los valores de convivencia y respeto.&nbsp;<\/p>\n<p>En este apartado, se mencionan las finalidades as\u00ed como las coordinaciones y actividades desarrolladas por el centro de los diferentes Planes y Programas en los que participa el centro.. A continuaci\u00f3n se muestran algunos de ellos.<\/p>\n<ul>\n<li><strong>Plan de igualdad.&nbsp;<\/strong>La educaci\u00f3n integral de las personas implica la adquisici\u00f3n de un conjunto de capacidades, fundamentalmente de car\u00e1cter emocional y \u00e9tico. En nuestro centro, se llevan a cabo diferentes actividades relacionadas con efem\u00e9rides se\u00f1aladas (d\u00eda de la mujer trabajadora, 8 de marzo o d\u00eda contra la violencia de g\u00e9nero, 25 de noviembre), as\u00ed como un trabajo diario en el que se intenta potenciar el aprendizaje para la vida afectiva, que incorpore el valor y la riqueza que supone la diversidad de modos de ser hombre y de ser mujer, intentando establecer relaciones basadas en la equidad, el respeto y la corresponsabilidad. El coordinador de dicho programa, don <strong>Blas S\u00e1nchez P\u00e9rez<\/strong>, desempe\u00f1a su labor de manera eficiente desde hace tres cursos acad\u00e9micos.&nbsp;<\/li>\n<li><strong>Plan de apertura.&nbsp;<\/strong>Los servicios conexos a la ense\u00f1anza son de gran relevancia para la conciliaci\u00f3n de la vida familiar y laboral. Es por ello, por lo que los servicios complementarios de aula matinal, comedor escolar y actividades extraescolares se han ido desarrollando y manteni\u00e9ndose en el tiempo dentro del sistema p\u00fablico educativo de nuestra Comunidad Aut\u00f3noma desde su implantaci\u00f3n. El C.E.I.P Solymar ofrece todos y cada uno de estos servicios, adem\u00e1s del servicio de Transporte Escolar, fundamental para permitir que el alumnado que no se encuentra en el radio de acci\u00f3n m\u00e1s cercano del centro, pueda acudir facilitando la labor a las familias de manera diaria. Los servicios funcionan de manera correcta a lo largo del curso escolar, a trav\u00e9s de las diferentes empresas que se encargan de monitorizar al alumnado a trav\u00e9s de diversas actividades que complementan la labor curricular desempe\u00f1ada por parte de los equipos docentes. El coordinador del Plan de Apertura de centros es el director, don <strong>Jes\u00fas L\u00f3pez Cobos<\/strong>, y se encarga de dicha labor desde el curso 2017-2018<strong>.<\/strong><\/li>\n<li><strong>Escuela espacio de paz.&nbsp;<\/strong>La Consejer\u00eda de Educacion, mediante este Plan Andaluz de Educaci\u00f3n para la Cultura de Paz y No-violencia, inspirado en las m\u00faltiples experiencias de pr\u00e1ctica e investigaci\u00f3n de una educaci\u00f3n y cultura de Paz desarrolladas por personas y grupos a lo largo de toda la historia de la humanidad, y tambi\u00e9n en los valores fundacionales de las Naciones Unidas y de UNESCO, reafirma su voluntad de contribuir a\u00fan m\u00e1s en el logro, para las generaciones actuales y las venideras, de una sociedad andaluza m\u00e1s justa y tolerante, propiciando realidades pac\u00edficas para con ella y para con otros pueblos con los que convive. Desde esta visi\u00f3n, el C.E.I.P Solymar, con su condici\u00f3n multicultural, acogiendo a diferentes culturas con su acervo particular, desarrolla una labor fundamental, no s\u00f3lo basada en la celebraci\u00f3n espec\u00edfica del d\u00eda de la Paz (30 de enero), sino con un desarrollo diario de una serie de valores y normas, en las que el respeto, la aceptaci\u00f3n y la valoraci\u00f3n de cada cultura, son las bases fundamentales sobre las que se consolida la relaci\u00f3n diaria entre el alumnado y todos los miembros de la Comunidad Educativa que la conforman. La coordinadora del programa es do\u00f1a <strong>Cristina Gonz\u00e1lez Ib\u00e1\u00f1ez<\/strong>, qui\u00e9n lleva desempe\u00f1ando su labor desde el curso 2018-2019.<\/li>\n<li><strong>Plan de Lectura y de Bibliotecas Escolares.&nbsp;<\/strong>En la sociedad de la informaci\u00f3n y el conocimiento se requiere que las bibliotecas escolares se conviertan en centros de recursos para la ense\u00f1anza y el aprendizaje, en factores de compensaci\u00f3n social, hecho que en nuestro centro es a\u00fan m\u00e1s notorio e indiscutible, posibilitando el acceso a recursos informativos y culturales a qui\u00e9nes no carecen de ellos. Como centros de recursos facilitan el acceso a materiales informativos para todas las \u00e1reas del curr\u00edculo. La finalidad de este plan es la de generar y facilitar recursos, servicios, comunicaci\u00f3n, acompa\u00f1amiento, interacci\u00f3n a toda la Comunidad Educativa que pueda disponer de este recurso, gracias a la labor de su coordinador, don <strong>Mar\u00eda Bautista P\u00e9rez,<\/strong> qui\u00e9n adem\u00e1s de la celebraci\u00f3n de las diferentes efem\u00e9rides se\u00f1aladas (d\u00eda del libro, 20 de abril, d\u00eda de la lectura, 7 de marzo, d\u00eda de la poes\u00eda, 20 de marzo, etc), participa de las diferentes actividades en los Planes y Programas en los que est\u00e1 inmerso el centro desde la perspectiva del uso de la Biblioteca Escolar, como recurso de ampliaci\u00f3n de conocimientos de los contenidos trabajados en dichos planes y programas.&nbsp;<\/li>\n<li>El <strong>Plan de Compensaci\u00f3n Educativa&nbsp;<\/strong>pretende potenciar la participaci\u00f3n de todos los sectores en la gesti\u00f3n democr\u00e1tica del centro, abri\u00e9ndolo a actividades propuestas por diferentes miembros de la Comunidad Educativa, adoptando modelos de actuaci\u00f3n basados en el sentido de cooperaci\u00f3n y en el trabajo en equipo en la toma de decisiones, planificaci\u00f3n y desarrollo de actividades, implantando modelos de conducta que contrarresten las manifestaciones de agresividad y desorden propios del entorno, resolviendo problemas de convivencia motivados por diferencia de etnias, favoreciendo el respeto hacia las culturas propias de cada una de ellas, basado en el conocimiento mutuo, y desde la perspectiva curricular, resolviendo problemas relacionados con aprendizajes de la lectura y la escritura, adquisici\u00f3n y enriquecimiento del lenguaje oral, as\u00ed como en la competencia matem\u00e1tica desde todas sus \u00f3pticas, resolviendo problemas derivados del absentismo escolar a trav\u00e9s de modelos organizativos apropiados y respuesta educativa desde el trabajo coordinado con organismos y administraciones competentes y, por supuesto, proponiendo al alumnado el conocimiento de otras realidades distintas a las que vive mediante actividades extraescolares, excursiones, convivencias, etc. Ese es el esp\u00edritu de este Plan, el cual es coordinado por la Direcci\u00f3n del centro, en la persona de <strong>Jes\u00fas L\u00f3pez Cobos<\/strong>, desde el curso 2017-2018.<\/li>\n<li>Otros Planes y Programas en los que participa el centro son el <b>Plan Transformaci\u00f3n Digital<\/b>,&nbsp; y el <strong>Plan de Salud Laboral<\/strong>, en el que se fomentan las medidas de actuaci\u00f3n por parte del centro para la seguridad de todas las personas que desempe\u00f1an su labor en el centro, as\u00ed como las medidas a considerar en el caso de situaciones de emergencia surgidas de manera circunstancial mediante actuaciones de evacuaci\u00f3n, charlas, etc. En ambos casos, la coordinaci\u00f3n corresponde a la Direcci\u00f3n del centro, en la persona de <strong>Jes\u00fas L\u00f3pez Cobos<\/strong>, desde el curso 2017-2018.<\/li>\n<\/ul>\n<p>&nbsp;<\/p>\n","protected":false},"excerpt":{"rendered":"<p>El C.E.I.P Solymar, como todos los centros de la red educativa andaluza, necesita abordar la realidad social actual, a trav\u00e9s de una serie de planes y programas de la Consejer\u00eda de Educaci\u00f3n y Deporte&#46;&#46;&#46;<\/p>\n","protected":false},"author":1,"featured_media":0,"parent":0,"menu_order":0,"comment_status":"closed","ping_status":"closed","template":"","meta":{"ngg_post_thumbnail":0,"footnotes":"","_mc_calendar":[]},"aioseo_notices":[],"_links":{"self":[{"href":"https:\/\/blogsaverroes.juntadeandalucia.es\/ceipsolymar\/wp-json\/wp\/v2\/pages\/44"}],"collection":[{"href":"https:\/\/blogsaverroes.juntadeandalucia.es\/ceipsolymar\/wp-json\/wp\/v2\/pages"}],"about":[{"href":"https:\/\/blogsaverroes.juntadeandalucia.es\/ceipsolymar\/wp-json\/wp\/v2\/types\/page"}],"author":[{"embeddable":true,"href":"https:\/\/blogsaverroes.juntadeandalucia.es\/ceipsolymar\/wp-json\/wp\/v2\/users\/1"}],"replies":[{"embeddable":true,"href":"https:\/\/blogsaverroes.juntadeandalucia.es\/ceipsolymar\/wp-json\/wp\/v2\/comments?post=44"}],"version-history":[{"count":7,"href":"https:\/\/blogsaverroes.juntadeandalucia.es\/ceipsolymar\/wp-json\/wp\/v2\/pages\/44\/revisions"}],"predecessor-version":[{"id":2829,"href":"https:\/\/blogsaverroes.juntadeandalucia.es\/ceipsolymar\/wp-json\/wp\/v2\/pages\/44\/revisions\/2829"}],"wp:attachment":[{"href":"https:\/\/blogsaverroes.juntadeandalucia.es\/ceipsolymar\/wp-json\/wp\/v2\/media?parent=44"}],"curies":[{"name":"wp","href":"https:\/\/api.w.org\/{rel}","templated":true}]}}