{"id":49,"date":"2015-03-13T08:47:05","date_gmt":"2015-03-13T08:47:05","guid":{"rendered":"http:\/\/blogsaverroes.juntadeandalucia.es\/pre\/ceip\/?page_id=49"},"modified":"2022-05-13T08:47:32","modified_gmt":"2022-05-13T08:47:32","slug":"proyecto-educativo","status":"publish","type":"page","link":"https:\/\/blogsaverroes.juntadeandalucia.es\/ceipsolymar\/proyecto-educativo\/","title":{"rendered":"Proyecto Educativo"},"content":{"rendered":"<p><img loading=\"lazy\" decoding=\"async\" class=\"alignnone size-medium wp-image-1662\" src=\"https:\/\/blogsaverroes.juntadeandalucia.es\/ceipsolymar\/files\/2015\/03\/proyecto-300x266.png\" alt=\"proyecto\" width=\"300\" height=\"266\" srcset=\"https:\/\/blogsaverroes.juntadeandalucia.es\/ceipsolymar\/files\/2015\/03\/proyecto-300x266.png 300w, https:\/\/blogsaverroes.juntadeandalucia.es\/ceipsolymar\/files\/2015\/03\/proyecto.png 640w\" sizes=\"(max-width: 300px) 100vw, 300px\" \/><\/p>\n<p>El Proyecto Educativo del C.E.I.P Solymar constituye la se\u00f1a de identidad del centro docente y expresa la educaci\u00f3n que desea y que va a desarrollar en unas condiciones concretas, por lo que tendr\u00e1 en cuenta ciertos valores, objetivos y prioridades de actuaci\u00f3n, no limit\u00e1ndose a aspectos curriculares, sino tambi\u00e9n a aquellos otros que, desde un punto de vista cultural, hacen del centro un elemento dinamizador de la zona donde est\u00e1 ubicado.<\/p>\n<p>Este Proyecto tiene en consideraci\u00f3n las caracter\u00edsticas del entorno social y multicultural del centro, recoge la forma de atenci\u00f3n a la diversidad del alumnado y la acci\u00f3n tutorial, as\u00ed como el plan de convivencia, respetando el principio de no discriminaci\u00f3n y de inclusi\u00f3n educativa como valores fundamentales, as\u00ed como los principios y objetivos recogidos en la L.O.E\/L.O.M.C.E (Ley Org\u00e1nica 2\/2006, de tres de mayo, de Educaci\u00f3n, texto consolidado de la \u00faltima modificaci\u00f3n de 10 de diciembre de 2013) y L.E.A (Ley 17\/2007, de 10 de diciembre, de Educaci\u00f3n de Andaluc\u00eda).<\/p>\n<p>Como todo Proyecto que se encamine a la consecuci\u00f3n de unos objetivos claros y concretos, justificar\u00e1 su actuaci\u00f3n y se elaborar\u00e1 en base al pleno conocimiento de los agentes directos que intervienen en \u00e9l, como son las alumnas y alumnos, sus familias y el entorno d\u00f3nde viven, as\u00ed como el profesorado de nuestro centro.&nbsp;<\/p>\n<p>El Proyecto Educativo, al igual que el Reglamento de Organizaci\u00f3n y Funcionamiento y el Proyecto de Gesti\u00f3n, se encuentran dentro del Plan de Centro, el documento base que es el coraz\u00f3n de nuestro centro. A continuaci\u00f3n, ajust\u00e1ndonos a lo estipulado en la normativa vigente al Reglamento de Organizaci\u00f3n de los Centros de Educaci\u00f3n Infantil y Primaria, adem\u00e1s del primer ciclo de Educaci\u00f3n Secundaria, ofrecemos p\u00fablicamente el Plan de Centro, el cual puede consultar desde esta p\u00e1gina web.&nbsp;<\/p>\n<p><a href=\"https:\/\/drive.google.com\/open?id=1wOLN-8YfMkoQUl0hccmKS1Ngf6FwDmxQ\">PROYECTO DE GESTI\u00d3N<\/a><\/p>\n<p><a href=\"https:\/\/drive.google.com\/open?id=1BV2RVgDnxndXXDXBGaw1mFvxHZQiGhZA\">PROYECTO EDUCATIVO<\/a><\/p>\n<p><a href=\"https:\/\/drive.google.com\/open?id=19kWhNYpBMctjgftOeN8Q-9I1PG5MQnC_\">REGLAMENTO DE ORGANIZACI\u00d3N Y FUNCIONAMIENTO&nbsp;<\/a><\/p>\n<p><a href=\"https:\/\/blogsaverroes.juntadeandalucia.es\/ceipsolymar\/files\/2022\/05\/PLAN-DE-AUTOPROTECCI\u00d3N-ACTUALIZADO1515.pdf\">PLAN DE AUTOPROTECCI\u00d3N ACTUALIZADO (2022)<\/a><\/p>\n","protected":false},"excerpt":{"rendered":"<p>El Proyecto Educativo del C.E.I.P Solymar constituye la se\u00f1a de identidad del centro docente y expresa la educaci\u00f3n que desea y que va a desarrollar en unas condiciones concretas, por lo que tendr\u00e1 en&#46;&#46;&#46;<\/p>\n","protected":false},"author":1,"featured_media":0,"parent":0,"menu_order":0,"comment_status":"closed","ping_status":"open","template":"","meta":{"ngg_post_thumbnail":0,"footnotes":"","_mc_calendar":[]},"aioseo_notices":[],"_links":{"self":[{"href":"https:\/\/blogsaverroes.juntadeandalucia.es\/ceipsolymar\/wp-json\/wp\/v2\/pages\/49"}],"collection":[{"href":"https:\/\/blogsaverroes.juntadeandalucia.es\/ceipsolymar\/wp-json\/wp\/v2\/pages"}],"about":[{"href":"https:\/\/blogsaverroes.juntadeandalucia.es\/ceipsolymar\/wp-json\/wp\/v2\/types\/page"}],"author":[{"embeddable":true,"href":"https:\/\/blogsaverroes.juntadeandalucia.es\/ceipsolymar\/wp-json\/wp\/v2\/users\/1"}],"replies":[{"embeddable":true,"href":"https:\/\/blogsaverroes.juntadeandalucia.es\/ceipsolymar\/wp-json\/wp\/v2\/comments?post=49"}],"version-history":[{"count":10,"href":"https:\/\/blogsaverroes.juntadeandalucia.es\/ceipsolymar\/wp-json\/wp\/v2\/pages\/49\/revisions"}],"predecessor-version":[{"id":2840,"href":"https:\/\/blogsaverroes.juntadeandalucia.es\/ceipsolymar\/wp-json\/wp\/v2\/pages\/49\/revisions\/2840"}],"wp:attachment":[{"href":"https:\/\/blogsaverroes.juntadeandalucia.es\/ceipsolymar\/wp-json\/wp\/v2\/media?parent=49"}],"curies":[{"name":"wp","href":"https:\/\/api.w.org\/{rel}","templated":true}]}}