{"id":77,"date":"2015-03-16T06:54:56","date_gmt":"2015-03-16T06:54:56","guid":{"rendered":"http:\/\/blogsaverroes.juntadeandalucia.es\/pre\/ceip\/?page_id=77"},"modified":"2020-03-25T10:31:13","modified_gmt":"2020-03-25T10:31:13","slug":"secretaria","status":"publish","type":"page","link":"https:\/\/blogsaverroes.juntadeandalucia.es\/ceipsolymar\/secretaria\/","title":{"rendered":"Secretar\u00eda"},"content":{"rendered":"<p>La <strong>Secretar\u00eda<\/strong> desarrolla muchas funciones importantes en la vida de un centro, especialmente en la relaci\u00f3n que mantiene con las familias en los diferentes tr\u00e1mites administrativos a lo largo de la escolarizaci\u00f3n: admisi\u00f3n, matr\u00edcula, comedor escolar, becas, etc.<\/p>\n<p>El horario de Secretar\u00eda es de lunes a jueves, de 9 de la ma\u00f1ana a 11 de la ma\u00f1ana.<\/p>\n<p>Debido al periodo de confinamiento en el que nos encontramos, por el estado de alarma decretado por parte del Gobierno de Espa\u00f1a, el cual mantiene los centros educativos cerrados hasta el pr\u00f3ximo veintisiete de marzo, con posibilidad de pr\u00f3rroga, el periodo de escolarizaci\u00f3n queda aplazado hasta nueva orden de manera presencial.&nbsp;<\/p>\n<p>La Consejer\u00eda de Educaci\u00f3n ha habilitado una p\u00e1gina web en la que con n\u00famero del documento nacional de identidad y un n\u00famero de tel\u00e9fono m\u00f3vil basta para poder llevar a cabo la reserva de plaza desde la etapa de Educaci\u00f3n Infantil hasta Educaci\u00f3n Secundaria para el alumnado de nueva incorporaci\u00f3n en el centro. La p\u00e1gina web es la siguiente y el acceso se realizar\u00eda en el icono de color amarillo con el s\u00edmbolo de AUTENTICACI\u00d3N.<\/p>\n<p><a href=\"https:\/\/www.juntadeandalucia.es\/educacion\/secretariavirtual\/accesoTramite\/439\/\">https:\/\/www.juntadeandalucia.es\/educacion\/secretariavirtual\/accesoTramite\/439\/<\/a><\/p>\n","protected":false},"excerpt":{"rendered":"<p>La Secretar\u00eda desarrolla muchas funciones importantes en la vida de un centro, especialmente en la relaci\u00f3n que mantiene con las familias en los diferentes tr\u00e1mites administrativos a lo largo de la escolarizaci\u00f3n: admisi\u00f3n, matr\u00edcula,&#46;&#46;&#46;<\/p>\n","protected":false},"author":1,"featured_media":0,"parent":0,"menu_order":0,"comment_status":"closed","ping_status":"open","template":"page-cs.php","meta":{"ngg_post_thumbnail":0,"footnotes":"","_mc_calendar":[]},"aioseo_notices":[],"_links":{"self":[{"href":"https:\/\/blogsaverroes.juntadeandalucia.es\/ceipsolymar\/wp-json\/wp\/v2\/pages\/77"}],"collection":[{"href":"https:\/\/blogsaverroes.juntadeandalucia.es\/ceipsolymar\/wp-json\/wp\/v2\/pages"}],"about":[{"href":"https:\/\/blogsaverroes.juntadeandalucia.es\/ceipsolymar\/wp-json\/wp\/v2\/types\/page"}],"author":[{"embeddable":true,"href":"https:\/\/blogsaverroes.juntadeandalucia.es\/ceipsolymar\/wp-json\/wp\/v2\/users\/1"}],"replies":[{"embeddable":true,"href":"https:\/\/blogsaverroes.juntadeandalucia.es\/ceipsolymar\/wp-json\/wp\/v2\/comments?post=77"}],"version-history":[{"count":7,"href":"https:\/\/blogsaverroes.juntadeandalucia.es\/ceipsolymar\/wp-json\/wp\/v2\/pages\/77\/revisions"}],"predecessor-version":[{"id":2164,"href":"https:\/\/blogsaverroes.juntadeandalucia.es\/ceipsolymar\/wp-json\/wp\/v2\/pages\/77\/revisions\/2164"}],"wp:attachment":[{"href":"https:\/\/blogsaverroes.juntadeandalucia.es\/ceipsolymar\/wp-json\/wp\/v2\/media?parent=77"}],"curies":[{"name":"wp","href":"https:\/\/api.w.org\/{rel}","templated":true}]}}