{"id":870,"date":"2015-03-16T07:24:27","date_gmt":"2015-03-16T07:24:27","guid":{"rendered":"http:\/\/blogsaverroes.juntadeandalucia.es\/pre\/ceip\/?page_id=103"},"modified":"2020-03-27T12:50:44","modified_gmt":"2020-03-27T12:50:44","slug":"aula-matinal","status":"publish","type":"page","link":"https:\/\/blogsaverroes.juntadeandalucia.es\/ceipsolymar\/aula-matinal\/","title":{"rendered":"Aula Matinal"},"content":{"rendered":"<p>&nbsp;<\/p>\n<p><a href=\"https:\/\/blogsaverroes.juntadeandalucia.es\/ceipsolymar\/files\/2015\/03\/educacion1.jpg\"><img loading=\"lazy\" decoding=\"async\" class=\"alignnone size-medium wp-image-1615\" src=\"https:\/\/blogsaverroes.juntadeandalucia.es\/ceipsolymar\/files\/2015\/03\/educacion1-300x182.jpg\" alt=\"\" width=\"300\" height=\"182\" srcset=\"https:\/\/blogsaverroes.juntadeandalucia.es\/ceipsolymar\/files\/2015\/03\/educacion1-300x182.jpg 300w, https:\/\/blogsaverroes.juntadeandalucia.es\/ceipsolymar\/files\/2015\/03\/educacion1.jpg 512w\" sizes=\"(max-width: 300px) 100vw, 300px\" \/><\/a><\/p>\n<p>El servicio de monitores de Comedor del centro ha sido otorgado a la empresa CELEM\u00cdN FORMACI\u00d3N. Se atienden a 125 alumnos\/as aproximadamente.<\/p>\n<p>El Aula Matinal se mantendr\u00e1 desde el inicio del Curso Escolar hasta su finalizaci\u00f3n, pudi\u00e9ndose inscribir los alumnos mensual o diariamente.<\/p>\n<p>El Aula Matinal comienza su actividad a la 7:30 horas y finaliza a las 9:00 horas, pudi\u00e9ndose incorporar los alumnos\/as a esta actividad, en cualquier momento durante el horario establecido.<\/p>\n<p>El establecimiento del Aula Matinal, estar\u00e1 supeditado a la existencia de una demanda m\u00ednima de 10 alumnos\/as, sin perjuicio del libre acceso al mismo una vez establecido.<\/p>\n<p>Las instalaciones a utilizar en el Centro para el desarrollo de esta actividad ser\u00edan, en principio, el sal\u00f3n-comedor situado en la planta baja del edificio escolar.<\/p>\n<p>Los Monitores que atienden esta actividad poseen el t\u00edtulo de diplomado en Ciencias de la Educaci\u00f3n. El personal a contratar, lo determina el n\u00famero de alumnos inscritos en el Aula Matinal y ser\u00e1n distribuidos de la siguiente forma:<\/p>\n<p>La funci\u00f3n de los monitores ser\u00e1 de atenci\u00f3n al alumnado hasta la finalizaci\u00f3n del Aula Matinal.<\/p>\n<p>Al comienzo del horario lectivo, los monitores, ser\u00e1n los responsables de llevar a los alumnos a sus correspondientes lugares, aulas o filas.<\/p>\n<p>Podr\u00e1 incluirse el desayuno del alumno dentro del Aula Matinal, el cual deber\u00e1 ser proporcionado por los padres.<\/p>\n<p><strong><u>OBJETIVOS<\/u><\/strong><\/p>\n<p>o Ofrecer una soluci\u00f3n al problema de incompatibilidad de horarios laborales y escolares a primera hora de la ma\u00f1ana.<\/p>\n<p>o Cuidar aspectos de educaci\u00f3n, higiene y alimentaci\u00f3n.<\/p>\n<p><strong><u>ACTIVIDADES<\/u><\/strong><\/p>\n<p>o Actividades l\u00fadicas y recreativas con juegos, puzzles y diversos entretenimientos.<\/p>\n<p><strong><u>MATERIALES<\/u><\/strong>:<\/p>\n<p>La Consejer\u00eda de Educaci\u00f3n ha dotado al centro para este proyecto de diferentes materiales did\u00e1cticos, tales como puzzles, juegos diversos&#8230;etc.<\/p>\n<p>Por otro lado, la empresa poseedora del servicio para la contrataci\u00f3n de las\/os monitoras\/es escolares aporta, a su vez, material fungible y did\u00e1ctico para la organizaci\u00f3n de las actividades a desarrollar durante este servicio.<\/p>\n<p><strong><u>HORARIO<\/u><\/strong>:<\/p>\n<p>Todos los d\u00edas lectivos de curso escolar. Horario de entrada a las 7:30<\/p>\n<p><strong><u>COORDINACI\u00d3N<\/u><\/strong>:<\/p>\n<p>La realiza el coordinador del Plan de Apertura de centros.<\/p>\n<p><strong><u>ORGANIZACI\u00d3N<\/u><\/strong>:<\/p>\n<p>Los\/as alumnos\/as son recogidos a partir de las 7:30 horas por unas monitoras que los\/as reciben y los incorporan al sal\u00f3n comedor donde realizan actividades hasta el comienzo de las clases a las 9 de la ma\u00f1ana.<\/p>\n<p>Cinco minutos antes, es decir a las 8:55, el monitor y las tres monitoras de Aula Matinal acompa\u00f1an a los\/as alumnos\/as desde el sal\u00f3n comedor hasta el patio del recreo donde se incorporan a sus respectivas filas.<\/p>\n","protected":false},"excerpt":{"rendered":"<p>&nbsp; El servicio de monitores de Comedor del centro ha sido otorgado a la empresa CELEM\u00cdN FORMACI\u00d3N. Se atienden a 125 alumnos\/as aproximadamente. El Aula Matinal se mantendr\u00e1 desde el inicio del Curso Escolar&#46;&#46;&#46;<\/p>\n","protected":false},"author":1,"featured_media":0,"parent":0,"menu_order":0,"comment_status":"closed","ping_status":"open","template":"","meta":{"ngg_post_thumbnail":0,"footnotes":"","_mc_calendar":[]},"aioseo_notices":[],"_links":{"self":[{"href":"https:\/\/blogsaverroes.juntadeandalucia.es\/ceipsolymar\/wp-json\/wp\/v2\/pages\/870"}],"collection":[{"href":"https:\/\/blogsaverroes.juntadeandalucia.es\/ceipsolymar\/wp-json\/wp\/v2\/pages"}],"about":[{"href":"https:\/\/blogsaverroes.juntadeandalucia.es\/ceipsolymar\/wp-json\/wp\/v2\/types\/page"}],"author":[{"embeddable":true,"href":"https:\/\/blogsaverroes.juntadeandalucia.es\/ceipsolymar\/wp-json\/wp\/v2\/users\/1"}],"replies":[{"embeddable":true,"href":"https:\/\/blogsaverroes.juntadeandalucia.es\/ceipsolymar\/wp-json\/wp\/v2\/comments?post=870"}],"version-history":[{"count":8,"href":"https:\/\/blogsaverroes.juntadeandalucia.es\/ceipsolymar\/wp-json\/wp\/v2\/pages\/870\/revisions"}],"predecessor-version":[{"id":2246,"href":"https:\/\/blogsaverroes.juntadeandalucia.es\/ceipsolymar\/wp-json\/wp\/v2\/pages\/870\/revisions\/2246"}],"wp:attachment":[{"href":"https:\/\/blogsaverroes.juntadeandalucia.es\/ceipsolymar\/wp-json\/wp\/v2\/media?parent=870"}],"curies":[{"name":"wp","href":"https:\/\/api.w.org\/{rel}","templated":true}]}}