{"id":871,"date":"2015-03-16T07:25:46","date_gmt":"2015-03-16T07:25:46","guid":{"rendered":"http:\/\/blogsaverroes.juntadeandalucia.es\/pre\/ceip\/?page_id=106"},"modified":"2025-01-08T10:59:05","modified_gmt":"2025-01-08T10:59:05","slug":"actividades-extraescolares","status":"publish","type":"page","link":"https:\/\/blogsaverroes.juntadeandalucia.es\/ceipsolymar\/actividades-extraescolares\/","title":{"rendered":"Actividades extraescolares"},"content":{"rendered":"<h4>&nbsp;<\/h4>\n<p style=\"text-align: left\"><a href=\"https:\/\/blogsaverroes.juntadeandalucia.es\/ceipsolymar\/files\/2015\/03\/talleres.jpg\"><img loading=\"lazy\" decoding=\"async\" class=\" alignnone wp-image-228 size-medium alignleft\" src=\"https:\/\/blogsaverroes.juntadeandalucia.es\/ceipsolymar\/files\/2015\/03\/talleres-300x199.jpg\" alt=\"\" width=\"300\" height=\"199\" srcset=\"https:\/\/blogsaverroes.juntadeandalucia.es\/ceipsolymar\/files\/2015\/03\/talleres-300x199.jpg 300w, https:\/\/blogsaverroes.juntadeandalucia.es\/ceipsolymar\/files\/2015\/03\/talleres-1024x682.jpg 1024w, https:\/\/blogsaverroes.juntadeandalucia.es\/ceipsolymar\/files\/2015\/03\/talleres.jpg 1280w\" sizes=\"(max-width: 300px) 100vw, 300px\" \/><\/a>Las actividades extraescolares tienen lugar en horario de tarde, hasta las 18.00, y abarcan aspectos como la lectura, el deporte, la inform\u00e1tica, los idiomas o el refuerzo educativo, entre otras actividades l\u00fadicas y formativas.<\/p>\n<p>Para hacer posible la realizaci\u00f3n de estas actividades fuera del horario lectivo, los centros pueden abrir sus instalaciones hasta las 18.00 todos los d\u00edas lectivos con excepci\u00f3n de los viernes, en los que el cierre se establece a las 16.00.<\/p>\n<p>Fuera del horario lectivo hay propuestas las siguientes actividades extraescolares contratadas con la empresa Albor\u00e1n Servicios S.L.<\/p>\n<p><strong><u>HORARIO<\/u><\/strong>:<\/p>\n<p>De 16:00 hasta 18:00 de Lunes a Jueves.<\/p>\n<p><a href=\"https:\/\/blogsaverroes.juntadeandalucia.es\/ceipsolymar\/files\/2020\/03\/HORARIO-EXTRAESCOLARES.jpg\"><img loading=\"lazy\" decoding=\"async\" class=\"alignnone wp-image-2248\" src=\"https:\/\/blogsaverroes.juntadeandalucia.es\/ceipsolymar\/files\/2020\/03\/HORARIO-EXTRAESCOLARES-300x49.jpg\" alt=\"\" width=\"533\" height=\"87\" srcset=\"https:\/\/blogsaverroes.juntadeandalucia.es\/ceipsolymar\/files\/2020\/03\/HORARIO-EXTRAESCOLARES-300x49.jpg 300w, https:\/\/blogsaverroes.juntadeandalucia.es\/ceipsolymar\/files\/2020\/03\/HORARIO-EXTRAESCOLARES-768x125.jpg 768w, https:\/\/blogsaverroes.juntadeandalucia.es\/ceipsolymar\/files\/2020\/03\/HORARIO-EXTRAESCOLARES-24x4.jpg 24w, https:\/\/blogsaverroes.juntadeandalucia.es\/ceipsolymar\/files\/2020\/03\/HORARIO-EXTRAESCOLARES-36x6.jpg 36w, https:\/\/blogsaverroes.juntadeandalucia.es\/ceipsolymar\/files\/2020\/03\/HORARIO-EXTRAESCOLARES-48x8.jpg 48w, https:\/\/blogsaverroes.juntadeandalucia.es\/ceipsolymar\/files\/2020\/03\/HORARIO-EXTRAESCOLARES.jpg 875w\" sizes=\"(max-width: 533px) 100vw, 533px\" \/><\/a><\/p>\n<p>Una vez concluido el comedor escolar, los monitores encargados de las Actividades Extraescolares recogen los alumnos y los llevan a sus respectivas aulas. Dichos monitores est\u00e1n formados y cualificados para sus actividades respectivas.<\/p>\n<p><strong><u>ORGANIZACI\u00d3N<\/u><\/strong>:<\/p>\n<p>Una vez acabada su actividad, cada tutor se hace cargo de sus correspondientes alumnos que son entregados a sus tutores legales en la puerta de salida del centro.<\/p>\n","protected":false},"excerpt":{"rendered":"<p>&nbsp; Las actividades extraescolares tienen lugar en horario de tarde, hasta las 18.00, y abarcan aspectos como la lectura, el deporte, la inform\u00e1tica, los idiomas o el refuerzo educativo, entre otras actividades l\u00fadicas y&#46;&#46;&#46;<\/p>\n","protected":false},"author":1,"featured_media":0,"parent":0,"menu_order":0,"comment_status":"closed","ping_status":"open","template":"","meta":{"ngg_post_thumbnail":0,"footnotes":"","_mc_calendar":[]},"aioseo_notices":[],"_links":{"self":[{"href":"https:\/\/blogsaverroes.juntadeandalucia.es\/ceipsolymar\/wp-json\/wp\/v2\/pages\/871"}],"collection":[{"href":"https:\/\/blogsaverroes.juntadeandalucia.es\/ceipsolymar\/wp-json\/wp\/v2\/pages"}],"about":[{"href":"https:\/\/blogsaverroes.juntadeandalucia.es\/ceipsolymar\/wp-json\/wp\/v2\/types\/page"}],"author":[{"embeddable":true,"href":"https:\/\/blogsaverroes.juntadeandalucia.es\/ceipsolymar\/wp-json\/wp\/v2\/users\/1"}],"replies":[{"embeddable":true,"href":"https:\/\/blogsaverroes.juntadeandalucia.es\/ceipsolymar\/wp-json\/wp\/v2\/comments?post=871"}],"version-history":[{"count":10,"href":"https:\/\/blogsaverroes.juntadeandalucia.es\/ceipsolymar\/wp-json\/wp\/v2\/pages\/871\/revisions"}],"predecessor-version":[{"id":2251,"href":"https:\/\/blogsaverroes.juntadeandalucia.es\/ceipsolymar\/wp-json\/wp\/v2\/pages\/871\/revisions\/2251"}],"wp:attachment":[{"href":"https:\/\/blogsaverroes.juntadeandalucia.es\/ceipsolymar\/wp-json\/wp\/v2\/media?parent=871"}],"curies":[{"name":"wp","href":"https:\/\/api.w.org\/{rel}","templated":true}]}}