{"id":99,"date":"2015-03-16T07:22:54","date_gmt":"2015-03-16T07:22:54","guid":{"rendered":"http:\/\/blogsaverroes.juntadeandalucia.es\/pre\/ceip\/?page_id=99"},"modified":"2022-04-21T07:22:37","modified_gmt":"2022-04-21T07:22:37","slug":"comedor-escolar","status":"publish","type":"page","link":"https:\/\/blogsaverroes.juntadeandalucia.es\/ceipsolymar\/comedor-escolar\/","title":{"rendered":"Comedor escolar 21-22"},"content":{"rendered":"<h4>Funcionamiento del comedor escolar<\/h4>\n<p>Los comedores escolares son un servicio complementario que resulta de gran utilidad a padres y madres para ayudarles a&nbsp;conciliar la vida laboral y familiar. Tienen una duraci\u00f3n de hasta dos horas desde que acaba la jornada escolar de la ma\u00f1ana (de 14.00 a 16.00 horas).<\/p>\n<p>Los comedores son adem\u00e1s una pieza importante en todas las medidas dirigidas a mejorar los h\u00e1bitos alimenticios de los ni\u00f1os y ni\u00f1as y prevenir problemas de salud como la obesidad. Tiene dos objetivos fundamentales en nuestro centro:&nbsp;<\/p>\n<p>1 Ense\u00f1ar a los\/as alumnos\/as a consumir una dieta equilibrada que se ajuste a las recomendaciones diet\u00e9ticas que dispone la Consejer\u00eda.<\/p>\n<p>2 Ense\u00f1ar buenos h\u00e1bitos, utilizaci\u00f3n de cubiertos y posturales mientras se come.<\/p>\n<p>En el C.E.I.P Solymar, el servicio de monitores de Comedor del centro ha sido otorgado a la empresa LA PRODUCTORA S.A. Se atienden a 225 alumnos\/as aproximadamente, tras la aprobaci\u00f3n previa por parte de la Delegaci\u00f3n Territorial de Educaci\u00f3n y Deporte de la provincia de Almer\u00eda. Adem\u00e1s de las\/os monitoras\/es establecidos para la realizaci\u00f3n de dicha labor, existe la colaboraci\u00f3n de profesorado que act\u00faa como monitores de alumnado, previa solicitud a dicho organismo mencionado anteriormente.&nbsp;<\/p>\n<p><u>ORGANIZACI\u00d3N<\/u>:<\/p>\n<p>En la cocina hay 4 personas trabajando a tiempo completo, con un cocinero provisional y tres ayudantes de cocina.<\/p>\n<p>En el sal\u00f3n comedor se realizan dos turnos de comedor. Un primer turno con Infantil, 1\u00ba y 2\u00ba de Primaria, y un segundo turno con 2\u00ba y 3\u00ba Ciclo de Primaria y Secundaria. Hay 9 monitores y una de ellos es la encargada de coordinarlas.<\/p>\n<p>A las 13:50 h. para no coincidir con la salida de Primaria, las monitoras recogen en las aulas a los alumnos de Infantil y se encargan de su traslado hasta el comedor y de darles de comer.<\/p>\n<p>A las 14:00 horas otras monitoras se encargan de recoger a los alumnos de primer ciclo de Educaci\u00f3n Primaria baj\u00e1ndolos de las clases al comedor. Y de esta manera se completa el primer turno.<\/p>\n<p>Cuando los ni\u00f1os han terminado de comer, cuidados por las monitoras se trasladan a las aulas para hacer actividades did\u00e1cticas y de cuidado del alumnado.<\/p>\n<p>Como este centro tiene una gran cantidad de alumnos que viven a distancia del centro, muchos padres van a por sus hijos del 1\u00ba turno, especialmente los alumnos y alumnas de Educaci\u00f3n Infantil y los recogen del patio haci\u00e9ndose la entrega de forma personal. Un primer turno de alumnos se marchan del centro a partir de las tres de la tarde, coincidiendo con el alumnado de Educaci\u00f3n Secundaria que no acude al servicio de comedor escolar, por lo que comen en el inicio del segundo turno, quedando un turno de vigilancia hasta la finalizaci\u00f3n del servicio, coincidente con la llegada del transporte escolar, el cual recoge al alumnado beneficiario de dicho servicio.&nbsp;<\/p>\n<p>El men\u00fa, repartido en cuatro semanas, recoge las valoraciones diet\u00e9ticas establecidas por parte de los nutricionistas y siempre siguiendo las recomendaciones por parte de dichos especialistas.&nbsp;<\/p>\n<p><a href=\"https:\/\/blogsaverroes.juntadeandalucia.es\/ceipsolymar\/files\/2022\/04\/menu.jpg\"><img loading=\"lazy\" decoding=\"async\" class=\"alignnone size-medium wp-image-2803\" src=\"https:\/\/blogsaverroes.juntadeandalucia.es\/ceipsolymar\/files\/2022\/04\/menu-300x162.jpg\" alt=\"\" width=\"300\" height=\"162\" srcset=\"https:\/\/blogsaverroes.juntadeandalucia.es\/ceipsolymar\/files\/2022\/04\/menu-300x162.jpg 300w, https:\/\/blogsaverroes.juntadeandalucia.es\/ceipsolymar\/files\/2022\/04\/menu-1024x551.jpg 1024w, https:\/\/blogsaverroes.juntadeandalucia.es\/ceipsolymar\/files\/2022\/04\/menu-768x414.jpg 768w, https:\/\/blogsaverroes.juntadeandalucia.es\/ceipsolymar\/files\/2022\/04\/menu.jpg 1038w\" sizes=\"(max-width: 300px) 100vw, 300px\" \/><\/a><a href=\"https:\/\/blogsaverroes.juntadeandalucia.es\/ceipsolymar\/files\/2022\/04\/menu-1.jpg\"><img loading=\"lazy\" decoding=\"async\" class=\"alignnone size-medium wp-image-2801\" src=\"https:\/\/blogsaverroes.juntadeandalucia.es\/ceipsolymar\/files\/2022\/04\/menu-1-300x143.jpg\" alt=\"\" width=\"300\" height=\"143\" srcset=\"https:\/\/blogsaverroes.juntadeandalucia.es\/ceipsolymar\/files\/2022\/04\/menu-1-300x143.jpg 300w, https:\/\/blogsaverroes.juntadeandalucia.es\/ceipsolymar\/files\/2022\/04\/menu-1-768x366.jpg 768w, https:\/\/blogsaverroes.juntadeandalucia.es\/ceipsolymar\/files\/2022\/04\/menu-1-720x340.jpg 720w, https:\/\/blogsaverroes.juntadeandalucia.es\/ceipsolymar\/files\/2022\/04\/menu-1.jpg 946w\" sizes=\"(max-width: 300px) 100vw, 300px\" \/><\/a><a href=\"https:\/\/blogsaverroes.juntadeandalucia.es\/ceipsolymar\/files\/2022\/04\/menu-2.jpg\"><img loading=\"lazy\" decoding=\"async\" class=\"alignnone size-medium wp-image-2802\" src=\"https:\/\/blogsaverroes.juntadeandalucia.es\/ceipsolymar\/files\/2022\/04\/menu-2-300x146.jpg\" alt=\"\" width=\"300\" height=\"146\" srcset=\"https:\/\/blogsaverroes.juntadeandalucia.es\/ceipsolymar\/files\/2022\/04\/menu-2-300x146.jpg 300w, https:\/\/blogsaverroes.juntadeandalucia.es\/ceipsolymar\/files\/2022\/04\/menu-2-768x374.jpg 768w, https:\/\/blogsaverroes.juntadeandalucia.es\/ceipsolymar\/files\/2022\/04\/menu-2.jpg 1013w\" sizes=\"(max-width: 300px) 100vw, 300px\" \/><\/a><\/p>\n<p>&nbsp;<\/p>\n<p>&nbsp;<\/p>\n<p>&nbsp;<\/p>\n<p>&nbsp;<\/p>\n","protected":false},"excerpt":{"rendered":"<p>Funcionamiento del comedor escolar Los comedores escolares son un servicio complementario que resulta de gran utilidad a padres y madres para ayudarles a&nbsp;conciliar la vida laboral y familiar. Tienen una duraci\u00f3n de hasta dos&#46;&#46;&#46;<\/p>\n","protected":false},"author":1,"featured_media":0,"parent":0,"menu_order":0,"comment_status":"closed","ping_status":"open","template":"","meta":{"ngg_post_thumbnail":0,"footnotes":"","_mc_calendar":[]},"aioseo_notices":[],"_links":{"self":[{"href":"https:\/\/blogsaverroes.juntadeandalucia.es\/ceipsolymar\/wp-json\/wp\/v2\/pages\/99"}],"collection":[{"href":"https:\/\/blogsaverroes.juntadeandalucia.es\/ceipsolymar\/wp-json\/wp\/v2\/pages"}],"about":[{"href":"https:\/\/blogsaverroes.juntadeandalucia.es\/ceipsolymar\/wp-json\/wp\/v2\/types\/page"}],"author":[{"embeddable":true,"href":"https:\/\/blogsaverroes.juntadeandalucia.es\/ceipsolymar\/wp-json\/wp\/v2\/users\/1"}],"replies":[{"embeddable":true,"href":"https:\/\/blogsaverroes.juntadeandalucia.es\/ceipsolymar\/wp-json\/wp\/v2\/comments?post=99"}],"version-history":[{"count":6,"href":"https:\/\/blogsaverroes.juntadeandalucia.es\/ceipsolymar\/wp-json\/wp\/v2\/pages\/99\/revisions"}],"predecessor-version":[{"id":2804,"href":"https:\/\/blogsaverroes.juntadeandalucia.es\/ceipsolymar\/wp-json\/wp\/v2\/pages\/99\/revisions\/2804"}],"wp:attachment":[{"href":"https:\/\/blogsaverroes.juntadeandalucia.es\/ceipsolymar\/wp-json\/wp\/v2\/media?parent=99"}],"curies":[{"name":"wp","href":"https:\/\/api.w.org\/{rel}","templated":true}]}}