{"id":1381,"date":"2025-02-24T12:20:57","date_gmt":"2025-02-24T11:20:57","guid":{"rendered":"https:\/\/blogsaverroes.juntadeandalucia.es\/ceipsotomayor\/?page_id=1381"},"modified":"2026-01-11T09:57:27","modified_gmt":"2026-01-11T08:57:27","slug":"proyecto-educativo","status":"publish","type":"page","link":"https:\/\/blogsaverroes.juntadeandalucia.es\/ceipsotomayor\/proyecto-educativo\/","title":{"rendered":"Proyecto Educativo"},"content":{"rendered":"<p><a href=\"https:\/\/drive.google.com\/file\/d\/1MNOSdvJ9Q5hNMdc3rPpMGpd0kVMl24cv\/view?usp=drive_link\">Proyecto educativo 25-26<\/a><\/p>\n<p><a href=\"https:\/\/blogsaverroes.juntadeandalucia.es\/ceipsotomayor\/plan-centro\/copia-de-pad-2025-26\/\" rel=\"attachment wp-att-1449\"> PAD 2025 26<\/a><\/p>\n<p><a href=\"https:\/\/blogsaverroes.juntadeandalucia.es\/ceipsotomayor\/proyecto-educativo\/poat-2025-2026\/\" rel=\"attachment wp-att-1462\">POAT 2025-2026<\/a><\/p>\n<p><a href=\"https:\/\/blogsaverroes.juntadeandalucia.es\/ceipsotomayor\/plan-centro\/copia-de-plan_de_convivencia_2025-26\/\" rel=\"attachment wp-att-1450\"> PLAN_DE_CONVIVENCIA_2025-26<\/a><\/p>\n<p><a href=\"https:\/\/blogsaverroes.juntadeandalucia.es\/ceipsotomayor\/plan-centro\/propuesta_pedagogica___programaciones_didacticas-2\/\" rel=\"attachment wp-att-1452\">Programaciones_didacticas-INGL\u00c9S<\/a><\/p>\n<p><a href=\"https:\/\/blogsaverroes.juntadeandalucia.es\/ceipsotomayor\/plan-centro\/propuesta_pedagogica___programaciones_didacticas-3\/\" rel=\"attachment wp-att-1451\"> Programaciones_didacticas-<\/a><a href=\"https:\/\/blogsaverroes.juntadeandalucia.es\/ceipsotomayor\/plan-centro\/propuesta_pedagogica___programaciones_didacticas-3\/\" rel=\"attachment wp-att-1451\">Conocimiento del Medio<\/a><\/p>\n<p><a href=\"https:\/\/blogsaverroes.juntadeandalucia.es\/ceipsotomayor\/plan-centro\/propuesta_pedagogica___programaciones_didacticas-4\/\" rel=\"attachment wp-att-1459\">Programaciones_didacticas-Lengua Castellana y Literatura<\/a><\/p>\n<p><a href=\"https:\/\/blogsaverroes.juntadeandalucia.es\/ceipsotomayor\/plan-centro\/propuesta_pedagogica___programaciones_didacticas-5\/\" rel=\"attachment wp-att-1458\">Programaciones_didacticas-<\/a><a href=\"https:\/\/blogsaverroes.juntadeandalucia.es\/ceipsotomayor\/plan-centro\/propuesta_pedagogica___programaciones_didacticas-5\/\" rel=\"attachment wp-att-1458\">Religi\u00f3n Cat\u00f3lica<\/a><\/p>\n<p><a href=\"https:\/\/blogsaverroes.juntadeandalucia.es\/ceipsotomayor\/plan-centro\/propuesta_pedagogica___programaciones_didacticas-6\/\" rel=\"attachment wp-att-1457\">Programaciones_didacticas-<\/a><a href=\"https:\/\/blogsaverroes.juntadeandalucia.es\/ceipsotomayor\/plan-centro\/propuesta_pedagogica___programaciones_didacticas-6\/\" rel=\"attachment wp-att-1457\">Educaci\u00f3n Art\u00edstica<\/a><\/p>\n<p><a href=\"https:\/\/blogsaverroes.juntadeandalucia.es\/ceipsotomayor\/plan-centro\/propuesta_pedagogica___programaciones_didacticas-7\/\" rel=\"attachment wp-att-1456\">Programaciones_didacticas-<\/a><a href=\"https:\/\/blogsaverroes.juntadeandalucia.es\/ceipsotomayor\/plan-centro\/propuesta_pedagogica___programaciones_didacticas-7\/\" rel=\"attachment wp-att-1456\">Educaci\u00f3n F\u00edsica<\/a><\/p>\n<p><a href=\"https:\/\/blogsaverroes.juntadeandalucia.es\/ceipsotomayor\/plan-centro\/propuesta_pedagogica___programaciones_didacticas-8\/\" rel=\"attachment wp-att-1455\">Programaciones_didacticas-<\/a><a href=\"https:\/\/blogsaverroes.juntadeandalucia.es\/ceipsotomayor\/plan-centro\/propuesta_pedagogica___programaciones_didacticas-8\/\" rel=\"attachment wp-att-1455\">Matem\u00e1ticas<\/a><\/p>\n<p><a href=\"https:\/\/blogsaverroes.juntadeandalucia.es\/ceipsotomayor\/plan-centro\/propuesta_pedagogica___programaciones_didacticas-9\/\" rel=\"attachment wp-att-1454\">Programaciones_didacticas-<\/a><a href=\"https:\/\/blogsaverroes.juntadeandalucia.es\/ceipsotomayor\/plan-centro\/propuesta_pedagogica___programaciones_didacticas-9\/\" rel=\"attachment wp-att-1454\">Franc\u00e9s<\/a><\/p>\n<p><a href=\"https:\/\/blogsaverroes.juntadeandalucia.es\/ceipsotomayor\/plan-centro\/propuesta_pedagogica___programaciones_didacticas-10\/\" rel=\"attachment wp-att-1453\">Programaciones_didacticas-<\/a><a href=\"https:\/\/blogsaverroes.juntadeandalucia.es\/ceipsotomayor\/plan-centro\/propuesta_pedagogica___programaciones_didacticas-10\/\" rel=\"attachment wp-att-1453\">Educaci\u00f3n en Valores C\u00edvicos y \u00e9ticos<\/a><\/p>\n<p><a href=\"https:\/\/blogsaverroes.juntadeandalucia.es\/ceipsotomayor\/proyecto-educativo\/sotomayor-atencion-educativa-docx\/\" rel=\"attachment wp-att-1476\">Programaciones did\u00e1cticas- Atenci\u00f3n educativa<\/a><\/p>\n","protected":false},"excerpt":{"rendered":"<p>Proyecto educativo 25-26 PAD 2025 26 POAT 2025-2026 PLAN_DE_CONVIVENCIA_2025-26 Programaciones_didacticas-INGL\u00c9S Programaciones_didacticas-Conocimiento del Medio Programaciones_didacticas-Lengua Castellana y Literatura Programaciones_didacticas-Religi\u00f3n Cat\u00f3lica Programaciones_didacticas-Educaci\u00f3n Art\u00edstica Programaciones_didacticas-Educaci\u00f3n F\u00edsica Programaciones_didacticas-Matem\u00e1ticas Programaciones_didacticas-Franc\u00e9s Programaciones_didacticas-Educaci\u00f3n en Valores C\u00edvicos y \u00e9ticos Programaciones did\u00e1cticas- Atenci\u00f3n educativa<\/p>\n","protected":false},"author":11216,"featured_media":0,"parent":0,"menu_order":0,"comment_status":"closed","ping_status":"closed","template":"","meta":{"_et_pb_use_builder":"","_et_pb_old_content":"","_et_gb_content_width":"","ngg_post_thumbnail":0,"footnotes":""},"aioseo_notices":[],"_links":{"self":[{"href":"https:\/\/blogsaverroes.juntadeandalucia.es\/ceipsotomayor\/wp-json\/wp\/v2\/pages\/1381"}],"collection":[{"href":"https:\/\/blogsaverroes.juntadeandalucia.es\/ceipsotomayor\/wp-json\/wp\/v2\/pages"}],"about":[{"href":"https:\/\/blogsaverroes.juntadeandalucia.es\/ceipsotomayor\/wp-json\/wp\/v2\/types\/page"}],"author":[{"embeddable":true,"href":"https:\/\/blogsaverroes.juntadeandalucia.es\/ceipsotomayor\/wp-json\/wp\/v2\/users\/11216"}],"replies":[{"embeddable":true,"href":"https:\/\/blogsaverroes.juntadeandalucia.es\/ceipsotomayor\/wp-json\/wp\/v2\/comments?post=1381"}],"version-history":[{"count":6,"href":"https:\/\/blogsaverroes.juntadeandalucia.es\/ceipsotomayor\/wp-json\/wp\/v2\/pages\/1381\/revisions"}],"predecessor-version":[{"id":1477,"href":"https:\/\/blogsaverroes.juntadeandalucia.es\/ceipsotomayor\/wp-json\/wp\/v2\/pages\/1381\/revisions\/1477"}],"wp:attachment":[{"href":"https:\/\/blogsaverroes.juntadeandalucia.es\/ceipsotomayor\/wp-json\/wp\/v2\/media?parent=1381"}],"curies":[{"name":"wp","href":"https:\/\/api.w.org\/{rel}","templated":true}]}}