{"id":64,"date":"2020-01-09T11:41:42","date_gmt":"2020-01-09T10:41:42","guid":{"rendered":"http:\/\/blogsaverroes.juntadeandalucia.es\/pre\/nuevoceipv2\/?page_id=64"},"modified":"2023-05-05T17:18:39","modified_gmt":"2023-05-05T16:18:39","slug":"biblioteca","status":"publish","type":"page","link":"https:\/\/blogsaverroes.juntadeandalucia.es\/ceipsotomayor\/biblioteca\/","title":{"rendered":"Biblioteca"},"content":{"rendered":"<p>\u00a1Bienvenidos a la secci\u00f3n de Biblioteca de nuestro centro educativo!<\/p>\n<p>La biblioteca de nuestra escuela es un lugar donde nuestros estudiantes pueden sumergirse en la lectura y el aprendizaje, y donde pueden encontrar una gran variedad de libros y recursos educativos para apoyar su educaci\u00f3n.<\/p>\n<p>Contamos con una amplia colecci\u00f3n de libros de diferentes g\u00e9neros, desde literatura cl\u00e1sica hasta libros de ciencia y tecnolog\u00eda. Tambi\u00e9n disponemos de una gran variedad de recursos educativos, como libros de texto, enciclopedias y diccionarios.<\/p>\n<p>Nuestros estudiantes pueden acceder a estos recursos en cualquier momento, ya sea para investigar para un proyecto, leer por placer o para ayudarse en sus tareas diarias. Adem\u00e1s, nuestra biblioteca cuenta con personal capacitado que puede ayudar a los estudiantes a encontrar lo que necesitan y a desarrollar habilidades de investigaci\u00f3n.<\/p>\n<p>Como centro educativo, estamos comprometidos con la promoci\u00f3n de la lectura y el aprendizaje continuo. Es por eso que ofrecemos una amplia variedad de actividades relacionadas con la lectura y la escritura, como clubes de lectura y talleres de escritura creativa.<\/p>\n<p>Invitamos a todas las familias a visitar nuestra biblioteca y a explorar los recursos que tenemos disponibles. \u00a1Estamos seguros de que encontrar\u00e1n algo que les interese y ayudar\u00e1 a fomentar la educaci\u00f3n y el amor por la lectura en sus hijos!<\/p>\n","protected":false},"excerpt":{"rendered":"<p>\u00a1Bienvenidos a la secci\u00f3n de Biblioteca de nuestro centro educativo! La biblioteca de nuestra escuela es un lugar donde nuestros estudiantes pueden sumergirse en la lectura y el aprendizaje, y donde pueden encontrar una gran variedad de libros y recursos educativos para apoyar su educaci\u00f3n. Contamos con una amplia colecci\u00f3n de libros de diferentes g\u00e9neros, [&hellip;]<\/p>\n","protected":false},"author":7051,"featured_media":0,"parent":0,"menu_order":0,"comment_status":"closed","ping_status":"closed","template":"","meta":{"_et_pb_use_builder":"off","_et_pb_old_content":"","_et_gb_content_width":"","ngg_post_thumbnail":0,"footnotes":""},"aioseo_notices":[],"_links":{"self":[{"href":"https:\/\/blogsaverroes.juntadeandalucia.es\/ceipsotomayor\/wp-json\/wp\/v2\/pages\/64"}],"collection":[{"href":"https:\/\/blogsaverroes.juntadeandalucia.es\/ceipsotomayor\/wp-json\/wp\/v2\/pages"}],"about":[{"href":"https:\/\/blogsaverroes.juntadeandalucia.es\/ceipsotomayor\/wp-json\/wp\/v2\/types\/page"}],"author":[{"embeddable":true,"href":"https:\/\/blogsaverroes.juntadeandalucia.es\/ceipsotomayor\/wp-json\/wp\/v2\/users\/7051"}],"replies":[{"embeddable":true,"href":"https:\/\/blogsaverroes.juntadeandalucia.es\/ceipsotomayor\/wp-json\/wp\/v2\/comments?post=64"}],"version-history":[{"count":5,"href":"https:\/\/blogsaverroes.juntadeandalucia.es\/ceipsotomayor\/wp-json\/wp\/v2\/pages\/64\/revisions"}],"predecessor-version":[{"id":1271,"href":"https:\/\/blogsaverroes.juntadeandalucia.es\/ceipsotomayor\/wp-json\/wp\/v2\/pages\/64\/revisions\/1271"}],"wp:attachment":[{"href":"https:\/\/blogsaverroes.juntadeandalucia.es\/ceipsotomayor\/wp-json\/wp\/v2\/media?parent=64"}],"curies":[{"name":"wp","href":"https:\/\/api.w.org\/{rel}","templated":true}]}}