{"id":840,"date":"2020-12-18T08:38:52","date_gmt":"2020-12-18T07:38:52","guid":{"rendered":"https:\/\/blogsaverroes.juntadeandalucia.es\/pre\/plantilla-pencil\/?page_id=840"},"modified":"2023-05-05T17:27:30","modified_gmt":"2023-05-05T16:27:30","slug":"ampa","status":"publish","type":"page","link":"https:\/\/blogsaverroes.juntadeandalucia.es\/ceipsotomayor\/ampa\/","title":{"rendered":"AMPA"},"content":{"rendered":"<p>Bienvenidos a la secci\u00f3n de la AMPA en la p\u00e1gina web del centro educativo. La Asociaci\u00f3n de Madres y Padres de Alumnos (AMPA) es un \u00f3rgano fundamental en el funcionamiento del centro educativo, ya que trabaja en colaboraci\u00f3n con el equipo docente y el equipo directivo para ofrecer una educaci\u00f3n de calidad y bienestar a los alumnos.<\/p>\n<p>En nuestra AMPA, trabajamos de manera coordinada con el centro educativo para fomentar la participaci\u00f3n de las familias en la educaci\u00f3n de sus hijos\/as. Entre nuestras funciones, destacamos:<\/p>\n<p>&#8211; La organizaci\u00f3n de actividades extraescolares: nuestra AMPA trabaja en colaboraci\u00f3n con el centro educativo para ofrecer una amplia variedad de actividades extraescolares que complementen la formaci\u00f3n de los alumnos\/as. De esta forma, se fomenta el aprendizaje a trav\u00e9s de la diversi\u00f3n y el entretenimiento.<\/p>\n<p>&#8211; La organizaci\u00f3n de eventos solidarios: nuestra AMPA tambi\u00e9n trabaja en la organizaci\u00f3n de eventos solidarios en los que se fomente el esp\u00edritu de cooperaci\u00f3n y ayuda a los dem\u00e1s. De esta forma, se inculca en los alumnos\/as valores como la empat\u00eda y la solidaridad.<\/p>\n<p>&#8211; La participaci\u00f3n en el Consejo Escolar: nuestra AMPA participa activamente en el Consejo Escolar, \u00f3rgano de gobierno del centro educativo en el que se toman decisiones importantes para el buen funcionamiento del mismo. De esta forma, se garantiza la voz y el voto de las familias en la educaci\u00f3n de sus hijos\/as.<\/p>\n<p>En definitiva, en la AMPA trabajamos en colaboraci\u00f3n con el centro educativo para ofrecer una educaci\u00f3n de calidad y bienestar a los alumnos\/as. Si quer\u00e9is participar en nuestra AMPA, no dud\u00e9is en poneros en contacto con nosotros. \u00a1Os esperamos!<\/p>\n","protected":false},"excerpt":{"rendered":"<p>Bienvenidos a la secci\u00f3n de la AMPA en la p\u00e1gina web del centro educativo. La Asociaci\u00f3n de Madres y Padres de Alumnos (AMPA) es un \u00f3rgano fundamental en el funcionamiento del centro educativo, ya que trabaja en colaboraci\u00f3n con el equipo docente y el equipo directivo para ofrecer una educaci\u00f3n de calidad y bienestar a [&hellip;]<\/p>\n","protected":false},"author":7051,"featured_media":0,"parent":0,"menu_order":0,"comment_status":"closed","ping_status":"closed","template":"","meta":{"_et_pb_use_builder":"off","_et_pb_old_content":"","_et_gb_content_width":"","ngg_post_thumbnail":0,"footnotes":""},"aioseo_notices":[],"_links":{"self":[{"href":"https:\/\/blogsaverroes.juntadeandalucia.es\/ceipsotomayor\/wp-json\/wp\/v2\/pages\/840"}],"collection":[{"href":"https:\/\/blogsaverroes.juntadeandalucia.es\/ceipsotomayor\/wp-json\/wp\/v2\/pages"}],"about":[{"href":"https:\/\/blogsaverroes.juntadeandalucia.es\/ceipsotomayor\/wp-json\/wp\/v2\/types\/page"}],"author":[{"embeddable":true,"href":"https:\/\/blogsaverroes.juntadeandalucia.es\/ceipsotomayor\/wp-json\/wp\/v2\/users\/7051"}],"replies":[{"embeddable":true,"href":"https:\/\/blogsaverroes.juntadeandalucia.es\/ceipsotomayor\/wp-json\/wp\/v2\/comments?post=840"}],"version-history":[{"count":3,"href":"https:\/\/blogsaverroes.juntadeandalucia.es\/ceipsotomayor\/wp-json\/wp\/v2\/pages\/840\/revisions"}],"predecessor-version":[{"id":1276,"href":"https:\/\/blogsaverroes.juntadeandalucia.es\/ceipsotomayor\/wp-json\/wp\/v2\/pages\/840\/revisions\/1276"}],"wp:attachment":[{"href":"https:\/\/blogsaverroes.juntadeandalucia.es\/ceipsotomayor\/wp-json\/wp\/v2\/media?parent=840"}],"curies":[{"name":"wp","href":"https:\/\/api.w.org\/{rel}","templated":true}]}}