{"id":845,"date":"2020-12-18T08:40:01","date_gmt":"2020-12-18T07:40:01","guid":{"rendered":"https:\/\/blogsaverroes.juntadeandalucia.es\/pre\/plantilla-pencil\/?page_id=845"},"modified":"2023-05-11T11:52:26","modified_gmt":"2023-05-11T10:52:26","slug":"aula-matinal","status":"publish","type":"page","link":"https:\/\/blogsaverroes.juntadeandalucia.es\/ceipsotomayor\/aula-matinal\/","title":{"rendered":"Aula matinal"},"content":{"rendered":"<p>Os damos la bienvenida a la secci\u00f3n de Aula Matinal de nuestro centro educativo. El Aula Matinal es un servicio que se ofrece a las familias para que puedan dejar a sus hijos e hijas en el centro escolar antes del inicio de la jornada lectiva por motivos de trabajo.<\/p>\n<p>El Aula Matinal comienza a las 7:30 de la ma\u00f1ana y se extiende hasta el inicio de las clases, a las 9:00. Durante este tiempo, los alumnos y alumnas pueden realizar diversas actividades como juegos, manualidades, repaso, lectura o simplemente descansar y relacionarse con sus compa\u00f1eros y compa\u00f1eras en un ambiente seguro y acogedor.<\/p>\n<p>Dos monitoras se encargan de la supervisi\u00f3n y animaci\u00f3n de las actividades, as\u00ed como de garantizar el bienestar de los ni\u00f1os y ni\u00f1as que utilizan este servicio.<\/p>\n<p>Las familias pueden solicitar la inscripci\u00f3n a trav\u00e9s de la secretar\u00eda del centro o de administraci\u00f3n, ya sea al formalizar la matr\u00edcula (primera semana de junio) o en el momento en que lo necesiten .<br \/>\nEl coste mensual es muy asequible y viene dictado por la Consejer\u00eda de Desarrollo Educativo y Formaci\u00f3n Profesional.<\/p>\n<p>En definitiva, nuestra Aula Matinal es una opci\u00f3n ideal para aquellas familias que necesitan una alternativa para conciliar su vida laboral y familiar, al mismo tiempo que sus hijos e hijas est\u00e1n atendidos y en un entorno educativo seguro.<\/p>\n","protected":false},"excerpt":{"rendered":"<p>Os damos la bienvenida a la secci\u00f3n de Aula Matinal de nuestro centro educativo. El Aula Matinal es un servicio que se ofrece a las familias para que puedan dejar a sus hijos e hijas en el centro escolar antes del inicio de la jornada lectiva por motivos de trabajo. El Aula Matinal comienza a [&hellip;]<\/p>\n","protected":false},"author":7051,"featured_media":0,"parent":0,"menu_order":0,"comment_status":"closed","ping_status":"closed","template":"","meta":{"_et_pb_use_builder":"off","_et_pb_old_content":"","_et_gb_content_width":"","ngg_post_thumbnail":0,"footnotes":""},"aioseo_notices":[],"_links":{"self":[{"href":"https:\/\/blogsaverroes.juntadeandalucia.es\/ceipsotomayor\/wp-json\/wp\/v2\/pages\/845"}],"collection":[{"href":"https:\/\/blogsaverroes.juntadeandalucia.es\/ceipsotomayor\/wp-json\/wp\/v2\/pages"}],"about":[{"href":"https:\/\/blogsaverroes.juntadeandalucia.es\/ceipsotomayor\/wp-json\/wp\/v2\/types\/page"}],"author":[{"embeddable":true,"href":"https:\/\/blogsaverroes.juntadeandalucia.es\/ceipsotomayor\/wp-json\/wp\/v2\/users\/7051"}],"replies":[{"embeddable":true,"href":"https:\/\/blogsaverroes.juntadeandalucia.es\/ceipsotomayor\/wp-json\/wp\/v2\/comments?post=845"}],"version-history":[{"count":4,"href":"https:\/\/blogsaverroes.juntadeandalucia.es\/ceipsotomayor\/wp-json\/wp\/v2\/pages\/845\/revisions"}],"predecessor-version":[{"id":1306,"href":"https:\/\/blogsaverroes.juntadeandalucia.es\/ceipsotomayor\/wp-json\/wp\/v2\/pages\/845\/revisions\/1306"}],"wp:attachment":[{"href":"https:\/\/blogsaverroes.juntadeandalucia.es\/ceipsotomayor\/wp-json\/wp\/v2\/media?parent=845"}],"curies":[{"name":"wp","href":"https:\/\/api.w.org\/{rel}","templated":true}]}}