{"id":850,"date":"2020-12-18T08:41:27","date_gmt":"2020-12-18T07:41:27","guid":{"rendered":"https:\/\/blogsaverroes.juntadeandalucia.es\/pre\/plantilla-pencil\/?page_id=850"},"modified":"2025-02-14T18:06:58","modified_gmt":"2025-02-14T17:06:58","slug":"planes-y-proyectos","status":"publish","type":"page","link":"https:\/\/blogsaverroes.juntadeandalucia.es\/ceipsotomayor\/planes-y-proyectos\/","title":{"rendered":"Planes y Proyectos"},"content":{"rendered":"<p>[et_pb_section fb_built=&#8221;1&#8243; _builder_version=&#8221;4.16&#8243; global_colors_info=&#8221;{}&#8221;][et_pb_row _builder_version=&#8221;4.16&#8243; background_size=&#8221;initial&#8221; background_position=&#8221;top_left&#8221; background_repeat=&#8221;repeat&#8221; global_colors_info=&#8221;{}&#8221;][et_pb_column type=&#8221;4_4&#8243; _builder_version=&#8221;4.16&#8243; custom_padding=&#8221;|||&#8221; global_colors_info=&#8221;{}&#8221; custom_padding__hover=&#8221;|||&#8221;][et_pb_text _builder_version=&#8221;4.16&#8243; background_size=&#8221;initial&#8221; background_position=&#8221;top_left&#8221; background_repeat=&#8221;repeat&#8221; global_colors_info=&#8221;{}&#8221;]<\/p>\n<table style=\"width: 96.5086%\">\n<thead>\n<tr>\n<th style=\"width: 100%\"><b>Plan\/Proyecto\/Programa <\/b><b>Educativo<\/b><\/th>\n<\/tr>\n<\/thead>\n<tbody>\n<tr>\n<td style=\"width: 100%\">Plan de igualdad de g\u00e9nero en educaci\u00f3n<\/td>\n<\/tr>\n<tr>\n<td style=\"width: 100%\">Plan de apertura de centros docentes<\/td>\n<\/tr>\n<tr>\n<td style=\"width: 100%\">Plan de Salud Laboral y P.R.L.<\/td>\n<\/tr>\n<tr>\n<td style=\"width: 100%\">Organizaci\u00f3n y Funcionamiento de las Bibliotecas Escolares<\/td>\n<\/tr>\n<tr>\n<td style=\"width: 100%\">Bienestar y Protecci\u00f3n Infancia y Adolescencia\/Convivencia Escolar<\/td>\n<\/tr>\n<tr>\n<td style=\"width: 100%\">M\u00e1s Equidad<\/td>\n<\/tr>\n<tr>\n<td style=\"width: 100%\">Pr\u00e1cticum Grado Maestro<\/td>\n<\/tr>\n<tr>\n<td style=\"width: 100%\">Prevenci\u00f3n de la Violencia de G\u00e9nero<\/td>\n<\/tr>\n<tr>\n<td style=\"width: 100%\">Programa De Atenci\u00f3n Socioeducativa ZTS<\/td>\n<\/tr>\n<tr>\n<td style=\"width: 100%\">Proyecto Aprendizaje-Servicio<\/td>\n<\/tr>\n<tr>\n<td style=\"width: 100%\">Red Andaluza Escuela: &#8220;Espacio de Paz&#8221;<\/td>\n<\/tr>\n<tr>\n<td style=\"width: 100%\">Transformaci\u00f3n Digital Educativa<\/td>\n<\/tr>\n<\/tbody>\n<\/table>\n<p>&nbsp;<\/p>\n<p>&nbsp;<\/p>\n<p>Bienvenidos a la secci\u00f3n de Planes y Proyectos del Centro Educativo. Aqu\u00ed encontrar\u00e1s informaci\u00f3n sobre los diversos proyectos que se est\u00e1n llevando a cabo en nuestra instituci\u00f3n para mejorar la calidad educativa y fomentar la convivencia entre los miembros de la comunidad escolar.<\/p>\n<p>RED ESCUELA ESPACIO DE PAZ Y PLAN DE CONVIVENCIA<\/p>\n<p>En nuestro centro educativo, creemos firmemente en la importancia de fomentar la convivencia pac\u00edfica entre nuestros estudiantes y personal docente. Es por eso que hemos implementado la Red Escuela Espacio de Paz y el Plan de Convivencia, un conjunto de estrategias y acciones para crear un ambiente escolar seguro y respetuoso. Trabajamos con los estudiantes, docentes y familias para fomentar el respeto mutuo, la tolerancia y el di\u00e1logo como herramientas fundamentales para resolver conflictos.<\/p>\n<p>PLAN DE IGUALDAD ENTRE HOMBRES Y MUJERES<\/p>\n<p>Otro de nuestros proyectos es el Plan de Igualdad entre Hombres y Mujeres. En nuestro centro educativo, creemos en la igualdad de g\u00e9nero y estamos comprometidos a erradicar la violencia de g\u00e9nero. Nuestro plan busca fomentar la igualdad entre los miembros de la comunidad educativa y eliminar cualquier tipo de discriminaci\u00f3n por g\u00e9nero, raza, orientaci\u00f3n sexual o cualquier otra caracter\u00edstica personal.<\/p>\n<p>PROGRAMA CIMA: \u00c1MBITO DE CONOCIMIENTO PROMOCI\u00d3N DE H\u00c1BITOS DE VIDA SALUDABLE<\/p>\n<p>La salud es un aspecto fundamental para el bienestar de nuestros estudiantes. Por ello, hemos desarrollado el Plan Creciendo en Salud, que busca promover h\u00e1bitos de vida saludables, mejorar la nutrici\u00f3n y prevenir enfermedades. Trabajamos con los estudiantes y sus familias para fomentar la actividad f\u00edsica, una alimentaci\u00f3n saludable y un estilo de vida saludable en general.<\/p>\n<p>PLAN DE AUTOPROTECCI\u00d3N Y SALUD LABORAL<\/p>\n<p>La seguridad de nuestros estudiantes y personal docente es nuestra prioridad. Es por eso que hemos implementado el Plan de Autoprotecci\u00f3n y Salud Laboral, que establece medidas para prevenir situaciones de riesgo y garantizar la seguridad en el centro educativo. Tambi\u00e9n trabajamos en la prevenci\u00f3n de riesgos laborales y promovemos un ambiente de trabajo seguro para nuestro personal.<\/p>\n<p>PLAN DE LECTURA Y BIBLIOTECAS<\/p>\n<p>La lectura es una herramienta fundamental para el aprendizaje y el desarrollo de nuestros estudiantes. Por eso, hemos desarrollado el Plan de Lectura y Bibliotecas, que busca fomentar la lectura y el amor por los libros. Contamos con una biblioteca escolar completa y actualizada, as\u00ed como un equipo de docentes comprometidos con la promoci\u00f3n de la lectura.<\/p>\n<p>TRANSFORMACI\u00d3N DIGITAL EDUCATIVA(TDE)<\/p>\n<p>La tecnolog\u00eda es una herramienta fundamental para la educaci\u00f3n en el siglo XXI. Es por eso que hemos desarrollado el Plan de Transformaci\u00f3n Digital Educativa(TDE), que busca integrar la tecnolog\u00eda en el proceso de aprendizaje. Contamos con herramientas y recursos digitales de \u00faltima generaci\u00f3n y un equipo de docentes capacitados en el uso de la tecnolog\u00eda para la ense\u00f1anza.<\/p>\n<p>En resumen, en nuestro centro educativo nos enfocamos en proyectos y planes que buscan mejorar la calidad educativa y fomentar la convivencia entre los miembros de la comunidad escolar. Estamos comprometidos con la educaci\u00f3n integral de nuestros estudiantes y trabajamos en equipo para lograr nuestros objetivos.<\/p>\n<p>[\/et_pb_text][\/et_pb_column][\/et_pb_row][\/et_pb_section]<\/p>\n","protected":false},"excerpt":{"rendered":"<p>Plan\/Proyecto\/Programa Educativo Plan de igualdad de g\u00e9nero en educaci\u00f3n Plan de apertura de centros docentes Plan de Salud Laboral y P.R.L. Organizaci\u00f3n y Funcionamiento de las Bibliotecas Escolares Bienestar y Protecci\u00f3n Infancia y Adolescencia\/Convivencia Escolar M\u00e1s Equidad Pr\u00e1cticum Grado Maestro Prevenci\u00f3n de la Violencia de G\u00e9nero Programa De Atenci\u00f3n Socioeducativa ZTS Proyecto Aprendizaje-Servicio Red Andaluza [&hellip;]<\/p>\n","protected":false},"author":7051,"featured_media":0,"parent":0,"menu_order":0,"comment_status":"closed","ping_status":"closed","template":"","meta":{"_et_pb_use_builder":"on","_et_pb_old_content":"<table style=\"width: 96.5086%;\"><thead><tr><th style=\"width: 100%;\"><p><b>Plan\/Proyecto\/Programa<\/b><b><br><\/b><b>Educativo<\/b><\/p><\/th><\/tr><\/thead><tbody><tr><td style=\"width: 100%;\"><p>Plan de igualdad de g\u00e9nero en educaci\u00f3n<\/p><\/td><\/tr><tr><td style=\"width: 100%;\"><p>Plan de apertura de centros docentes<\/p><\/td><\/tr><tr><td style=\"width: 100%;\"><p>Plan de Salud Laboral y P.R.L.<\/p><\/td><\/tr><tr><td style=\"width: 100%;\"><p>Organizaci\u00f3n y Funcionamiento de las Bibliotecas Escolares<\/p><\/td><\/tr><tr><td style=\"width: 100%;\"><p>Bienestar y Protecci\u00f3n Infancia y Adolescencia\/Convivencia Escolar<\/p><\/td><\/tr><tr><td style=\"width: 100%;\"><p>M\u00e1s Equidad<\/p><\/td><\/tr><tr><td style=\"width: 100%;\"><p>Pr\u00e1cticum Grado Maestro<\/p><\/td><\/tr><tr><td style=\"width: 100%;\"><p>Prevenci\u00f3n de la Violencia de G\u00e9nero<\/p><\/td><\/tr><tr><td style=\"width: 100%;\"><p>Programa De Atenci\u00f3n Socioeducativa ZTS<\/p><\/td><\/tr><tr><td style=\"width: 100%;\"><p>Proyecto Aprendizaje-Servicio<\/p><\/td><\/tr><tr><td style=\"width: 100%;\"><p>Red Andaluza Escuela: \"Espacio de Paz\"<\/p><\/td><\/tr><tr><td style=\"width: 100%;\"><p>Transformaci\u00f3n Digital Educativa<\/p><\/td><\/tr><\/tbody><\/table><p>\u00a0<\/p><p>\u00a0<\/p><p>Bienvenidos a la secci\u00f3n de Planes y Proyectos del Centro Educativo. Aqu\u00ed encontrar\u00e1s informaci\u00f3n sobre los diversos proyectos que se est\u00e1n llevando a cabo en nuestra instituci\u00f3n para mejorar la calidad educativa y fomentar la convivencia entre los miembros de la comunidad escolar.<\/p><p>RED ESCUELA ESPACIO DE PAZ Y PLAN DE CONVIVENCIA<\/p><p>En nuestro centro educativo, creemos firmemente en la importancia de fomentar la convivencia pac\u00edfica entre nuestros estudiantes y personal docente. Es por eso que hemos implementado la Red Escuela Espacio de Paz y el Plan de Convivencia, un conjunto de estrategias y acciones para crear un ambiente escolar seguro y respetuoso. Trabajamos con los estudiantes, docentes y familias para fomentar el respeto mutuo, la tolerancia y el di\u00e1logo como herramientas fundamentales para resolver conflictos.<\/p><p>PLAN DE IGUALDAD ENTRE HOMBRES Y MUJERES<\/p><p>Otro de nuestros proyectos es el Plan de Igualdad entre Hombres y Mujeres. En nuestro centro educativo, creemos en la igualdad de g\u00e9nero y estamos comprometidos a erradicar la violencia de g\u00e9nero. Nuestro plan busca fomentar la igualdad entre los miembros de la comunidad educativa y eliminar cualquier tipo de discriminaci\u00f3n por g\u00e9nero, raza, orientaci\u00f3n sexual o cualquier otra caracter\u00edstica personal.<\/p><p>PROGRAMA CIMA: \u00c1MBITO DE CONOCIMIENTO PROMOCI\u00d3N DE H\u00c1BITOS DE VIDA SALUDABLE<\/p><p>La salud es un aspecto fundamental para el bienestar de nuestros estudiantes. Por ello, hemos desarrollado el Plan Creciendo en Salud, que busca promover h\u00e1bitos de vida saludables, mejorar la nutrici\u00f3n y prevenir enfermedades. Trabajamos con los estudiantes y sus familias para fomentar la actividad f\u00edsica, una alimentaci\u00f3n saludable y un estilo de vida saludable en general.<\/p><p>PLAN DE AUTOPROTECCI\u00d3N Y SALUD LABORAL<\/p><p>La seguridad de nuestros estudiantes y personal docente es nuestra prioridad. Es por eso que hemos implementado el Plan de Autoprotecci\u00f3n y Salud Laboral, que establece medidas para prevenir situaciones de riesgo y garantizar la seguridad en el centro educativo. Tambi\u00e9n trabajamos en la prevenci\u00f3n de riesgos laborales y promovemos un ambiente de trabajo seguro para nuestro personal.<\/p><p>PLAN DE LECTURA Y BIBLIOTECAS<\/p><p>La lectura es una herramienta fundamental para el aprendizaje y el desarrollo de nuestros estudiantes. Por eso, hemos desarrollado el Plan de Lectura y Bibliotecas, que busca fomentar la lectura y el amor por los libros. Contamos con una biblioteca escolar completa y actualizada, as\u00ed como un equipo de docentes comprometidos con la promoci\u00f3n de la lectura.<\/p><p>TRANSFORMACI\u00d3N DIGITAL EDUCATIVA(TDE)<\/p><p>La tecnolog\u00eda es una herramienta fundamental para la educaci\u00f3n en el siglo XXI. Es por eso que hemos desarrollado el Plan de Transformaci\u00f3n Digital Educativa(TDE), que busca integrar la tecnolog\u00eda en el proceso de aprendizaje. Contamos con herramientas y recursos digitales de \u00faltima generaci\u00f3n y un equipo de docentes capacitados en el uso de la tecnolog\u00eda para la ense\u00f1anza.<\/p><p>En resumen, en nuestro centro educativo nos enfocamos en proyectos y planes que buscan mejorar la calidad educativa y fomentar la convivencia entre los miembros de la comunidad escolar. Estamos comprometidos con la educaci\u00f3n integral de nuestros estudiantes y trabajamos en equipo para lograr nuestros objetivos.<\/p>","_et_gb_content_width":"","ngg_post_thumbnail":0,"footnotes":""},"aioseo_notices":[],"_links":{"self":[{"href":"https:\/\/blogsaverroes.juntadeandalucia.es\/ceipsotomayor\/wp-json\/wp\/v2\/pages\/850"}],"collection":[{"href":"https:\/\/blogsaverroes.juntadeandalucia.es\/ceipsotomayor\/wp-json\/wp\/v2\/pages"}],"about":[{"href":"https:\/\/blogsaverroes.juntadeandalucia.es\/ceipsotomayor\/wp-json\/wp\/v2\/types\/page"}],"author":[{"embeddable":true,"href":"https:\/\/blogsaverroes.juntadeandalucia.es\/ceipsotomayor\/wp-json\/wp\/v2\/users\/7051"}],"replies":[{"embeddable":true,"href":"https:\/\/blogsaverroes.juntadeandalucia.es\/ceipsotomayor\/wp-json\/wp\/v2\/comments?post=850"}],"version-history":[{"count":7,"href":"https:\/\/blogsaverroes.juntadeandalucia.es\/ceipsotomayor\/wp-json\/wp\/v2\/pages\/850\/revisions"}],"predecessor-version":[{"id":1369,"href":"https:\/\/blogsaverroes.juntadeandalucia.es\/ceipsotomayor\/wp-json\/wp\/v2\/pages\/850\/revisions\/1369"}],"wp:attachment":[{"href":"https:\/\/blogsaverroes.juntadeandalucia.es\/ceipsotomayor\/wp-json\/wp\/v2\/media?parent=850"}],"curies":[{"name":"wp","href":"https:\/\/api.w.org\/{rel}","templated":true}]}}