{"id":867,"date":"2020-12-18T08:55:13","date_gmt":"2020-12-18T07:55:13","guid":{"rendered":"https:\/\/blogsaverroes.juntadeandalucia.es\/pre\/plantilla-pencil\/?page_id=867"},"modified":"2023-05-05T18:20:31","modified_gmt":"2023-05-05T17:20:31","slug":"idiomas","status":"publish","type":"page","link":"https:\/\/blogsaverroes.juntadeandalucia.es\/ceipsotomayor\/idiomas\/","title":{"rendered":"Idiomas"},"content":{"rendered":"<p>En nuestro centro educativo, ofrecemos una educaci\u00f3n completa y diversa, que incluye la ense\u00f1anza de dos idiomas extranjeros: Ingl\u00e9s (1\u00aa Lengua Extranjera) y Franc\u00e9s (2\u00aa Lengua Extranjera).<\/p>\n<p>Nuestros estudiantes tendr\u00e1n la oportunidad de aprender y desarrollar habilidades en ambos idiomas, a trav\u00e9s de una variedad de actividades interactivas y din\u00e1micas dise\u00f1adas para fomentar el aprendizaje activo y la participaci\u00f3n.<\/p>\n<p>Nuestro equipo de profesores altamente capacitados y experimentados se asegurar\u00e1 de que cada estudiante reciba la atenci\u00f3n personalizada que necesitan para lograr el \u00e9xito en su aprendizaje de idiomas.<\/p>\n<p>Adem\u00e1s, creemos que aprender un idioma no solo es importante para el \u00e9xito acad\u00e9mico, sino que tambi\u00e9n es esencial para comprender y conectarse con diferentes culturas y comunicarse con todas las personas de todo el mundo. Por lo tanto, nuestro enfoque en la ense\u00f1anza de idiomas se centra en fomentar la apertura mental y la curiosidad por otros pa\u00edses y culturas.<\/p>\n<p>En resumen, en nuestro centro educativo, ofrecemos una educaci\u00f3n integral que incluye la ense\u00f1anza de dos idiomas extranjeros: Ingl\u00e9s y Franc\u00e9s. Estamos comprometidos en proporcionar a nuestros estudiantes una educaci\u00f3n de calidad que les permita alcanzar su m\u00e1ximo potencial tanto acad\u00e9mico como personal.<\/p>\n","protected":false},"excerpt":{"rendered":"<p>En nuestro centro educativo, ofrecemos una educaci\u00f3n completa y diversa, que incluye la ense\u00f1anza de dos idiomas extranjeros: Ingl\u00e9s (1\u00aa Lengua Extranjera) y Franc\u00e9s (2\u00aa Lengua Extranjera). Nuestros estudiantes tendr\u00e1n la oportunidad de aprender y desarrollar habilidades en ambos idiomas, a trav\u00e9s de una variedad de actividades interactivas y din\u00e1micas dise\u00f1adas para fomentar el aprendizaje [&hellip;]<\/p>\n","protected":false},"author":7051,"featured_media":0,"parent":0,"menu_order":0,"comment_status":"closed","ping_status":"closed","template":"","meta":{"_et_pb_use_builder":"off","_et_pb_old_content":"","_et_gb_content_width":"","ngg_post_thumbnail":0,"footnotes":""},"aioseo_notices":[],"_links":{"self":[{"href":"https:\/\/blogsaverroes.juntadeandalucia.es\/ceipsotomayor\/wp-json\/wp\/v2\/pages\/867"}],"collection":[{"href":"https:\/\/blogsaverroes.juntadeandalucia.es\/ceipsotomayor\/wp-json\/wp\/v2\/pages"}],"about":[{"href":"https:\/\/blogsaverroes.juntadeandalucia.es\/ceipsotomayor\/wp-json\/wp\/v2\/types\/page"}],"author":[{"embeddable":true,"href":"https:\/\/blogsaverroes.juntadeandalucia.es\/ceipsotomayor\/wp-json\/wp\/v2\/users\/7051"}],"replies":[{"embeddable":true,"href":"https:\/\/blogsaverroes.juntadeandalucia.es\/ceipsotomayor\/wp-json\/wp\/v2\/comments?post=867"}],"version-history":[{"count":5,"href":"https:\/\/blogsaverroes.juntadeandalucia.es\/ceipsotomayor\/wp-json\/wp\/v2\/pages\/867\/revisions"}],"predecessor-version":[{"id":1288,"href":"https:\/\/blogsaverroes.juntadeandalucia.es\/ceipsotomayor\/wp-json\/wp\/v2\/pages\/867\/revisions\/1288"}],"wp:attachment":[{"href":"https:\/\/blogsaverroes.juntadeandalucia.es\/ceipsotomayor\/wp-json\/wp\/v2\/media?parent=867"}],"curies":[{"name":"wp","href":"https:\/\/api.w.org\/{rel}","templated":true}]}}