{"id":850,"date":"2020-12-18T08:41:27","date_gmt":"2020-12-18T07:41:27","guid":{"rendered":"https:\/\/blogsaverroes.juntadeandalucia.es\/pre\/plantilla-pencil\/?page_id=850"},"modified":"2024-11-11T09:36:19","modified_gmt":"2024-11-11T08:36:19","slug":"planes-y-proyectos","status":"publish","type":"page","link":"https:\/\/blogsaverroes.juntadeandalucia.es\/ceipsutefie\/planes-y-proyectos\/","title":{"rendered":"Planes y Proyectos"},"content":{"rendered":"<p>[et_pb_section fb_built=&#8221;1&#8243; _builder_version=&#8221;3.22&#8243; global_colors_info=&#8221;{}&#8221;][et_pb_row _builder_version=&#8221;3.25&#8243; background_size=&#8221;initial&#8221; background_position=&#8221;top_left&#8221; background_repeat=&#8221;repeat&#8221; global_colors_info=&#8221;{}&#8221;][et_pb_column type=&#8221;4_4&#8243; _builder_version=&#8221;3.25&#8243; custom_padding=&#8221;|||&#8221; global_colors_info=&#8221;{}&#8221; custom_padding__hover=&#8221;|||&#8221;][et_pb_image src=&#8221;https:\/\/blogsaverroes.juntadeandalucia.es\/ceipsutefie\/files\/2023\/12\/PLAN_ESTRATEGICO_INNOVACION_EDUCATIVA.png&#8221; title_text=&#8221;PLAN_ESTRATEGICO_INNOVACION_EDUCATIVA&#8221; align=&#8221;center&#8221; admin_label=&#8221;Imagen de la portada&#8221; _builder_version=&#8221;4.14.5&#8243; background_color=&#8221;RGBA(255,255,255,0)&#8221; z_index_tablet=&#8221;500&#8243; box_shadow_horizontal_tablet=&#8221;0px&#8221; box_shadow_vertical_tablet=&#8221;0px&#8221; box_shadow_blur_tablet=&#8221;40px&#8221; box_shadow_spread_tablet=&#8221;0px&#8221; global_colors_info=&#8221;{}&#8221;][\/et_pb_image][et_pb_text admin_label=&#8221;Texto descriptivo&#8221; _builder_version=&#8221;4.14.5&#8243; hover_enabled=&#8221;0&#8243; z_index_tablet=&#8221;500&#8243; text_text_shadow_horizontal_length_tablet=&#8221;0px&#8221; text_text_shadow_vertical_length_tablet=&#8221;0px&#8221; text_text_shadow_blur_strength_tablet=&#8221;1px&#8221; link_text_shadow_horizontal_length_tablet=&#8221;0px&#8221; link_text_shadow_vertical_length_tablet=&#8221;0px&#8221; link_text_shadow_blur_strength_tablet=&#8221;1px&#8221; ul_text_shadow_horizontal_length_tablet=&#8221;0px&#8221; ul_text_shadow_vertical_length_tablet=&#8221;0px&#8221; ul_text_shadow_blur_strength_tablet=&#8221;1px&#8221; ol_text_shadow_horizontal_length_tablet=&#8221;0px&#8221; ol_text_shadow_vertical_length_tablet=&#8221;0px&#8221; ol_text_shadow_blur_strength_tablet=&#8221;1px&#8221; quote_text_shadow_horizontal_length_tablet=&#8221;0px&#8221; quote_text_shadow_vertical_length_tablet=&#8221;0px&#8221; quote_text_shadow_blur_strength_tablet=&#8221;1px&#8221; header_text_shadow_horizontal_length_tablet=&#8221;0px&#8221; header_text_shadow_vertical_length_tablet=&#8221;0px&#8221; header_text_shadow_blur_strength_tablet=&#8221;1px&#8221; header_2_text_shadow_horizontal_length_tablet=&#8221;0px&#8221; header_2_text_shadow_vertical_length_tablet=&#8221;0px&#8221; header_2_text_shadow_blur_strength_tablet=&#8221;1px&#8221; header_3_text_shadow_horizontal_length_tablet=&#8221;0px&#8221; header_3_text_shadow_vertical_length_tablet=&#8221;0px&#8221; header_3_text_shadow_blur_strength_tablet=&#8221;1px&#8221; header_4_text_shadow_horizontal_length_tablet=&#8221;0px&#8221; header_4_text_shadow_vertical_length_tablet=&#8221;0px&#8221; header_4_text_shadow_blur_strength_tablet=&#8221;1px&#8221; header_5_text_shadow_horizontal_length_tablet=&#8221;0px&#8221; header_5_text_shadow_vertical_length_tablet=&#8221;0px&#8221; header_5_text_shadow_blur_strength_tablet=&#8221;1px&#8221; header_6_text_shadow_horizontal_length_tablet=&#8221;0px&#8221; header_6_text_shadow_vertical_length_tablet=&#8221;0px&#8221; header_6_text_shadow_blur_strength_tablet=&#8221;1px&#8221; box_shadow_horizontal_tablet=&#8221;0px&#8221; box_shadow_vertical_tablet=&#8221;0px&#8221; box_shadow_blur_tablet=&#8221;40px&#8221; box_shadow_spread_tablet=&#8221;0px&#8221; global_colors_info=&#8221;{}&#8221; sticky_enabled=&#8221;0&#8243;]<\/p>\n<h2>Nuestra Apuesta por la Innovaci\u00f3n Educativa y Transformaci\u00f3n Digital<\/h2>\n<p>En el CEIP Sutef\u00ede, creemos firmemente que la educaci\u00f3n es el pilar fundamental para el desarrollo integral de nuestros estudiantes. Conscientes de los desaf\u00edos del siglo XXI, nos comprometemos a liderar el camino hacia una educaci\u00f3n innovadora y transformadora, que no solo prepare a nuestros alumnos para enfrentar el futuro con confianza, sino que tambi\u00e9n los inspire a ser agentes de cambio en un mundo en constante evoluci\u00f3n.<\/p>\n<p>Nuestro enfoque en la innovaci\u00f3n educativa y la transformaci\u00f3n digital se manifiesta a trav\u00e9s de una serie de programas y planes dise\u00f1ados meticulosamente, que buscan potenciar las habilidades, conocimientos y valores de nuestros estudiantes. Adoptamos las \u00faltimas tendencias en tecnolog\u00eda educativa y metodolog\u00edas de ense\u00f1anza para crear un entorno de aprendizaje din\u00e1mico, inclusivo y estimulante.<\/p>\n<p>La direcci\u00f3n de nuestro centro, junto con toda la comunidad educativa, trabaja incansablemente para implementar estrategias que promuevan la excelencia acad\u00e9mica y el desarrollo personal. Nuestro compromiso va m\u00e1s all\u00e1 de la adquisici\u00f3n de conocimientos; buscamos fomentar la creatividad, el pensamiento cr\u00edtico, la colaboraci\u00f3n y la responsabilidad social entre nuestros estudiantes.<\/p>\n<p>Entendemos que cada estudiante es \u00fanico, y por ello, nuestros programas est\u00e1n dise\u00f1ados para adaptarse a diversas necesidades e intereses de aprendizaje. Desde la implementaci\u00f3n del aula del futuro hasta la integraci\u00f3n de recursos digitales avanzados, nos esforzamos por ofrecer una educaci\u00f3n que sea tanto relevante como transformadora, cuidando con especial mimo el desarrollo emocional.<\/p>\n<p>Invitamos a toda nuestra comunidad educativa a ser parte de este emocionante viaje hacia el futuro de la educaci\u00f3n. En CEIP Sutef\u00ede, estamos comprometidos a preparar a nuestros estudiantes para que sean l\u00edderes competentes y compasivos, capaces de navegar con \u00e9xito por los desaf\u00edos del ma\u00f1ana.<\/p>\n<p>Juntos, reimaginamos la educaci\u00f3n para un mundo mejor.<\/p>\n<p>[\/et_pb_text][\/et_pb_column][\/et_pb_row][et_pb_row column_structure=&#8221;1_3,1_3,1_3&#8243; admin_label=&#8221;Fila&#8221; _builder_version=&#8221;4.14.5&#8243; _module_preset=&#8221;default&#8221; global_colors_info=&#8221;{}&#8221;][et_pb_column type=&#8221;1_3&#8243; _builder_version=&#8221;4.14.5&#8243; _module_preset=&#8221;default&#8221; global_colors_info=&#8221;{}&#8221;][et_pb_cta title=&#8221;Aldea&#8221; url_new_window=&#8221;on&#8221; _builder_version=&#8221;4.14.5&#8243; _module_preset=&#8221;default&#8221; header_text_color=&#8221;#000000&#8243; background_color=&#8221;RGBA(255,255,255,0)&#8221; animation_style=&#8221;slide&#8221; link_option_url=&#8221;https:\/\/blogsaverroes.juntadeandalucia.es\/ceipsutefie\/files\/2023\/12\/PROYECTO-ALDEA-CEIP-SUTEFIE.doc-21-221.pdf&#8221; link_option_url_new_window=&#8221;on&#8221; hover_enabled=&#8221;0&#8243; global_colors_info=&#8221;{}&#8221; sticky_enabled=&#8221;0&#8243;]<\/p>\n<p><img loading=\"lazy\" decoding=\"async\" class=\"wp-image-996 alignnone size-medium\" src=\"https:\/\/blogsaverroes.juntadeandalucia.es\/ceipsutefie\/files\/2023\/12\/b0442670-5f4e-47e2-8762-1a7ef840496a-e1703250667172-300x120.png\" alt=\"\" width=\"300\" height=\"120\"><\/p>\n<p>[\/et_pb_cta][\/et_pb_column][et_pb_column type=&#8221;1_3&#8243; _builder_version=&#8221;4.14.5&#8243; _module_preset=&#8221;default&#8221; global_colors_info=&#8221;{}&#8221;][et_pb_cta title=&#8221;Transformaci\u00f3n Digital&#8221; url_new_window=&#8221;on&#8221; button_text=&#8221;Descargar&#8221; _builder_version=&#8221;4.14.5&#8243; _module_preset=&#8221;default&#8221; header_text_color=&#8221;#000000&#8243; background_color=&#8221;RGBA(255,255,255,0)&#8221; button_alignment=&#8221;center&#8221; background_layout=&#8221;light&#8221; animation_style=&#8221;slide&#8221; link_option_url=&#8221;https:\/\/blogsaverroes.juntadeandalucia.es\/ceipsutefie\/files\/2023\/12\/Plan-de-Actuaci\u00f3n-Digital-CEIP-SUTEFIE.pdf&#8221; link_option_url_new_window=&#8221;on&#8221; global_colors_info=&#8221;{}&#8221;]<\/p>\n<p><img loading=\"lazy\" decoding=\"async\" class=\"wp-image-1026 alignnone size-full\" src=\"https:\/\/blogsaverroes.juntadeandalucia.es\/ceipsutefie\/files\/2023\/12\/images.jpeg\" alt=\"\" width=\"268\" height=\"99\"><\/p>\n<p>[\/et_pb_cta][\/et_pb_column][et_pb_column type=&#8221;1_3&#8243; _builder_version=&#8221;4.14.5&#8243; _module_preset=&#8221;default&#8221; global_colors_info=&#8221;{}&#8221;][et_pb_cta title=&#8221;STEAM&#8221; url_new_window=&#8221;on&#8221; _builder_version=&#8221;4.14.5&#8243; _module_preset=&#8221;default&#8221; header_text_color=&#8221;#000000&#8243; background_color=&#8221;RGBA(255,255,255,0)&#8221; link_option_url=&#8221;https:\/\/blogsaverroes.juntadeandalucia.es\/ceipsutefie\/files\/2023\/12\/PROYECTO-STEAM-2021-22.pdf&#8221; link_option_url_new_window=&#8221;on&#8221; global_colors_info=&#8221;{}&#8221;]<\/p>\n<p><img loading=\"lazy\" decoding=\"async\" class=\"wp-image-1027 size-medium aligncenter\" src=\"https:\/\/blogsaverroes.juntadeandalucia.es\/ceipsutefie\/files\/2023\/12\/logo-STEAM-rob\u00f3tica-v2-300x300.png\" alt=\"\" width=\"300\" height=\"300\" srcset=\"https:\/\/blogsaverroes.juntadeandalucia.es\/ceipsutefie\/files\/2023\/12\/logo-STEAM-rob\u00f3tica-v2-300x300.png 300w, https:\/\/blogsaverroes.juntadeandalucia.es\/ceipsutefie\/files\/2023\/12\/logo-STEAM-rob\u00f3tica-v2-150x150.png 150w, https:\/\/blogsaverroes.juntadeandalucia.es\/ceipsutefie\/files\/2023\/12\/logo-STEAM-rob\u00f3tica-v2-480x480.png 480w, https:\/\/blogsaverroes.juntadeandalucia.es\/ceipsutefie\/files\/2023\/12\/logo-STEAM-rob\u00f3tica-v2.png 500w\" sizes=\"(max-width: 300px) 100vw, 300px\" \/><\/p>\n<p>[\/et_pb_cta][\/et_pb_column][\/et_pb_row][\/et_pb_section]<\/p>\n","protected":false},"excerpt":{"rendered":"<p>Nuestra Apuesta por la Innovaci\u00f3n Educativa y Transformaci\u00f3n Digital En el CEIP Sutef\u00ede, creemos firmemente que la educaci\u00f3n es el pilar fundamental para el desarrollo integral de nuestros estudiantes. Conscientes de los desaf\u00edos del siglo XXI, nos comprometemos a liderar el camino hacia una educaci\u00f3n innovadora y transformadora, que no solo prepare a nuestros alumnos [&hellip;]<\/p>\n","protected":false},"author":6881,"featured_media":0,"parent":0,"menu_order":0,"comment_status":"closed","ping_status":"closed","template":"","meta":{"_et_pb_use_builder":"on","_et_pb_old_content":"","_et_gb_content_width":"","ngg_post_thumbnail":0,"footnotes":""},"aioseo_notices":[],"_links":{"self":[{"href":"https:\/\/blogsaverroes.juntadeandalucia.es\/ceipsutefie\/wp-json\/wp\/v2\/pages\/850"}],"collection":[{"href":"https:\/\/blogsaverroes.juntadeandalucia.es\/ceipsutefie\/wp-json\/wp\/v2\/pages"}],"about":[{"href":"https:\/\/blogsaverroes.juntadeandalucia.es\/ceipsutefie\/wp-json\/wp\/v2\/types\/page"}],"author":[{"embeddable":true,"href":"https:\/\/blogsaverroes.juntadeandalucia.es\/ceipsutefie\/wp-json\/wp\/v2\/users\/6881"}],"replies":[{"embeddable":true,"href":"https:\/\/blogsaverroes.juntadeandalucia.es\/ceipsutefie\/wp-json\/wp\/v2\/comments?post=850"}],"version-history":[{"count":6,"href":"https:\/\/blogsaverroes.juntadeandalucia.es\/ceipsutefie\/wp-json\/wp\/v2\/pages\/850\/revisions"}],"predecessor-version":[{"id":1034,"href":"https:\/\/blogsaverroes.juntadeandalucia.es\/ceipsutefie\/wp-json\/wp\/v2\/pages\/850\/revisions\/1034"}],"wp:attachment":[{"href":"https:\/\/blogsaverroes.juntadeandalucia.es\/ceipsutefie\/wp-json\/wp\/v2\/media?parent=850"}],"curies":[{"name":"wp","href":"https:\/\/api.w.org\/{rel}","templated":true}]}}