{"id":867,"date":"2020-12-18T08:55:13","date_gmt":"2020-12-18T07:55:13","guid":{"rendered":"https:\/\/blogsaverroes.juntadeandalucia.es\/pre\/plantilla-pencil\/?page_id=867"},"modified":"2024-03-18T13:04:19","modified_gmt":"2024-03-18T12:04:19","slug":"adfuturo","status":"publish","type":"page","link":"https:\/\/blogsaverroes.juntadeandalucia.es\/ceipsutefie\/adfuturo\/","title":{"rendered":"Aula del Futuro"},"content":{"rendered":"<p>[et_pb_section fb_built=&#8221;1&#8243; _builder_version=&#8221;3.23.3&#8243; custom_padding=&#8221;0px||0px|&#8221; z_index_tablet=&#8221;500&#8243; box_shadow_horizontal_tablet=&#8221;0px&#8221; box_shadow_vertical_tablet=&#8221;0px&#8221; box_shadow_blur_tablet=&#8221;40px&#8221; box_shadow_spread_tablet=&#8221;0px&#8221; global_colors_info=&#8221;{}&#8221;][et_pb_row _builder_version=&#8221;3.25&#8243; background_size=&#8221;initial&#8221; background_position=&#8221;top_left&#8221; background_repeat=&#8221;repeat&#8221; global_colors_info=&#8221;{}&#8221;][et_pb_column type=&#8221;4_4&#8243; _builder_version=&#8221;3.25&#8243; custom_padding=&#8221;|||&#8221; global_colors_info=&#8221;{}&#8221; custom_padding__hover=&#8221;|||&#8221;][et_pb_image src=&#8221;https:\/\/blogsaverroes.juntadeandalucia.es\/ceipsutefie\/files\/2024\/03\/1707984320495-scaled.jpg&#8221; title_text=&#8221;1707984320495&#8243; admin_label=&#8221;Imagen de la portada&#8221; _builder_version=&#8221;4.14.5&#8243; hover_enabled=&#8221;0&#8243; z_index_tablet=&#8221;500&#8243; box_shadow_horizontal_tablet=&#8221;0px&#8221; box_shadow_vertical_tablet=&#8221;0px&#8221; box_shadow_blur_tablet=&#8221;40px&#8221; box_shadow_spread_tablet=&#8221;0px&#8221; global_colors_info=&#8221;{}&#8221; sticky_enabled=&#8221;0&#8243;][\/et_pb_image][et_pb_text admin_label=&#8221;Texto descriptivo&#8221; _builder_version=&#8221;4.14.5&#8243; hover_enabled=&#8221;0&#8243; z_index_tablet=&#8221;500&#8243; text_text_shadow_horizontal_length_tablet=&#8221;0px&#8221; text_text_shadow_vertical_length_tablet=&#8221;0px&#8221; text_text_shadow_blur_strength_tablet=&#8221;1px&#8221; link_text_shadow_horizontal_length_tablet=&#8221;0px&#8221; link_text_shadow_vertical_length_tablet=&#8221;0px&#8221; link_text_shadow_blur_strength_tablet=&#8221;1px&#8221; ul_text_shadow_horizontal_length_tablet=&#8221;0px&#8221; ul_text_shadow_vertical_length_tablet=&#8221;0px&#8221; ul_text_shadow_blur_strength_tablet=&#8221;1px&#8221; ol_text_shadow_horizontal_length_tablet=&#8221;0px&#8221; ol_text_shadow_vertical_length_tablet=&#8221;0px&#8221; ol_text_shadow_blur_strength_tablet=&#8221;1px&#8221; quote_text_shadow_horizontal_length_tablet=&#8221;0px&#8221; quote_text_shadow_vertical_length_tablet=&#8221;0px&#8221; quote_text_shadow_blur_strength_tablet=&#8221;1px&#8221; header_text_shadow_horizontal_length_tablet=&#8221;0px&#8221; header_text_shadow_vertical_length_tablet=&#8221;0px&#8221; header_text_shadow_blur_strength_tablet=&#8221;1px&#8221; header_2_text_shadow_horizontal_length_tablet=&#8221;0px&#8221; header_2_text_shadow_vertical_length_tablet=&#8221;0px&#8221; header_2_text_shadow_blur_strength_tablet=&#8221;1px&#8221; header_3_text_shadow_horizontal_length_tablet=&#8221;0px&#8221; header_3_text_shadow_vertical_length_tablet=&#8221;0px&#8221; header_3_text_shadow_blur_strength_tablet=&#8221;1px&#8221; header_4_text_shadow_horizontal_length_tablet=&#8221;0px&#8221; header_4_text_shadow_vertical_length_tablet=&#8221;0px&#8221; header_4_text_shadow_blur_strength_tablet=&#8221;1px&#8221; header_5_text_shadow_horizontal_length_tablet=&#8221;0px&#8221; header_5_text_shadow_vertical_length_tablet=&#8221;0px&#8221; header_5_text_shadow_blur_strength_tablet=&#8221;1px&#8221; header_6_text_shadow_horizontal_length_tablet=&#8221;0px&#8221; header_6_text_shadow_vertical_length_tablet=&#8221;0px&#8221; header_6_text_shadow_blur_strength_tablet=&#8221;1px&#8221; box_shadow_horizontal_tablet=&#8221;0px&#8221; box_shadow_vertical_tablet=&#8221;0px&#8221; box_shadow_blur_tablet=&#8221;40px&#8221; box_shadow_spread_tablet=&#8221;0px&#8221; global_colors_info=&#8221;{}&#8221; sticky_enabled=&#8221;0&#8243;]<\/p>\n<h2>Aula del Futuro<\/h2>\n<p>El Aula del Futuro es un proyecto coordinado por el Instituto Nacional de Tecnolog\u00edas Educativas y de Formaci\u00f3n del Profesorado (INTEF) en colaboraci\u00f3n con las comunidades aut\u00f3nomas. Este proyecto propone explotar las posibilidades pedag\u00f3gicas de flexibilizar los espacios de aprendizaje en combinaci\u00f3n con las tecnolog\u00edas, para mejorar los procesos de ense\u00f1anza y aprendizaje a trav\u00e9s de las metodolog\u00edas activas.<\/p>\n<p>Esta apuesta, que se inici\u00f3 en 2015, tiene su origen en el proyecto Future Classroom Lab, desarrollado por el consorcio de Ministerios de Educaci\u00f3n europeos, European Schoolnet (EUN) desde 2012. Siguiendo la propuesta europea, el Aula del Futuro desarrolla el concepto de organizaci\u00f3n del espacio atendiendo al desarrollo de habilidades en los alumnos, m\u00e1s all\u00e1 de la adquisici\u00f3n de contenidos. De este modo, presenta un espacio de aprendizaje zonificado y reconfigurable, dividido en seis zonas: Investiga, Explora, Interact\u00faa, Desarrolla, Crea y Presenta, que tienen como finalidad favorecer y estimular los procesos de ense\u00f1anza y aprendizaje, haciendo del alumno el protagonista de todo el proceso.<\/p>\n<p>Cada zona incluye mobiliario y medios tecnol\u00f3gicos espec\u00edficos. El equipamiento incluye pizarras digitales y pantallas t\u00e1ctiles, dispositivos m\u00f3viles variados, c\u00e1maras de grabaci\u00f3n 360\u00ba, Gafas VR, mobiliario escolar espec\u00edfico con facilidades de conexi\u00f3n, materiales para facilitar la investigaci\u00f3n y el pensamiento computacional, un peque\u00f1o estudio de grabaci\u00f3n y un rinc\u00f3n tradicional de trabajo. Todo este material est\u00e1 organizado para favorecer que el profesor ampl\u00ede su papel de transmisor de contenidos al de moderador, orientador, organizador y, sobre todo, de gu\u00eda de su alumnado en el proceso de aprendizaje, pasando as\u00ed de una metodolog\u00eda tradicional, en la que el alumno es un mero receptor de contenidos, a una metodolog\u00eda activa e integradora, que permite que el alumno tenga un papel activo, a la vez que el docente atiende a los diferentes ritmos y estilos de aprendizaje, por lo que fomenta la inclusi\u00f3n educativa.<\/p>\nngg_shortcode_0_placeholder\n<h2>\u00bfPor qu\u00e9 un Aula del Futuro?<\/h2>\n<p>Durante los \u00faltimos a\u00f1os el aprendizaje no solo se ha centrado en los contenidos sino que tambi\u00e9n ha evolucionado hacia la adquisici\u00f3n de competencias. Por otro lado, existe una gran variedad de tecnolog\u00edas digitales que proporciona muchas posibilidades en un aula. El modelo de Aula del futuro combina metodolog\u00eda, tecnolog\u00eda y actividades en diferentes zonas.<\/p>\n<p>Adem\u00e1s, los centros educativos disponen de espacios que pueden permitir el desarrollo de este proyecto, ajustado a sus necesidades y contexto. Las aulas de inform\u00e1tica, talleres, aulas ordinarias, bibliotecas y otro tipo de espacios son lugares que permiten su adaptaci\u00f3n para explotar m\u00e1s las posibilidades que ya tienen.<\/p>\n<p>[\/et_pb_text][\/et_pb_column][\/et_pb_row][\/et_pb_section]<\/p>\n","protected":false},"excerpt":{"rendered":"<p>Aula del Futuro El Aula del Futuro es un proyecto coordinado por el Instituto Nacional de Tecnolog\u00edas Educativas y de Formaci\u00f3n del Profesorado (INTEF) en colaboraci\u00f3n con las comunidades aut\u00f3nomas. Este proyecto propone explotar las posibilidades pedag\u00f3gicas de flexibilizar los espacios de aprendizaje en combinaci\u00f3n con las tecnolog\u00edas, para mejorar los procesos de ense\u00f1anza y [&hellip;]<\/p>\n","protected":false},"author":6881,"featured_media":0,"parent":0,"menu_order":0,"comment_status":"closed","ping_status":"closed","template":"","meta":{"_et_pb_use_builder":"on","_et_pb_old_content":"","_et_gb_content_width":"","ngg_post_thumbnail":0,"footnotes":""},"aioseo_notices":[],"_links":{"self":[{"href":"https:\/\/blogsaverroes.juntadeandalucia.es\/ceipsutefie\/wp-json\/wp\/v2\/pages\/867"}],"collection":[{"href":"https:\/\/blogsaverroes.juntadeandalucia.es\/ceipsutefie\/wp-json\/wp\/v2\/pages"}],"about":[{"href":"https:\/\/blogsaverroes.juntadeandalucia.es\/ceipsutefie\/wp-json\/wp\/v2\/types\/page"}],"author":[{"embeddable":true,"href":"https:\/\/blogsaverroes.juntadeandalucia.es\/ceipsutefie\/wp-json\/wp\/v2\/users\/6881"}],"replies":[{"embeddable":true,"href":"https:\/\/blogsaverroes.juntadeandalucia.es\/ceipsutefie\/wp-json\/wp\/v2\/comments?post=867"}],"version-history":[{"count":4,"href":"https:\/\/blogsaverroes.juntadeandalucia.es\/ceipsutefie\/wp-json\/wp\/v2\/pages\/867\/revisions"}],"predecessor-version":[{"id":1207,"href":"https:\/\/blogsaverroes.juntadeandalucia.es\/ceipsutefie\/wp-json\/wp\/v2\/pages\/867\/revisions\/1207"}],"wp:attachment":[{"href":"https:\/\/blogsaverroes.juntadeandalucia.es\/ceipsutefie\/wp-json\/wp\/v2\/media?parent=867"}],"curies":[{"name":"wp","href":"https:\/\/api.w.org\/{rel}","templated":true}]}}