{"id":125,"date":"2021-01-29T08:09:56","date_gmt":"2021-01-29T08:09:56","guid":{"rendered":"https:\/\/blogsaverroes.juntadeandalucia.es\/ceiptartessos\/?page_id=125"},"modified":"2025-04-28T08:25:42","modified_gmt":"2025-04-28T08:25:42","slug":"proginfantil","status":"publish","type":"page","link":"https:\/\/blogsaverroes.juntadeandalucia.es\/ceiptartessos\/proginfantil\/","title":{"rendered":"Programaciones de Educaci\u00f3n Infantil"},"content":{"rendered":"<p style=\"text-align: left\"><strong>PROGRAMACIONES DE EDUCACI\u00d3N INFANTIL<\/strong><\/p>\n<p style=\"text-align: left;padding-left: 40px\"><a href=\"https:\/\/blogsaverroes.juntadeandalucia.es\/ceiptartessos\/files\/2025\/04\/Programacion-Infantil-3-Anos-24-25.pdf\">3 A\u00f1os<\/a><\/p>\n<p style=\"text-align: left;padding-left: 40px\"><a href=\"https:\/\/blogsaverroes.juntadeandalucia.es\/ceiptartessos\/files\/2025\/04\/Programacion-Infantil-4-Anos-24-25.pdf\">4 A\u00f1os<\/a><\/p>\n<p style=\"text-align: left;padding-left: 40px\"><a href=\"https:\/\/blogsaverroes.juntadeandalucia.es\/ceiptartessos\/files\/2025\/04\/Programacion-Infantil-5-Anos-24-25.pdf\">5 A\u00f1os<\/a><\/p>\n<p style=\"text-align: left;padding-left: 40px\">&nbsp;<\/p>\n","protected":false},"excerpt":{"rendered":"<p>PROGRAMACIONES DE EDUCACI\u00d3N INFANTIL 3 A\u00f1os 4 A\u00f1os 5 A\u00f1os &nbsp;<\/p>\n","protected":false},"author":11117,"featured_media":0,"parent":0,"menu_order":0,"comment_status":"closed","ping_status":"closed","template":"","meta":{"ngg_post_thumbnail":0,"footnotes":""},"aioseo_notices":[],"post_mailing_queue_ids":[],"_links":{"self":[{"href":"https:\/\/blogsaverroes.juntadeandalucia.es\/ceiptartessos\/wp-json\/wp\/v2\/pages\/125"}],"collection":[{"href":"https:\/\/blogsaverroes.juntadeandalucia.es\/ceiptartessos\/wp-json\/wp\/v2\/pages"}],"about":[{"href":"https:\/\/blogsaverroes.juntadeandalucia.es\/ceiptartessos\/wp-json\/wp\/v2\/types\/page"}],"author":[{"embeddable":true,"href":"https:\/\/blogsaverroes.juntadeandalucia.es\/ceiptartessos\/wp-json\/wp\/v2\/users\/11117"}],"replies":[{"embeddable":true,"href":"https:\/\/blogsaverroes.juntadeandalucia.es\/ceiptartessos\/wp-json\/wp\/v2\/comments?post=125"}],"version-history":[{"count":13,"href":"https:\/\/blogsaverroes.juntadeandalucia.es\/ceiptartessos\/wp-json\/wp\/v2\/pages\/125\/revisions"}],"predecessor-version":[{"id":1469,"href":"https:\/\/blogsaverroes.juntadeandalucia.es\/ceiptartessos\/wp-json\/wp\/v2\/pages\/125\/revisions\/1469"}],"wp:attachment":[{"href":"https:\/\/blogsaverroes.juntadeandalucia.es\/ceiptartessos\/wp-json\/wp\/v2\/media?parent=125"}],"curies":[{"name":"wp","href":"https:\/\/api.w.org\/{rel}","templated":true}]}}