{"id":1409,"date":"2025-02-05T10:45:06","date_gmt":"2025-02-05T10:45:06","guid":{"rendered":"https:\/\/blogsaverroes.juntadeandalucia.es\/ceiptartessos\/?page_id=1409"},"modified":"2025-05-30T10:35:45","modified_gmt":"2025-05-30T10:35:45","slug":"aula-de-mediodia-2","status":"publish","type":"page","link":"https:\/\/blogsaverroes.juntadeandalucia.es\/ceiptartessos\/aula-de-mediodia-2\/","title":{"rendered":"Aula de Mediod\u00eda"},"content":{"rendered":"<p>El Servicio \u201cAula de Mediod\u00eda\u201d que se ofrece a aquellas familias que necesiten que sus hijos e hijas permanezcan en el centro escolar despu\u00e9s de las 14 h.<\/p>\n<p>Se trata de un servicio de atenci\u00f3n socioeducativa que tiene lugar entre 14:00 y las15:00h. de lunes a viernes durante todo el curso. Dentro de este horario las familias podr\u00e1n recoger a sus hijos\/as cuando quieran. Un monitor\/a se quedar\u00e1 a cargo de losalumnos\/as que lo necesiten. Dicho servicio se desarrolla en un aula facilitada por el colegio y no est\u00e1 permitida la ingesta de alimentos durante el mismo. El centro escolar dispone de servicio de comedor para aquellas familias que lo necesiten.<\/p>\n<p>Aquellas familias interesadas podr\u00e1n solicitar el servicio en la secretar\u00eda del centro escolar.<br \/>\nEl cobro del servicio se llevar\u00e1 a cabo mediante domiciliaci\u00f3n bancaria en el n\u00famero de cuenta<br \/>\nindicado por la familia en la inscripci\u00f3n.&nbsp;<\/p>\n<p>El precio por alumno y mes es de 32 \u20ac y de 3 \u20ac por alumno y d\u00eda suelto.<\/p>\n<p>Para cualquier duda, sugerencia o aclaraci\u00f3n que quieran realizar, tienen a sudisposici\u00f3n a la responsable de Senda, M\u00aa \u00c1ngeles Rold\u00e1n, que les atender\u00e1 v\u00eda mail:<br \/>\nmariangeles@grupo-senda.com o a trav\u00e9s del tel\u00e9fono de oficinas 956110966.<\/p>\n<p>&nbsp;<\/p>\n<p style=\"text-align: center\"><a href=\"https:\/\/blogsaverroes.juntadeandalucia.es\/ceiptartessos\/files\/2025\/05\/Inscripcion-Aula-Mediodia-CEIP-Tartessos-25-26.pdf\" target=\"_blank\" rel=\"noopener\"><strong>&#8211; Formulario de inscripci\u00f3n &#8211;&nbsp;<\/strong><\/a><\/p>\n<p>&nbsp;<\/p>\n<p>&nbsp;<\/p>\n","protected":false},"excerpt":{"rendered":"<p>El Servicio \u201cAula de Mediod\u00eda\u201d que se ofrece a aquellas familias que necesiten que sus hijos e hijas permanezcan en el centro escolar despu\u00e9s de las 14 h. Se trata de un servicio de&#46;&#46;&#46;<\/p>\n","protected":false},"author":11117,"featured_media":0,"parent":0,"menu_order":0,"comment_status":"closed","ping_status":"closed","template":"","meta":{"ngg_post_thumbnail":0,"footnotes":""},"aioseo_notices":[],"post_mailing_queue_ids":[],"_links":{"self":[{"href":"https:\/\/blogsaverroes.juntadeandalucia.es\/ceiptartessos\/wp-json\/wp\/v2\/pages\/1409"}],"collection":[{"href":"https:\/\/blogsaverroes.juntadeandalucia.es\/ceiptartessos\/wp-json\/wp\/v2\/pages"}],"about":[{"href":"https:\/\/blogsaverroes.juntadeandalucia.es\/ceiptartessos\/wp-json\/wp\/v2\/types\/page"}],"author":[{"embeddable":true,"href":"https:\/\/blogsaverroes.juntadeandalucia.es\/ceiptartessos\/wp-json\/wp\/v2\/users\/11117"}],"replies":[{"embeddable":true,"href":"https:\/\/blogsaverroes.juntadeandalucia.es\/ceiptartessos\/wp-json\/wp\/v2\/comments?post=1409"}],"version-history":[{"count":6,"href":"https:\/\/blogsaverroes.juntadeandalucia.es\/ceiptartessos\/wp-json\/wp\/v2\/pages\/1409\/revisions"}],"predecessor-version":[{"id":1493,"href":"https:\/\/blogsaverroes.juntadeandalucia.es\/ceiptartessos\/wp-json\/wp\/v2\/pages\/1409\/revisions\/1493"}],"wp:attachment":[{"href":"https:\/\/blogsaverroes.juntadeandalucia.es\/ceiptartessos\/wp-json\/wp\/v2\/media?parent=1409"}],"curies":[{"name":"wp","href":"https:\/\/api.w.org\/{rel}","templated":true}]}}